{"id":13653,"date":"2023-05-18T04:20:05","date_gmt":"2023-05-18T02:20:05","guid":{"rendered":"https:\/\/anetahome.com\/no\/produkt\/savanna-taklampe-o57-brun\/"},"modified":"2026-04-24T04:08:57","modified_gmt":"2026-04-24T02:08:57","slug":"savanna-taklampe-o57-brun","status":"publish","type":"product","link":"https:\/\/anetahome.com\/no\/produkt\/savanna-taklampe-o57-brun\/","title":{"rendered":"SAVANNA taklampe \u00d857"},"content":{"rendered":"<p>Savanna taklampe har et naturlig design som passer perfekt i det moderne hjemmet. Den vevde bambusskjermen gir et varmt og innbydende lys til rommet og skaper en avslappet og hyggelig atmosf\u00e6re. Taklampen er ideell for stuen eller over spisebordet og tilf\u00f8rer en ekstra dimensjon av naturlig skj\u00f8nnhet til interi\u00f8ret. Med taklampen Savanna kan du skape en  hjemmekoselig f\u00f8lelse i hjemmet ditt.<\/p>\n","protected":false},"excerpt":{"rendered":"<p>Savanna taklampe har et naturlig design som passer perfekt i det moderne hjemmet. Den vevde bambusskjermen gir et varmt og innbydende lys til rommet og skaper en avslappet og hyggelig atmosf\u00e6re. Taklampen er ideell for stuen eller over spisebordet og tilf\u00f8rer en ekstra dimensjon av naturlig skj\u00f8nnhet til interi\u00f8ret. Med taklampen Savanna kan du skape en  hjemmekoselig f\u00f8lelse i hjemmet ditt.<\/p>\n","protected":false},"featured_media":21685,"template":"","meta":{"_acf_changed":false,"inline_featured_image":false},"product_tag":[],"product_brand":[],"product_cat":[24150],"class_list":{"0":"post-13653","1":"product","2":"type-product","3":"status-publish","4":"has-post-thumbnail","6":"product_cat-taklamper","8":"first","9":"instock","10":"taxable","11":"shipping-taxable","12":"product-type-simple"},"acf":[],"yoast_head":"<!-- This site is optimized with the Yoast SEO plugin v27.5 - https:\/\/yoast.com\/product\/yoast-seo-wordpress\/ -->\n<title>SAVANNA taklampe \u00d857 - AnetaHome<\/title>\n<meta name=\"robots\" content=\"index, follow, max-snippet:-1, max-image-preview:large, max-video-preview:-1\" \/>\n<link rel=\"canonical\" href=\"https:\/\/anetahome.com\/no\/produkt\/savanna-taklampe-o57-brun\/\" \/>\n<meta property=\"og:locale\" content=\"nb_NO\" \/>\n<meta property=\"og:type\" content=\"article\" \/>\n<meta property=\"og:title\" content=\"SAVANNA taklampe \u00d857 - AnetaHome\" \/>\n<meta property=\"og:description\" content=\"Savanna taklampe har et naturlig design som passer perfekt i det moderne hjemmet. Den vevde bambusskjermen gir et varmt og innbydende lys til rommet og skaper en avslappet og hyggelig atmosf\u00e6re. Taklampen er ideell for stuen eller over spisebordet og tilf\u00f8rer en ekstra dimensjon av naturlig skj\u00f8nnhet til interi\u00f8ret. Med taklampen Savanna kan du skape en hjemmekoselig f\u00f8lelse i hjemmet ditt.\" \/>\n<meta property=\"og:url\" content=\"https:\/\/anetahome.com\/no\/produkt\/savanna-taklampe-o57-brun\/\" \/>\n<meta property=\"og:site_name\" content=\"AnetaHome\" \/>\n<meta property=\"article:modified_time\" content=\"2026-04-24T02:08:57+00:00\" \/>\n<meta property=\"og:image\" content=\"https:\/\/d34q21u9zm82v9.cloudfront.net\/wp-content\/uploads\/sites\/4\/2023\/05\/16030529\/2ngnVphKBj11AefMKhZIFmzIP-scaled.png\" \/>\n\t<meta property=\"og:image:width\" content=\"1707\" \/>\n\t<meta property=\"og:image:height\" content=\"2560\" \/>\n\t<meta property=\"og:image:type\" content=\"image\/png\" \/>\n<meta name=\"twitter:card\" content=\"summary_large_image\" \/>\n<script type=\"application\/ld+json\" class=\"yoast-schema-graph\">{\"@context\":\"https:\\\/\\\/schema.org\",\"@graph\":[{\"@type\":\"WebPage\",\"@id\":\"https:\\\/\\\/anetahome.com\\\/no\\\/produkt\\\/savanna-taklampe-o57-brun\\\/\",\"url\":\"https:\\\/\\\/anetahome.com\\\/no\\\/produkt\\\/savanna-taklampe-o57-brun\\\/\",\"name\":\"SAVANNA taklampe \u00d857 - AnetaHome\",\"isPartOf\":{\"@id\":\"https:\\\/\\\/anetahome.com\\\/no\\\/#website\"},\"primaryImageOfPage\":{\"@id\":\"https:\\\/\\\/anetahome.com\\\/no\\\/produkt\\\/savanna-taklampe-o57-brun\\\/#primaryimage\"},\"image\":{\"@id\":\"https:\\\/\\\/anetahome.com\\\/no\\\/produkt\\\/savanna-taklampe-o57-brun\\\/#primaryimage\"},\"thumbnailUrl\":\"https:\\\/\\\/d34q21u9zm82v9.cloudfront.net\\\/wp-content\\\/uploads\\\/sites\\\/4\\\/2023\\\/05\\\/16030529\\\/2ngnVphKBj11AefMKhZIFmzIP-scaled.png\",\"datePublished\":\"2023-05-18T02:20:05+00:00\",\"dateModified\":\"2026-04-24T02:08:57+00:00\",\"breadcrumb\":{\"@id\":\"https:\\\/\\\/anetahome.com\\\/no\\\/produkt\\\/savanna-taklampe-o57-brun\\\/#breadcrumb\"},\"inLanguage\":\"nb-NO\",\"potentialAction\":[{\"@type\":\"ReadAction\",\"target\":[\"https:\\\/\\\/anetahome.com\\\/no\\\/produkt\\\/savanna-taklampe-o57-brun\\\/\"]}]},{\"@type\":\"ImageObject\",\"inLanguage\":\"nb-NO\",\"@id\":\"https:\\\/\\\/anetahome.com\\\/no\\\/produkt\\\/savanna-taklampe-o57-brun\\\/#primaryimage\",\"url\":\"https:\\\/\\\/d34q21u9zm82v9.cloudfront.net\\\/wp-content\\\/uploads\\\/sites\\\/4\\\/2023\\\/05\\\/16030529\\\/2ngnVphKBj11AefMKhZIFmzIP-scaled.png\",\"contentUrl\":\"https:\\\/\\\/d34q21u9zm82v9.cloudfront.net\\\/wp-content\\\/uploads\\\/sites\\\/4\\\/2023\\\/05\\\/16030529\\\/2ngnVphKBj11AefMKhZIFmzIP-scaled.png\",\"width\":1707,\"height\":2560},{\"@type\":\"BreadcrumbList\",\"@id\":\"https:\\\/\\\/anetahome.com\\\/no\\\/produkt\\\/savanna-taklampe-o57-brun\\\/#breadcrumb\",\"itemListElement\":[{\"@type\":\"ListItem\",\"position\":1,\"name\":\"Forsiden\",\"item\":\"https:\\\/\\\/anetahome.com\\\/no\\\/\"},{\"@type\":\"ListItem\",\"position\":2,\"name\":\"Butikk\",\"item\":\"https:\\\/\\\/anetahome.com\\\/no\\\/butikk\\\/\"},{\"@type\":\"ListItem\",\"position\":3,\"name\":\"SAVANNA taklampe \u00d857\"}]},{\"@type\":\"WebSite\",\"@id\":\"https:\\\/\\\/anetahome.com\\\/no\\\/#website\",\"url\":\"https:\\\/\\\/anetahome.com\\\/no\\\/\",\"name\":\"AnetaHome\",\"description\":\"Skandinavias ledende lampegrossist\",\"publisher\":{\"@id\":\"https:\\\/\\\/anetahome.com\\\/no\\\/#organization\"},\"potentialAction\":[{\"@type\":\"SearchAction\",\"target\":{\"@type\":\"EntryPoint\",\"urlTemplate\":\"https:\\\/\\\/anetahome.com\\\/no\\\/?s={search_term_string}\"},\"query-input\":{\"@type\":\"PropertyValueSpecification\",\"valueRequired\":true,\"valueName\":\"search_term_string\"}}],\"inLanguage\":\"nb-NO\"},{\"@type\":\"Organization\",\"@id\":\"https:\\\/\\\/anetahome.com\\\/no\\\/#organization\",\"name\":\"AnetaHome\",\"url\":\"https:\\\/\\\/anetahome.com\\\/no\\\/\",\"logo\":{\"@type\":\"ImageObject\",\"inLanguage\":\"nb-NO\",\"@id\":\"https:\\\/\\\/anetahome.com\\\/no\\\/#\\\/schema\\\/logo\\\/image\\\/\",\"url\":\"https:\\\/\\\/d34q21u9zm82v9.cloudfront.net\\\/wp-content\\\/uploads\\\/sites\\\/4\\\/2021\\\/08\\\/30124150\\\/ANETA-HOME-logo-1.svg\",\"contentUrl\":\"https:\\\/\\\/d34q21u9zm82v9.cloudfront.net\\\/wp-content\\\/uploads\\\/sites\\\/4\\\/2021\\\/08\\\/30124150\\\/ANETA-HOME-logo-1.svg\",\"width\":174,\"height\":71,\"caption\":\"AnetaHome\"},\"image\":{\"@id\":\"https:\\\/\\\/anetahome.com\\\/no\\\/#\\\/schema\\\/logo\\\/image\\\/\"}}]}<\/script>\n<!-- \/ Yoast SEO plugin. -->","yoast_head_json":{"title":"SAVANNA taklampe \u00d857 - AnetaHome","robots":{"index":"index","follow":"follow","max-snippet":"max-snippet:-1","max-image-preview":"max-image-preview:large","max-video-preview":"max-video-preview:-1"},"canonical":"https:\/\/anetahome.com\/no\/produkt\/savanna-taklampe-o57-brun\/","og_locale":"nb_NO","og_type":"article","og_title":"SAVANNA taklampe \u00d857 - AnetaHome","og_description":"Savanna taklampe har et naturlig design som passer perfekt i det moderne hjemmet. Den vevde bambusskjermen gir et varmt og innbydende lys til rommet og skaper en avslappet og hyggelig atmosf\u00e6re. Taklampen er ideell for stuen eller over spisebordet og tilf\u00f8rer en ekstra dimensjon av naturlig skj\u00f8nnhet til interi\u00f8ret. Med taklampen Savanna kan du skape en hjemmekoselig f\u00f8lelse i hjemmet ditt.","og_url":"https:\/\/anetahome.com\/no\/produkt\/savanna-taklampe-o57-brun\/","og_site_name":"AnetaHome","article_modified_time":"2026-04-24T02:08:57+00:00","og_image":[{"width":1707,"height":2560,"url":"https:\/\/d34q21u9zm82v9.cloudfront.net\/wp-content\/uploads\/sites\/4\/2023\/05\/16030529\/2ngnVphKBj11AefMKhZIFmzIP-scaled.png","type":"image\/png"}],"twitter_card":"summary_large_image","schema":{"@context":"https:\/\/schema.org","@graph":[{"@type":"WebPage","@id":"https:\/\/anetahome.com\/no\/produkt\/savanna-taklampe-o57-brun\/","url":"https:\/\/anetahome.com\/no\/produkt\/savanna-taklampe-o57-brun\/","name":"SAVANNA taklampe \u00d857 - AnetaHome","isPartOf":{"@id":"https:\/\/anetahome.com\/no\/#website"},"primaryImageOfPage":{"@id":"https:\/\/anetahome.com\/no\/produkt\/savanna-taklampe-o57-brun\/#primaryimage"},"image":{"@id":"https:\/\/anetahome.com\/no\/produkt\/savanna-taklampe-o57-brun\/#primaryimage"},"thumbnailUrl":"https:\/\/d34q21u9zm82v9.cloudfront.net\/wp-content\/uploads\/sites\/4\/2023\/05\/16030529\/2ngnVphKBj11AefMKhZIFmzIP-scaled.png","datePublished":"2023-05-18T02:20:05+00:00","dateModified":"2026-04-24T02:08:57+00:00","breadcrumb":{"@id":"https:\/\/anetahome.com\/no\/produkt\/savanna-taklampe-o57-brun\/#breadcrumb"},"inLanguage":"nb-NO","potentialAction":[{"@type":"ReadAction","target":["https:\/\/anetahome.com\/no\/produkt\/savanna-taklampe-o57-brun\/"]}]},{"@type":"ImageObject","inLanguage":"nb-NO","@id":"https:\/\/anetahome.com\/no\/produkt\/savanna-taklampe-o57-brun\/#primaryimage","url":"https:\/\/d34q21u9zm82v9.cloudfront.net\/wp-content\/uploads\/sites\/4\/2023\/05\/16030529\/2ngnVphKBj11AefMKhZIFmzIP-scaled.png","contentUrl":"https:\/\/d34q21u9zm82v9.cloudfront.net\/wp-content\/uploads\/sites\/4\/2023\/05\/16030529\/2ngnVphKBj11AefMKhZIFmzIP-scaled.png","width":1707,"height":2560},{"@type":"BreadcrumbList","@id":"https:\/\/anetahome.com\/no\/produkt\/savanna-taklampe-o57-brun\/#breadcrumb","itemListElement":[{"@type":"ListItem","position":1,"name":"Forsiden","item":"https:\/\/anetahome.com\/no\/"},{"@type":"ListItem","position":2,"name":"Butikk","item":"https:\/\/anetahome.com\/no\/butikk\/"},{"@type":"ListItem","position":3,"name":"SAVANNA taklampe \u00d857"}]},{"@type":"WebSite","@id":"https:\/\/anetahome.com\/no\/#website","url":"https:\/\/anetahome.com\/no\/","name":"AnetaHome","description":"Skandinavias ledende lampegrossist","publisher":{"@id":"https:\/\/anetahome.com\/no\/#organization"},"potentialAction":[{"@type":"SearchAction","target":{"@type":"EntryPoint","urlTemplate":"https:\/\/anetahome.com\/no\/?s={search_term_string}"},"query-input":{"@type":"PropertyValueSpecification","valueRequired":true,"valueName":"search_term_string"}}],"inLanguage":"nb-NO"},{"@type":"Organization","@id":"https:\/\/anetahome.com\/no\/#organization","name":"AnetaHome","url":"https:\/\/anetahome.com\/no\/","logo":{"@type":"ImageObject","inLanguage":"nb-NO","@id":"https:\/\/anetahome.com\/no\/#\/schema\/logo\/image\/","url":"https:\/\/d34q21u9zm82v9.cloudfront.net\/wp-content\/uploads\/sites\/4\/2021\/08\/30124150\/ANETA-HOME-logo-1.svg","contentUrl":"https:\/\/d34q21u9zm82v9.cloudfront.net\/wp-content\/uploads\/sites\/4\/2021\/08\/30124150\/ANETA-HOME-logo-1.svg","width":174,"height":71,"caption":"AnetaHome"},"image":{"@id":"https:\/\/anetahome.com\/no\/#\/schema\/logo\/image\/"}}]}},"_links":{"self":[{"href":"https:\/\/anetahome.com\/no\/wp-json\/wp\/v2\/product\/13653","targetHints":{"allow":["GET"]}}],"collection":[{"href":"https:\/\/anetahome.com\/no\/wp-json\/wp\/v2\/product"}],"about":[{"href":"https:\/\/anetahome.com\/no\/wp-json\/wp\/v2\/types\/product"}],"wp:featuredmedia":[{"embeddable":true,"href":"https:\/\/anetahome.com\/no\/wp-json\/wp\/v2\/media\/21685"}],"wp:attachment":[{"href":"https:\/\/anetahome.com\/no\/wp-json\/wp\/v2\/media?parent=13653"}],"wp:term":[{"taxonomy":"product_tag","embeddable":true,"href":"https:\/\/anetahome.com\/no\/wp-json\/wp\/v2\/product_tag?post=13653"},{"taxonomy":"product_brand","embeddable":true,"href":"https:\/\/anetahome.com\/no\/wp-json\/wp\/v2\/product_brand?post=13653"},{"taxonomy":"product_cat","embeddable":true,"href":"https:\/\/anetahome.com\/no\/wp-json\/wp\/v2\/product_cat?post=13653"}],"curies":[{"name":"wp","href":"https:\/\/api.w.org\/{rel}","templated":true}]}}