{"id":17140,"date":"2023-10-24T03:59:51","date_gmt":"2023-10-24T01:59:51","guid":{"rendered":"https:\/\/anetahome.com\/no\/produkt\/trackline-pluto-spotlight-hvit\/"},"modified":"2026-04-24T04:08:55","modified_gmt":"2026-04-24T02:08:55","slug":"trackline-pluto-spotlight-hvit","status":"publish","type":"product","link":"https:\/\/anetahome.com\/no\/produkt\/trackline-pluto-spotlight-hvit\/","title":{"rendered":"TRACKLINE PLUTO spotlight"},"content":{"rendered":"<p>Aneta Lighting TRACKLINE Pluto spot er dimbar. Trackline skinnesystem fra Aneta Lighting tilpasses og monteres etter \u00f8nsker og behov. Skinnene kan skj\u00f8tes p\u00e5 rad og kuttes til \u00f8nsket lengde. Skinnene er forbundet med en rett, vinklet, T-skj\u00f8t eller fleksibel skj\u00f8t. Skinnene kobles sammen med en forbindelse i enden, eller mellom skinnene med en sentral forbindelse. Avslutt skinnerekken med et endestykke. Plasser spotlights p\u00e5 skinnen etter behov og juster lysretningen. Trackline skinnesystem fra Aneta Lighting har spotlights som passer til de fleste stiler. Uansett om det skal v\u00e6re et tradisjonelt spothode med GU10-sokkel for enhver lyskilde eller spothoder med integrerte dimbare LED-lyskilder.<\/p>\n","protected":false},"excerpt":{"rendered":"<p>Aneta Lighting TRACKLINE Pluto spot er dimbar. Trackline skinnesystem fra Aneta Lighting tilpasses og monteres etter \u00f8nsker og behov. Skinnene kan skj\u00f8tes p\u00e5 rad og kuttes til \u00f8nsket lengde. Skinnene er forbundet med en rett, vinklet, T-skj\u00f8t eller fleksibel skj\u00f8t. Skinnene kobles sammen med en forbindelse i enden, eller mellom skinnene med en sentral forbindelse. Avslutt skinnerekken med et endestykke. Plasser spotlights p\u00e5 skinnen etter behov og juster lysretningen. Trackline skinnesystem fra Aneta Lighting har spotlights som passer til de fleste stiler. Uansett om det skal v\u00e6re et tradisjonelt spothode med GU10-sokkel for enhver lyskilde eller spothoder med integrerte dimbare LED-lyskilder.<\/p>\n","protected":false},"featured_media":20582,"template":"","meta":{"_acf_changed":false,"inline_featured_image":false},"product_tag":[],"product_brand":[],"product_cat":[23601],"class_list":{"0":"post-17140","1":"product","2":"type-product","3":"status-publish","4":"has-post-thumbnail","6":"product_cat-skinnesystem","8":"first","9":"instock","10":"taxable","11":"shipping-taxable","12":"product-type-simple"},"acf":[],"yoast_head":"<!-- This site is optimized with the Yoast SEO plugin v27.5 - https:\/\/yoast.com\/product\/yoast-seo-wordpress\/ -->\n<title>TRACKLINE PLUTO spotlight - AnetaHome<\/title>\n<meta name=\"robots\" content=\"index, follow, max-snippet:-1, max-image-preview:large, max-video-preview:-1\" \/>\n<link rel=\"canonical\" href=\"https:\/\/anetahome.com\/no\/produkt\/trackline-pluto-spotlight-hvit\/\" \/>\n<meta property=\"og:locale\" content=\"nb_NO\" \/>\n<meta property=\"og:type\" content=\"article\" \/>\n<meta property=\"og:title\" content=\"TRACKLINE PLUTO spotlight - AnetaHome\" \/>\n<meta property=\"og:description\" content=\"Aneta Lighting TRACKLINE Pluto spot er dimbar. Trackline skinnesystem fra Aneta Lighting tilpasses og monteres etter \u00f8nsker og behov. Skinnene kan skj\u00f8tes p\u00e5 rad og kuttes til \u00f8nsket lengde. Skinnene er forbundet med en rett, vinklet, T-skj\u00f8t eller fleksibel skj\u00f8t. Skinnene kobles sammen med en forbindelse i enden, eller mellom skinnene med en sentral forbindelse. Avslutt skinnerekken med et endestykke. Plasser spotlights p\u00e5 skinnen etter behov og juster lysretningen. Trackline skinnesystem fra Aneta Lighting har spotlights som passer til de fleste stiler. Uansett om det skal v\u00e6re et tradisjonelt spothode med GU10-sokkel for enhver lyskilde eller spothoder med integrerte dimbare LED-lyskilder.\" \/>\n<meta property=\"og:url\" content=\"https:\/\/anetahome.com\/no\/produkt\/trackline-pluto-spotlight-hvit\/\" \/>\n<meta property=\"og:site_name\" content=\"AnetaHome\" \/>\n<meta property=\"article:modified_time\" content=\"2026-04-24T02:08:55+00:00\" \/>\n<meta property=\"og:image\" content=\"https:\/\/d34q21u9zm82v9.cloudfront.net\/wp-content\/uploads\/sites\/4\/2023\/10\/11041751\/thB6BSEDBZB2piU8RXC2hvVB6-scaled.png\" \/>\n\t<meta property=\"og:image:width\" content=\"2560\" \/>\n\t<meta property=\"og:image:height\" content=\"1707\" \/>\n\t<meta property=\"og:image:type\" content=\"image\/png\" \/>\n<meta name=\"twitter:card\" content=\"summary_large_image\" \/>\n<meta name=\"twitter:label1\" content=\"Ansl. lesetid\" \/>\n\t<meta name=\"twitter:data1\" content=\"1 minute\" \/>\n<script type=\"application\/ld+json\" class=\"yoast-schema-graph\">{\"@context\":\"https:\\\/\\\/schema.org\",\"@graph\":[{\"@type\":\"WebPage\",\"@id\":\"https:\\\/\\\/anetahome.com\\\/no\\\/produkt\\\/trackline-pluto-spotlight-hvit\\\/\",\"url\":\"https:\\\/\\\/anetahome.com\\\/no\\\/produkt\\\/trackline-pluto-spotlight-hvit\\\/\",\"name\":\"TRACKLINE PLUTO spotlight - AnetaHome\",\"isPartOf\":{\"@id\":\"https:\\\/\\\/anetahome.com\\\/no\\\/#website\"},\"primaryImageOfPage\":{\"@id\":\"https:\\\/\\\/anetahome.com\\\/no\\\/produkt\\\/trackline-pluto-spotlight-hvit\\\/#primaryimage\"},\"image\":{\"@id\":\"https:\\\/\\\/anetahome.com\\\/no\\\/produkt\\\/trackline-pluto-spotlight-hvit\\\/#primaryimage\"},\"thumbnailUrl\":\"https:\\\/\\\/d34q21u9zm82v9.cloudfront.net\\\/wp-content\\\/uploads\\\/sites\\\/4\\\/2023\\\/10\\\/11041751\\\/thB6BSEDBZB2piU8RXC2hvVB6-scaled.png\",\"datePublished\":\"2023-10-24T01:59:51+00:00\",\"dateModified\":\"2026-04-24T02:08:55+00:00\",\"breadcrumb\":{\"@id\":\"https:\\\/\\\/anetahome.com\\\/no\\\/produkt\\\/trackline-pluto-spotlight-hvit\\\/#breadcrumb\"},\"inLanguage\":\"nb-NO\",\"potentialAction\":[{\"@type\":\"ReadAction\",\"target\":[\"https:\\\/\\\/anetahome.com\\\/no\\\/produkt\\\/trackline-pluto-spotlight-hvit\\\/\"]}]},{\"@type\":\"ImageObject\",\"inLanguage\":\"nb-NO\",\"@id\":\"https:\\\/\\\/anetahome.com\\\/no\\\/produkt\\\/trackline-pluto-spotlight-hvit\\\/#primaryimage\",\"url\":\"https:\\\/\\\/d34q21u9zm82v9.cloudfront.net\\\/wp-content\\\/uploads\\\/sites\\\/4\\\/2023\\\/10\\\/11041751\\\/thB6BSEDBZB2piU8RXC2hvVB6-scaled.png\",\"contentUrl\":\"https:\\\/\\\/d34q21u9zm82v9.cloudfront.net\\\/wp-content\\\/uploads\\\/sites\\\/4\\\/2023\\\/10\\\/11041751\\\/thB6BSEDBZB2piU8RXC2hvVB6-scaled.png\",\"width\":2560,\"height\":1707},{\"@type\":\"BreadcrumbList\",\"@id\":\"https:\\\/\\\/anetahome.com\\\/no\\\/produkt\\\/trackline-pluto-spotlight-hvit\\\/#breadcrumb\",\"itemListElement\":[{\"@type\":\"ListItem\",\"position\":1,\"name\":\"Forsiden\",\"item\":\"https:\\\/\\\/anetahome.com\\\/no\\\/\"},{\"@type\":\"ListItem\",\"position\":2,\"name\":\"Butikk\",\"item\":\"https:\\\/\\\/anetahome.com\\\/no\\\/butikk\\\/\"},{\"@type\":\"ListItem\",\"position\":3,\"name\":\"TRACKLINE PLUTO spotlight\"}]},{\"@type\":\"WebSite\",\"@id\":\"https:\\\/\\\/anetahome.com\\\/no\\\/#website\",\"url\":\"https:\\\/\\\/anetahome.com\\\/no\\\/\",\"name\":\"AnetaHome\",\"description\":\"Skandinavias ledende lampegrossist\",\"publisher\":{\"@id\":\"https:\\\/\\\/anetahome.com\\\/no\\\/#organization\"},\"potentialAction\":[{\"@type\":\"SearchAction\",\"target\":{\"@type\":\"EntryPoint\",\"urlTemplate\":\"https:\\\/\\\/anetahome.com\\\/no\\\/?s={search_term_string}\"},\"query-input\":{\"@type\":\"PropertyValueSpecification\",\"valueRequired\":true,\"valueName\":\"search_term_string\"}}],\"inLanguage\":\"nb-NO\"},{\"@type\":\"Organization\",\"@id\":\"https:\\\/\\\/anetahome.com\\\/no\\\/#organization\",\"name\":\"AnetaHome\",\"url\":\"https:\\\/\\\/anetahome.com\\\/no\\\/\",\"logo\":{\"@type\":\"ImageObject\",\"inLanguage\":\"nb-NO\",\"@id\":\"https:\\\/\\\/anetahome.com\\\/no\\\/#\\\/schema\\\/logo\\\/image\\\/\",\"url\":\"https:\\\/\\\/d34q21u9zm82v9.cloudfront.net\\\/wp-content\\\/uploads\\\/sites\\\/4\\\/2021\\\/08\\\/30124150\\\/ANETA-HOME-logo-1.svg\",\"contentUrl\":\"https:\\\/\\\/d34q21u9zm82v9.cloudfront.net\\\/wp-content\\\/uploads\\\/sites\\\/4\\\/2021\\\/08\\\/30124150\\\/ANETA-HOME-logo-1.svg\",\"width\":174,\"height\":71,\"caption\":\"AnetaHome\"},\"image\":{\"@id\":\"https:\\\/\\\/anetahome.com\\\/no\\\/#\\\/schema\\\/logo\\\/image\\\/\"}}]}<\/script>\n<!-- \/ Yoast SEO plugin. -->","yoast_head_json":{"title":"TRACKLINE PLUTO spotlight - AnetaHome","robots":{"index":"index","follow":"follow","max-snippet":"max-snippet:-1","max-image-preview":"max-image-preview:large","max-video-preview":"max-video-preview:-1"},"canonical":"https:\/\/anetahome.com\/no\/produkt\/trackline-pluto-spotlight-hvit\/","og_locale":"nb_NO","og_type":"article","og_title":"TRACKLINE PLUTO spotlight - AnetaHome","og_description":"Aneta Lighting TRACKLINE Pluto spot er dimbar. Trackline skinnesystem fra Aneta Lighting tilpasses og monteres etter \u00f8nsker og behov. Skinnene kan skj\u00f8tes p\u00e5 rad og kuttes til \u00f8nsket lengde. Skinnene er forbundet med en rett, vinklet, T-skj\u00f8t eller fleksibel skj\u00f8t. Skinnene kobles sammen med en forbindelse i enden, eller mellom skinnene med en sentral forbindelse. Avslutt skinnerekken med et endestykke. Plasser spotlights p\u00e5 skinnen etter behov og juster lysretningen. Trackline skinnesystem fra Aneta Lighting har spotlights som passer til de fleste stiler. Uansett om det skal v\u00e6re et tradisjonelt spothode med GU10-sokkel for enhver lyskilde eller spothoder med integrerte dimbare LED-lyskilder.","og_url":"https:\/\/anetahome.com\/no\/produkt\/trackline-pluto-spotlight-hvit\/","og_site_name":"AnetaHome","article_modified_time":"2026-04-24T02:08:55+00:00","og_image":[{"width":2560,"height":1707,"url":"https:\/\/d34q21u9zm82v9.cloudfront.net\/wp-content\/uploads\/sites\/4\/2023\/10\/11041751\/thB6BSEDBZB2piU8RXC2hvVB6-scaled.png","type":"image\/png"}],"twitter_card":"summary_large_image","twitter_misc":{"Ansl. lesetid":"1 minute"},"schema":{"@context":"https:\/\/schema.org","@graph":[{"@type":"WebPage","@id":"https:\/\/anetahome.com\/no\/produkt\/trackline-pluto-spotlight-hvit\/","url":"https:\/\/anetahome.com\/no\/produkt\/trackline-pluto-spotlight-hvit\/","name":"TRACKLINE PLUTO spotlight - AnetaHome","isPartOf":{"@id":"https:\/\/anetahome.com\/no\/#website"},"primaryImageOfPage":{"@id":"https:\/\/anetahome.com\/no\/produkt\/trackline-pluto-spotlight-hvit\/#primaryimage"},"image":{"@id":"https:\/\/anetahome.com\/no\/produkt\/trackline-pluto-spotlight-hvit\/#primaryimage"},"thumbnailUrl":"https:\/\/d34q21u9zm82v9.cloudfront.net\/wp-content\/uploads\/sites\/4\/2023\/10\/11041751\/thB6BSEDBZB2piU8RXC2hvVB6-scaled.png","datePublished":"2023-10-24T01:59:51+00:00","dateModified":"2026-04-24T02:08:55+00:00","breadcrumb":{"@id":"https:\/\/anetahome.com\/no\/produkt\/trackline-pluto-spotlight-hvit\/#breadcrumb"},"inLanguage":"nb-NO","potentialAction":[{"@type":"ReadAction","target":["https:\/\/anetahome.com\/no\/produkt\/trackline-pluto-spotlight-hvit\/"]}]},{"@type":"ImageObject","inLanguage":"nb-NO","@id":"https:\/\/anetahome.com\/no\/produkt\/trackline-pluto-spotlight-hvit\/#primaryimage","url":"https:\/\/d34q21u9zm82v9.cloudfront.net\/wp-content\/uploads\/sites\/4\/2023\/10\/11041751\/thB6BSEDBZB2piU8RXC2hvVB6-scaled.png","contentUrl":"https:\/\/d34q21u9zm82v9.cloudfront.net\/wp-content\/uploads\/sites\/4\/2023\/10\/11041751\/thB6BSEDBZB2piU8RXC2hvVB6-scaled.png","width":2560,"height":1707},{"@type":"BreadcrumbList","@id":"https:\/\/anetahome.com\/no\/produkt\/trackline-pluto-spotlight-hvit\/#breadcrumb","itemListElement":[{"@type":"ListItem","position":1,"name":"Forsiden","item":"https:\/\/anetahome.com\/no\/"},{"@type":"ListItem","position":2,"name":"Butikk","item":"https:\/\/anetahome.com\/no\/butikk\/"},{"@type":"ListItem","position":3,"name":"TRACKLINE PLUTO spotlight"}]},{"@type":"WebSite","@id":"https:\/\/anetahome.com\/no\/#website","url":"https:\/\/anetahome.com\/no\/","name":"AnetaHome","description":"Skandinavias ledende lampegrossist","publisher":{"@id":"https:\/\/anetahome.com\/no\/#organization"},"potentialAction":[{"@type":"SearchAction","target":{"@type":"EntryPoint","urlTemplate":"https:\/\/anetahome.com\/no\/?s={search_term_string}"},"query-input":{"@type":"PropertyValueSpecification","valueRequired":true,"valueName":"search_term_string"}}],"inLanguage":"nb-NO"},{"@type":"Organization","@id":"https:\/\/anetahome.com\/no\/#organization","name":"AnetaHome","url":"https:\/\/anetahome.com\/no\/","logo":{"@type":"ImageObject","inLanguage":"nb-NO","@id":"https:\/\/anetahome.com\/no\/#\/schema\/logo\/image\/","url":"https:\/\/d34q21u9zm82v9.cloudfront.net\/wp-content\/uploads\/sites\/4\/2021\/08\/30124150\/ANETA-HOME-logo-1.svg","contentUrl":"https:\/\/d34q21u9zm82v9.cloudfront.net\/wp-content\/uploads\/sites\/4\/2021\/08\/30124150\/ANETA-HOME-logo-1.svg","width":174,"height":71,"caption":"AnetaHome"},"image":{"@id":"https:\/\/anetahome.com\/no\/#\/schema\/logo\/image\/"}}]}},"_links":{"self":[{"href":"https:\/\/anetahome.com\/no\/wp-json\/wp\/v2\/product\/17140","targetHints":{"allow":["GET"]}}],"collection":[{"href":"https:\/\/anetahome.com\/no\/wp-json\/wp\/v2\/product"}],"about":[{"href":"https:\/\/anetahome.com\/no\/wp-json\/wp\/v2\/types\/product"}],"wp:featuredmedia":[{"embeddable":true,"href":"https:\/\/anetahome.com\/no\/wp-json\/wp\/v2\/media\/20582"}],"wp:attachment":[{"href":"https:\/\/anetahome.com\/no\/wp-json\/wp\/v2\/media?parent=17140"}],"wp:term":[{"taxonomy":"product_tag","embeddable":true,"href":"https:\/\/anetahome.com\/no\/wp-json\/wp\/v2\/product_tag?post=17140"},{"taxonomy":"product_brand","embeddable":true,"href":"https:\/\/anetahome.com\/no\/wp-json\/wp\/v2\/product_brand?post=17140"},{"taxonomy":"product_cat","embeddable":true,"href":"https:\/\/anetahome.com\/no\/wp-json\/wp\/v2\/product_cat?post=17140"}],"curies":[{"name":"wp","href":"https:\/\/api.w.org\/{rel}","templated":true}]}}