{"id":18870,"date":"2024-06-28T04:06:36","date_gmt":"2024-06-28T02:06:36","guid":{"rendered":"https:\/\/anetahome.com\/no\/produkt\/oda-taklampe\/"},"modified":"2026-04-24T04:09:20","modified_gmt":"2026-04-24T02:09:20","slug":"oda-taklampe","status":"publish","type":"product","link":"https:\/\/anetahome.com\/no\/produkt\/oda-taklampe\/","title":{"rendered":"ODA taklampe rund"},"content":{"rendered":"<p>Den moderne taklampen Oda i sort metall og strippet design passer perfekt over kj\u00f8kkenbordet. Det nedoverrettede lyset er perfekt n\u00e5r du \u00f8nsker \u00e5 lyse opp bordflaten. Det gir et varmhvitt, behagelig lys og med de justerbare ledningene kan du fritt velge \u00f8nsket h\u00f8yde. Lampen kan dimmes hvis den er koblet til en veggdimmer.<\/p>\n","protected":false},"excerpt":{"rendered":"<p>Den moderne taklampen Oda i sort metall og strippet design passer perfekt over kj\u00f8kkenbordet. Det nedoverrettede lyset er perfekt n\u00e5r du \u00f8nsker \u00e5 lyse opp bordflaten. Det gir et varmhvitt, behagelig lys og med de justerbare ledningene kan du fritt velge \u00f8nsket h\u00f8yde. Lampen kan dimmes hvis den er koblet til en veggdimmer.<\/p>\n","protected":false},"featured_media":21740,"template":"","meta":{"_acf_changed":false,"inline_featured_image":false},"product_tag":[],"product_brand":[],"product_cat":[24150],"class_list":{"0":"post-18870","1":"product","2":"type-product","3":"status-publish","4":"has-post-thumbnail","6":"product_cat-taklamper","8":"first","9":"instock","10":"taxable","11":"shipping-taxable","12":"product-type-simple"},"acf":[],"yoast_head":"<!-- This site is optimized with the Yoast SEO plugin v27.5 - https:\/\/yoast.com\/product\/yoast-seo-wordpress\/ -->\n<title>ODA taklampe rund - AnetaHome<\/title>\n<meta name=\"robots\" content=\"index, follow, max-snippet:-1, max-image-preview:large, max-video-preview:-1\" \/>\n<link rel=\"canonical\" href=\"https:\/\/anetahome.com\/no\/produkt\/oda-taklampe\/\" \/>\n<meta property=\"og:locale\" content=\"nb_NO\" \/>\n<meta property=\"og:type\" content=\"article\" \/>\n<meta property=\"og:title\" content=\"ODA taklampe rund - AnetaHome\" \/>\n<meta property=\"og:description\" content=\"Den moderne taklampen Oda i sort metall og strippet design passer perfekt over kj\u00f8kkenbordet. Det nedoverrettede lyset er perfekt n\u00e5r du \u00f8nsker \u00e5 lyse opp bordflaten. Det gir et varmhvitt, behagelig lys og med de justerbare ledningene kan du fritt velge \u00f8nsket h\u00f8yde. Lampen kan dimmes hvis den er koblet til en veggdimmer.\" \/>\n<meta property=\"og:url\" content=\"https:\/\/anetahome.com\/no\/produkt\/oda-taklampe\/\" \/>\n<meta property=\"og:site_name\" content=\"AnetaHome\" \/>\n<meta property=\"article:modified_time\" content=\"2026-04-24T02:09:20+00:00\" \/>\n<meta property=\"og:image\" content=\"https:\/\/d34q21u9zm82v9.cloudfront.net\/wp-content\/uploads\/sites\/4\/2024\/06\/14030311\/PDueJY527C3RSI0HfDgbbPY0Y-scaled.png\" \/>\n\t<meta property=\"og:image:width\" content=\"1707\" \/>\n\t<meta property=\"og:image:height\" content=\"2560\" \/>\n\t<meta property=\"og:image:type\" content=\"image\/png\" \/>\n<meta name=\"twitter:card\" content=\"summary_large_image\" \/>\n<script type=\"application\/ld+json\" class=\"yoast-schema-graph\">{\"@context\":\"https:\\\/\\\/schema.org\",\"@graph\":[{\"@type\":\"WebPage\",\"@id\":\"https:\\\/\\\/anetahome.com\\\/no\\\/produkt\\\/oda-taklampe\\\/\",\"url\":\"https:\\\/\\\/anetahome.com\\\/no\\\/produkt\\\/oda-taklampe\\\/\",\"name\":\"ODA taklampe rund - AnetaHome\",\"isPartOf\":{\"@id\":\"https:\\\/\\\/anetahome.com\\\/no\\\/#website\"},\"primaryImageOfPage\":{\"@id\":\"https:\\\/\\\/anetahome.com\\\/no\\\/produkt\\\/oda-taklampe\\\/#primaryimage\"},\"image\":{\"@id\":\"https:\\\/\\\/anetahome.com\\\/no\\\/produkt\\\/oda-taklampe\\\/#primaryimage\"},\"thumbnailUrl\":\"https:\\\/\\\/d34q21u9zm82v9.cloudfront.net\\\/wp-content\\\/uploads\\\/sites\\\/4\\\/2024\\\/06\\\/14030311\\\/PDueJY527C3RSI0HfDgbbPY0Y-scaled.png\",\"datePublished\":\"2024-06-28T02:06:36+00:00\",\"dateModified\":\"2026-04-24T02:09:20+00:00\",\"breadcrumb\":{\"@id\":\"https:\\\/\\\/anetahome.com\\\/no\\\/produkt\\\/oda-taklampe\\\/#breadcrumb\"},\"inLanguage\":\"nb-NO\",\"potentialAction\":[{\"@type\":\"ReadAction\",\"target\":[\"https:\\\/\\\/anetahome.com\\\/no\\\/produkt\\\/oda-taklampe\\\/\"]}]},{\"@type\":\"ImageObject\",\"inLanguage\":\"nb-NO\",\"@id\":\"https:\\\/\\\/anetahome.com\\\/no\\\/produkt\\\/oda-taklampe\\\/#primaryimage\",\"url\":\"https:\\\/\\\/d34q21u9zm82v9.cloudfront.net\\\/wp-content\\\/uploads\\\/sites\\\/4\\\/2024\\\/06\\\/14030311\\\/PDueJY527C3RSI0HfDgbbPY0Y-scaled.png\",\"contentUrl\":\"https:\\\/\\\/d34q21u9zm82v9.cloudfront.net\\\/wp-content\\\/uploads\\\/sites\\\/4\\\/2024\\\/06\\\/14030311\\\/PDueJY527C3RSI0HfDgbbPY0Y-scaled.png\",\"width\":1707,\"height\":2560},{\"@type\":\"BreadcrumbList\",\"@id\":\"https:\\\/\\\/anetahome.com\\\/no\\\/produkt\\\/oda-taklampe\\\/#breadcrumb\",\"itemListElement\":[{\"@type\":\"ListItem\",\"position\":1,\"name\":\"Forsiden\",\"item\":\"https:\\\/\\\/anetahome.com\\\/no\\\/\"},{\"@type\":\"ListItem\",\"position\":2,\"name\":\"Butikk\",\"item\":\"https:\\\/\\\/anetahome.com\\\/no\\\/butikk\\\/\"},{\"@type\":\"ListItem\",\"position\":3,\"name\":\"ODA taklampe rund\"}]},{\"@type\":\"WebSite\",\"@id\":\"https:\\\/\\\/anetahome.com\\\/no\\\/#website\",\"url\":\"https:\\\/\\\/anetahome.com\\\/no\\\/\",\"name\":\"AnetaHome\",\"description\":\"Skandinavias ledende lampegrossist\",\"publisher\":{\"@id\":\"https:\\\/\\\/anetahome.com\\\/no\\\/#organization\"},\"potentialAction\":[{\"@type\":\"SearchAction\",\"target\":{\"@type\":\"EntryPoint\",\"urlTemplate\":\"https:\\\/\\\/anetahome.com\\\/no\\\/?s={search_term_string}\"},\"query-input\":{\"@type\":\"PropertyValueSpecification\",\"valueRequired\":true,\"valueName\":\"search_term_string\"}}],\"inLanguage\":\"nb-NO\"},{\"@type\":\"Organization\",\"@id\":\"https:\\\/\\\/anetahome.com\\\/no\\\/#organization\",\"name\":\"AnetaHome\",\"url\":\"https:\\\/\\\/anetahome.com\\\/no\\\/\",\"logo\":{\"@type\":\"ImageObject\",\"inLanguage\":\"nb-NO\",\"@id\":\"https:\\\/\\\/anetahome.com\\\/no\\\/#\\\/schema\\\/logo\\\/image\\\/\",\"url\":\"https:\\\/\\\/d34q21u9zm82v9.cloudfront.net\\\/wp-content\\\/uploads\\\/sites\\\/4\\\/2021\\\/08\\\/30124150\\\/ANETA-HOME-logo-1.svg\",\"contentUrl\":\"https:\\\/\\\/d34q21u9zm82v9.cloudfront.net\\\/wp-content\\\/uploads\\\/sites\\\/4\\\/2021\\\/08\\\/30124150\\\/ANETA-HOME-logo-1.svg\",\"width\":174,\"height\":71,\"caption\":\"AnetaHome\"},\"image\":{\"@id\":\"https:\\\/\\\/anetahome.com\\\/no\\\/#\\\/schema\\\/logo\\\/image\\\/\"}}]}<\/script>\n<!-- \/ Yoast SEO plugin. -->","yoast_head_json":{"title":"ODA taklampe rund - AnetaHome","robots":{"index":"index","follow":"follow","max-snippet":"max-snippet:-1","max-image-preview":"max-image-preview:large","max-video-preview":"max-video-preview:-1"},"canonical":"https:\/\/anetahome.com\/no\/produkt\/oda-taklampe\/","og_locale":"nb_NO","og_type":"article","og_title":"ODA taklampe rund - AnetaHome","og_description":"Den moderne taklampen Oda i sort metall og strippet design passer perfekt over kj\u00f8kkenbordet. Det nedoverrettede lyset er perfekt n\u00e5r du \u00f8nsker \u00e5 lyse opp bordflaten. Det gir et varmhvitt, behagelig lys og med de justerbare ledningene kan du fritt velge \u00f8nsket h\u00f8yde. Lampen kan dimmes hvis den er koblet til en veggdimmer.","og_url":"https:\/\/anetahome.com\/no\/produkt\/oda-taklampe\/","og_site_name":"AnetaHome","article_modified_time":"2026-04-24T02:09:20+00:00","og_image":[{"width":1707,"height":2560,"url":"https:\/\/d34q21u9zm82v9.cloudfront.net\/wp-content\/uploads\/sites\/4\/2024\/06\/14030311\/PDueJY527C3RSI0HfDgbbPY0Y-scaled.png","type":"image\/png"}],"twitter_card":"summary_large_image","schema":{"@context":"https:\/\/schema.org","@graph":[{"@type":"WebPage","@id":"https:\/\/anetahome.com\/no\/produkt\/oda-taklampe\/","url":"https:\/\/anetahome.com\/no\/produkt\/oda-taklampe\/","name":"ODA taklampe rund - AnetaHome","isPartOf":{"@id":"https:\/\/anetahome.com\/no\/#website"},"primaryImageOfPage":{"@id":"https:\/\/anetahome.com\/no\/produkt\/oda-taklampe\/#primaryimage"},"image":{"@id":"https:\/\/anetahome.com\/no\/produkt\/oda-taklampe\/#primaryimage"},"thumbnailUrl":"https:\/\/d34q21u9zm82v9.cloudfront.net\/wp-content\/uploads\/sites\/4\/2024\/06\/14030311\/PDueJY527C3RSI0HfDgbbPY0Y-scaled.png","datePublished":"2024-06-28T02:06:36+00:00","dateModified":"2026-04-24T02:09:20+00:00","breadcrumb":{"@id":"https:\/\/anetahome.com\/no\/produkt\/oda-taklampe\/#breadcrumb"},"inLanguage":"nb-NO","potentialAction":[{"@type":"ReadAction","target":["https:\/\/anetahome.com\/no\/produkt\/oda-taklampe\/"]}]},{"@type":"ImageObject","inLanguage":"nb-NO","@id":"https:\/\/anetahome.com\/no\/produkt\/oda-taklampe\/#primaryimage","url":"https:\/\/d34q21u9zm82v9.cloudfront.net\/wp-content\/uploads\/sites\/4\/2024\/06\/14030311\/PDueJY527C3RSI0HfDgbbPY0Y-scaled.png","contentUrl":"https:\/\/d34q21u9zm82v9.cloudfront.net\/wp-content\/uploads\/sites\/4\/2024\/06\/14030311\/PDueJY527C3RSI0HfDgbbPY0Y-scaled.png","width":1707,"height":2560},{"@type":"BreadcrumbList","@id":"https:\/\/anetahome.com\/no\/produkt\/oda-taklampe\/#breadcrumb","itemListElement":[{"@type":"ListItem","position":1,"name":"Forsiden","item":"https:\/\/anetahome.com\/no\/"},{"@type":"ListItem","position":2,"name":"Butikk","item":"https:\/\/anetahome.com\/no\/butikk\/"},{"@type":"ListItem","position":3,"name":"ODA taklampe rund"}]},{"@type":"WebSite","@id":"https:\/\/anetahome.com\/no\/#website","url":"https:\/\/anetahome.com\/no\/","name":"AnetaHome","description":"Skandinavias ledende lampegrossist","publisher":{"@id":"https:\/\/anetahome.com\/no\/#organization"},"potentialAction":[{"@type":"SearchAction","target":{"@type":"EntryPoint","urlTemplate":"https:\/\/anetahome.com\/no\/?s={search_term_string}"},"query-input":{"@type":"PropertyValueSpecification","valueRequired":true,"valueName":"search_term_string"}}],"inLanguage":"nb-NO"},{"@type":"Organization","@id":"https:\/\/anetahome.com\/no\/#organization","name":"AnetaHome","url":"https:\/\/anetahome.com\/no\/","logo":{"@type":"ImageObject","inLanguage":"nb-NO","@id":"https:\/\/anetahome.com\/no\/#\/schema\/logo\/image\/","url":"https:\/\/d34q21u9zm82v9.cloudfront.net\/wp-content\/uploads\/sites\/4\/2021\/08\/30124150\/ANETA-HOME-logo-1.svg","contentUrl":"https:\/\/d34q21u9zm82v9.cloudfront.net\/wp-content\/uploads\/sites\/4\/2021\/08\/30124150\/ANETA-HOME-logo-1.svg","width":174,"height":71,"caption":"AnetaHome"},"image":{"@id":"https:\/\/anetahome.com\/no\/#\/schema\/logo\/image\/"}}]}},"_links":{"self":[{"href":"https:\/\/anetahome.com\/no\/wp-json\/wp\/v2\/product\/18870","targetHints":{"allow":["GET"]}}],"collection":[{"href":"https:\/\/anetahome.com\/no\/wp-json\/wp\/v2\/product"}],"about":[{"href":"https:\/\/anetahome.com\/no\/wp-json\/wp\/v2\/types\/product"}],"wp:featuredmedia":[{"embeddable":true,"href":"https:\/\/anetahome.com\/no\/wp-json\/wp\/v2\/media\/21740"}],"wp:attachment":[{"href":"https:\/\/anetahome.com\/no\/wp-json\/wp\/v2\/media?parent=18870"}],"wp:term":[{"taxonomy":"product_tag","embeddable":true,"href":"https:\/\/anetahome.com\/no\/wp-json\/wp\/v2\/product_tag?post=18870"},{"taxonomy":"product_brand","embeddable":true,"href":"https:\/\/anetahome.com\/no\/wp-json\/wp\/v2\/product_brand?post=18870"},{"taxonomy":"product_cat","embeddable":true,"href":"https:\/\/anetahome.com\/no\/wp-json\/wp\/v2\/product_cat?post=18870"}],"curies":[{"name":"wp","href":"https:\/\/api.w.org\/{rel}","templated":true}]}}