{"id":22151,"date":"2025-05-17T04:28:29","date_gmt":"2025-05-17T02:28:29","guid":{"rendered":"https:\/\/anetahome.com\/no\/produkt\/fungi-oppladbar-bordlampe\/"},"modified":"2026-04-08T04:17:34","modified_gmt":"2026-04-08T02:17:34","slug":"fungi-oppladbar-bordlampe","status":"publish","type":"product","link":"https:\/\/anetahome.com\/no\/produkt\/fungi-oppladbar-bordlampe\/","title":{"rendered":"FUNGI oppladbar bordlampe"},"content":{"rendered":"<p>Fungi er en oppladbar og allsidig bordlampe med spennende design. En soppformet lampe i klar plast, med integrerte LED-dioder, RGB-funksjon og dimmer. Du endrer enkelt farge, lysstyrke eller velger skiftende farger med ulike overganger via den medf\u00f8lgende fjernkontrollen. Velg mellom 15 forskjellige farger eller et kj\u00f8lig, hvitt lys for en mer diskret belysning. Enten du \u00f8nsker dempet stemningslys eller en pulserende fargeopplevelse, har Fungi noe \u00e5 tilby.<\/p>\n<p>Merk! USB-A til USB-C-kabel (uten lader) er inkludert. For at lampen skal lade riktig, m\u00e5 du bruke en lader (ikke inkludert) p\u00e5 maks 5 V, 3 A (15 W).<\/p>\n","protected":false},"excerpt":{"rendered":"<p>Fungi er en oppladbar og allsidig bordlampe med spennende design. En soppformet lampe i klar plast, med integrerte LED-dioder, RGB-funksjon og dimmer. Du endrer enkelt farge, lysstyrke eller velger skiftende farger med ulike overganger via den medf\u00f8lgende fjernkontrollen. Velg mellom 15 forskjellige farger eller et kj\u00f8lig, hvitt lys for en mer diskret belysning. Enten du \u00f8nsker dempet stemningslys eller en pulserende fargeopplevelse, har Fungi noe \u00e5 tilby.<\/p>\n<p>Merk! USB-A til USB-C-kabel (uten lader) er inkludert. For at lampen skal lade riktig, m\u00e5 du bruke en lader (ikke inkludert) p\u00e5 maks 5 V, 3 A (15 W).<\/p>\n","protected":false},"featured_media":22152,"template":"","meta":{"_acf_changed":false,"inline_featured_image":false},"product_tag":[17930],"product_brand":[],"product_cat":[18519],"class_list":{"0":"post-22151","1":"product","2":"type-product","3":"status-publish","4":"has-post-thumbnail","6":"product_tag-ny","7":"product_cat-bordlamper","9":"first","10":"instock","11":"taxable","12":"shipping-taxable","13":"product-type-simple"},"acf":[],"yoast_head":"<!-- This site is optimized with the Yoast SEO plugin v27.5 - https:\/\/yoast.com\/product\/yoast-seo-wordpress\/ -->\n<title>FUNGI oppladbar bordlampe - AnetaHome<\/title>\n<meta name=\"robots\" content=\"index, follow, max-snippet:-1, max-image-preview:large, max-video-preview:-1\" \/>\n<link rel=\"canonical\" href=\"https:\/\/anetahome.com\/no\/produkt\/fungi-oppladbar-bordlampe\/\" \/>\n<meta property=\"og:locale\" content=\"nb_NO\" \/>\n<meta property=\"og:type\" content=\"article\" \/>\n<meta property=\"og:title\" content=\"FUNGI oppladbar bordlampe - AnetaHome\" \/>\n<meta property=\"og:description\" content=\"Fungi er en oppladbar og allsidig bordlampe med spennende design. En soppformet lampe i klar plast, med integrerte LED-dioder, RGB-funksjon og dimmer. Du endrer enkelt farge, lysstyrke eller velger skiftende farger med ulike overganger via den medf\u00f8lgende fjernkontrollen. Velg mellom 15 forskjellige farger eller et kj\u00f8lig, hvitt lys for en mer diskret belysning. Enten du \u00f8nsker dempet stemningslys eller en pulserende fargeopplevelse, har Fungi noe \u00e5 tilby. Merk! USB-A til USB-C-kabel (uten lader) er inkludert. For at lampen skal lade riktig, m\u00e5 du bruke en lader (ikke inkludert) p\u00e5 maks 5 V, 3 A (15 W).\" \/>\n<meta property=\"og:url\" content=\"https:\/\/anetahome.com\/no\/produkt\/fungi-oppladbar-bordlampe\/\" \/>\n<meta property=\"og:site_name\" content=\"AnetaHome\" \/>\n<meta property=\"article:modified_time\" content=\"2026-04-08T02:17:34+00:00\" \/>\n<meta property=\"og:image\" content=\"https:\/\/d34q21u9zm82v9.cloudfront.net\/wp-content\/uploads\/sites\/4\/2025\/05\/17042833\/R5v1grWSby42r2c8u9QAcVhXe-scaled.png\" \/>\n\t<meta property=\"og:image:width\" content=\"1707\" \/>\n\t<meta property=\"og:image:height\" content=\"2560\" \/>\n\t<meta property=\"og:image:type\" content=\"image\/png\" \/>\n<meta name=\"twitter:card\" content=\"summary_large_image\" \/>\n<script type=\"application\/ld+json\" class=\"yoast-schema-graph\">{\"@context\":\"https:\\\/\\\/schema.org\",\"@graph\":[{\"@type\":\"WebPage\",\"@id\":\"https:\\\/\\\/anetahome.com\\\/no\\\/produkt\\\/fungi-oppladbar-bordlampe\\\/\",\"url\":\"https:\\\/\\\/anetahome.com\\\/no\\\/produkt\\\/fungi-oppladbar-bordlampe\\\/\",\"name\":\"FUNGI oppladbar bordlampe - AnetaHome\",\"isPartOf\":{\"@id\":\"https:\\\/\\\/anetahome.com\\\/no\\\/#website\"},\"primaryImageOfPage\":{\"@id\":\"https:\\\/\\\/anetahome.com\\\/no\\\/produkt\\\/fungi-oppladbar-bordlampe\\\/#primaryimage\"},\"image\":{\"@id\":\"https:\\\/\\\/anetahome.com\\\/no\\\/produkt\\\/fungi-oppladbar-bordlampe\\\/#primaryimage\"},\"thumbnailUrl\":\"https:\\\/\\\/d34q21u9zm82v9.cloudfront.net\\\/wp-content\\\/uploads\\\/sites\\\/4\\\/2025\\\/05\\\/17042833\\\/R5v1grWSby42r2c8u9QAcVhXe-scaled.png\",\"datePublished\":\"2025-05-17T02:28:29+00:00\",\"dateModified\":\"2026-04-08T02:17:34+00:00\",\"breadcrumb\":{\"@id\":\"https:\\\/\\\/anetahome.com\\\/no\\\/produkt\\\/fungi-oppladbar-bordlampe\\\/#breadcrumb\"},\"inLanguage\":\"nb-NO\",\"potentialAction\":[{\"@type\":\"ReadAction\",\"target\":[\"https:\\\/\\\/anetahome.com\\\/no\\\/produkt\\\/fungi-oppladbar-bordlampe\\\/\"]}]},{\"@type\":\"ImageObject\",\"inLanguage\":\"nb-NO\",\"@id\":\"https:\\\/\\\/anetahome.com\\\/no\\\/produkt\\\/fungi-oppladbar-bordlampe\\\/#primaryimage\",\"url\":\"https:\\\/\\\/d34q21u9zm82v9.cloudfront.net\\\/wp-content\\\/uploads\\\/sites\\\/4\\\/2025\\\/05\\\/17042833\\\/R5v1grWSby42r2c8u9QAcVhXe-scaled.png\",\"contentUrl\":\"https:\\\/\\\/d34q21u9zm82v9.cloudfront.net\\\/wp-content\\\/uploads\\\/sites\\\/4\\\/2025\\\/05\\\/17042833\\\/R5v1grWSby42r2c8u9QAcVhXe-scaled.png\",\"width\":1707,\"height\":2560},{\"@type\":\"BreadcrumbList\",\"@id\":\"https:\\\/\\\/anetahome.com\\\/no\\\/produkt\\\/fungi-oppladbar-bordlampe\\\/#breadcrumb\",\"itemListElement\":[{\"@type\":\"ListItem\",\"position\":1,\"name\":\"Forsiden\",\"item\":\"https:\\\/\\\/anetahome.com\\\/no\\\/\"},{\"@type\":\"ListItem\",\"position\":2,\"name\":\"Butikk\",\"item\":\"https:\\\/\\\/anetahome.com\\\/no\\\/butikk\\\/\"},{\"@type\":\"ListItem\",\"position\":3,\"name\":\"FUNGI oppladbar bordlampe\"}]},{\"@type\":\"WebSite\",\"@id\":\"https:\\\/\\\/anetahome.com\\\/no\\\/#website\",\"url\":\"https:\\\/\\\/anetahome.com\\\/no\\\/\",\"name\":\"AnetaHome\",\"description\":\"Skandinavias ledende lampegrossist\",\"publisher\":{\"@id\":\"https:\\\/\\\/anetahome.com\\\/no\\\/#organization\"},\"potentialAction\":[{\"@type\":\"SearchAction\",\"target\":{\"@type\":\"EntryPoint\",\"urlTemplate\":\"https:\\\/\\\/anetahome.com\\\/no\\\/?s={search_term_string}\"},\"query-input\":{\"@type\":\"PropertyValueSpecification\",\"valueRequired\":true,\"valueName\":\"search_term_string\"}}],\"inLanguage\":\"nb-NO\"},{\"@type\":\"Organization\",\"@id\":\"https:\\\/\\\/anetahome.com\\\/no\\\/#organization\",\"name\":\"AnetaHome\",\"url\":\"https:\\\/\\\/anetahome.com\\\/no\\\/\",\"logo\":{\"@type\":\"ImageObject\",\"inLanguage\":\"nb-NO\",\"@id\":\"https:\\\/\\\/anetahome.com\\\/no\\\/#\\\/schema\\\/logo\\\/image\\\/\",\"url\":\"https:\\\/\\\/d34q21u9zm82v9.cloudfront.net\\\/wp-content\\\/uploads\\\/sites\\\/4\\\/2021\\\/08\\\/30124150\\\/ANETA-HOME-logo-1.svg\",\"contentUrl\":\"https:\\\/\\\/d34q21u9zm82v9.cloudfront.net\\\/wp-content\\\/uploads\\\/sites\\\/4\\\/2021\\\/08\\\/30124150\\\/ANETA-HOME-logo-1.svg\",\"width\":174,\"height\":71,\"caption\":\"AnetaHome\"},\"image\":{\"@id\":\"https:\\\/\\\/anetahome.com\\\/no\\\/#\\\/schema\\\/logo\\\/image\\\/\"}}]}<\/script>\n<!-- \/ Yoast SEO plugin. -->","yoast_head_json":{"title":"FUNGI oppladbar bordlampe - AnetaHome","robots":{"index":"index","follow":"follow","max-snippet":"max-snippet:-1","max-image-preview":"max-image-preview:large","max-video-preview":"max-video-preview:-1"},"canonical":"https:\/\/anetahome.com\/no\/produkt\/fungi-oppladbar-bordlampe\/","og_locale":"nb_NO","og_type":"article","og_title":"FUNGI oppladbar bordlampe - AnetaHome","og_description":"Fungi er en oppladbar og allsidig bordlampe med spennende design. En soppformet lampe i klar plast, med integrerte LED-dioder, RGB-funksjon og dimmer. Du endrer enkelt farge, lysstyrke eller velger skiftende farger med ulike overganger via den medf\u00f8lgende fjernkontrollen. Velg mellom 15 forskjellige farger eller et kj\u00f8lig, hvitt lys for en mer diskret belysning. Enten du \u00f8nsker dempet stemningslys eller en pulserende fargeopplevelse, har Fungi noe \u00e5 tilby. Merk! USB-A til USB-C-kabel (uten lader) er inkludert. For at lampen skal lade riktig, m\u00e5 du bruke en lader (ikke inkludert) p\u00e5 maks 5 V, 3 A (15 W).","og_url":"https:\/\/anetahome.com\/no\/produkt\/fungi-oppladbar-bordlampe\/","og_site_name":"AnetaHome","article_modified_time":"2026-04-08T02:17:34+00:00","og_image":[{"width":1707,"height":2560,"url":"https:\/\/d34q21u9zm82v9.cloudfront.net\/wp-content\/uploads\/sites\/4\/2025\/05\/17042833\/R5v1grWSby42r2c8u9QAcVhXe-scaled.png","type":"image\/png"}],"twitter_card":"summary_large_image","schema":{"@context":"https:\/\/schema.org","@graph":[{"@type":"WebPage","@id":"https:\/\/anetahome.com\/no\/produkt\/fungi-oppladbar-bordlampe\/","url":"https:\/\/anetahome.com\/no\/produkt\/fungi-oppladbar-bordlampe\/","name":"FUNGI oppladbar bordlampe - AnetaHome","isPartOf":{"@id":"https:\/\/anetahome.com\/no\/#website"},"primaryImageOfPage":{"@id":"https:\/\/anetahome.com\/no\/produkt\/fungi-oppladbar-bordlampe\/#primaryimage"},"image":{"@id":"https:\/\/anetahome.com\/no\/produkt\/fungi-oppladbar-bordlampe\/#primaryimage"},"thumbnailUrl":"https:\/\/d34q21u9zm82v9.cloudfront.net\/wp-content\/uploads\/sites\/4\/2025\/05\/17042833\/R5v1grWSby42r2c8u9QAcVhXe-scaled.png","datePublished":"2025-05-17T02:28:29+00:00","dateModified":"2026-04-08T02:17:34+00:00","breadcrumb":{"@id":"https:\/\/anetahome.com\/no\/produkt\/fungi-oppladbar-bordlampe\/#breadcrumb"},"inLanguage":"nb-NO","potentialAction":[{"@type":"ReadAction","target":["https:\/\/anetahome.com\/no\/produkt\/fungi-oppladbar-bordlampe\/"]}]},{"@type":"ImageObject","inLanguage":"nb-NO","@id":"https:\/\/anetahome.com\/no\/produkt\/fungi-oppladbar-bordlampe\/#primaryimage","url":"https:\/\/d34q21u9zm82v9.cloudfront.net\/wp-content\/uploads\/sites\/4\/2025\/05\/17042833\/R5v1grWSby42r2c8u9QAcVhXe-scaled.png","contentUrl":"https:\/\/d34q21u9zm82v9.cloudfront.net\/wp-content\/uploads\/sites\/4\/2025\/05\/17042833\/R5v1grWSby42r2c8u9QAcVhXe-scaled.png","width":1707,"height":2560},{"@type":"BreadcrumbList","@id":"https:\/\/anetahome.com\/no\/produkt\/fungi-oppladbar-bordlampe\/#breadcrumb","itemListElement":[{"@type":"ListItem","position":1,"name":"Forsiden","item":"https:\/\/anetahome.com\/no\/"},{"@type":"ListItem","position":2,"name":"Butikk","item":"https:\/\/anetahome.com\/no\/butikk\/"},{"@type":"ListItem","position":3,"name":"FUNGI oppladbar bordlampe"}]},{"@type":"WebSite","@id":"https:\/\/anetahome.com\/no\/#website","url":"https:\/\/anetahome.com\/no\/","name":"AnetaHome","description":"Skandinavias ledende lampegrossist","publisher":{"@id":"https:\/\/anetahome.com\/no\/#organization"},"potentialAction":[{"@type":"SearchAction","target":{"@type":"EntryPoint","urlTemplate":"https:\/\/anetahome.com\/no\/?s={search_term_string}"},"query-input":{"@type":"PropertyValueSpecification","valueRequired":true,"valueName":"search_term_string"}}],"inLanguage":"nb-NO"},{"@type":"Organization","@id":"https:\/\/anetahome.com\/no\/#organization","name":"AnetaHome","url":"https:\/\/anetahome.com\/no\/","logo":{"@type":"ImageObject","inLanguage":"nb-NO","@id":"https:\/\/anetahome.com\/no\/#\/schema\/logo\/image\/","url":"https:\/\/d34q21u9zm82v9.cloudfront.net\/wp-content\/uploads\/sites\/4\/2021\/08\/30124150\/ANETA-HOME-logo-1.svg","contentUrl":"https:\/\/d34q21u9zm82v9.cloudfront.net\/wp-content\/uploads\/sites\/4\/2021\/08\/30124150\/ANETA-HOME-logo-1.svg","width":174,"height":71,"caption":"AnetaHome"},"image":{"@id":"https:\/\/anetahome.com\/no\/#\/schema\/logo\/image\/"}}]}},"_links":{"self":[{"href":"https:\/\/anetahome.com\/no\/wp-json\/wp\/v2\/product\/22151","targetHints":{"allow":["GET"]}}],"collection":[{"href":"https:\/\/anetahome.com\/no\/wp-json\/wp\/v2\/product"}],"about":[{"href":"https:\/\/anetahome.com\/no\/wp-json\/wp\/v2\/types\/product"}],"wp:featuredmedia":[{"embeddable":true,"href":"https:\/\/anetahome.com\/no\/wp-json\/wp\/v2\/media\/22152"}],"wp:attachment":[{"href":"https:\/\/anetahome.com\/no\/wp-json\/wp\/v2\/media?parent=22151"}],"wp:term":[{"taxonomy":"product_tag","embeddable":true,"href":"https:\/\/anetahome.com\/no\/wp-json\/wp\/v2\/product_tag?post=22151"},{"taxonomy":"product_brand","embeddable":true,"href":"https:\/\/anetahome.com\/no\/wp-json\/wp\/v2\/product_brand?post=22151"},{"taxonomy":"product_cat","embeddable":true,"href":"https:\/\/anetahome.com\/no\/wp-json\/wp\/v2\/product_cat?post=22151"}],"curies":[{"name":"wp","href":"https:\/\/api.w.org\/{rel}","templated":true}]}}