{"id":22235,"date":"2025-05-28T04:24:55","date_gmt":"2025-05-28T02:24:55","guid":{"rendered":"https:\/\/anetahome.com\/no\/produkt\/air-plafond-med-vifte\/"},"modified":"2026-04-28T04:07:36","modified_gmt":"2026-04-28T02:07:36","slug":"air-plafond-med-vifte","status":"publish","type":"product","link":"https:\/\/anetahome.com\/no\/produkt\/air-plafond-med-vifte\/","title":{"rendered":"AIR plafond med vifte"},"content":{"rendered":"<p>Med den allsidige Air f\u00e5r du b\u00e5de en LED-plafond og en vifte, alt i et moderne og avskalert design. Et utmerket valg for funksjonell belysning og et friskere inneklima med god luftsirkulasjon. B\u00e5de lys og vifte styres enkelt med den medf\u00f8lgende fjernkontrollen. Du kan dimme og justere fargetemperaturen p\u00e5 lyset \u2013 velg mellom varmhvitt opp til et kj\u00f8ligere bl\u00e5hvitt. Viften har seks ulike hastigheter samt en praktisk sommer\/vinter-funksjon.<\/p>\n","protected":false},"excerpt":{"rendered":"<p>Med den allsidige Air f\u00e5r du b\u00e5de en LED-plafond og en vifte, alt i et moderne og avskalert design. Et utmerket valg for funksjonell belysning og et friskere inneklima med god luftsirkulasjon. B\u00e5de lys og vifte styres enkelt med den medf\u00f8lgende fjernkontrollen. Du kan dimme og justere fargetemperaturen p\u00e5 lyset \u2013 velg mellom varmhvitt opp til et kj\u00f8ligere bl\u00e5hvitt. Viften har seks ulike hastigheter samt en praktisk sommer\/vinter-funksjon.<\/p>\n","protected":false},"featured_media":22236,"template":"","meta":{"_acf_changed":false,"inline_featured_image":false},"product_tag":[17930],"product_brand":[],"product_cat":[22736],"class_list":{"0":"post-22235","1":"product","2":"type-product","3":"status-publish","4":"has-post-thumbnail","6":"product_tag-ny","7":"product_cat-plafond","9":"first","10":"instock","11":"taxable","12":"shipping-taxable","13":"product-type-simple"},"acf":[],"yoast_head":"<!-- This site is optimized with the Yoast SEO plugin v27.5 - https:\/\/yoast.com\/product\/yoast-seo-wordpress\/ -->\n<title>AIR plafond med vifte - AnetaHome<\/title>\n<meta name=\"robots\" content=\"index, follow, max-snippet:-1, max-image-preview:large, max-video-preview:-1\" \/>\n<link rel=\"canonical\" href=\"https:\/\/anetahome.com\/no\/produkt\/air-plafond-med-vifte\/\" \/>\n<meta property=\"og:locale\" content=\"nb_NO\" \/>\n<meta property=\"og:type\" content=\"article\" \/>\n<meta property=\"og:title\" content=\"AIR plafond med vifte - AnetaHome\" \/>\n<meta property=\"og:description\" content=\"Med den allsidige Air f\u00e5r du b\u00e5de en LED-plafond og en vifte, alt i et moderne og avskalert design. Et utmerket valg for funksjonell belysning og et friskere inneklima med god luftsirkulasjon. B\u00e5de lys og vifte styres enkelt med den medf\u00f8lgende fjernkontrollen. Du kan dimme og justere fargetemperaturen p\u00e5 lyset \u2013 velg mellom varmhvitt opp til et kj\u00f8ligere bl\u00e5hvitt. Viften har seks ulike hastigheter samt en praktisk sommer\/vinter-funksjon.\" \/>\n<meta property=\"og:url\" content=\"https:\/\/anetahome.com\/no\/produkt\/air-plafond-med-vifte\/\" \/>\n<meta property=\"og:site_name\" content=\"AnetaHome\" \/>\n<meta property=\"article:modified_time\" content=\"2026-04-28T02:07:36+00:00\" \/>\n<meta property=\"og:image\" content=\"https:\/\/d34q21u9zm82v9.cloudfront.net\/wp-content\/uploads\/sites\/4\/2025\/05\/28042458\/iOAk4Vu6W35qOxA48lU9rIl7w-scaled.png\" \/>\n\t<meta property=\"og:image:width\" content=\"2560\" \/>\n\t<meta property=\"og:image:height\" content=\"1707\" \/>\n\t<meta property=\"og:image:type\" content=\"image\/png\" \/>\n<meta name=\"twitter:card\" content=\"summary_large_image\" \/>\n<script type=\"application\/ld+json\" class=\"yoast-schema-graph\">{\"@context\":\"https:\\\/\\\/schema.org\",\"@graph\":[{\"@type\":\"WebPage\",\"@id\":\"https:\\\/\\\/anetahome.com\\\/no\\\/produkt\\\/air-plafond-med-vifte\\\/\",\"url\":\"https:\\\/\\\/anetahome.com\\\/no\\\/produkt\\\/air-plafond-med-vifte\\\/\",\"name\":\"AIR plafond med vifte - AnetaHome\",\"isPartOf\":{\"@id\":\"https:\\\/\\\/anetahome.com\\\/no\\\/#website\"},\"primaryImageOfPage\":{\"@id\":\"https:\\\/\\\/anetahome.com\\\/no\\\/produkt\\\/air-plafond-med-vifte\\\/#primaryimage\"},\"image\":{\"@id\":\"https:\\\/\\\/anetahome.com\\\/no\\\/produkt\\\/air-plafond-med-vifte\\\/#primaryimage\"},\"thumbnailUrl\":\"https:\\\/\\\/d34q21u9zm82v9.cloudfront.net\\\/wp-content\\\/uploads\\\/sites\\\/4\\\/2025\\\/05\\\/28042458\\\/iOAk4Vu6W35qOxA48lU9rIl7w-scaled.png\",\"datePublished\":\"2025-05-28T02:24:55+00:00\",\"dateModified\":\"2026-04-28T02:07:36+00:00\",\"breadcrumb\":{\"@id\":\"https:\\\/\\\/anetahome.com\\\/no\\\/produkt\\\/air-plafond-med-vifte\\\/#breadcrumb\"},\"inLanguage\":\"nb-NO\",\"potentialAction\":[{\"@type\":\"ReadAction\",\"target\":[\"https:\\\/\\\/anetahome.com\\\/no\\\/produkt\\\/air-plafond-med-vifte\\\/\"]}]},{\"@type\":\"ImageObject\",\"inLanguage\":\"nb-NO\",\"@id\":\"https:\\\/\\\/anetahome.com\\\/no\\\/produkt\\\/air-plafond-med-vifte\\\/#primaryimage\",\"url\":\"https:\\\/\\\/d34q21u9zm82v9.cloudfront.net\\\/wp-content\\\/uploads\\\/sites\\\/4\\\/2025\\\/05\\\/28042458\\\/iOAk4Vu6W35qOxA48lU9rIl7w-scaled.png\",\"contentUrl\":\"https:\\\/\\\/d34q21u9zm82v9.cloudfront.net\\\/wp-content\\\/uploads\\\/sites\\\/4\\\/2025\\\/05\\\/28042458\\\/iOAk4Vu6W35qOxA48lU9rIl7w-scaled.png\",\"width\":2560,\"height\":1707},{\"@type\":\"BreadcrumbList\",\"@id\":\"https:\\\/\\\/anetahome.com\\\/no\\\/produkt\\\/air-plafond-med-vifte\\\/#breadcrumb\",\"itemListElement\":[{\"@type\":\"ListItem\",\"position\":1,\"name\":\"Forsiden\",\"item\":\"https:\\\/\\\/anetahome.com\\\/no\\\/\"},{\"@type\":\"ListItem\",\"position\":2,\"name\":\"Butikk\",\"item\":\"https:\\\/\\\/anetahome.com\\\/no\\\/butikk\\\/\"},{\"@type\":\"ListItem\",\"position\":3,\"name\":\"AIR plafond med vifte\"}]},{\"@type\":\"WebSite\",\"@id\":\"https:\\\/\\\/anetahome.com\\\/no\\\/#website\",\"url\":\"https:\\\/\\\/anetahome.com\\\/no\\\/\",\"name\":\"AnetaHome\",\"description\":\"Skandinavias ledende lampegrossist\",\"publisher\":{\"@id\":\"https:\\\/\\\/anetahome.com\\\/no\\\/#organization\"},\"potentialAction\":[{\"@type\":\"SearchAction\",\"target\":{\"@type\":\"EntryPoint\",\"urlTemplate\":\"https:\\\/\\\/anetahome.com\\\/no\\\/?s={search_term_string}\"},\"query-input\":{\"@type\":\"PropertyValueSpecification\",\"valueRequired\":true,\"valueName\":\"search_term_string\"}}],\"inLanguage\":\"nb-NO\"},{\"@type\":\"Organization\",\"@id\":\"https:\\\/\\\/anetahome.com\\\/no\\\/#organization\",\"name\":\"AnetaHome\",\"url\":\"https:\\\/\\\/anetahome.com\\\/no\\\/\",\"logo\":{\"@type\":\"ImageObject\",\"inLanguage\":\"nb-NO\",\"@id\":\"https:\\\/\\\/anetahome.com\\\/no\\\/#\\\/schema\\\/logo\\\/image\\\/\",\"url\":\"https:\\\/\\\/d34q21u9zm82v9.cloudfront.net\\\/wp-content\\\/uploads\\\/sites\\\/4\\\/2021\\\/08\\\/30124150\\\/ANETA-HOME-logo-1.svg\",\"contentUrl\":\"https:\\\/\\\/d34q21u9zm82v9.cloudfront.net\\\/wp-content\\\/uploads\\\/sites\\\/4\\\/2021\\\/08\\\/30124150\\\/ANETA-HOME-logo-1.svg\",\"width\":174,\"height\":71,\"caption\":\"AnetaHome\"},\"image\":{\"@id\":\"https:\\\/\\\/anetahome.com\\\/no\\\/#\\\/schema\\\/logo\\\/image\\\/\"}}]}<\/script>\n<!-- \/ Yoast SEO plugin. -->","yoast_head_json":{"title":"AIR plafond med vifte - AnetaHome","robots":{"index":"index","follow":"follow","max-snippet":"max-snippet:-1","max-image-preview":"max-image-preview:large","max-video-preview":"max-video-preview:-1"},"canonical":"https:\/\/anetahome.com\/no\/produkt\/air-plafond-med-vifte\/","og_locale":"nb_NO","og_type":"article","og_title":"AIR plafond med vifte - AnetaHome","og_description":"Med den allsidige Air f\u00e5r du b\u00e5de en LED-plafond og en vifte, alt i et moderne og avskalert design. Et utmerket valg for funksjonell belysning og et friskere inneklima med god luftsirkulasjon. B\u00e5de lys og vifte styres enkelt med den medf\u00f8lgende fjernkontrollen. Du kan dimme og justere fargetemperaturen p\u00e5 lyset \u2013 velg mellom varmhvitt opp til et kj\u00f8ligere bl\u00e5hvitt. Viften har seks ulike hastigheter samt en praktisk sommer\/vinter-funksjon.","og_url":"https:\/\/anetahome.com\/no\/produkt\/air-plafond-med-vifte\/","og_site_name":"AnetaHome","article_modified_time":"2026-04-28T02:07:36+00:00","og_image":[{"width":2560,"height":1707,"url":"https:\/\/d34q21u9zm82v9.cloudfront.net\/wp-content\/uploads\/sites\/4\/2025\/05\/28042458\/iOAk4Vu6W35qOxA48lU9rIl7w-scaled.png","type":"image\/png"}],"twitter_card":"summary_large_image","schema":{"@context":"https:\/\/schema.org","@graph":[{"@type":"WebPage","@id":"https:\/\/anetahome.com\/no\/produkt\/air-plafond-med-vifte\/","url":"https:\/\/anetahome.com\/no\/produkt\/air-plafond-med-vifte\/","name":"AIR plafond med vifte - AnetaHome","isPartOf":{"@id":"https:\/\/anetahome.com\/no\/#website"},"primaryImageOfPage":{"@id":"https:\/\/anetahome.com\/no\/produkt\/air-plafond-med-vifte\/#primaryimage"},"image":{"@id":"https:\/\/anetahome.com\/no\/produkt\/air-plafond-med-vifte\/#primaryimage"},"thumbnailUrl":"https:\/\/d34q21u9zm82v9.cloudfront.net\/wp-content\/uploads\/sites\/4\/2025\/05\/28042458\/iOAk4Vu6W35qOxA48lU9rIl7w-scaled.png","datePublished":"2025-05-28T02:24:55+00:00","dateModified":"2026-04-28T02:07:36+00:00","breadcrumb":{"@id":"https:\/\/anetahome.com\/no\/produkt\/air-plafond-med-vifte\/#breadcrumb"},"inLanguage":"nb-NO","potentialAction":[{"@type":"ReadAction","target":["https:\/\/anetahome.com\/no\/produkt\/air-plafond-med-vifte\/"]}]},{"@type":"ImageObject","inLanguage":"nb-NO","@id":"https:\/\/anetahome.com\/no\/produkt\/air-plafond-med-vifte\/#primaryimage","url":"https:\/\/d34q21u9zm82v9.cloudfront.net\/wp-content\/uploads\/sites\/4\/2025\/05\/28042458\/iOAk4Vu6W35qOxA48lU9rIl7w-scaled.png","contentUrl":"https:\/\/d34q21u9zm82v9.cloudfront.net\/wp-content\/uploads\/sites\/4\/2025\/05\/28042458\/iOAk4Vu6W35qOxA48lU9rIl7w-scaled.png","width":2560,"height":1707},{"@type":"BreadcrumbList","@id":"https:\/\/anetahome.com\/no\/produkt\/air-plafond-med-vifte\/#breadcrumb","itemListElement":[{"@type":"ListItem","position":1,"name":"Forsiden","item":"https:\/\/anetahome.com\/no\/"},{"@type":"ListItem","position":2,"name":"Butikk","item":"https:\/\/anetahome.com\/no\/butikk\/"},{"@type":"ListItem","position":3,"name":"AIR plafond med vifte"}]},{"@type":"WebSite","@id":"https:\/\/anetahome.com\/no\/#website","url":"https:\/\/anetahome.com\/no\/","name":"AnetaHome","description":"Skandinavias ledende lampegrossist","publisher":{"@id":"https:\/\/anetahome.com\/no\/#organization"},"potentialAction":[{"@type":"SearchAction","target":{"@type":"EntryPoint","urlTemplate":"https:\/\/anetahome.com\/no\/?s={search_term_string}"},"query-input":{"@type":"PropertyValueSpecification","valueRequired":true,"valueName":"search_term_string"}}],"inLanguage":"nb-NO"},{"@type":"Organization","@id":"https:\/\/anetahome.com\/no\/#organization","name":"AnetaHome","url":"https:\/\/anetahome.com\/no\/","logo":{"@type":"ImageObject","inLanguage":"nb-NO","@id":"https:\/\/anetahome.com\/no\/#\/schema\/logo\/image\/","url":"https:\/\/d34q21u9zm82v9.cloudfront.net\/wp-content\/uploads\/sites\/4\/2021\/08\/30124150\/ANETA-HOME-logo-1.svg","contentUrl":"https:\/\/d34q21u9zm82v9.cloudfront.net\/wp-content\/uploads\/sites\/4\/2021\/08\/30124150\/ANETA-HOME-logo-1.svg","width":174,"height":71,"caption":"AnetaHome"},"image":{"@id":"https:\/\/anetahome.com\/no\/#\/schema\/logo\/image\/"}}]}},"_links":{"self":[{"href":"https:\/\/anetahome.com\/no\/wp-json\/wp\/v2\/product\/22235","targetHints":{"allow":["GET"]}}],"collection":[{"href":"https:\/\/anetahome.com\/no\/wp-json\/wp\/v2\/product"}],"about":[{"href":"https:\/\/anetahome.com\/no\/wp-json\/wp\/v2\/types\/product"}],"wp:featuredmedia":[{"embeddable":true,"href":"https:\/\/anetahome.com\/no\/wp-json\/wp\/v2\/media\/22236"}],"wp:attachment":[{"href":"https:\/\/anetahome.com\/no\/wp-json\/wp\/v2\/media?parent=22235"}],"wp:term":[{"taxonomy":"product_tag","embeddable":true,"href":"https:\/\/anetahome.com\/no\/wp-json\/wp\/v2\/product_tag?post=22235"},{"taxonomy":"product_brand","embeddable":true,"href":"https:\/\/anetahome.com\/no\/wp-json\/wp\/v2\/product_brand?post=22235"},{"taxonomy":"product_cat","embeddable":true,"href":"https:\/\/anetahome.com\/no\/wp-json\/wp\/v2\/product_cat?post=22235"}],"curies":[{"name":"wp","href":"https:\/\/api.w.org\/{rel}","templated":true}]}}