{"id":22682,"date":"2025-06-30T14:14:13","date_gmt":"2025-06-30T12:14:13","guid":{"rendered":"https:\/\/anetahome.com\/no\/produkt\/ljusdal-gulvlampe-1-arm\/"},"modified":"2026-04-24T03:59:18","modified_gmt":"2026-04-24T01:59:18","slug":"ljusdal-gulvlampe-1-arm-3","status":"publish","type":"product","link":"https:\/\/anetahome.com\/no\/produkt\/ljusdal-gulvlampe-1-arm-3\/","title":{"rendered":"LJUSDAL gulvlampe 1-arm"},"content":{"rendered":"<p>Ljusdal gulvlampe i svart metall med matte messingdetaljer fungerer, med sin justerbare arm, utmerket som leselampe. Str\u00f8mbryteren er lett tilgjengelig p\u00e5 lampehodet. Kompletter med en stilig lampeskjerm for \u00e5 skape den perfekte belysningen for akkurat ditt hjem; skjermer i seriene Ljusdal og Futura kan anbefales.<\/p>\n<p>Merk! Lampeskjerm selges separat.<\/p>\n","protected":false},"excerpt":{"rendered":"<p>Ljusdal gulvlampe i svart metall med matte messingdetaljer fungerer, med sin justerbare arm, utmerket som leselampe. Str\u00f8mbryteren er lett tilgjengelig p\u00e5 lampehodet. Kompletter med en stilig lampeskjerm for \u00e5 skape den perfekte belysningen for akkurat ditt hjem; skjermer i seriene Ljusdal og Futura kan anbefales.<\/p>\n<p>Merk! Lampeskjerm selges separat.<\/p>\n","protected":false},"featured_media":20708,"template":"","meta":{"_acf_changed":false,"inline_featured_image":false},"product_tag":[],"product_brand":[],"product_cat":[19704],"class_list":{"0":"post-22682","1":"product","2":"type-product","3":"status-publish","4":"has-post-thumbnail","6":"product_cat-gulvlamper","8":"first","9":"instock","10":"taxable","11":"shipping-taxable","12":"product-type-simple"},"acf":[],"yoast_head":"<!-- This site is optimized with the Yoast SEO plugin v27.5 - https:\/\/yoast.com\/product\/yoast-seo-wordpress\/ -->\n<title>LJUSDAL gulvlampe 1-arm - AnetaHome<\/title>\n<meta name=\"robots\" content=\"index, follow, max-snippet:-1, max-image-preview:large, max-video-preview:-1\" \/>\n<link rel=\"canonical\" href=\"https:\/\/anetahome.com\/no\/produkt\/ljusdal-gulvlampe-1-arm-3\/\" \/>\n<meta property=\"og:locale\" content=\"nb_NO\" \/>\n<meta property=\"og:type\" content=\"article\" \/>\n<meta property=\"og:title\" content=\"LJUSDAL gulvlampe 1-arm - AnetaHome\" \/>\n<meta property=\"og:description\" content=\"Ljusdal gulvlampe i svart metall med matte messingdetaljer fungerer, med sin justerbare arm, utmerket som leselampe. Str\u00f8mbryteren er lett tilgjengelig p\u00e5 lampehodet. Kompletter med en stilig lampeskjerm for \u00e5 skape den perfekte belysningen for akkurat ditt hjem; skjermer i seriene Ljusdal og Futura kan anbefales. Merk! Lampeskjerm selges separat.\" \/>\n<meta property=\"og:url\" content=\"https:\/\/anetahome.com\/no\/produkt\/ljusdal-gulvlampe-1-arm-3\/\" \/>\n<meta property=\"og:site_name\" content=\"AnetaHome\" \/>\n<meta property=\"article:modified_time\" content=\"2026-04-24T01:59:18+00:00\" \/>\n<meta property=\"og:image\" content=\"https:\/\/d34q21u9zm82v9.cloudfront.net\/wp-content\/uploads\/sites\/4\/2022\/01\/22041055\/blFpEKzs1FmDm4ewu0Jgp9LAQ-scaled.png\" \/>\n\t<meta property=\"og:image:width\" content=\"1707\" \/>\n\t<meta property=\"og:image:height\" content=\"2560\" \/>\n\t<meta property=\"og:image:type\" content=\"image\/png\" \/>\n<meta name=\"twitter:card\" content=\"summary_large_image\" \/>\n<script type=\"application\/ld+json\" class=\"yoast-schema-graph\">{\"@context\":\"https:\\\/\\\/schema.org\",\"@graph\":[{\"@type\":\"WebPage\",\"@id\":\"https:\\\/\\\/anetahome.com\\\/no\\\/produkt\\\/ljusdal-gulvlampe-1-arm-3\\\/\",\"url\":\"https:\\\/\\\/anetahome.com\\\/no\\\/produkt\\\/ljusdal-gulvlampe-1-arm-3\\\/\",\"name\":\"LJUSDAL gulvlampe 1-arm - AnetaHome\",\"isPartOf\":{\"@id\":\"https:\\\/\\\/anetahome.com\\\/no\\\/#website\"},\"primaryImageOfPage\":{\"@id\":\"https:\\\/\\\/anetahome.com\\\/no\\\/produkt\\\/ljusdal-gulvlampe-1-arm-3\\\/#primaryimage\"},\"image\":{\"@id\":\"https:\\\/\\\/anetahome.com\\\/no\\\/produkt\\\/ljusdal-gulvlampe-1-arm-3\\\/#primaryimage\"},\"thumbnailUrl\":\"https:\\\/\\\/d34q21u9zm82v9.cloudfront.net\\\/wp-content\\\/uploads\\\/sites\\\/4\\\/2022\\\/01\\\/22041055\\\/blFpEKzs1FmDm4ewu0Jgp9LAQ-scaled.png\",\"datePublished\":\"2025-06-30T12:14:13+00:00\",\"dateModified\":\"2026-04-24T01:59:18+00:00\",\"breadcrumb\":{\"@id\":\"https:\\\/\\\/anetahome.com\\\/no\\\/produkt\\\/ljusdal-gulvlampe-1-arm-3\\\/#breadcrumb\"},\"inLanguage\":\"nb-NO\",\"potentialAction\":[{\"@type\":\"ReadAction\",\"target\":[\"https:\\\/\\\/anetahome.com\\\/no\\\/produkt\\\/ljusdal-gulvlampe-1-arm-3\\\/\"]}]},{\"@type\":\"ImageObject\",\"inLanguage\":\"nb-NO\",\"@id\":\"https:\\\/\\\/anetahome.com\\\/no\\\/produkt\\\/ljusdal-gulvlampe-1-arm-3\\\/#primaryimage\",\"url\":\"https:\\\/\\\/d34q21u9zm82v9.cloudfront.net\\\/wp-content\\\/uploads\\\/sites\\\/4\\\/2022\\\/01\\\/22041055\\\/blFpEKzs1FmDm4ewu0Jgp9LAQ-scaled.png\",\"contentUrl\":\"https:\\\/\\\/d34q21u9zm82v9.cloudfront.net\\\/wp-content\\\/uploads\\\/sites\\\/4\\\/2022\\\/01\\\/22041055\\\/blFpEKzs1FmDm4ewu0Jgp9LAQ-scaled.png\",\"width\":1707,\"height\":2560},{\"@type\":\"BreadcrumbList\",\"@id\":\"https:\\\/\\\/anetahome.com\\\/no\\\/produkt\\\/ljusdal-gulvlampe-1-arm-3\\\/#breadcrumb\",\"itemListElement\":[{\"@type\":\"ListItem\",\"position\":1,\"name\":\"Forsiden\",\"item\":\"https:\\\/\\\/anetahome.com\\\/no\\\/\"},{\"@type\":\"ListItem\",\"position\":2,\"name\":\"Butikk\",\"item\":\"https:\\\/\\\/anetahome.com\\\/no\\\/butikk\\\/\"},{\"@type\":\"ListItem\",\"position\":3,\"name\":\"LJUSDAL gulvlampe 1-arm\"}]},{\"@type\":\"WebSite\",\"@id\":\"https:\\\/\\\/anetahome.com\\\/no\\\/#website\",\"url\":\"https:\\\/\\\/anetahome.com\\\/no\\\/\",\"name\":\"AnetaHome\",\"description\":\"Skandinavias ledende lampegrossist\",\"publisher\":{\"@id\":\"https:\\\/\\\/anetahome.com\\\/no\\\/#organization\"},\"potentialAction\":[{\"@type\":\"SearchAction\",\"target\":{\"@type\":\"EntryPoint\",\"urlTemplate\":\"https:\\\/\\\/anetahome.com\\\/no\\\/?s={search_term_string}\"},\"query-input\":{\"@type\":\"PropertyValueSpecification\",\"valueRequired\":true,\"valueName\":\"search_term_string\"}}],\"inLanguage\":\"nb-NO\"},{\"@type\":\"Organization\",\"@id\":\"https:\\\/\\\/anetahome.com\\\/no\\\/#organization\",\"name\":\"AnetaHome\",\"url\":\"https:\\\/\\\/anetahome.com\\\/no\\\/\",\"logo\":{\"@type\":\"ImageObject\",\"inLanguage\":\"nb-NO\",\"@id\":\"https:\\\/\\\/anetahome.com\\\/no\\\/#\\\/schema\\\/logo\\\/image\\\/\",\"url\":\"https:\\\/\\\/d34q21u9zm82v9.cloudfront.net\\\/wp-content\\\/uploads\\\/sites\\\/4\\\/2021\\\/08\\\/30124150\\\/ANETA-HOME-logo-1.svg\",\"contentUrl\":\"https:\\\/\\\/d34q21u9zm82v9.cloudfront.net\\\/wp-content\\\/uploads\\\/sites\\\/4\\\/2021\\\/08\\\/30124150\\\/ANETA-HOME-logo-1.svg\",\"width\":174,\"height\":71,\"caption\":\"AnetaHome\"},\"image\":{\"@id\":\"https:\\\/\\\/anetahome.com\\\/no\\\/#\\\/schema\\\/logo\\\/image\\\/\"}}]}<\/script>\n<!-- \/ Yoast SEO plugin. -->","yoast_head_json":{"title":"LJUSDAL gulvlampe 1-arm - AnetaHome","robots":{"index":"index","follow":"follow","max-snippet":"max-snippet:-1","max-image-preview":"max-image-preview:large","max-video-preview":"max-video-preview:-1"},"canonical":"https:\/\/anetahome.com\/no\/produkt\/ljusdal-gulvlampe-1-arm-3\/","og_locale":"nb_NO","og_type":"article","og_title":"LJUSDAL gulvlampe 1-arm - AnetaHome","og_description":"Ljusdal gulvlampe i svart metall med matte messingdetaljer fungerer, med sin justerbare arm, utmerket som leselampe. Str\u00f8mbryteren er lett tilgjengelig p\u00e5 lampehodet. Kompletter med en stilig lampeskjerm for \u00e5 skape den perfekte belysningen for akkurat ditt hjem; skjermer i seriene Ljusdal og Futura kan anbefales. Merk! Lampeskjerm selges separat.","og_url":"https:\/\/anetahome.com\/no\/produkt\/ljusdal-gulvlampe-1-arm-3\/","og_site_name":"AnetaHome","article_modified_time":"2026-04-24T01:59:18+00:00","og_image":[{"width":1707,"height":2560,"url":"https:\/\/d34q21u9zm82v9.cloudfront.net\/wp-content\/uploads\/sites\/4\/2022\/01\/22041055\/blFpEKzs1FmDm4ewu0Jgp9LAQ-scaled.png","type":"image\/png"}],"twitter_card":"summary_large_image","schema":{"@context":"https:\/\/schema.org","@graph":[{"@type":"WebPage","@id":"https:\/\/anetahome.com\/no\/produkt\/ljusdal-gulvlampe-1-arm-3\/","url":"https:\/\/anetahome.com\/no\/produkt\/ljusdal-gulvlampe-1-arm-3\/","name":"LJUSDAL gulvlampe 1-arm - AnetaHome","isPartOf":{"@id":"https:\/\/anetahome.com\/no\/#website"},"primaryImageOfPage":{"@id":"https:\/\/anetahome.com\/no\/produkt\/ljusdal-gulvlampe-1-arm-3\/#primaryimage"},"image":{"@id":"https:\/\/anetahome.com\/no\/produkt\/ljusdal-gulvlampe-1-arm-3\/#primaryimage"},"thumbnailUrl":"https:\/\/d34q21u9zm82v9.cloudfront.net\/wp-content\/uploads\/sites\/4\/2022\/01\/22041055\/blFpEKzs1FmDm4ewu0Jgp9LAQ-scaled.png","datePublished":"2025-06-30T12:14:13+00:00","dateModified":"2026-04-24T01:59:18+00:00","breadcrumb":{"@id":"https:\/\/anetahome.com\/no\/produkt\/ljusdal-gulvlampe-1-arm-3\/#breadcrumb"},"inLanguage":"nb-NO","potentialAction":[{"@type":"ReadAction","target":["https:\/\/anetahome.com\/no\/produkt\/ljusdal-gulvlampe-1-arm-3\/"]}]},{"@type":"ImageObject","inLanguage":"nb-NO","@id":"https:\/\/anetahome.com\/no\/produkt\/ljusdal-gulvlampe-1-arm-3\/#primaryimage","url":"https:\/\/d34q21u9zm82v9.cloudfront.net\/wp-content\/uploads\/sites\/4\/2022\/01\/22041055\/blFpEKzs1FmDm4ewu0Jgp9LAQ-scaled.png","contentUrl":"https:\/\/d34q21u9zm82v9.cloudfront.net\/wp-content\/uploads\/sites\/4\/2022\/01\/22041055\/blFpEKzs1FmDm4ewu0Jgp9LAQ-scaled.png","width":1707,"height":2560},{"@type":"BreadcrumbList","@id":"https:\/\/anetahome.com\/no\/produkt\/ljusdal-gulvlampe-1-arm-3\/#breadcrumb","itemListElement":[{"@type":"ListItem","position":1,"name":"Forsiden","item":"https:\/\/anetahome.com\/no\/"},{"@type":"ListItem","position":2,"name":"Butikk","item":"https:\/\/anetahome.com\/no\/butikk\/"},{"@type":"ListItem","position":3,"name":"LJUSDAL gulvlampe 1-arm"}]},{"@type":"WebSite","@id":"https:\/\/anetahome.com\/no\/#website","url":"https:\/\/anetahome.com\/no\/","name":"AnetaHome","description":"Skandinavias ledende lampegrossist","publisher":{"@id":"https:\/\/anetahome.com\/no\/#organization"},"potentialAction":[{"@type":"SearchAction","target":{"@type":"EntryPoint","urlTemplate":"https:\/\/anetahome.com\/no\/?s={search_term_string}"},"query-input":{"@type":"PropertyValueSpecification","valueRequired":true,"valueName":"search_term_string"}}],"inLanguage":"nb-NO"},{"@type":"Organization","@id":"https:\/\/anetahome.com\/no\/#organization","name":"AnetaHome","url":"https:\/\/anetahome.com\/no\/","logo":{"@type":"ImageObject","inLanguage":"nb-NO","@id":"https:\/\/anetahome.com\/no\/#\/schema\/logo\/image\/","url":"https:\/\/d34q21u9zm82v9.cloudfront.net\/wp-content\/uploads\/sites\/4\/2021\/08\/30124150\/ANETA-HOME-logo-1.svg","contentUrl":"https:\/\/d34q21u9zm82v9.cloudfront.net\/wp-content\/uploads\/sites\/4\/2021\/08\/30124150\/ANETA-HOME-logo-1.svg","width":174,"height":71,"caption":"AnetaHome"},"image":{"@id":"https:\/\/anetahome.com\/no\/#\/schema\/logo\/image\/"}}]}},"_links":{"self":[{"href":"https:\/\/anetahome.com\/no\/wp-json\/wp\/v2\/product\/22682","targetHints":{"allow":["GET"]}}],"collection":[{"href":"https:\/\/anetahome.com\/no\/wp-json\/wp\/v2\/product"}],"about":[{"href":"https:\/\/anetahome.com\/no\/wp-json\/wp\/v2\/types\/product"}],"wp:featuredmedia":[{"embeddable":true,"href":"https:\/\/anetahome.com\/no\/wp-json\/wp\/v2\/media\/20708"}],"wp:attachment":[{"href":"https:\/\/anetahome.com\/no\/wp-json\/wp\/v2\/media?parent=22682"}],"wp:term":[{"taxonomy":"product_tag","embeddable":true,"href":"https:\/\/anetahome.com\/no\/wp-json\/wp\/v2\/product_tag?post=22682"},{"taxonomy":"product_brand","embeddable":true,"href":"https:\/\/anetahome.com\/no\/wp-json\/wp\/v2\/product_brand?post=22682"},{"taxonomy":"product_cat","embeddable":true,"href":"https:\/\/anetahome.com\/no\/wp-json\/wp\/v2\/product_cat?post=22682"}],"curies":[{"name":"wp","href":"https:\/\/api.w.org\/{rel}","templated":true}]}}