{"id":24413,"date":"2026-04-24T04:04:13","date_gmt":"2026-04-24T02:04:13","guid":{"rendered":"https:\/\/anetahome.com\/no\/?post_type=product&#038;p=9954"},"modified":"2026-05-08T04:00:49","modified_gmt":"2026-05-08T02:00:49","slug":"ace-vegglampe","status":"publish","type":"product","link":"https:\/\/anetahome.com\/no\/produkt\/ace-vegglampe\/","title":{"rendered":"ACE vegglampe"},"content":{"rendered":"<p>Ace vegglampe i strukturlakkert metall i fargen hvit med integrert LED-belysning. Lampen har leselys med justerbart hode, samt indirekte belysning som lyser opp veggen rundt lampen. Lampen avgir varmhvitt lys som gir god fargegjengivelse. Lyskilde er inkludert og lysene tennes og slukkes med bryter p\u00e5 lampen med hver sin bryter. Kan ikke dimmes. Str\u00f8mtilkobling med st\u00f8psel.<\/p>\n","protected":false},"excerpt":{"rendered":"<p>Ace vegglampe i strukturlakkert metall i fargen hvit med integrert LED-belysning. Lampen har leselys med justerbart hode, samt indirekte belysning som lyser opp veggen rundt lampen. Lampen avgir varmhvitt lys som gir god fargegjengivelse. Lyskilde er inkludert og lysene tennes og slukkes med bryter p\u00e5 lampen med hver sin bryter. Kan ikke dimmes. Str\u00f8mtilkobling med st\u00f8psel.<\/p>\n","protected":false},"featured_media":20034,"template":"","meta":{"_acf_changed":false,"inline_featured_image":false},"product_tag":[],"product_brand":[],"product_cat":[17668],"class_list":{"0":"post-24413","1":"product","2":"type-product","3":"status-publish","4":"has-post-thumbnail","6":"product_cat-vegglamper","8":"first","9":"onbackorder","10":"taxable","11":"shipping-taxable","12":"product-type-simple"},"acf":[],"yoast_head":"<!-- This site is optimized with the Yoast SEO plugin v27.5 - https:\/\/yoast.com\/product\/yoast-seo-wordpress\/ -->\n<title>ACE vegglampe - AnetaHome<\/title>\n<meta name=\"robots\" content=\"index, follow, max-snippet:-1, max-image-preview:large, max-video-preview:-1\" \/>\n<link rel=\"canonical\" href=\"https:\/\/anetahome.com\/no\/produkt\/ace-vegglampe\/\" \/>\n<meta property=\"og:locale\" content=\"nb_NO\" \/>\n<meta property=\"og:type\" content=\"article\" \/>\n<meta property=\"og:title\" content=\"ACE vegglampe - AnetaHome\" \/>\n<meta property=\"og:description\" content=\"Ace vegglampe i strukturlakkert metall i fargen hvit med integrert LED-belysning. Lampen har leselys med justerbart hode, samt indirekte belysning som lyser opp veggen rundt lampen. Lampen avgir varmhvitt lys som gir god fargegjengivelse. Lyskilde er inkludert og lysene tennes og slukkes med bryter p\u00e5 lampen med hver sin bryter. Kan ikke dimmes. Str\u00f8mtilkobling med st\u00f8psel.\" \/>\n<meta property=\"og:url\" content=\"https:\/\/anetahome.com\/no\/produkt\/ace-vegglampe\/\" \/>\n<meta property=\"og:site_name\" content=\"AnetaHome\" \/>\n<meta property=\"article:modified_time\" content=\"2026-05-08T02:00:49+00:00\" \/>\n<meta property=\"og:image\" content=\"https:\/\/d34q21u9zm82v9.cloudfront.net\/wp-content\/uploads\/sites\/4\/2022\/01\/04113256\/TwkTYmcgTYbU4DpEWt37CoCUG-scaled.png\" \/>\n\t<meta property=\"og:image:width\" content=\"1707\" \/>\n\t<meta property=\"og:image:height\" content=\"2560\" \/>\n\t<meta property=\"og:image:type\" content=\"image\/png\" \/>\n<meta name=\"twitter:card\" content=\"summary_large_image\" \/>\n<script type=\"application\/ld+json\" class=\"yoast-schema-graph\">{\"@context\":\"https:\\\/\\\/schema.org\",\"@graph\":[{\"@type\":\"WebPage\",\"@id\":\"https:\\\/\\\/anetahome.com\\\/no\\\/produkt\\\/ace-vegglampe\\\/\",\"url\":\"https:\\\/\\\/anetahome.com\\\/no\\\/produkt\\\/ace-vegglampe\\\/\",\"name\":\"ACE vegglampe - AnetaHome\",\"isPartOf\":{\"@id\":\"https:\\\/\\\/anetahome.com\\\/no\\\/#website\"},\"primaryImageOfPage\":{\"@id\":\"https:\\\/\\\/anetahome.com\\\/no\\\/produkt\\\/ace-vegglampe\\\/#primaryimage\"},\"image\":{\"@id\":\"https:\\\/\\\/anetahome.com\\\/no\\\/produkt\\\/ace-vegglampe\\\/#primaryimage\"},\"thumbnailUrl\":\"https:\\\/\\\/d34q21u9zm82v9.cloudfront.net\\\/wp-content\\\/uploads\\\/sites\\\/4\\\/2022\\\/01\\\/04113256\\\/TwkTYmcgTYbU4DpEWt37CoCUG-scaled.png\",\"datePublished\":\"2026-04-24T02:04:13+00:00\",\"dateModified\":\"2026-05-08T02:00:49+00:00\",\"breadcrumb\":{\"@id\":\"https:\\\/\\\/anetahome.com\\\/no\\\/produkt\\\/ace-vegglampe\\\/#breadcrumb\"},\"inLanguage\":\"nb-NO\",\"potentialAction\":[{\"@type\":\"ReadAction\",\"target\":[\"https:\\\/\\\/anetahome.com\\\/no\\\/produkt\\\/ace-vegglampe\\\/\"]}]},{\"@type\":\"ImageObject\",\"inLanguage\":\"nb-NO\",\"@id\":\"https:\\\/\\\/anetahome.com\\\/no\\\/produkt\\\/ace-vegglampe\\\/#primaryimage\",\"url\":\"https:\\\/\\\/d34q21u9zm82v9.cloudfront.net\\\/wp-content\\\/uploads\\\/sites\\\/4\\\/2022\\\/01\\\/04113256\\\/TwkTYmcgTYbU4DpEWt37CoCUG-scaled.png\",\"contentUrl\":\"https:\\\/\\\/d34q21u9zm82v9.cloudfront.net\\\/wp-content\\\/uploads\\\/sites\\\/4\\\/2022\\\/01\\\/04113256\\\/TwkTYmcgTYbU4DpEWt37CoCUG-scaled.png\",\"width\":1707,\"height\":2560},{\"@type\":\"BreadcrumbList\",\"@id\":\"https:\\\/\\\/anetahome.com\\\/no\\\/produkt\\\/ace-vegglampe\\\/#breadcrumb\",\"itemListElement\":[{\"@type\":\"ListItem\",\"position\":1,\"name\":\"Forsiden\",\"item\":\"https:\\\/\\\/anetahome.com\\\/no\\\/\"},{\"@type\":\"ListItem\",\"position\":2,\"name\":\"Butikk\",\"item\":\"https:\\\/\\\/anetahome.com\\\/no\\\/butikk\\\/\"},{\"@type\":\"ListItem\",\"position\":3,\"name\":\"ACE vegglampe\"}]},{\"@type\":\"WebSite\",\"@id\":\"https:\\\/\\\/anetahome.com\\\/no\\\/#website\",\"url\":\"https:\\\/\\\/anetahome.com\\\/no\\\/\",\"name\":\"AnetaHome\",\"description\":\"Skandinavias ledende lampegrossist\",\"publisher\":{\"@id\":\"https:\\\/\\\/anetahome.com\\\/no\\\/#organization\"},\"potentialAction\":[{\"@type\":\"SearchAction\",\"target\":{\"@type\":\"EntryPoint\",\"urlTemplate\":\"https:\\\/\\\/anetahome.com\\\/no\\\/?s={search_term_string}\"},\"query-input\":{\"@type\":\"PropertyValueSpecification\",\"valueRequired\":true,\"valueName\":\"search_term_string\"}}],\"inLanguage\":\"nb-NO\"},{\"@type\":\"Organization\",\"@id\":\"https:\\\/\\\/anetahome.com\\\/no\\\/#organization\",\"name\":\"AnetaHome\",\"url\":\"https:\\\/\\\/anetahome.com\\\/no\\\/\",\"logo\":{\"@type\":\"ImageObject\",\"inLanguage\":\"nb-NO\",\"@id\":\"https:\\\/\\\/anetahome.com\\\/no\\\/#\\\/schema\\\/logo\\\/image\\\/\",\"url\":\"https:\\\/\\\/d34q21u9zm82v9.cloudfront.net\\\/wp-content\\\/uploads\\\/sites\\\/4\\\/2021\\\/08\\\/30124150\\\/ANETA-HOME-logo-1.svg\",\"contentUrl\":\"https:\\\/\\\/d34q21u9zm82v9.cloudfront.net\\\/wp-content\\\/uploads\\\/sites\\\/4\\\/2021\\\/08\\\/30124150\\\/ANETA-HOME-logo-1.svg\",\"width\":174,\"height\":71,\"caption\":\"AnetaHome\"},\"image\":{\"@id\":\"https:\\\/\\\/anetahome.com\\\/no\\\/#\\\/schema\\\/logo\\\/image\\\/\"}}]}<\/script>\n<!-- \/ Yoast SEO plugin. -->","yoast_head_json":{"title":"ACE vegglampe - AnetaHome","robots":{"index":"index","follow":"follow","max-snippet":"max-snippet:-1","max-image-preview":"max-image-preview:large","max-video-preview":"max-video-preview:-1"},"canonical":"https:\/\/anetahome.com\/no\/produkt\/ace-vegglampe\/","og_locale":"nb_NO","og_type":"article","og_title":"ACE vegglampe - AnetaHome","og_description":"Ace vegglampe i strukturlakkert metall i fargen hvit med integrert LED-belysning. Lampen har leselys med justerbart hode, samt indirekte belysning som lyser opp veggen rundt lampen. Lampen avgir varmhvitt lys som gir god fargegjengivelse. Lyskilde er inkludert og lysene tennes og slukkes med bryter p\u00e5 lampen med hver sin bryter. Kan ikke dimmes. Str\u00f8mtilkobling med st\u00f8psel.","og_url":"https:\/\/anetahome.com\/no\/produkt\/ace-vegglampe\/","og_site_name":"AnetaHome","article_modified_time":"2026-05-08T02:00:49+00:00","og_image":[{"width":1707,"height":2560,"url":"https:\/\/d34q21u9zm82v9.cloudfront.net\/wp-content\/uploads\/sites\/4\/2022\/01\/04113256\/TwkTYmcgTYbU4DpEWt37CoCUG-scaled.png","type":"image\/png"}],"twitter_card":"summary_large_image","schema":{"@context":"https:\/\/schema.org","@graph":[{"@type":"WebPage","@id":"https:\/\/anetahome.com\/no\/produkt\/ace-vegglampe\/","url":"https:\/\/anetahome.com\/no\/produkt\/ace-vegglampe\/","name":"ACE vegglampe - AnetaHome","isPartOf":{"@id":"https:\/\/anetahome.com\/no\/#website"},"primaryImageOfPage":{"@id":"https:\/\/anetahome.com\/no\/produkt\/ace-vegglampe\/#primaryimage"},"image":{"@id":"https:\/\/anetahome.com\/no\/produkt\/ace-vegglampe\/#primaryimage"},"thumbnailUrl":"https:\/\/d34q21u9zm82v9.cloudfront.net\/wp-content\/uploads\/sites\/4\/2022\/01\/04113256\/TwkTYmcgTYbU4DpEWt37CoCUG-scaled.png","datePublished":"2026-04-24T02:04:13+00:00","dateModified":"2026-05-08T02:00:49+00:00","breadcrumb":{"@id":"https:\/\/anetahome.com\/no\/produkt\/ace-vegglampe\/#breadcrumb"},"inLanguage":"nb-NO","potentialAction":[{"@type":"ReadAction","target":["https:\/\/anetahome.com\/no\/produkt\/ace-vegglampe\/"]}]},{"@type":"ImageObject","inLanguage":"nb-NO","@id":"https:\/\/anetahome.com\/no\/produkt\/ace-vegglampe\/#primaryimage","url":"https:\/\/d34q21u9zm82v9.cloudfront.net\/wp-content\/uploads\/sites\/4\/2022\/01\/04113256\/TwkTYmcgTYbU4DpEWt37CoCUG-scaled.png","contentUrl":"https:\/\/d34q21u9zm82v9.cloudfront.net\/wp-content\/uploads\/sites\/4\/2022\/01\/04113256\/TwkTYmcgTYbU4DpEWt37CoCUG-scaled.png","width":1707,"height":2560},{"@type":"BreadcrumbList","@id":"https:\/\/anetahome.com\/no\/produkt\/ace-vegglampe\/#breadcrumb","itemListElement":[{"@type":"ListItem","position":1,"name":"Forsiden","item":"https:\/\/anetahome.com\/no\/"},{"@type":"ListItem","position":2,"name":"Butikk","item":"https:\/\/anetahome.com\/no\/butikk\/"},{"@type":"ListItem","position":3,"name":"ACE vegglampe"}]},{"@type":"WebSite","@id":"https:\/\/anetahome.com\/no\/#website","url":"https:\/\/anetahome.com\/no\/","name":"AnetaHome","description":"Skandinavias ledende lampegrossist","publisher":{"@id":"https:\/\/anetahome.com\/no\/#organization"},"potentialAction":[{"@type":"SearchAction","target":{"@type":"EntryPoint","urlTemplate":"https:\/\/anetahome.com\/no\/?s={search_term_string}"},"query-input":{"@type":"PropertyValueSpecification","valueRequired":true,"valueName":"search_term_string"}}],"inLanguage":"nb-NO"},{"@type":"Organization","@id":"https:\/\/anetahome.com\/no\/#organization","name":"AnetaHome","url":"https:\/\/anetahome.com\/no\/","logo":{"@type":"ImageObject","inLanguage":"nb-NO","@id":"https:\/\/anetahome.com\/no\/#\/schema\/logo\/image\/","url":"https:\/\/d34q21u9zm82v9.cloudfront.net\/wp-content\/uploads\/sites\/4\/2021\/08\/30124150\/ANETA-HOME-logo-1.svg","contentUrl":"https:\/\/d34q21u9zm82v9.cloudfront.net\/wp-content\/uploads\/sites\/4\/2021\/08\/30124150\/ANETA-HOME-logo-1.svg","width":174,"height":71,"caption":"AnetaHome"},"image":{"@id":"https:\/\/anetahome.com\/no\/#\/schema\/logo\/image\/"}}]}},"_links":{"self":[{"href":"https:\/\/anetahome.com\/no\/wp-json\/wp\/v2\/product\/24413","targetHints":{"allow":["GET"]}}],"collection":[{"href":"https:\/\/anetahome.com\/no\/wp-json\/wp\/v2\/product"}],"about":[{"href":"https:\/\/anetahome.com\/no\/wp-json\/wp\/v2\/types\/product"}],"wp:featuredmedia":[{"embeddable":true,"href":"https:\/\/anetahome.com\/no\/wp-json\/wp\/v2\/media\/20034"}],"wp:attachment":[{"href":"https:\/\/anetahome.com\/no\/wp-json\/wp\/v2\/media?parent=24413"}],"wp:term":[{"taxonomy":"product_tag","embeddable":true,"href":"https:\/\/anetahome.com\/no\/wp-json\/wp\/v2\/product_tag?post=24413"},{"taxonomy":"product_brand","embeddable":true,"href":"https:\/\/anetahome.com\/no\/wp-json\/wp\/v2\/product_brand?post=24413"},{"taxonomy":"product_cat","embeddable":true,"href":"https:\/\/anetahome.com\/no\/wp-json\/wp\/v2\/product_cat?post=24413"}],"curies":[{"name":"wp","href":"https:\/\/api.w.org\/{rel}","templated":true}]}}