{"id":8472,"date":"2022-01-09T17:39:06","date_gmt":"2022-01-09T16:39:06","guid":{"rendered":"https:\/\/anetahome.com\/no\/produkt\/trackline-slim-3-set-skinnehvit\/"},"modified":"2026-04-24T03:59:52","modified_gmt":"2026-04-24T01:59:52","slug":"trackline-slim-3-set-skinnehvit","status":"publish","type":"product","link":"https:\/\/anetahome.com\/no\/produkt\/trackline-slim-3-set-skinnehvit\/","title":{"rendered":"TRACKLINE Slim 3-set"},"content":{"rendered":"<p>Aneta Lighting TRACKLINE Slim, 3-set,vit. Trackline Skinnesystem fra Aneta Lighting tilpasses og settes sammen etter \u00f8nske og behov. Skinnene kan skj\u00f8tes sammen p\u00e5 rekke eller kappes til \u00f8nsket lengde. Skinnene skj\u00f8tes med rett, vinklet h\u00f8yre, vinklet venstre, T-skj\u00f8t eller fleksibel skj\u00f8t. Koble til str\u00f8m enten i enden av skinnen eller mellom skinnene med midttilkobling. Avslutt skinnerekken med et endestykke. Sett inn spotter p\u00e5 skinnen etter behov og juster retningen p\u00e5 lyset. Trackline skinnesystem fra Aneta Lighting har spotter som passer de fleste. Enten det skal v\u00e6re et tradisjonelt spothode med GU10 sokkel for valgfri lyskilde eller spothoder med integrerte dimbare LED lyskilder.<\/p>\n","protected":false},"excerpt":{"rendered":"<p>Aneta Lighting TRACKLINE Slim, 3-set,vit. Trackline Skinnesystem fra Aneta Lighting tilpasses og settes sammen etter \u00f8nske og behov. Skinnene kan skj\u00f8tes sammen p\u00e5 rekke eller kappes til \u00f8nsket lengde. Skinnene skj\u00f8tes med rett, vinklet h\u00f8yre, vinklet venstre, T-skj\u00f8t eller fleksibel skj\u00f8t. Koble til str\u00f8m enten i enden av skinnen eller mellom skinnene med midttilkobling. Avslutt skinnerekken med et endestykke. Sett inn spotter p\u00e5 skinnen etter behov og juster retningen p\u00e5 lyset. Trackline skinnesystem fra Aneta Lighting har spotter som passer de fleste. Enten det skal v\u00e6re et tradisjonelt spothode med GU10 sokkel for valgfri lyskilde eller spothoder med integrerte dimbare LED lyskilder.<\/p>\n","protected":false},"featured_media":20365,"template":"","meta":{"_acf_changed":false,"inline_featured_image":false},"product_tag":[],"product_brand":[],"product_cat":[23601],"class_list":{"0":"post-8472","1":"product","2":"type-product","3":"status-publish","4":"has-post-thumbnail","6":"product_cat-skinnesystem","8":"first","9":"instock","10":"taxable","11":"shipping-taxable","12":"product-type-simple"},"acf":[],"yoast_head":"<!-- This site is optimized with the Yoast SEO plugin v27.5 - https:\/\/yoast.com\/product\/yoast-seo-wordpress\/ -->\n<title>TRACKLINE Slim 3-set - AnetaHome<\/title>\n<meta name=\"robots\" content=\"index, follow, max-snippet:-1, max-image-preview:large, max-video-preview:-1\" \/>\n<link rel=\"canonical\" href=\"https:\/\/anetahome.com\/no\/produkt\/trackline-slim-3-set-skinnehvit\/\" \/>\n<meta property=\"og:locale\" content=\"nb_NO\" \/>\n<meta property=\"og:type\" content=\"article\" \/>\n<meta property=\"og:title\" content=\"TRACKLINE Slim 3-set - AnetaHome\" \/>\n<meta property=\"og:description\" content=\"Aneta Lighting TRACKLINE Slim, 3-set,vit. Trackline Skinnesystem fra Aneta Lighting tilpasses og settes sammen etter \u00f8nske og behov. Skinnene kan skj\u00f8tes sammen p\u00e5 rekke eller kappes til \u00f8nsket lengde. Skinnene skj\u00f8tes med rett, vinklet h\u00f8yre, vinklet venstre, T-skj\u00f8t eller fleksibel skj\u00f8t. Koble til str\u00f8m enten i enden av skinnen eller mellom skinnene med midttilkobling. Avslutt skinnerekken med et endestykke. Sett inn spotter p\u00e5 skinnen etter behov og juster retningen p\u00e5 lyset. Trackline skinnesystem fra Aneta Lighting har spotter som passer de fleste. Enten det skal v\u00e6re et tradisjonelt spothode med GU10 sokkel for valgfri lyskilde eller spothoder med integrerte dimbare LED lyskilder.\" \/>\n<meta property=\"og:url\" content=\"https:\/\/anetahome.com\/no\/produkt\/trackline-slim-3-set-skinnehvit\/\" \/>\n<meta property=\"og:site_name\" content=\"AnetaHome\" \/>\n<meta property=\"article:modified_time\" content=\"2026-04-24T01:59:52+00:00\" \/>\n<meta property=\"og:image\" content=\"https:\/\/d34q21u9zm82v9.cloudfront.net\/wp-content\/uploads\/sites\/4\/2022\/01\/04122520\/B8xT1rezqoULqEx3LEEZUq1WC-scaled.png\" \/>\n\t<meta property=\"og:image:width\" content=\"2560\" \/>\n\t<meta property=\"og:image:height\" content=\"1707\" \/>\n\t<meta property=\"og:image:type\" content=\"image\/png\" \/>\n<meta name=\"twitter:card\" content=\"summary_large_image\" \/>\n<meta name=\"twitter:label1\" content=\"Ansl. lesetid\" \/>\n\t<meta name=\"twitter:data1\" content=\"1 minute\" \/>\n<script type=\"application\/ld+json\" class=\"yoast-schema-graph\">{\"@context\":\"https:\\\/\\\/schema.org\",\"@graph\":[{\"@type\":\"WebPage\",\"@id\":\"https:\\\/\\\/anetahome.com\\\/no\\\/produkt\\\/trackline-slim-3-set-skinnehvit\\\/\",\"url\":\"https:\\\/\\\/anetahome.com\\\/no\\\/produkt\\\/trackline-slim-3-set-skinnehvit\\\/\",\"name\":\"TRACKLINE Slim 3-set - AnetaHome\",\"isPartOf\":{\"@id\":\"https:\\\/\\\/anetahome.com\\\/no\\\/#website\"},\"primaryImageOfPage\":{\"@id\":\"https:\\\/\\\/anetahome.com\\\/no\\\/produkt\\\/trackline-slim-3-set-skinnehvit\\\/#primaryimage\"},\"image\":{\"@id\":\"https:\\\/\\\/anetahome.com\\\/no\\\/produkt\\\/trackline-slim-3-set-skinnehvit\\\/#primaryimage\"},\"thumbnailUrl\":\"https:\\\/\\\/d34q21u9zm82v9.cloudfront.net\\\/wp-content\\\/uploads\\\/sites\\\/4\\\/2022\\\/01\\\/04122520\\\/B8xT1rezqoULqEx3LEEZUq1WC-scaled.png\",\"datePublished\":\"2022-01-09T16:39:06+00:00\",\"dateModified\":\"2026-04-24T01:59:52+00:00\",\"breadcrumb\":{\"@id\":\"https:\\\/\\\/anetahome.com\\\/no\\\/produkt\\\/trackline-slim-3-set-skinnehvit\\\/#breadcrumb\"},\"inLanguage\":\"nb-NO\",\"potentialAction\":[{\"@type\":\"ReadAction\",\"target\":[\"https:\\\/\\\/anetahome.com\\\/no\\\/produkt\\\/trackline-slim-3-set-skinnehvit\\\/\"]}]},{\"@type\":\"ImageObject\",\"inLanguage\":\"nb-NO\",\"@id\":\"https:\\\/\\\/anetahome.com\\\/no\\\/produkt\\\/trackline-slim-3-set-skinnehvit\\\/#primaryimage\",\"url\":\"https:\\\/\\\/d34q21u9zm82v9.cloudfront.net\\\/wp-content\\\/uploads\\\/sites\\\/4\\\/2022\\\/01\\\/04122520\\\/B8xT1rezqoULqEx3LEEZUq1WC-scaled.png\",\"contentUrl\":\"https:\\\/\\\/d34q21u9zm82v9.cloudfront.net\\\/wp-content\\\/uploads\\\/sites\\\/4\\\/2022\\\/01\\\/04122520\\\/B8xT1rezqoULqEx3LEEZUq1WC-scaled.png\",\"width\":2560,\"height\":1707},{\"@type\":\"BreadcrumbList\",\"@id\":\"https:\\\/\\\/anetahome.com\\\/no\\\/produkt\\\/trackline-slim-3-set-skinnehvit\\\/#breadcrumb\",\"itemListElement\":[{\"@type\":\"ListItem\",\"position\":1,\"name\":\"Forsiden\",\"item\":\"https:\\\/\\\/anetahome.com\\\/no\\\/\"},{\"@type\":\"ListItem\",\"position\":2,\"name\":\"Butikk\",\"item\":\"https:\\\/\\\/anetahome.com\\\/no\\\/butikk\\\/\"},{\"@type\":\"ListItem\",\"position\":3,\"name\":\"TRACKLINE Slim 3-set\"}]},{\"@type\":\"WebSite\",\"@id\":\"https:\\\/\\\/anetahome.com\\\/no\\\/#website\",\"url\":\"https:\\\/\\\/anetahome.com\\\/no\\\/\",\"name\":\"AnetaHome\",\"description\":\"Skandinavias ledende lampegrossist\",\"publisher\":{\"@id\":\"https:\\\/\\\/anetahome.com\\\/no\\\/#organization\"},\"potentialAction\":[{\"@type\":\"SearchAction\",\"target\":{\"@type\":\"EntryPoint\",\"urlTemplate\":\"https:\\\/\\\/anetahome.com\\\/no\\\/?s={search_term_string}\"},\"query-input\":{\"@type\":\"PropertyValueSpecification\",\"valueRequired\":true,\"valueName\":\"search_term_string\"}}],\"inLanguage\":\"nb-NO\"},{\"@type\":\"Organization\",\"@id\":\"https:\\\/\\\/anetahome.com\\\/no\\\/#organization\",\"name\":\"AnetaHome\",\"url\":\"https:\\\/\\\/anetahome.com\\\/no\\\/\",\"logo\":{\"@type\":\"ImageObject\",\"inLanguage\":\"nb-NO\",\"@id\":\"https:\\\/\\\/anetahome.com\\\/no\\\/#\\\/schema\\\/logo\\\/image\\\/\",\"url\":\"https:\\\/\\\/d34q21u9zm82v9.cloudfront.net\\\/wp-content\\\/uploads\\\/sites\\\/4\\\/2021\\\/08\\\/30124150\\\/ANETA-HOME-logo-1.svg\",\"contentUrl\":\"https:\\\/\\\/d34q21u9zm82v9.cloudfront.net\\\/wp-content\\\/uploads\\\/sites\\\/4\\\/2021\\\/08\\\/30124150\\\/ANETA-HOME-logo-1.svg\",\"width\":174,\"height\":71,\"caption\":\"AnetaHome\"},\"image\":{\"@id\":\"https:\\\/\\\/anetahome.com\\\/no\\\/#\\\/schema\\\/logo\\\/image\\\/\"}}]}<\/script>\n<!-- \/ Yoast SEO plugin. -->","yoast_head_json":{"title":"TRACKLINE Slim 3-set - AnetaHome","robots":{"index":"index","follow":"follow","max-snippet":"max-snippet:-1","max-image-preview":"max-image-preview:large","max-video-preview":"max-video-preview:-1"},"canonical":"https:\/\/anetahome.com\/no\/produkt\/trackline-slim-3-set-skinnehvit\/","og_locale":"nb_NO","og_type":"article","og_title":"TRACKLINE Slim 3-set - AnetaHome","og_description":"Aneta Lighting TRACKLINE Slim, 3-set,vit. Trackline Skinnesystem fra Aneta Lighting tilpasses og settes sammen etter \u00f8nske og behov. Skinnene kan skj\u00f8tes sammen p\u00e5 rekke eller kappes til \u00f8nsket lengde. Skinnene skj\u00f8tes med rett, vinklet h\u00f8yre, vinklet venstre, T-skj\u00f8t eller fleksibel skj\u00f8t. Koble til str\u00f8m enten i enden av skinnen eller mellom skinnene med midttilkobling. Avslutt skinnerekken med et endestykke. Sett inn spotter p\u00e5 skinnen etter behov og juster retningen p\u00e5 lyset. Trackline skinnesystem fra Aneta Lighting har spotter som passer de fleste. Enten det skal v\u00e6re et tradisjonelt spothode med GU10 sokkel for valgfri lyskilde eller spothoder med integrerte dimbare LED lyskilder.","og_url":"https:\/\/anetahome.com\/no\/produkt\/trackline-slim-3-set-skinnehvit\/","og_site_name":"AnetaHome","article_modified_time":"2026-04-24T01:59:52+00:00","og_image":[{"width":2560,"height":1707,"url":"https:\/\/d34q21u9zm82v9.cloudfront.net\/wp-content\/uploads\/sites\/4\/2022\/01\/04122520\/B8xT1rezqoULqEx3LEEZUq1WC-scaled.png","type":"image\/png"}],"twitter_card":"summary_large_image","twitter_misc":{"Ansl. lesetid":"1 minute"},"schema":{"@context":"https:\/\/schema.org","@graph":[{"@type":"WebPage","@id":"https:\/\/anetahome.com\/no\/produkt\/trackline-slim-3-set-skinnehvit\/","url":"https:\/\/anetahome.com\/no\/produkt\/trackline-slim-3-set-skinnehvit\/","name":"TRACKLINE Slim 3-set - AnetaHome","isPartOf":{"@id":"https:\/\/anetahome.com\/no\/#website"},"primaryImageOfPage":{"@id":"https:\/\/anetahome.com\/no\/produkt\/trackline-slim-3-set-skinnehvit\/#primaryimage"},"image":{"@id":"https:\/\/anetahome.com\/no\/produkt\/trackline-slim-3-set-skinnehvit\/#primaryimage"},"thumbnailUrl":"https:\/\/d34q21u9zm82v9.cloudfront.net\/wp-content\/uploads\/sites\/4\/2022\/01\/04122520\/B8xT1rezqoULqEx3LEEZUq1WC-scaled.png","datePublished":"2022-01-09T16:39:06+00:00","dateModified":"2026-04-24T01:59:52+00:00","breadcrumb":{"@id":"https:\/\/anetahome.com\/no\/produkt\/trackline-slim-3-set-skinnehvit\/#breadcrumb"},"inLanguage":"nb-NO","potentialAction":[{"@type":"ReadAction","target":["https:\/\/anetahome.com\/no\/produkt\/trackline-slim-3-set-skinnehvit\/"]}]},{"@type":"ImageObject","inLanguage":"nb-NO","@id":"https:\/\/anetahome.com\/no\/produkt\/trackline-slim-3-set-skinnehvit\/#primaryimage","url":"https:\/\/d34q21u9zm82v9.cloudfront.net\/wp-content\/uploads\/sites\/4\/2022\/01\/04122520\/B8xT1rezqoULqEx3LEEZUq1WC-scaled.png","contentUrl":"https:\/\/d34q21u9zm82v9.cloudfront.net\/wp-content\/uploads\/sites\/4\/2022\/01\/04122520\/B8xT1rezqoULqEx3LEEZUq1WC-scaled.png","width":2560,"height":1707},{"@type":"BreadcrumbList","@id":"https:\/\/anetahome.com\/no\/produkt\/trackline-slim-3-set-skinnehvit\/#breadcrumb","itemListElement":[{"@type":"ListItem","position":1,"name":"Forsiden","item":"https:\/\/anetahome.com\/no\/"},{"@type":"ListItem","position":2,"name":"Butikk","item":"https:\/\/anetahome.com\/no\/butikk\/"},{"@type":"ListItem","position":3,"name":"TRACKLINE Slim 3-set"}]},{"@type":"WebSite","@id":"https:\/\/anetahome.com\/no\/#website","url":"https:\/\/anetahome.com\/no\/","name":"AnetaHome","description":"Skandinavias ledende lampegrossist","publisher":{"@id":"https:\/\/anetahome.com\/no\/#organization"},"potentialAction":[{"@type":"SearchAction","target":{"@type":"EntryPoint","urlTemplate":"https:\/\/anetahome.com\/no\/?s={search_term_string}"},"query-input":{"@type":"PropertyValueSpecification","valueRequired":true,"valueName":"search_term_string"}}],"inLanguage":"nb-NO"},{"@type":"Organization","@id":"https:\/\/anetahome.com\/no\/#organization","name":"AnetaHome","url":"https:\/\/anetahome.com\/no\/","logo":{"@type":"ImageObject","inLanguage":"nb-NO","@id":"https:\/\/anetahome.com\/no\/#\/schema\/logo\/image\/","url":"https:\/\/d34q21u9zm82v9.cloudfront.net\/wp-content\/uploads\/sites\/4\/2021\/08\/30124150\/ANETA-HOME-logo-1.svg","contentUrl":"https:\/\/d34q21u9zm82v9.cloudfront.net\/wp-content\/uploads\/sites\/4\/2021\/08\/30124150\/ANETA-HOME-logo-1.svg","width":174,"height":71,"caption":"AnetaHome"},"image":{"@id":"https:\/\/anetahome.com\/no\/#\/schema\/logo\/image\/"}}]}},"_links":{"self":[{"href":"https:\/\/anetahome.com\/no\/wp-json\/wp\/v2\/product\/8472","targetHints":{"allow":["GET"]}}],"collection":[{"href":"https:\/\/anetahome.com\/no\/wp-json\/wp\/v2\/product"}],"about":[{"href":"https:\/\/anetahome.com\/no\/wp-json\/wp\/v2\/types\/product"}],"wp:featuredmedia":[{"embeddable":true,"href":"https:\/\/anetahome.com\/no\/wp-json\/wp\/v2\/media\/20365"}],"wp:attachment":[{"href":"https:\/\/anetahome.com\/no\/wp-json\/wp\/v2\/media?parent=8472"}],"wp:term":[{"taxonomy":"product_tag","embeddable":true,"href":"https:\/\/anetahome.com\/no\/wp-json\/wp\/v2\/product_tag?post=8472"},{"taxonomy":"product_brand","embeddable":true,"href":"https:\/\/anetahome.com\/no\/wp-json\/wp\/v2\/product_brand?post=8472"},{"taxonomy":"product_cat","embeddable":true,"href":"https:\/\/anetahome.com\/no\/wp-json\/wp\/v2\/product_cat?post=8472"}],"curies":[{"name":"wp","href":"https:\/\/api.w.org\/{rel}","templated":true}]}}