{"id":11203,"date":"2022-01-22T19:57:02","date_gmt":"2022-01-22T18:57:02","guid":{"rendered":"https:\/\/anetahome.com\/se\/produkt\/scanstrip-ctr150\/"},"modified":"2026-02-21T02:54:36","modified_gmt":"2026-02-21T01:54:36","slug":"scanstrip-ctr150","status":"publish","type":"product","link":"https:\/\/anetahome.com\/se\/produkt\/scanstrip-ctr150\/","title":{"rendered":"Scanstrip CTR150"},"content":{"rendered":"<p>Scanstrip CTR driver-serien \u00e4r perfekt i kombination med v\u00e5rt CTR LED-stripe styrsystem. F\u00f6r enkelhets skull delar produkterna \u00e4ven samma produktnamn. Drivrarna \u00e4r av h\u00f6gsta kvalitet och s\u00e4krar stabil DC24V sp\u00e4nning till kontrollerna eller direkt till LED-stripen; \u00e4ven vid v\u00e4ldigt l\u00e5g belastning. CTR18, CTR40, CTR75 og CTR150 har f\u00e5tt all produkttext tryckt p\u00e5 baksidan och baktill p\u00e5 kopplingslocken f\u00f6r att s\u00f6rja f\u00f6r ett s\u00e5 snyggt reslutat som m\u00f6jligt om drivern monteres direkt p\u00e5 v\u00e4gg\/i tak. CTR150 \u00e4r p\u00e5 150W och passar utm\u00e4rkt till l\u00e4ngre LED stripes installationer.<\/p>\n","protected":false},"excerpt":{"rendered":"<p>Scanstrip CTR driver-serien \u00e4r perfekt i kombination med v\u00e5rt CTR LED-stripe styrsystem. F\u00f6r enkelhets skull delar produkterna \u00e4ven samma produktnamn. Drivrarna \u00e4r av h\u00f6gsta kvalitet och s\u00e4krar stabil DC24V sp\u00e4nning till kontrollerna eller direkt till LED-stripen; \u00e4ven vid v\u00e4ldigt l\u00e5g belastning. CTR18, CTR40, CTR75 og CTR150 har f\u00e5tt all produkttext tryckt p\u00e5 baksidan och baktill p\u00e5 kopplingslocken f\u00f6r att s\u00f6rja f\u00f6r ett s\u00e5 snyggt reslutat som m\u00f6jligt om drivern monteres direkt p\u00e5 v\u00e4gg\/i tak. CTR150 \u00e4r p\u00e5 150W och passar utm\u00e4rkt till l\u00e4ngre LED stripes installationer.<\/p>\n","protected":false},"featured_media":20065,"template":"","meta":{"_acf_changed":false,"inline_featured_image":false},"product_tag":[],"product_brand":[],"product_cat":[8965],"class_list":{"0":"post-11203","1":"product","2":"type-product","3":"status-publish","4":"has-post-thumbnail","6":"product_cat-led-lister","8":"first","9":"instock","10":"taxable","11":"shipping-taxable","12":"product-type-simple"},"acf":[],"yoast_head":"<!-- This site is optimized with the Yoast SEO plugin v27.3 - https:\/\/yoast.com\/product\/yoast-seo-wordpress\/ -->\n<title>Scanstrip CTR150 - AnetaHome<\/title>\n<meta name=\"robots\" content=\"index, follow, max-snippet:-1, max-image-preview:large, max-video-preview:-1\" \/>\n<link rel=\"canonical\" href=\"https:\/\/anetahome.com\/se\/produkt\/scanstrip-ctr150\/\" \/>\n<meta property=\"og:locale\" content=\"sv_SE\" \/>\n<meta property=\"og:type\" content=\"article\" \/>\n<meta property=\"og:title\" content=\"Scanstrip CTR150 - AnetaHome\" \/>\n<meta property=\"og:description\" content=\"Scanstrip CTR driver-serien \u00e4r perfekt i kombination med v\u00e5rt CTR LED-stripe styrsystem. F\u00f6r enkelhets skull delar produkterna \u00e4ven samma produktnamn. Drivrarna \u00e4r av h\u00f6gsta kvalitet och s\u00e4krar stabil DC24V sp\u00e4nning till kontrollerna eller direkt till LED-stripen; \u00e4ven vid v\u00e4ldigt l\u00e5g belastning. CTR18, CTR40, CTR75 og CTR150 har f\u00e5tt all produkttext tryckt p\u00e5 baksidan och baktill p\u00e5 kopplingslocken f\u00f6r att s\u00f6rja f\u00f6r ett s\u00e5 snyggt reslutat som m\u00f6jligt om drivern monteres direkt p\u00e5 v\u00e4gg\/i tak. CTR150 \u00e4r p\u00e5 150W och passar utm\u00e4rkt till l\u00e4ngre LED stripes installationer.\" \/>\n<meta property=\"og:url\" content=\"https:\/\/anetahome.com\/se\/produkt\/scanstrip-ctr150\/\" \/>\n<meta property=\"og:site_name\" content=\"AnetaHome\" \/>\n<meta property=\"article:modified_time\" content=\"2026-02-21T01:54:36+00:00\" \/>\n<meta property=\"og:image\" content=\"https:\/\/d34q21u9zm82v9.cloudfront.net\/wp-content\/uploads\/sites\/3\/2022\/01\/08165518\/kpK4T22F7C4yszjFQ1Dp1eMGM.png\" \/>\n\t<meta property=\"og:image:width\" content=\"1882\" \/>\n\t<meta property=\"og:image:height\" content=\"1617\" \/>\n\t<meta property=\"og:image:type\" content=\"image\/png\" \/>\n<meta name=\"twitter:card\" content=\"summary_large_image\" \/>\n<meta name=\"twitter:label1\" content=\"Ber\u00e4knad l\u00e4stid\" \/>\n\t<meta name=\"twitter:data1\" content=\"1 minut\" \/>\n<script type=\"application\/ld+json\" class=\"yoast-schema-graph\">{\"@context\":\"https:\\\/\\\/schema.org\",\"@graph\":[{\"@type\":\"WebPage\",\"@id\":\"https:\\\/\\\/anetahome.com\\\/se\\\/produkt\\\/scanstrip-ctr150\\\/\",\"url\":\"https:\\\/\\\/anetahome.com\\\/se\\\/produkt\\\/scanstrip-ctr150\\\/\",\"name\":\"Scanstrip CTR150 - AnetaHome\",\"isPartOf\":{\"@id\":\"https:\\\/\\\/anetahome.com\\\/se\\\/#website\"},\"primaryImageOfPage\":{\"@id\":\"https:\\\/\\\/anetahome.com\\\/se\\\/produkt\\\/scanstrip-ctr150\\\/#primaryimage\"},\"image\":{\"@id\":\"https:\\\/\\\/anetahome.com\\\/se\\\/produkt\\\/scanstrip-ctr150\\\/#primaryimage\"},\"thumbnailUrl\":\"https:\\\/\\\/d34q21u9zm82v9.cloudfront.net\\\/wp-content\\\/uploads\\\/sites\\\/3\\\/2022\\\/01\\\/08165518\\\/kpK4T22F7C4yszjFQ1Dp1eMGM.png\",\"datePublished\":\"2022-01-22T18:57:02+00:00\",\"dateModified\":\"2026-02-21T01:54:36+00:00\",\"breadcrumb\":{\"@id\":\"https:\\\/\\\/anetahome.com\\\/se\\\/produkt\\\/scanstrip-ctr150\\\/#breadcrumb\"},\"inLanguage\":\"sv-SE\",\"potentialAction\":[{\"@type\":\"ReadAction\",\"target\":[\"https:\\\/\\\/anetahome.com\\\/se\\\/produkt\\\/scanstrip-ctr150\\\/\"]}]},{\"@type\":\"ImageObject\",\"inLanguage\":\"sv-SE\",\"@id\":\"https:\\\/\\\/anetahome.com\\\/se\\\/produkt\\\/scanstrip-ctr150\\\/#primaryimage\",\"url\":\"https:\\\/\\\/d34q21u9zm82v9.cloudfront.net\\\/wp-content\\\/uploads\\\/sites\\\/3\\\/2022\\\/01\\\/08165518\\\/kpK4T22F7C4yszjFQ1Dp1eMGM.png\",\"contentUrl\":\"https:\\\/\\\/d34q21u9zm82v9.cloudfront.net\\\/wp-content\\\/uploads\\\/sites\\\/3\\\/2022\\\/01\\\/08165518\\\/kpK4T22F7C4yszjFQ1Dp1eMGM.png\",\"width\":1882,\"height\":1617},{\"@type\":\"BreadcrumbList\",\"@id\":\"https:\\\/\\\/anetahome.com\\\/se\\\/produkt\\\/scanstrip-ctr150\\\/#breadcrumb\",\"itemListElement\":[{\"@type\":\"ListItem\",\"position\":1,\"name\":\"Forsiden\",\"item\":\"https:\\\/\\\/anetahome.com\\\/se\\\/\"},{\"@type\":\"ListItem\",\"position\":2,\"name\":\"Butik\",\"item\":\"https:\\\/\\\/anetahome.com\\\/se\\\/butik\\\/\"},{\"@type\":\"ListItem\",\"position\":3,\"name\":\"Scanstrip CTR150\"}]},{\"@type\":\"WebSite\",\"@id\":\"https:\\\/\\\/anetahome.com\\\/se\\\/#website\",\"url\":\"https:\\\/\\\/anetahome.com\\\/se\\\/\",\"name\":\"AnetaHome\",\"description\":\"Skandinavias ledende lampegrossist\",\"publisher\":{\"@id\":\"https:\\\/\\\/anetahome.com\\\/se\\\/#organization\"},\"potentialAction\":[{\"@type\":\"SearchAction\",\"target\":{\"@type\":\"EntryPoint\",\"urlTemplate\":\"https:\\\/\\\/anetahome.com\\\/se\\\/?s={search_term_string}\"},\"query-input\":{\"@type\":\"PropertyValueSpecification\",\"valueRequired\":true,\"valueName\":\"search_term_string\"}}],\"inLanguage\":\"sv-SE\"},{\"@type\":\"Organization\",\"@id\":\"https:\\\/\\\/anetahome.com\\\/se\\\/#organization\",\"name\":\"AnetaHome\",\"url\":\"https:\\\/\\\/anetahome.com\\\/se\\\/\",\"logo\":{\"@type\":\"ImageObject\",\"inLanguage\":\"sv-SE\",\"@id\":\"https:\\\/\\\/anetahome.com\\\/se\\\/#\\\/schema\\\/logo\\\/image\\\/\",\"url\":\"https:\\\/\\\/d34q21u9zm82v9.cloudfront.net\\\/wp-content\\\/uploads\\\/sites\\\/3\\\/2021\\\/08\\\/30123704\\\/ANETA-HOME-logo-1.svg\",\"contentUrl\":\"https:\\\/\\\/d34q21u9zm82v9.cloudfront.net\\\/wp-content\\\/uploads\\\/sites\\\/3\\\/2021\\\/08\\\/30123704\\\/ANETA-HOME-logo-1.svg\",\"width\":174,\"height\":71,\"caption\":\"AnetaHome\"},\"image\":{\"@id\":\"https:\\\/\\\/anetahome.com\\\/se\\\/#\\\/schema\\\/logo\\\/image\\\/\"}}]}<\/script>\n<!-- \/ Yoast SEO plugin. -->","yoast_head_json":{"title":"Scanstrip CTR150 - AnetaHome","robots":{"index":"index","follow":"follow","max-snippet":"max-snippet:-1","max-image-preview":"max-image-preview:large","max-video-preview":"max-video-preview:-1"},"canonical":"https:\/\/anetahome.com\/se\/produkt\/scanstrip-ctr150\/","og_locale":"sv_SE","og_type":"article","og_title":"Scanstrip CTR150 - AnetaHome","og_description":"Scanstrip CTR driver-serien \u00e4r perfekt i kombination med v\u00e5rt CTR LED-stripe styrsystem. F\u00f6r enkelhets skull delar produkterna \u00e4ven samma produktnamn. Drivrarna \u00e4r av h\u00f6gsta kvalitet och s\u00e4krar stabil DC24V sp\u00e4nning till kontrollerna eller direkt till LED-stripen; \u00e4ven vid v\u00e4ldigt l\u00e5g belastning. CTR18, CTR40, CTR75 og CTR150 har f\u00e5tt all produkttext tryckt p\u00e5 baksidan och baktill p\u00e5 kopplingslocken f\u00f6r att s\u00f6rja f\u00f6r ett s\u00e5 snyggt reslutat som m\u00f6jligt om drivern monteres direkt p\u00e5 v\u00e4gg\/i tak. CTR150 \u00e4r p\u00e5 150W och passar utm\u00e4rkt till l\u00e4ngre LED stripes installationer.","og_url":"https:\/\/anetahome.com\/se\/produkt\/scanstrip-ctr150\/","og_site_name":"AnetaHome","article_modified_time":"2026-02-21T01:54:36+00:00","og_image":[{"width":1882,"height":1617,"url":"https:\/\/d34q21u9zm82v9.cloudfront.net\/wp-content\/uploads\/sites\/3\/2022\/01\/08165518\/kpK4T22F7C4yszjFQ1Dp1eMGM.png","type":"image\/png"}],"twitter_card":"summary_large_image","twitter_misc":{"Ber\u00e4knad l\u00e4stid":"1 minut"},"schema":{"@context":"https:\/\/schema.org","@graph":[{"@type":"WebPage","@id":"https:\/\/anetahome.com\/se\/produkt\/scanstrip-ctr150\/","url":"https:\/\/anetahome.com\/se\/produkt\/scanstrip-ctr150\/","name":"Scanstrip CTR150 - AnetaHome","isPartOf":{"@id":"https:\/\/anetahome.com\/se\/#website"},"primaryImageOfPage":{"@id":"https:\/\/anetahome.com\/se\/produkt\/scanstrip-ctr150\/#primaryimage"},"image":{"@id":"https:\/\/anetahome.com\/se\/produkt\/scanstrip-ctr150\/#primaryimage"},"thumbnailUrl":"https:\/\/d34q21u9zm82v9.cloudfront.net\/wp-content\/uploads\/sites\/3\/2022\/01\/08165518\/kpK4T22F7C4yszjFQ1Dp1eMGM.png","datePublished":"2022-01-22T18:57:02+00:00","dateModified":"2026-02-21T01:54:36+00:00","breadcrumb":{"@id":"https:\/\/anetahome.com\/se\/produkt\/scanstrip-ctr150\/#breadcrumb"},"inLanguage":"sv-SE","potentialAction":[{"@type":"ReadAction","target":["https:\/\/anetahome.com\/se\/produkt\/scanstrip-ctr150\/"]}]},{"@type":"ImageObject","inLanguage":"sv-SE","@id":"https:\/\/anetahome.com\/se\/produkt\/scanstrip-ctr150\/#primaryimage","url":"https:\/\/d34q21u9zm82v9.cloudfront.net\/wp-content\/uploads\/sites\/3\/2022\/01\/08165518\/kpK4T22F7C4yszjFQ1Dp1eMGM.png","contentUrl":"https:\/\/d34q21u9zm82v9.cloudfront.net\/wp-content\/uploads\/sites\/3\/2022\/01\/08165518\/kpK4T22F7C4yszjFQ1Dp1eMGM.png","width":1882,"height":1617},{"@type":"BreadcrumbList","@id":"https:\/\/anetahome.com\/se\/produkt\/scanstrip-ctr150\/#breadcrumb","itemListElement":[{"@type":"ListItem","position":1,"name":"Forsiden","item":"https:\/\/anetahome.com\/se\/"},{"@type":"ListItem","position":2,"name":"Butik","item":"https:\/\/anetahome.com\/se\/butik\/"},{"@type":"ListItem","position":3,"name":"Scanstrip CTR150"}]},{"@type":"WebSite","@id":"https:\/\/anetahome.com\/se\/#website","url":"https:\/\/anetahome.com\/se\/","name":"AnetaHome","description":"Skandinavias ledende lampegrossist","publisher":{"@id":"https:\/\/anetahome.com\/se\/#organization"},"potentialAction":[{"@type":"SearchAction","target":{"@type":"EntryPoint","urlTemplate":"https:\/\/anetahome.com\/se\/?s={search_term_string}"},"query-input":{"@type":"PropertyValueSpecification","valueRequired":true,"valueName":"search_term_string"}}],"inLanguage":"sv-SE"},{"@type":"Organization","@id":"https:\/\/anetahome.com\/se\/#organization","name":"AnetaHome","url":"https:\/\/anetahome.com\/se\/","logo":{"@type":"ImageObject","inLanguage":"sv-SE","@id":"https:\/\/anetahome.com\/se\/#\/schema\/logo\/image\/","url":"https:\/\/d34q21u9zm82v9.cloudfront.net\/wp-content\/uploads\/sites\/3\/2021\/08\/30123704\/ANETA-HOME-logo-1.svg","contentUrl":"https:\/\/d34q21u9zm82v9.cloudfront.net\/wp-content\/uploads\/sites\/3\/2021\/08\/30123704\/ANETA-HOME-logo-1.svg","width":174,"height":71,"caption":"AnetaHome"},"image":{"@id":"https:\/\/anetahome.com\/se\/#\/schema\/logo\/image\/"}}]}},"_links":{"self":[{"href":"https:\/\/anetahome.com\/se\/wp-json\/wp\/v2\/product\/11203","targetHints":{"allow":["GET"]}}],"collection":[{"href":"https:\/\/anetahome.com\/se\/wp-json\/wp\/v2\/product"}],"about":[{"href":"https:\/\/anetahome.com\/se\/wp-json\/wp\/v2\/types\/product"}],"wp:featuredmedia":[{"embeddable":true,"href":"https:\/\/anetahome.com\/se\/wp-json\/wp\/v2\/media\/20065"}],"wp:attachment":[{"href":"https:\/\/anetahome.com\/se\/wp-json\/wp\/v2\/media?parent=11203"}],"wp:term":[{"taxonomy":"product_tag","embeddable":true,"href":"https:\/\/anetahome.com\/se\/wp-json\/wp\/v2\/product_tag?post=11203"},{"taxonomy":"product_brand","embeddable":true,"href":"https:\/\/anetahome.com\/se\/wp-json\/wp\/v2\/product_brand?post=11203"},{"taxonomy":"product_cat","embeddable":true,"href":"https:\/\/anetahome.com\/se\/wp-json\/wp\/v2\/product_cat?post=11203"}],"curies":[{"name":"wp","href":"https:\/\/api.w.org\/{rel}","templated":true}]}}