{"id":12095,"date":"2022-06-19T04:09:45","date_gmt":"2022-06-19T02:09:45","guid":{"rendered":"https:\/\/anetahome.com\/se\/produkt\/atom-taklampa-5a-rak-svart-rok\/"},"modified":"2026-02-21T02:54:49","modified_gmt":"2026-02-21T01:54:49","slug":"atom-taklampa-5a-rak-svart-rok","status":"publish","type":"product","link":"https:\/\/anetahome.com\/se\/produkt\/atom-taklampa-5a-rak-svart-rok\/","title":{"rendered":"ATOM taklampa"},"content":{"rendered":"<p>Atom \u00e4r en modern taklampa med fem vackert r\u00f6kf\u00e4rgade glaskupor. Atom blir ett sp\u00e4nnande inslag i inredningen oavsett om du placerar den \u00f6ver matbordet, soffbordet eller byr\u00e5n. Lampan \u00e4r justerbar i h\u00f6jd d\u00e4r minsta totalh\u00f6jd \u00e4r 35 cm och h\u00f6gsta \u00e4r 160 cm. Atom taklampa kan \u00e4ven kombineras med andra lampor i Atom-familjen.<\/p>\n","protected":false},"excerpt":{"rendered":"<p>Atom \u00e4r en modern taklampa med fem vackert r\u00f6kf\u00e4rgade glaskupor. Atom blir ett sp\u00e4nnande inslag i inredningen oavsett om du placerar den \u00f6ver matbordet, soffbordet eller byr\u00e5n. Lampan \u00e4r justerbar i h\u00f6jd d\u00e4r minsta totalh\u00f6jd \u00e4r 35 cm och h\u00f6gsta \u00e4r 160 cm. Atom taklampa kan \u00e4ven kombineras med andra lampor i Atom-familjen.<\/p>\n","protected":false},"featured_media":16212,"template":"","meta":{"_acf_changed":false,"inline_featured_image":false},"product_tag":[],"product_brand":[],"product_cat":[8989],"class_list":{"0":"post-12095","1":"product","2":"type-product","3":"status-publish","4":"has-post-thumbnail","6":"product_cat-taklampor","8":"first","9":"instock","10":"taxable","11":"shipping-taxable","12":"product-type-simple"},"acf":[],"yoast_head":"<!-- This site is optimized with the Yoast SEO plugin v27.5 - https:\/\/yoast.com\/product\/yoast-seo-wordpress\/ -->\n<title>ATOM taklampa - AnetaHome<\/title>\n<meta name=\"robots\" content=\"index, follow, max-snippet:-1, max-image-preview:large, max-video-preview:-1\" \/>\n<link rel=\"canonical\" href=\"https:\/\/anetahome.com\/se\/produkt\/atom-taklampa-5a-rak-svart-rok\/\" \/>\n<meta property=\"og:locale\" content=\"sv_SE\" \/>\n<meta property=\"og:type\" content=\"article\" \/>\n<meta property=\"og:title\" content=\"ATOM taklampa - AnetaHome\" \/>\n<meta property=\"og:description\" content=\"Atom \u00e4r en modern taklampa med fem vackert r\u00f6kf\u00e4rgade glaskupor. Atom blir ett sp\u00e4nnande inslag i inredningen oavsett om du placerar den \u00f6ver matbordet, soffbordet eller byr\u00e5n. Lampan \u00e4r justerbar i h\u00f6jd d\u00e4r minsta totalh\u00f6jd \u00e4r 35 cm och h\u00f6gsta \u00e4r 160 cm. Atom taklampa kan \u00e4ven kombineras med andra lampor i Atom-familjen.\" \/>\n<meta property=\"og:url\" content=\"https:\/\/anetahome.com\/se\/produkt\/atom-taklampa-5a-rak-svart-rok\/\" \/>\n<meta property=\"og:site_name\" content=\"AnetaHome\" \/>\n<meta property=\"article:modified_time\" content=\"2026-02-21T01:54:49+00:00\" \/>\n<meta property=\"og:image\" content=\"https:\/\/d34q21u9zm82v9.cloudfront.net\/wp-content\/uploads\/sites\/3\/2022\/06\/21035858\/i7412QmaS7lf1XhJZ490yyBzb-1024x683.png\" \/>\n\t<meta property=\"og:image:width\" content=\"1024\" \/>\n\t<meta property=\"og:image:height\" content=\"683\" \/>\n\t<meta property=\"og:image:type\" content=\"image\/png\" \/>\n<meta name=\"twitter:card\" content=\"summary_large_image\" \/>\n<script type=\"application\/ld+json\" class=\"yoast-schema-graph\">{\"@context\":\"https:\\\/\\\/schema.org\",\"@graph\":[{\"@type\":\"WebPage\",\"@id\":\"https:\\\/\\\/anetahome.com\\\/se\\\/produkt\\\/atom-taklampa-5a-rak-svart-rok\\\/\",\"url\":\"https:\\\/\\\/anetahome.com\\\/se\\\/produkt\\\/atom-taklampa-5a-rak-svart-rok\\\/\",\"name\":\"ATOM taklampa - AnetaHome\",\"isPartOf\":{\"@id\":\"https:\\\/\\\/anetahome.com\\\/se\\\/#website\"},\"primaryImageOfPage\":{\"@id\":\"https:\\\/\\\/anetahome.com\\\/se\\\/produkt\\\/atom-taklampa-5a-rak-svart-rok\\\/#primaryimage\"},\"image\":{\"@id\":\"https:\\\/\\\/anetahome.com\\\/se\\\/produkt\\\/atom-taklampa-5a-rak-svart-rok\\\/#primaryimage\"},\"thumbnailUrl\":\"https:\\\/\\\/d34q21u9zm82v9.cloudfront.net\\\/wp-content\\\/uploads\\\/sites\\\/3\\\/2022\\\/06\\\/21035858\\\/i7412QmaS7lf1XhJZ490yyBzb-scaled.png\",\"datePublished\":\"2022-06-19T02:09:45+00:00\",\"dateModified\":\"2026-02-21T01:54:49+00:00\",\"breadcrumb\":{\"@id\":\"https:\\\/\\\/anetahome.com\\\/se\\\/produkt\\\/atom-taklampa-5a-rak-svart-rok\\\/#breadcrumb\"},\"inLanguage\":\"sv-SE\",\"potentialAction\":[{\"@type\":\"ReadAction\",\"target\":[\"https:\\\/\\\/anetahome.com\\\/se\\\/produkt\\\/atom-taklampa-5a-rak-svart-rok\\\/\"]}]},{\"@type\":\"ImageObject\",\"inLanguage\":\"sv-SE\",\"@id\":\"https:\\\/\\\/anetahome.com\\\/se\\\/produkt\\\/atom-taklampa-5a-rak-svart-rok\\\/#primaryimage\",\"url\":\"https:\\\/\\\/d34q21u9zm82v9.cloudfront.net\\\/wp-content\\\/uploads\\\/sites\\\/3\\\/2022\\\/06\\\/21035858\\\/i7412QmaS7lf1XhJZ490yyBzb-scaled.png\",\"contentUrl\":\"https:\\\/\\\/d34q21u9zm82v9.cloudfront.net\\\/wp-content\\\/uploads\\\/sites\\\/3\\\/2022\\\/06\\\/21035858\\\/i7412QmaS7lf1XhJZ490yyBzb-scaled.png\",\"width\":2560,\"height\":1707},{\"@type\":\"BreadcrumbList\",\"@id\":\"https:\\\/\\\/anetahome.com\\\/se\\\/produkt\\\/atom-taklampa-5a-rak-svart-rok\\\/#breadcrumb\",\"itemListElement\":[{\"@type\":\"ListItem\",\"position\":1,\"name\":\"Forsiden\",\"item\":\"https:\\\/\\\/anetahome.com\\\/se\\\/\"},{\"@type\":\"ListItem\",\"position\":2,\"name\":\"Butik\",\"item\":\"https:\\\/\\\/anetahome.com\\\/se\\\/butik\\\/\"},{\"@type\":\"ListItem\",\"position\":3,\"name\":\"ATOM taklampa\"}]},{\"@type\":\"WebSite\",\"@id\":\"https:\\\/\\\/anetahome.com\\\/se\\\/#website\",\"url\":\"https:\\\/\\\/anetahome.com\\\/se\\\/\",\"name\":\"AnetaHome\",\"description\":\"Skandinavias ledende lampegrossist\",\"publisher\":{\"@id\":\"https:\\\/\\\/anetahome.com\\\/se\\\/#organization\"},\"potentialAction\":[{\"@type\":\"SearchAction\",\"target\":{\"@type\":\"EntryPoint\",\"urlTemplate\":\"https:\\\/\\\/anetahome.com\\\/se\\\/?s={search_term_string}\"},\"query-input\":{\"@type\":\"PropertyValueSpecification\",\"valueRequired\":true,\"valueName\":\"search_term_string\"}}],\"inLanguage\":\"sv-SE\"},{\"@type\":\"Organization\",\"@id\":\"https:\\\/\\\/anetahome.com\\\/se\\\/#organization\",\"name\":\"AnetaHome\",\"url\":\"https:\\\/\\\/anetahome.com\\\/se\\\/\",\"logo\":{\"@type\":\"ImageObject\",\"inLanguage\":\"sv-SE\",\"@id\":\"https:\\\/\\\/anetahome.com\\\/se\\\/#\\\/schema\\\/logo\\\/image\\\/\",\"url\":\"https:\\\/\\\/d34q21u9zm82v9.cloudfront.net\\\/wp-content\\\/uploads\\\/sites\\\/3\\\/2021\\\/08\\\/30123704\\\/ANETA-HOME-logo-1.svg\",\"contentUrl\":\"https:\\\/\\\/d34q21u9zm82v9.cloudfront.net\\\/wp-content\\\/uploads\\\/sites\\\/3\\\/2021\\\/08\\\/30123704\\\/ANETA-HOME-logo-1.svg\",\"width\":174,\"height\":71,\"caption\":\"AnetaHome\"},\"image\":{\"@id\":\"https:\\\/\\\/anetahome.com\\\/se\\\/#\\\/schema\\\/logo\\\/image\\\/\"}}]}<\/script>\n<!-- \/ Yoast SEO plugin. -->","yoast_head_json":{"title":"ATOM taklampa - AnetaHome","robots":{"index":"index","follow":"follow","max-snippet":"max-snippet:-1","max-image-preview":"max-image-preview:large","max-video-preview":"max-video-preview:-1"},"canonical":"https:\/\/anetahome.com\/se\/produkt\/atom-taklampa-5a-rak-svart-rok\/","og_locale":"sv_SE","og_type":"article","og_title":"ATOM taklampa - AnetaHome","og_description":"Atom \u00e4r en modern taklampa med fem vackert r\u00f6kf\u00e4rgade glaskupor. Atom blir ett sp\u00e4nnande inslag i inredningen oavsett om du placerar den \u00f6ver matbordet, soffbordet eller byr\u00e5n. Lampan \u00e4r justerbar i h\u00f6jd d\u00e4r minsta totalh\u00f6jd \u00e4r 35 cm och h\u00f6gsta \u00e4r 160 cm. Atom taklampa kan \u00e4ven kombineras med andra lampor i Atom-familjen.","og_url":"https:\/\/anetahome.com\/se\/produkt\/atom-taklampa-5a-rak-svart-rok\/","og_site_name":"AnetaHome","article_modified_time":"2026-02-21T01:54:49+00:00","og_image":[{"width":1024,"height":683,"url":"https:\/\/d34q21u9zm82v9.cloudfront.net\/wp-content\/uploads\/sites\/3\/2022\/06\/21035858\/i7412QmaS7lf1XhJZ490yyBzb-1024x683.png","type":"image\/png"}],"twitter_card":"summary_large_image","schema":{"@context":"https:\/\/schema.org","@graph":[{"@type":"WebPage","@id":"https:\/\/anetahome.com\/se\/produkt\/atom-taklampa-5a-rak-svart-rok\/","url":"https:\/\/anetahome.com\/se\/produkt\/atom-taklampa-5a-rak-svart-rok\/","name":"ATOM taklampa - AnetaHome","isPartOf":{"@id":"https:\/\/anetahome.com\/se\/#website"},"primaryImageOfPage":{"@id":"https:\/\/anetahome.com\/se\/produkt\/atom-taklampa-5a-rak-svart-rok\/#primaryimage"},"image":{"@id":"https:\/\/anetahome.com\/se\/produkt\/atom-taklampa-5a-rak-svart-rok\/#primaryimage"},"thumbnailUrl":"https:\/\/d34q21u9zm82v9.cloudfront.net\/wp-content\/uploads\/sites\/3\/2022\/06\/21035858\/i7412QmaS7lf1XhJZ490yyBzb-scaled.png","datePublished":"2022-06-19T02:09:45+00:00","dateModified":"2026-02-21T01:54:49+00:00","breadcrumb":{"@id":"https:\/\/anetahome.com\/se\/produkt\/atom-taklampa-5a-rak-svart-rok\/#breadcrumb"},"inLanguage":"sv-SE","potentialAction":[{"@type":"ReadAction","target":["https:\/\/anetahome.com\/se\/produkt\/atom-taklampa-5a-rak-svart-rok\/"]}]},{"@type":"ImageObject","inLanguage":"sv-SE","@id":"https:\/\/anetahome.com\/se\/produkt\/atom-taklampa-5a-rak-svart-rok\/#primaryimage","url":"https:\/\/d34q21u9zm82v9.cloudfront.net\/wp-content\/uploads\/sites\/3\/2022\/06\/21035858\/i7412QmaS7lf1XhJZ490yyBzb-scaled.png","contentUrl":"https:\/\/d34q21u9zm82v9.cloudfront.net\/wp-content\/uploads\/sites\/3\/2022\/06\/21035858\/i7412QmaS7lf1XhJZ490yyBzb-scaled.png","width":2560,"height":1707},{"@type":"BreadcrumbList","@id":"https:\/\/anetahome.com\/se\/produkt\/atom-taklampa-5a-rak-svart-rok\/#breadcrumb","itemListElement":[{"@type":"ListItem","position":1,"name":"Forsiden","item":"https:\/\/anetahome.com\/se\/"},{"@type":"ListItem","position":2,"name":"Butik","item":"https:\/\/anetahome.com\/se\/butik\/"},{"@type":"ListItem","position":3,"name":"ATOM taklampa"}]},{"@type":"WebSite","@id":"https:\/\/anetahome.com\/se\/#website","url":"https:\/\/anetahome.com\/se\/","name":"AnetaHome","description":"Skandinavias ledende lampegrossist","publisher":{"@id":"https:\/\/anetahome.com\/se\/#organization"},"potentialAction":[{"@type":"SearchAction","target":{"@type":"EntryPoint","urlTemplate":"https:\/\/anetahome.com\/se\/?s={search_term_string}"},"query-input":{"@type":"PropertyValueSpecification","valueRequired":true,"valueName":"search_term_string"}}],"inLanguage":"sv-SE"},{"@type":"Organization","@id":"https:\/\/anetahome.com\/se\/#organization","name":"AnetaHome","url":"https:\/\/anetahome.com\/se\/","logo":{"@type":"ImageObject","inLanguage":"sv-SE","@id":"https:\/\/anetahome.com\/se\/#\/schema\/logo\/image\/","url":"https:\/\/d34q21u9zm82v9.cloudfront.net\/wp-content\/uploads\/sites\/3\/2021\/08\/30123704\/ANETA-HOME-logo-1.svg","contentUrl":"https:\/\/d34q21u9zm82v9.cloudfront.net\/wp-content\/uploads\/sites\/3\/2021\/08\/30123704\/ANETA-HOME-logo-1.svg","width":174,"height":71,"caption":"AnetaHome"},"image":{"@id":"https:\/\/anetahome.com\/se\/#\/schema\/logo\/image\/"}}]}},"_links":{"self":[{"href":"https:\/\/anetahome.com\/se\/wp-json\/wp\/v2\/product\/12095","targetHints":{"allow":["GET"]}}],"collection":[{"href":"https:\/\/anetahome.com\/se\/wp-json\/wp\/v2\/product"}],"about":[{"href":"https:\/\/anetahome.com\/se\/wp-json\/wp\/v2\/types\/product"}],"wp:featuredmedia":[{"embeddable":true,"href":"https:\/\/anetahome.com\/se\/wp-json\/wp\/v2\/media\/16212"}],"wp:attachment":[{"href":"https:\/\/anetahome.com\/se\/wp-json\/wp\/v2\/media?parent=12095"}],"wp:term":[{"taxonomy":"product_tag","embeddable":true,"href":"https:\/\/anetahome.com\/se\/wp-json\/wp\/v2\/product_tag?post=12095"},{"taxonomy":"product_brand","embeddable":true,"href":"https:\/\/anetahome.com\/se\/wp-json\/wp\/v2\/product_brand?post=12095"},{"taxonomy":"product_cat","embeddable":true,"href":"https:\/\/anetahome.com\/se\/wp-json\/wp\/v2\/product_cat?post=12095"}],"curies":[{"name":"wp","href":"https:\/\/api.w.org\/{rel}","templated":true}]}}