{"id":12132,"date":"2022-06-19T04:11:38","date_gmt":"2022-06-19T02:11:38","guid":{"rendered":"https:\/\/anetahome.com\/se\/produkt\/ferdinand-golvlampa-svart\/"},"modified":"2026-04-28T03:52:23","modified_gmt":"2026-04-28T01:52:23","slug":"ferdinand-golvlampa-svart","status":"publish","type":"product","link":"https:\/\/anetahome.com\/se\/produkt\/ferdinand-golvlampa-svart\/","title":{"rendered":"FERDINAND golvlampa"},"content":{"rendered":"<p>Ferdinand \u00e4r en retroinspirerad golvlampa med tre justerbara lamphuvuden i svartlackerad metall. Sk\u00e4rmarna har guldf\u00e4rgad insida vilket skapar en vacker kontrast mot det svarta och bidrar till ett lite varmare sken. Lamporna kan t\u00e4ndas och sl\u00e4ckas separat med str\u00f6mbrytare p\u00e5 toppen av varje huvud. Kombinera g\u00e4rna Ferdinand golvlampa med andra lampor i Ferdinand-familjen.<\/p>\n","protected":false},"excerpt":{"rendered":"<p>Ferdinand \u00e4r en retroinspirerad golvlampa med tre justerbara lamphuvuden i svartlackerad metall. Sk\u00e4rmarna har guldf\u00e4rgad insida vilket skapar en vacker kontrast mot det svarta och bidrar till ett lite varmare sken. Lamporna kan t\u00e4ndas och sl\u00e4ckas separat med str\u00f6mbrytare p\u00e5 toppen av varje huvud. Kombinera g\u00e4rna Ferdinand golvlampa med andra lampor i Ferdinand-familjen.<\/p>\n","protected":false},"featured_media":20209,"template":"","meta":{"_acf_changed":false,"inline_featured_image":false},"product_tag":[],"product_brand":[],"product_cat":[8960],"class_list":{"0":"post-12132","1":"product","2":"type-product","3":"status-publish","4":"has-post-thumbnail","6":"product_cat-golvlampor","8":"first","9":"instock","10":"taxable","11":"shipping-taxable","12":"product-type-simple"},"acf":[],"yoast_head":"<!-- This site is optimized with the Yoast SEO plugin v27.5 - https:\/\/yoast.com\/product\/yoast-seo-wordpress\/ -->\n<title>FERDINAND golvlampa - AnetaHome<\/title>\n<meta name=\"robots\" content=\"index, follow, max-snippet:-1, max-image-preview:large, max-video-preview:-1\" \/>\n<link rel=\"canonical\" href=\"https:\/\/anetahome.com\/se\/produkt\/ferdinand-golvlampa-svart\/\" \/>\n<meta property=\"og:locale\" content=\"sv_SE\" \/>\n<meta property=\"og:type\" content=\"article\" \/>\n<meta property=\"og:title\" content=\"FERDINAND golvlampa - AnetaHome\" \/>\n<meta property=\"og:description\" content=\"Ferdinand \u00e4r en retroinspirerad golvlampa med tre justerbara lamphuvuden i svartlackerad metall. Sk\u00e4rmarna har guldf\u00e4rgad insida vilket skapar en vacker kontrast mot det svarta och bidrar till ett lite varmare sken. Lamporna kan t\u00e4ndas och sl\u00e4ckas separat med str\u00f6mbrytare p\u00e5 toppen av varje huvud. Kombinera g\u00e4rna Ferdinand golvlampa med andra lampor i Ferdinand-familjen.\" \/>\n<meta property=\"og:url\" content=\"https:\/\/anetahome.com\/se\/produkt\/ferdinand-golvlampa-svart\/\" \/>\n<meta property=\"og:site_name\" content=\"AnetaHome\" \/>\n<meta property=\"article:modified_time\" content=\"2026-04-28T01:52:23+00:00\" \/>\n<meta property=\"og:image\" content=\"https:\/\/d34q21u9zm82v9.cloudfront.net\/wp-content\/uploads\/sites\/3\/2022\/06\/08165954\/jaQefCKF9bKebkFsmKDVm2KWy-scaled.png\" \/>\n\t<meta property=\"og:image:width\" content=\"1707\" \/>\n\t<meta property=\"og:image:height\" content=\"2560\" \/>\n\t<meta property=\"og:image:type\" content=\"image\/png\" \/>\n<meta name=\"twitter:card\" content=\"summary_large_image\" \/>\n<script type=\"application\/ld+json\" class=\"yoast-schema-graph\">{\"@context\":\"https:\\\/\\\/schema.org\",\"@graph\":[{\"@type\":\"WebPage\",\"@id\":\"https:\\\/\\\/anetahome.com\\\/se\\\/produkt\\\/ferdinand-golvlampa-svart\\\/\",\"url\":\"https:\\\/\\\/anetahome.com\\\/se\\\/produkt\\\/ferdinand-golvlampa-svart\\\/\",\"name\":\"FERDINAND golvlampa - AnetaHome\",\"isPartOf\":{\"@id\":\"https:\\\/\\\/anetahome.com\\\/se\\\/#website\"},\"primaryImageOfPage\":{\"@id\":\"https:\\\/\\\/anetahome.com\\\/se\\\/produkt\\\/ferdinand-golvlampa-svart\\\/#primaryimage\"},\"image\":{\"@id\":\"https:\\\/\\\/anetahome.com\\\/se\\\/produkt\\\/ferdinand-golvlampa-svart\\\/#primaryimage\"},\"thumbnailUrl\":\"https:\\\/\\\/d34q21u9zm82v9.cloudfront.net\\\/wp-content\\\/uploads\\\/sites\\\/3\\\/2022\\\/06\\\/08165954\\\/jaQefCKF9bKebkFsmKDVm2KWy-scaled.png\",\"datePublished\":\"2022-06-19T02:11:38+00:00\",\"dateModified\":\"2026-04-28T01:52:23+00:00\",\"breadcrumb\":{\"@id\":\"https:\\\/\\\/anetahome.com\\\/se\\\/produkt\\\/ferdinand-golvlampa-svart\\\/#breadcrumb\"},\"inLanguage\":\"sv-SE\",\"potentialAction\":[{\"@type\":\"ReadAction\",\"target\":[\"https:\\\/\\\/anetahome.com\\\/se\\\/produkt\\\/ferdinand-golvlampa-svart\\\/\"]}]},{\"@type\":\"ImageObject\",\"inLanguage\":\"sv-SE\",\"@id\":\"https:\\\/\\\/anetahome.com\\\/se\\\/produkt\\\/ferdinand-golvlampa-svart\\\/#primaryimage\",\"url\":\"https:\\\/\\\/d34q21u9zm82v9.cloudfront.net\\\/wp-content\\\/uploads\\\/sites\\\/3\\\/2022\\\/06\\\/08165954\\\/jaQefCKF9bKebkFsmKDVm2KWy-scaled.png\",\"contentUrl\":\"https:\\\/\\\/d34q21u9zm82v9.cloudfront.net\\\/wp-content\\\/uploads\\\/sites\\\/3\\\/2022\\\/06\\\/08165954\\\/jaQefCKF9bKebkFsmKDVm2KWy-scaled.png\",\"width\":1707,\"height\":2560},{\"@type\":\"BreadcrumbList\",\"@id\":\"https:\\\/\\\/anetahome.com\\\/se\\\/produkt\\\/ferdinand-golvlampa-svart\\\/#breadcrumb\",\"itemListElement\":[{\"@type\":\"ListItem\",\"position\":1,\"name\":\"Forsiden\",\"item\":\"https:\\\/\\\/anetahome.com\\\/se\\\/\"},{\"@type\":\"ListItem\",\"position\":2,\"name\":\"Butik\",\"item\":\"https:\\\/\\\/anetahome.com\\\/se\\\/butik\\\/\"},{\"@type\":\"ListItem\",\"position\":3,\"name\":\"FERDINAND golvlampa\"}]},{\"@type\":\"WebSite\",\"@id\":\"https:\\\/\\\/anetahome.com\\\/se\\\/#website\",\"url\":\"https:\\\/\\\/anetahome.com\\\/se\\\/\",\"name\":\"AnetaHome\",\"description\":\"Skandinavias ledende lampegrossist\",\"publisher\":{\"@id\":\"https:\\\/\\\/anetahome.com\\\/se\\\/#organization\"},\"potentialAction\":[{\"@type\":\"SearchAction\",\"target\":{\"@type\":\"EntryPoint\",\"urlTemplate\":\"https:\\\/\\\/anetahome.com\\\/se\\\/?s={search_term_string}\"},\"query-input\":{\"@type\":\"PropertyValueSpecification\",\"valueRequired\":true,\"valueName\":\"search_term_string\"}}],\"inLanguage\":\"sv-SE\"},{\"@type\":\"Organization\",\"@id\":\"https:\\\/\\\/anetahome.com\\\/se\\\/#organization\",\"name\":\"AnetaHome\",\"url\":\"https:\\\/\\\/anetahome.com\\\/se\\\/\",\"logo\":{\"@type\":\"ImageObject\",\"inLanguage\":\"sv-SE\",\"@id\":\"https:\\\/\\\/anetahome.com\\\/se\\\/#\\\/schema\\\/logo\\\/image\\\/\",\"url\":\"https:\\\/\\\/d34q21u9zm82v9.cloudfront.net\\\/wp-content\\\/uploads\\\/sites\\\/3\\\/2021\\\/08\\\/30123704\\\/ANETA-HOME-logo-1.svg\",\"contentUrl\":\"https:\\\/\\\/d34q21u9zm82v9.cloudfront.net\\\/wp-content\\\/uploads\\\/sites\\\/3\\\/2021\\\/08\\\/30123704\\\/ANETA-HOME-logo-1.svg\",\"width\":174,\"height\":71,\"caption\":\"AnetaHome\"},\"image\":{\"@id\":\"https:\\\/\\\/anetahome.com\\\/se\\\/#\\\/schema\\\/logo\\\/image\\\/\"}}]}<\/script>\n<!-- \/ Yoast SEO plugin. -->","yoast_head_json":{"title":"FERDINAND golvlampa - AnetaHome","robots":{"index":"index","follow":"follow","max-snippet":"max-snippet:-1","max-image-preview":"max-image-preview:large","max-video-preview":"max-video-preview:-1"},"canonical":"https:\/\/anetahome.com\/se\/produkt\/ferdinand-golvlampa-svart\/","og_locale":"sv_SE","og_type":"article","og_title":"FERDINAND golvlampa - AnetaHome","og_description":"Ferdinand \u00e4r en retroinspirerad golvlampa med tre justerbara lamphuvuden i svartlackerad metall. Sk\u00e4rmarna har guldf\u00e4rgad insida vilket skapar en vacker kontrast mot det svarta och bidrar till ett lite varmare sken. Lamporna kan t\u00e4ndas och sl\u00e4ckas separat med str\u00f6mbrytare p\u00e5 toppen av varje huvud. Kombinera g\u00e4rna Ferdinand golvlampa med andra lampor i Ferdinand-familjen.","og_url":"https:\/\/anetahome.com\/se\/produkt\/ferdinand-golvlampa-svart\/","og_site_name":"AnetaHome","article_modified_time":"2026-04-28T01:52:23+00:00","og_image":[{"width":1707,"height":2560,"url":"https:\/\/d34q21u9zm82v9.cloudfront.net\/wp-content\/uploads\/sites\/3\/2022\/06\/08165954\/jaQefCKF9bKebkFsmKDVm2KWy-scaled.png","type":"image\/png"}],"twitter_card":"summary_large_image","schema":{"@context":"https:\/\/schema.org","@graph":[{"@type":"WebPage","@id":"https:\/\/anetahome.com\/se\/produkt\/ferdinand-golvlampa-svart\/","url":"https:\/\/anetahome.com\/se\/produkt\/ferdinand-golvlampa-svart\/","name":"FERDINAND golvlampa - AnetaHome","isPartOf":{"@id":"https:\/\/anetahome.com\/se\/#website"},"primaryImageOfPage":{"@id":"https:\/\/anetahome.com\/se\/produkt\/ferdinand-golvlampa-svart\/#primaryimage"},"image":{"@id":"https:\/\/anetahome.com\/se\/produkt\/ferdinand-golvlampa-svart\/#primaryimage"},"thumbnailUrl":"https:\/\/d34q21u9zm82v9.cloudfront.net\/wp-content\/uploads\/sites\/3\/2022\/06\/08165954\/jaQefCKF9bKebkFsmKDVm2KWy-scaled.png","datePublished":"2022-06-19T02:11:38+00:00","dateModified":"2026-04-28T01:52:23+00:00","breadcrumb":{"@id":"https:\/\/anetahome.com\/se\/produkt\/ferdinand-golvlampa-svart\/#breadcrumb"},"inLanguage":"sv-SE","potentialAction":[{"@type":"ReadAction","target":["https:\/\/anetahome.com\/se\/produkt\/ferdinand-golvlampa-svart\/"]}]},{"@type":"ImageObject","inLanguage":"sv-SE","@id":"https:\/\/anetahome.com\/se\/produkt\/ferdinand-golvlampa-svart\/#primaryimage","url":"https:\/\/d34q21u9zm82v9.cloudfront.net\/wp-content\/uploads\/sites\/3\/2022\/06\/08165954\/jaQefCKF9bKebkFsmKDVm2KWy-scaled.png","contentUrl":"https:\/\/d34q21u9zm82v9.cloudfront.net\/wp-content\/uploads\/sites\/3\/2022\/06\/08165954\/jaQefCKF9bKebkFsmKDVm2KWy-scaled.png","width":1707,"height":2560},{"@type":"BreadcrumbList","@id":"https:\/\/anetahome.com\/se\/produkt\/ferdinand-golvlampa-svart\/#breadcrumb","itemListElement":[{"@type":"ListItem","position":1,"name":"Forsiden","item":"https:\/\/anetahome.com\/se\/"},{"@type":"ListItem","position":2,"name":"Butik","item":"https:\/\/anetahome.com\/se\/butik\/"},{"@type":"ListItem","position":3,"name":"FERDINAND golvlampa"}]},{"@type":"WebSite","@id":"https:\/\/anetahome.com\/se\/#website","url":"https:\/\/anetahome.com\/se\/","name":"AnetaHome","description":"Skandinavias ledende lampegrossist","publisher":{"@id":"https:\/\/anetahome.com\/se\/#organization"},"potentialAction":[{"@type":"SearchAction","target":{"@type":"EntryPoint","urlTemplate":"https:\/\/anetahome.com\/se\/?s={search_term_string}"},"query-input":{"@type":"PropertyValueSpecification","valueRequired":true,"valueName":"search_term_string"}}],"inLanguage":"sv-SE"},{"@type":"Organization","@id":"https:\/\/anetahome.com\/se\/#organization","name":"AnetaHome","url":"https:\/\/anetahome.com\/se\/","logo":{"@type":"ImageObject","inLanguage":"sv-SE","@id":"https:\/\/anetahome.com\/se\/#\/schema\/logo\/image\/","url":"https:\/\/d34q21u9zm82v9.cloudfront.net\/wp-content\/uploads\/sites\/3\/2021\/08\/30123704\/ANETA-HOME-logo-1.svg","contentUrl":"https:\/\/d34q21u9zm82v9.cloudfront.net\/wp-content\/uploads\/sites\/3\/2021\/08\/30123704\/ANETA-HOME-logo-1.svg","width":174,"height":71,"caption":"AnetaHome"},"image":{"@id":"https:\/\/anetahome.com\/se\/#\/schema\/logo\/image\/"}}]}},"_links":{"self":[{"href":"https:\/\/anetahome.com\/se\/wp-json\/wp\/v2\/product\/12132","targetHints":{"allow":["GET"]}}],"collection":[{"href":"https:\/\/anetahome.com\/se\/wp-json\/wp\/v2\/product"}],"about":[{"href":"https:\/\/anetahome.com\/se\/wp-json\/wp\/v2\/types\/product"}],"wp:featuredmedia":[{"embeddable":true,"href":"https:\/\/anetahome.com\/se\/wp-json\/wp\/v2\/media\/20209"}],"wp:attachment":[{"href":"https:\/\/anetahome.com\/se\/wp-json\/wp\/v2\/media?parent=12132"}],"wp:term":[{"taxonomy":"product_tag","embeddable":true,"href":"https:\/\/anetahome.com\/se\/wp-json\/wp\/v2\/product_tag?post=12132"},{"taxonomy":"product_brand","embeddable":true,"href":"https:\/\/anetahome.com\/se\/wp-json\/wp\/v2\/product_brand?post=12132"},{"taxonomy":"product_cat","embeddable":true,"href":"https:\/\/anetahome.com\/se\/wp-json\/wp\/v2\/product_cat?post=12132"}],"curies":[{"name":"wp","href":"https:\/\/api.w.org\/{rel}","templated":true}]}}