{"id":17240,"date":"2023-10-24T03:49:58","date_gmt":"2023-10-24T01:49:58","guid":{"rendered":"https:\/\/anetahome.com\/se\/produkt\/trackline-pluto-spothuvud-svart\/"},"modified":"2026-02-25T02:50:06","modified_gmt":"2026-02-25T01:50:06","slug":"trackline-pluto-spothuvud-svart","status":"publish","type":"product","link":"https:\/\/anetahome.com\/se\/produkt\/trackline-pluto-spothuvud-svart\/","title":{"rendered":"TRACKLINE PLUTO spothuvud"},"content":{"rendered":"<p>Aneta Lighting TRACKLINE Pluto spot, vit. Dimbar. Trackline skensystem fr\u00e5n Aneta Lighting anpassas och monteras efter \u00f6nskem\u00e5l och behov. Skenorna kan sammanfogas i rad och kapas till \u00f6nskad l\u00e4ngd. Skenorna kopplas samman med en rak, vinklad, T-skarv eller flexibel skarv. Str\u00f6mmen kopplas med anslutning i \u00e4nden av skenan, eller mellan skenorna med en central anslutning. Avsluta skenraden med ett \u00e4ndstycke. S\u00e4tt spotlights p\u00e5 skenan efter behov och justera ljusets riktning. Trackline skensystem fr\u00e5n Aneta Lighting har spotlights som passar de flesta stilar. Oavsett om det ska vara ett traditionellt spothuvud med GU10 sockel f\u00f6r valfri ljusk\u00e4lla eller spothuvuden med integrerade dimbara LED -ljusk\u00e4llor.<\/p>\n","protected":false},"excerpt":{"rendered":"<p>Aneta Lighting TRACKLINE Pluto spot, vit. Dimbar. Trackline skensystem fr\u00e5n Aneta Lighting anpassas och monteras efter \u00f6nskem\u00e5l och behov. Skenorna kan sammanfogas i rad och kapas till \u00f6nskad l\u00e4ngd. Skenorna kopplas samman med en rak, vinklad, T-skarv eller flexibel skarv. Str\u00f6mmen kopplas med anslutning i \u00e4nden av skenan, eller mellan skenorna med en central anslutning. Avsluta skenraden med ett \u00e4ndstycke. S\u00e4tt spotlights p\u00e5 skenan efter behov och justera ljusets riktning. Trackline skensystem fr\u00e5n Aneta Lighting har spotlights som passar de flesta stilar. Oavsett om det ska vara ett traditionellt spothuvud med GU10 sockel f\u00f6r valfri ljusk\u00e4lla eller spothuvuden med integrerade dimbara LED -ljusk\u00e4llor.<\/p>\n","protected":false},"featured_media":20359,"template":"","meta":{"_acf_changed":false,"inline_featured_image":false},"product_tag":[],"product_brand":[],"product_cat":[8984],"class_list":{"0":"post-17240","1":"product","2":"type-product","3":"status-publish","4":"has-post-thumbnail","6":"product_cat-skensystem","8":"first","9":"instock","10":"taxable","11":"shipping-taxable","12":"product-type-simple"},"acf":[],"yoast_head":"<!-- This site is optimized with the Yoast SEO plugin v27.5 - https:\/\/yoast.com\/product\/yoast-seo-wordpress\/ -->\n<title>TRACKLINE PLUTO spothuvud - AnetaHome<\/title>\n<meta name=\"robots\" content=\"index, follow, max-snippet:-1, max-image-preview:large, max-video-preview:-1\" \/>\n<link rel=\"canonical\" href=\"https:\/\/anetahome.com\/se\/produkt\/trackline-pluto-spothuvud-svart\/\" \/>\n<meta property=\"og:locale\" content=\"sv_SE\" \/>\n<meta property=\"og:type\" content=\"article\" \/>\n<meta property=\"og:title\" content=\"TRACKLINE PLUTO spothuvud - AnetaHome\" \/>\n<meta property=\"og:description\" content=\"Aneta Lighting TRACKLINE Pluto spot, vit. Dimbar. Trackline skensystem fr\u00e5n Aneta Lighting anpassas och monteras efter \u00f6nskem\u00e5l och behov. Skenorna kan sammanfogas i rad och kapas till \u00f6nskad l\u00e4ngd. Skenorna kopplas samman med en rak, vinklad, T-skarv eller flexibel skarv. Str\u00f6mmen kopplas med anslutning i \u00e4nden av skenan, eller mellan skenorna med en central anslutning. Avsluta skenraden med ett \u00e4ndstycke. S\u00e4tt spotlights p\u00e5 skenan efter behov och justera ljusets riktning. Trackline skensystem fr\u00e5n Aneta Lighting har spotlights som passar de flesta stilar. Oavsett om det ska vara ett traditionellt spothuvud med GU10 sockel f\u00f6r valfri ljusk\u00e4lla eller spothuvuden med integrerade dimbara LED -ljusk\u00e4llor.\" \/>\n<meta property=\"og:url\" content=\"https:\/\/anetahome.com\/se\/produkt\/trackline-pluto-spothuvud-svart\/\" \/>\n<meta property=\"og:site_name\" content=\"AnetaHome\" \/>\n<meta property=\"article:modified_time\" content=\"2026-02-25T01:50:06+00:00\" \/>\n<meta property=\"og:image\" content=\"https:\/\/d34q21u9zm82v9.cloudfront.net\/wp-content\/uploads\/sites\/3\/2023\/10\/08170712\/B1GIm3QTB5UhKbhBfLlyfZC6s.png\" \/>\n\t<meta property=\"og:image:width\" content=\"1024\" \/>\n\t<meta property=\"og:image:height\" content=\"683\" \/>\n\t<meta property=\"og:image:type\" content=\"image\/png\" \/>\n<meta name=\"twitter:card\" content=\"summary_large_image\" \/>\n<meta name=\"twitter:label1\" content=\"Ber\u00e4knad l\u00e4stid\" \/>\n\t<meta name=\"twitter:data1\" content=\"1 minut\" \/>\n<script type=\"application\/ld+json\" class=\"yoast-schema-graph\">{\"@context\":\"https:\\\/\\\/schema.org\",\"@graph\":[{\"@type\":\"WebPage\",\"@id\":\"https:\\\/\\\/anetahome.com\\\/se\\\/produkt\\\/trackline-pluto-spothuvud-svart\\\/\",\"url\":\"https:\\\/\\\/anetahome.com\\\/se\\\/produkt\\\/trackline-pluto-spothuvud-svart\\\/\",\"name\":\"TRACKLINE PLUTO spothuvud - AnetaHome\",\"isPartOf\":{\"@id\":\"https:\\\/\\\/anetahome.com\\\/se\\\/#website\"},\"primaryImageOfPage\":{\"@id\":\"https:\\\/\\\/anetahome.com\\\/se\\\/produkt\\\/trackline-pluto-spothuvud-svart\\\/#primaryimage\"},\"image\":{\"@id\":\"https:\\\/\\\/anetahome.com\\\/se\\\/produkt\\\/trackline-pluto-spothuvud-svart\\\/#primaryimage\"},\"thumbnailUrl\":\"https:\\\/\\\/d34q21u9zm82v9.cloudfront.net\\\/wp-content\\\/uploads\\\/sites\\\/3\\\/2023\\\/10\\\/08170712\\\/B1GIm3QTB5UhKbhBfLlyfZC6s-scaled.png\",\"datePublished\":\"2023-10-24T01:49:58+00:00\",\"dateModified\":\"2026-02-25T01:50:06+00:00\",\"breadcrumb\":{\"@id\":\"https:\\\/\\\/anetahome.com\\\/se\\\/produkt\\\/trackline-pluto-spothuvud-svart\\\/#breadcrumb\"},\"inLanguage\":\"sv-SE\",\"potentialAction\":[{\"@type\":\"ReadAction\",\"target\":[\"https:\\\/\\\/anetahome.com\\\/se\\\/produkt\\\/trackline-pluto-spothuvud-svart\\\/\"]}]},{\"@type\":\"ImageObject\",\"inLanguage\":\"sv-SE\",\"@id\":\"https:\\\/\\\/anetahome.com\\\/se\\\/produkt\\\/trackline-pluto-spothuvud-svart\\\/#primaryimage\",\"url\":\"https:\\\/\\\/d34q21u9zm82v9.cloudfront.net\\\/wp-content\\\/uploads\\\/sites\\\/3\\\/2023\\\/10\\\/08170712\\\/B1GIm3QTB5UhKbhBfLlyfZC6s-scaled.png\",\"contentUrl\":\"https:\\\/\\\/d34q21u9zm82v9.cloudfront.net\\\/wp-content\\\/uploads\\\/sites\\\/3\\\/2023\\\/10\\\/08170712\\\/B1GIm3QTB5UhKbhBfLlyfZC6s-scaled.png\",\"width\":2560,\"height\":1707},{\"@type\":\"BreadcrumbList\",\"@id\":\"https:\\\/\\\/anetahome.com\\\/se\\\/produkt\\\/trackline-pluto-spothuvud-svart\\\/#breadcrumb\",\"itemListElement\":[{\"@type\":\"ListItem\",\"position\":1,\"name\":\"Forsiden\",\"item\":\"https:\\\/\\\/anetahome.com\\\/se\\\/\"},{\"@type\":\"ListItem\",\"position\":2,\"name\":\"Butik\",\"item\":\"https:\\\/\\\/anetahome.com\\\/se\\\/butik\\\/\"},{\"@type\":\"ListItem\",\"position\":3,\"name\":\"TRACKLINE PLUTO spothuvud\"}]},{\"@type\":\"WebSite\",\"@id\":\"https:\\\/\\\/anetahome.com\\\/se\\\/#website\",\"url\":\"https:\\\/\\\/anetahome.com\\\/se\\\/\",\"name\":\"AnetaHome\",\"description\":\"Skandinavias ledende lampegrossist\",\"publisher\":{\"@id\":\"https:\\\/\\\/anetahome.com\\\/se\\\/#organization\"},\"potentialAction\":[{\"@type\":\"SearchAction\",\"target\":{\"@type\":\"EntryPoint\",\"urlTemplate\":\"https:\\\/\\\/anetahome.com\\\/se\\\/?s={search_term_string}\"},\"query-input\":{\"@type\":\"PropertyValueSpecification\",\"valueRequired\":true,\"valueName\":\"search_term_string\"}}],\"inLanguage\":\"sv-SE\"},{\"@type\":\"Organization\",\"@id\":\"https:\\\/\\\/anetahome.com\\\/se\\\/#organization\",\"name\":\"AnetaHome\",\"url\":\"https:\\\/\\\/anetahome.com\\\/se\\\/\",\"logo\":{\"@type\":\"ImageObject\",\"inLanguage\":\"sv-SE\",\"@id\":\"https:\\\/\\\/anetahome.com\\\/se\\\/#\\\/schema\\\/logo\\\/image\\\/\",\"url\":\"https:\\\/\\\/d34q21u9zm82v9.cloudfront.net\\\/wp-content\\\/uploads\\\/sites\\\/3\\\/2021\\\/08\\\/30123704\\\/ANETA-HOME-logo-1.svg\",\"contentUrl\":\"https:\\\/\\\/d34q21u9zm82v9.cloudfront.net\\\/wp-content\\\/uploads\\\/sites\\\/3\\\/2021\\\/08\\\/30123704\\\/ANETA-HOME-logo-1.svg\",\"width\":174,\"height\":71,\"caption\":\"AnetaHome\"},\"image\":{\"@id\":\"https:\\\/\\\/anetahome.com\\\/se\\\/#\\\/schema\\\/logo\\\/image\\\/\"}}]}<\/script>\n<!-- \/ Yoast SEO plugin. -->","yoast_head_json":{"title":"TRACKLINE PLUTO spothuvud - AnetaHome","robots":{"index":"index","follow":"follow","max-snippet":"max-snippet:-1","max-image-preview":"max-image-preview:large","max-video-preview":"max-video-preview:-1"},"canonical":"https:\/\/anetahome.com\/se\/produkt\/trackline-pluto-spothuvud-svart\/","og_locale":"sv_SE","og_type":"article","og_title":"TRACKLINE PLUTO spothuvud - AnetaHome","og_description":"Aneta Lighting TRACKLINE Pluto spot, vit. Dimbar. Trackline skensystem fr\u00e5n Aneta Lighting anpassas och monteras efter \u00f6nskem\u00e5l och behov. Skenorna kan sammanfogas i rad och kapas till \u00f6nskad l\u00e4ngd. Skenorna kopplas samman med en rak, vinklad, T-skarv eller flexibel skarv. Str\u00f6mmen kopplas med anslutning i \u00e4nden av skenan, eller mellan skenorna med en central anslutning. Avsluta skenraden med ett \u00e4ndstycke. S\u00e4tt spotlights p\u00e5 skenan efter behov och justera ljusets riktning. Trackline skensystem fr\u00e5n Aneta Lighting har spotlights som passar de flesta stilar. Oavsett om det ska vara ett traditionellt spothuvud med GU10 sockel f\u00f6r valfri ljusk\u00e4lla eller spothuvuden med integrerade dimbara LED -ljusk\u00e4llor.","og_url":"https:\/\/anetahome.com\/se\/produkt\/trackline-pluto-spothuvud-svart\/","og_site_name":"AnetaHome","article_modified_time":"2026-02-25T01:50:06+00:00","og_image":[{"url":"https:\/\/d34q21u9zm82v9.cloudfront.net\/wp-content\/uploads\/sites\/3\/2023\/10\/08170712\/B1GIm3QTB5UhKbhBfLlyfZC6s.png","width":1024,"height":683,"type":"image\/png"}],"twitter_card":"summary_large_image","twitter_misc":{"Ber\u00e4knad l\u00e4stid":"1 minut"},"schema":{"@context":"https:\/\/schema.org","@graph":[{"@type":"WebPage","@id":"https:\/\/anetahome.com\/se\/produkt\/trackline-pluto-spothuvud-svart\/","url":"https:\/\/anetahome.com\/se\/produkt\/trackline-pluto-spothuvud-svart\/","name":"TRACKLINE PLUTO spothuvud - AnetaHome","isPartOf":{"@id":"https:\/\/anetahome.com\/se\/#website"},"primaryImageOfPage":{"@id":"https:\/\/anetahome.com\/se\/produkt\/trackline-pluto-spothuvud-svart\/#primaryimage"},"image":{"@id":"https:\/\/anetahome.com\/se\/produkt\/trackline-pluto-spothuvud-svart\/#primaryimage"},"thumbnailUrl":"https:\/\/d34q21u9zm82v9.cloudfront.net\/wp-content\/uploads\/sites\/3\/2023\/10\/08170712\/B1GIm3QTB5UhKbhBfLlyfZC6s-scaled.png","datePublished":"2023-10-24T01:49:58+00:00","dateModified":"2026-02-25T01:50:06+00:00","breadcrumb":{"@id":"https:\/\/anetahome.com\/se\/produkt\/trackline-pluto-spothuvud-svart\/#breadcrumb"},"inLanguage":"sv-SE","potentialAction":[{"@type":"ReadAction","target":["https:\/\/anetahome.com\/se\/produkt\/trackline-pluto-spothuvud-svart\/"]}]},{"@type":"ImageObject","inLanguage":"sv-SE","@id":"https:\/\/anetahome.com\/se\/produkt\/trackline-pluto-spothuvud-svart\/#primaryimage","url":"https:\/\/d34q21u9zm82v9.cloudfront.net\/wp-content\/uploads\/sites\/3\/2023\/10\/08170712\/B1GIm3QTB5UhKbhBfLlyfZC6s-scaled.png","contentUrl":"https:\/\/d34q21u9zm82v9.cloudfront.net\/wp-content\/uploads\/sites\/3\/2023\/10\/08170712\/B1GIm3QTB5UhKbhBfLlyfZC6s-scaled.png","width":2560,"height":1707},{"@type":"BreadcrumbList","@id":"https:\/\/anetahome.com\/se\/produkt\/trackline-pluto-spothuvud-svart\/#breadcrumb","itemListElement":[{"@type":"ListItem","position":1,"name":"Forsiden","item":"https:\/\/anetahome.com\/se\/"},{"@type":"ListItem","position":2,"name":"Butik","item":"https:\/\/anetahome.com\/se\/butik\/"},{"@type":"ListItem","position":3,"name":"TRACKLINE PLUTO spothuvud"}]},{"@type":"WebSite","@id":"https:\/\/anetahome.com\/se\/#website","url":"https:\/\/anetahome.com\/se\/","name":"AnetaHome","description":"Skandinavias ledende lampegrossist","publisher":{"@id":"https:\/\/anetahome.com\/se\/#organization"},"potentialAction":[{"@type":"SearchAction","target":{"@type":"EntryPoint","urlTemplate":"https:\/\/anetahome.com\/se\/?s={search_term_string}"},"query-input":{"@type":"PropertyValueSpecification","valueRequired":true,"valueName":"search_term_string"}}],"inLanguage":"sv-SE"},{"@type":"Organization","@id":"https:\/\/anetahome.com\/se\/#organization","name":"AnetaHome","url":"https:\/\/anetahome.com\/se\/","logo":{"@type":"ImageObject","inLanguage":"sv-SE","@id":"https:\/\/anetahome.com\/se\/#\/schema\/logo\/image\/","url":"https:\/\/d34q21u9zm82v9.cloudfront.net\/wp-content\/uploads\/sites\/3\/2021\/08\/30123704\/ANETA-HOME-logo-1.svg","contentUrl":"https:\/\/d34q21u9zm82v9.cloudfront.net\/wp-content\/uploads\/sites\/3\/2021\/08\/30123704\/ANETA-HOME-logo-1.svg","width":174,"height":71,"caption":"AnetaHome"},"image":{"@id":"https:\/\/anetahome.com\/se\/#\/schema\/logo\/image\/"}}]}},"_links":{"self":[{"href":"https:\/\/anetahome.com\/se\/wp-json\/wp\/v2\/product\/17240","targetHints":{"allow":["GET"]}}],"collection":[{"href":"https:\/\/anetahome.com\/se\/wp-json\/wp\/v2\/product"}],"about":[{"href":"https:\/\/anetahome.com\/se\/wp-json\/wp\/v2\/types\/product"}],"wp:featuredmedia":[{"embeddable":true,"href":"https:\/\/anetahome.com\/se\/wp-json\/wp\/v2\/media\/20359"}],"wp:attachment":[{"href":"https:\/\/anetahome.com\/se\/wp-json\/wp\/v2\/media?parent=17240"}],"wp:term":[{"taxonomy":"product_tag","embeddable":true,"href":"https:\/\/anetahome.com\/se\/wp-json\/wp\/v2\/product_tag?post=17240"},{"taxonomy":"product_brand","embeddable":true,"href":"https:\/\/anetahome.com\/se\/wp-json\/wp\/v2\/product_brand?post=17240"},{"taxonomy":"product_cat","embeddable":true,"href":"https:\/\/anetahome.com\/se\/wp-json\/wp\/v2\/product_cat?post=17240"}],"curies":[{"name":"wp","href":"https:\/\/api.w.org\/{rel}","templated":true}]}}