{"id":22027,"date":"2024-08-07T03:50:11","date_gmt":"2024-08-07T01:50:11","guid":{"rendered":"https:\/\/anetahome.com\/se\/produkt\/astor-vagglampa\/"},"modified":"2026-03-31T03:52:42","modified_gmt":"2026-03-31T01:52:42","slug":"astor-vagglampa","status":"publish","type":"product","link":"https:\/\/anetahome.com\/se\/produkt\/astor-vagglampa\/","title":{"rendered":"ASTOR v\u00e4gglampa med tr\u00e5dl\u00f6s laddning och USB"},"content":{"rendered":"<p>Astor \u2013 den smarta v\u00e4gglampan som kombinerar funktion och design i ett. Tillverkad i svartlackerad metall och med en riktbar l\u00e4slampa p\u00e5 framsidan samt en diskretare indirekt belysning p\u00e5 baksidan. Du kan enkelt styra lamporna var f\u00f6r sig via de dubbla str\u00f6mbrytarna p\u00e5 v\u00e4ggplattans framsida. Astor har ocks\u00e5 en praktisk hylla med tr\u00e5dl\u00f6s laddare f\u00f6r mobilen, dessutom finns dubbla USB-uttag (USB A- och C) placerade p\u00e5 framsidan.<\/p>\n","protected":false},"excerpt":{"rendered":"<p>Astor \u2013 den smarta v\u00e4gglampan som kombinerar funktion och design i ett. Tillverkad i svartlackerad metall och med en riktbar l\u00e4slampa p\u00e5 framsidan samt en diskretare indirekt belysning p\u00e5 baksidan. Du kan enkelt styra lamporna var f\u00f6r sig via de dubbla str\u00f6mbrytarna p\u00e5 v\u00e4ggplattans framsida. Astor har ocks\u00e5 en praktisk hylla med tr\u00e5dl\u00f6s laddare f\u00f6r mobilen, dessutom finns dubbla USB-uttag (USB A- och C) placerade p\u00e5 framsidan.<\/p>\n","protected":false},"featured_media":22028,"template":"","meta":{"_acf_changed":false,"inline_featured_image":false},"product_tag":[],"product_brand":[],"product_cat":[8941],"class_list":{"0":"post-22027","1":"product","2":"type-product","3":"status-publish","4":"has-post-thumbnail","6":"product_cat-vagglampor","8":"first","9":"instock","10":"taxable","11":"shipping-taxable","12":"product-type-simple"},"acf":[],"yoast_head":"<!-- This site is optimized with the Yoast SEO plugin v27.5 - https:\/\/yoast.com\/product\/yoast-seo-wordpress\/ -->\n<title>ASTOR v\u00e4gglampa med tr\u00e5dl\u00f6s laddning och USB - AnetaHome<\/title>\n<meta name=\"robots\" content=\"index, follow, max-snippet:-1, max-image-preview:large, max-video-preview:-1\" \/>\n<link rel=\"canonical\" href=\"https:\/\/anetahome.com\/se\/produkt\/astor-vagglampa\/\" \/>\n<meta property=\"og:locale\" content=\"sv_SE\" \/>\n<meta property=\"og:type\" content=\"article\" \/>\n<meta property=\"og:title\" content=\"ASTOR v\u00e4gglampa med tr\u00e5dl\u00f6s laddning och USB - AnetaHome\" \/>\n<meta property=\"og:description\" content=\"Astor \u2013 den smarta v\u00e4gglampan som kombinerar funktion och design i ett. Tillverkad i svartlackerad metall och med en riktbar l\u00e4slampa p\u00e5 framsidan samt en diskretare indirekt belysning p\u00e5 baksidan. Du kan enkelt styra lamporna var f\u00f6r sig via de dubbla str\u00f6mbrytarna p\u00e5 v\u00e4ggplattans framsida. Astor har ocks\u00e5 en praktisk hylla med tr\u00e5dl\u00f6s laddare f\u00f6r mobilen, dessutom finns dubbla USB-uttag (USB A- och C) placerade p\u00e5 framsidan.\" \/>\n<meta property=\"og:url\" content=\"https:\/\/anetahome.com\/se\/produkt\/astor-vagglampa\/\" \/>\n<meta property=\"og:site_name\" content=\"AnetaHome\" \/>\n<meta property=\"article:modified_time\" content=\"2026-03-31T01:52:42+00:00\" \/>\n<meta property=\"og:image\" content=\"https:\/\/d34q21u9zm82v9.cloudfront.net\/wp-content\/uploads\/sites\/3\/2024\/08\/07035014\/kHyniqmi3FyhRCmVG2iBofbRG-scaled.png\" \/>\n\t<meta property=\"og:image:width\" content=\"1707\" \/>\n\t<meta property=\"og:image:height\" content=\"2560\" \/>\n\t<meta property=\"og:image:type\" content=\"image\/png\" \/>\n<meta name=\"twitter:card\" content=\"summary_large_image\" \/>\n<script type=\"application\/ld+json\" class=\"yoast-schema-graph\">{\"@context\":\"https:\\\/\\\/schema.org\",\"@graph\":[{\"@type\":\"WebPage\",\"@id\":\"https:\\\/\\\/anetahome.com\\\/se\\\/produkt\\\/astor-vagglampa\\\/\",\"url\":\"https:\\\/\\\/anetahome.com\\\/se\\\/produkt\\\/astor-vagglampa\\\/\",\"name\":\"ASTOR v\u00e4gglampa med tr\u00e5dl\u00f6s laddning och USB - AnetaHome\",\"isPartOf\":{\"@id\":\"https:\\\/\\\/anetahome.com\\\/se\\\/#website\"},\"primaryImageOfPage\":{\"@id\":\"https:\\\/\\\/anetahome.com\\\/se\\\/produkt\\\/astor-vagglampa\\\/#primaryimage\"},\"image\":{\"@id\":\"https:\\\/\\\/anetahome.com\\\/se\\\/produkt\\\/astor-vagglampa\\\/#primaryimage\"},\"thumbnailUrl\":\"https:\\\/\\\/d34q21u9zm82v9.cloudfront.net\\\/wp-content\\\/uploads\\\/sites\\\/3\\\/2024\\\/08\\\/07035014\\\/kHyniqmi3FyhRCmVG2iBofbRG-scaled.png\",\"datePublished\":\"2024-08-07T01:50:11+00:00\",\"dateModified\":\"2026-03-31T01:52:42+00:00\",\"breadcrumb\":{\"@id\":\"https:\\\/\\\/anetahome.com\\\/se\\\/produkt\\\/astor-vagglampa\\\/#breadcrumb\"},\"inLanguage\":\"sv-SE\",\"potentialAction\":[{\"@type\":\"ReadAction\",\"target\":[\"https:\\\/\\\/anetahome.com\\\/se\\\/produkt\\\/astor-vagglampa\\\/\"]}]},{\"@type\":\"ImageObject\",\"inLanguage\":\"sv-SE\",\"@id\":\"https:\\\/\\\/anetahome.com\\\/se\\\/produkt\\\/astor-vagglampa\\\/#primaryimage\",\"url\":\"https:\\\/\\\/d34q21u9zm82v9.cloudfront.net\\\/wp-content\\\/uploads\\\/sites\\\/3\\\/2024\\\/08\\\/07035014\\\/kHyniqmi3FyhRCmVG2iBofbRG-scaled.png\",\"contentUrl\":\"https:\\\/\\\/d34q21u9zm82v9.cloudfront.net\\\/wp-content\\\/uploads\\\/sites\\\/3\\\/2024\\\/08\\\/07035014\\\/kHyniqmi3FyhRCmVG2iBofbRG-scaled.png\",\"width\":1707,\"height\":2560},{\"@type\":\"BreadcrumbList\",\"@id\":\"https:\\\/\\\/anetahome.com\\\/se\\\/produkt\\\/astor-vagglampa\\\/#breadcrumb\",\"itemListElement\":[{\"@type\":\"ListItem\",\"position\":1,\"name\":\"Forsiden\",\"item\":\"https:\\\/\\\/anetahome.com\\\/se\\\/\"},{\"@type\":\"ListItem\",\"position\":2,\"name\":\"Butik\",\"item\":\"https:\\\/\\\/anetahome.com\\\/se\\\/butik\\\/\"},{\"@type\":\"ListItem\",\"position\":3,\"name\":\"ASTOR v\u00e4gglampa med tr\u00e5dl\u00f6s laddning och USB\"}]},{\"@type\":\"WebSite\",\"@id\":\"https:\\\/\\\/anetahome.com\\\/se\\\/#website\",\"url\":\"https:\\\/\\\/anetahome.com\\\/se\\\/\",\"name\":\"AnetaHome\",\"description\":\"Skandinavias ledende lampegrossist\",\"publisher\":{\"@id\":\"https:\\\/\\\/anetahome.com\\\/se\\\/#organization\"},\"potentialAction\":[{\"@type\":\"SearchAction\",\"target\":{\"@type\":\"EntryPoint\",\"urlTemplate\":\"https:\\\/\\\/anetahome.com\\\/se\\\/?s={search_term_string}\"},\"query-input\":{\"@type\":\"PropertyValueSpecification\",\"valueRequired\":true,\"valueName\":\"search_term_string\"}}],\"inLanguage\":\"sv-SE\"},{\"@type\":\"Organization\",\"@id\":\"https:\\\/\\\/anetahome.com\\\/se\\\/#organization\",\"name\":\"AnetaHome\",\"url\":\"https:\\\/\\\/anetahome.com\\\/se\\\/\",\"logo\":{\"@type\":\"ImageObject\",\"inLanguage\":\"sv-SE\",\"@id\":\"https:\\\/\\\/anetahome.com\\\/se\\\/#\\\/schema\\\/logo\\\/image\\\/\",\"url\":\"https:\\\/\\\/d34q21u9zm82v9.cloudfront.net\\\/wp-content\\\/uploads\\\/sites\\\/3\\\/2021\\\/08\\\/30123704\\\/ANETA-HOME-logo-1.svg\",\"contentUrl\":\"https:\\\/\\\/d34q21u9zm82v9.cloudfront.net\\\/wp-content\\\/uploads\\\/sites\\\/3\\\/2021\\\/08\\\/30123704\\\/ANETA-HOME-logo-1.svg\",\"width\":174,\"height\":71,\"caption\":\"AnetaHome\"},\"image\":{\"@id\":\"https:\\\/\\\/anetahome.com\\\/se\\\/#\\\/schema\\\/logo\\\/image\\\/\"}}]}<\/script>\n<!-- \/ Yoast SEO plugin. -->","yoast_head_json":{"title":"ASTOR v\u00e4gglampa med tr\u00e5dl\u00f6s laddning och USB - AnetaHome","robots":{"index":"index","follow":"follow","max-snippet":"max-snippet:-1","max-image-preview":"max-image-preview:large","max-video-preview":"max-video-preview:-1"},"canonical":"https:\/\/anetahome.com\/se\/produkt\/astor-vagglampa\/","og_locale":"sv_SE","og_type":"article","og_title":"ASTOR v\u00e4gglampa med tr\u00e5dl\u00f6s laddning och USB - AnetaHome","og_description":"Astor \u2013 den smarta v\u00e4gglampan som kombinerar funktion och design i ett. Tillverkad i svartlackerad metall och med en riktbar l\u00e4slampa p\u00e5 framsidan samt en diskretare indirekt belysning p\u00e5 baksidan. Du kan enkelt styra lamporna var f\u00f6r sig via de dubbla str\u00f6mbrytarna p\u00e5 v\u00e4ggplattans framsida. Astor har ocks\u00e5 en praktisk hylla med tr\u00e5dl\u00f6s laddare f\u00f6r mobilen, dessutom finns dubbla USB-uttag (USB A- och C) placerade p\u00e5 framsidan.","og_url":"https:\/\/anetahome.com\/se\/produkt\/astor-vagglampa\/","og_site_name":"AnetaHome","article_modified_time":"2026-03-31T01:52:42+00:00","og_image":[{"width":1707,"height":2560,"url":"https:\/\/d34q21u9zm82v9.cloudfront.net\/wp-content\/uploads\/sites\/3\/2024\/08\/07035014\/kHyniqmi3FyhRCmVG2iBofbRG-scaled.png","type":"image\/png"}],"twitter_card":"summary_large_image","schema":{"@context":"https:\/\/schema.org","@graph":[{"@type":"WebPage","@id":"https:\/\/anetahome.com\/se\/produkt\/astor-vagglampa\/","url":"https:\/\/anetahome.com\/se\/produkt\/astor-vagglampa\/","name":"ASTOR v\u00e4gglampa med tr\u00e5dl\u00f6s laddning och USB - AnetaHome","isPartOf":{"@id":"https:\/\/anetahome.com\/se\/#website"},"primaryImageOfPage":{"@id":"https:\/\/anetahome.com\/se\/produkt\/astor-vagglampa\/#primaryimage"},"image":{"@id":"https:\/\/anetahome.com\/se\/produkt\/astor-vagglampa\/#primaryimage"},"thumbnailUrl":"https:\/\/d34q21u9zm82v9.cloudfront.net\/wp-content\/uploads\/sites\/3\/2024\/08\/07035014\/kHyniqmi3FyhRCmVG2iBofbRG-scaled.png","datePublished":"2024-08-07T01:50:11+00:00","dateModified":"2026-03-31T01:52:42+00:00","breadcrumb":{"@id":"https:\/\/anetahome.com\/se\/produkt\/astor-vagglampa\/#breadcrumb"},"inLanguage":"sv-SE","potentialAction":[{"@type":"ReadAction","target":["https:\/\/anetahome.com\/se\/produkt\/astor-vagglampa\/"]}]},{"@type":"ImageObject","inLanguage":"sv-SE","@id":"https:\/\/anetahome.com\/se\/produkt\/astor-vagglampa\/#primaryimage","url":"https:\/\/d34q21u9zm82v9.cloudfront.net\/wp-content\/uploads\/sites\/3\/2024\/08\/07035014\/kHyniqmi3FyhRCmVG2iBofbRG-scaled.png","contentUrl":"https:\/\/d34q21u9zm82v9.cloudfront.net\/wp-content\/uploads\/sites\/3\/2024\/08\/07035014\/kHyniqmi3FyhRCmVG2iBofbRG-scaled.png","width":1707,"height":2560},{"@type":"BreadcrumbList","@id":"https:\/\/anetahome.com\/se\/produkt\/astor-vagglampa\/#breadcrumb","itemListElement":[{"@type":"ListItem","position":1,"name":"Forsiden","item":"https:\/\/anetahome.com\/se\/"},{"@type":"ListItem","position":2,"name":"Butik","item":"https:\/\/anetahome.com\/se\/butik\/"},{"@type":"ListItem","position":3,"name":"ASTOR v\u00e4gglampa med tr\u00e5dl\u00f6s laddning och USB"}]},{"@type":"WebSite","@id":"https:\/\/anetahome.com\/se\/#website","url":"https:\/\/anetahome.com\/se\/","name":"AnetaHome","description":"Skandinavias ledende lampegrossist","publisher":{"@id":"https:\/\/anetahome.com\/se\/#organization"},"potentialAction":[{"@type":"SearchAction","target":{"@type":"EntryPoint","urlTemplate":"https:\/\/anetahome.com\/se\/?s={search_term_string}"},"query-input":{"@type":"PropertyValueSpecification","valueRequired":true,"valueName":"search_term_string"}}],"inLanguage":"sv-SE"},{"@type":"Organization","@id":"https:\/\/anetahome.com\/se\/#organization","name":"AnetaHome","url":"https:\/\/anetahome.com\/se\/","logo":{"@type":"ImageObject","inLanguage":"sv-SE","@id":"https:\/\/anetahome.com\/se\/#\/schema\/logo\/image\/","url":"https:\/\/d34q21u9zm82v9.cloudfront.net\/wp-content\/uploads\/sites\/3\/2021\/08\/30123704\/ANETA-HOME-logo-1.svg","contentUrl":"https:\/\/d34q21u9zm82v9.cloudfront.net\/wp-content\/uploads\/sites\/3\/2021\/08\/30123704\/ANETA-HOME-logo-1.svg","width":174,"height":71,"caption":"AnetaHome"},"image":{"@id":"https:\/\/anetahome.com\/se\/#\/schema\/logo\/image\/"}}]}},"_links":{"self":[{"href":"https:\/\/anetahome.com\/se\/wp-json\/wp\/v2\/product\/22027","targetHints":{"allow":["GET"]}}],"collection":[{"href":"https:\/\/anetahome.com\/se\/wp-json\/wp\/v2\/product"}],"about":[{"href":"https:\/\/anetahome.com\/se\/wp-json\/wp\/v2\/types\/product"}],"wp:featuredmedia":[{"embeddable":true,"href":"https:\/\/anetahome.com\/se\/wp-json\/wp\/v2\/media\/22028"}],"wp:attachment":[{"href":"https:\/\/anetahome.com\/se\/wp-json\/wp\/v2\/media?parent=22027"}],"wp:term":[{"taxonomy":"product_tag","embeddable":true,"href":"https:\/\/anetahome.com\/se\/wp-json\/wp\/v2\/product_tag?post=22027"},{"taxonomy":"product_brand","embeddable":true,"href":"https:\/\/anetahome.com\/se\/wp-json\/wp\/v2\/product_brand?post=22027"},{"taxonomy":"product_cat","embeddable":true,"href":"https:\/\/anetahome.com\/se\/wp-json\/wp\/v2\/product_cat?post=22027"}],"curies":[{"name":"wp","href":"https:\/\/api.w.org\/{rel}","templated":true}]}}