{"id":24798,"date":"2025-05-17T04:10:23","date_gmt":"2025-05-17T02:10:23","guid":{"rendered":"https:\/\/anetahome.com\/se\/produkt\/fungi-laddbar-bordslampa\/"},"modified":"2026-04-08T04:00:16","modified_gmt":"2026-04-08T02:00:16","slug":"fungi-laddbar-bordslampa","status":"publish","type":"product","link":"https:\/\/anetahome.com\/se\/produkt\/fungi-laddbar-bordslampa\/","title":{"rendered":"FUNGI laddbar bordslampa"},"content":{"rendered":"<p>Med den uppladdningsbara Fungi f\u00e5r du en portabel och m\u00e5ngsidig bordslampa i sp\u00e4nnande design. En svampformad lampa av klar plast, med integrerade LED-dioder, RGB-funktion och dimmer. Du \u00e4ndrar enkelt f\u00e4rg, ljustyrka eller till v\u00e4xlande f\u00e4rg med olika \u00f6verg\u00e5ngar, med den medf\u00f6ljande fj\u00e4rrkontrollen. V\u00e4lj mellan 15 olika f\u00e4rger eller ett svalt, vitt ljus f\u00f6r en mer diskret belysning. S\u00e5 oavsett om du \u00f6nskar en d\u00e4mpad mysbelysning eller en pulserande f\u00e4rgupplevelse, har Fungi n\u00e5got att erbjuda.<\/p>\n<p>Obs! USB-A till USB-C-kabel (exkl. laddare) ing\u00e5r. F\u00f6r att uppladdningen av lampan ska fungera f\u00e5r laddare (ing\u00e5r ej) p\u00e5 max 5V, 3A (15W) anv\u00e4ndas.<\/p>\n","protected":false},"excerpt":{"rendered":"<p>Med den uppladdningsbara Fungi f\u00e5r du en portabel och m\u00e5ngsidig bordslampa i sp\u00e4nnande design. En svampformad lampa av klar plast, med integrerade LED-dioder, RGB-funktion och dimmer. Du \u00e4ndrar enkelt f\u00e4rg, ljustyrka eller till v\u00e4xlande f\u00e4rg med olika \u00f6verg\u00e5ngar, med den medf\u00f6ljande fj\u00e4rrkontrollen. V\u00e4lj mellan 15 olika f\u00e4rger eller ett svalt, vitt ljus f\u00f6r en mer diskret belysning. S\u00e5 oavsett om du \u00f6nskar en d\u00e4mpad mysbelysning eller en pulserande f\u00e4rgupplevelse, har Fungi n\u00e5got att erbjuda.<\/p>\n<p>Obs! USB-A till USB-C-kabel (exkl. laddare) ing\u00e5r. F\u00f6r att uppladdningen av lampan ska fungera f\u00e5r laddare (ing\u00e5r ej) p\u00e5 max 5V, 3A (15W) anv\u00e4ndas.<\/p>\n","protected":false},"featured_media":24799,"template":"","meta":{"_acf_changed":false,"inline_featured_image":false},"product_tag":[9054],"product_brand":[],"product_cat":[8951],"class_list":{"0":"post-24798","1":"product","2":"type-product","3":"status-publish","4":"has-post-thumbnail","6":"product_tag-ny","7":"product_cat-bordslampor","9":"first","10":"instock","11":"taxable","12":"shipping-taxable","13":"product-type-simple"},"acf":[],"yoast_head":"<!-- This site is optimized with the Yoast SEO plugin v27.3 - https:\/\/yoast.com\/product\/yoast-seo-wordpress\/ -->\n<title>FUNGI laddbar bordslampa - AnetaHome<\/title>\n<meta name=\"robots\" content=\"index, follow, max-snippet:-1, max-image-preview:large, max-video-preview:-1\" \/>\n<link rel=\"canonical\" href=\"https:\/\/anetahome.com\/se\/produkt\/fungi-laddbar-bordslampa\/\" \/>\n<meta property=\"og:locale\" content=\"sv_SE\" \/>\n<meta property=\"og:type\" content=\"article\" \/>\n<meta property=\"og:title\" content=\"FUNGI laddbar bordslampa - AnetaHome\" \/>\n<meta property=\"og:description\" content=\"Med den uppladdningsbara Fungi f\u00e5r du en portabel och m\u00e5ngsidig bordslampa i sp\u00e4nnande design. En svampformad lampa av klar plast, med integrerade LED-dioder, RGB-funktion och dimmer. Du \u00e4ndrar enkelt f\u00e4rg, ljustyrka eller till v\u00e4xlande f\u00e4rg med olika \u00f6verg\u00e5ngar, med den medf\u00f6ljande fj\u00e4rrkontrollen. V\u00e4lj mellan 15 olika f\u00e4rger eller ett svalt, vitt ljus f\u00f6r en mer diskret belysning. S\u00e5 oavsett om du \u00f6nskar en d\u00e4mpad mysbelysning eller en pulserande f\u00e4rgupplevelse, har Fungi n\u00e5got att erbjuda. Obs! USB-A till USB-C-kabel (exkl. laddare) ing\u00e5r. F\u00f6r att uppladdningen av lampan ska fungera f\u00e5r laddare (ing\u00e5r ej) p\u00e5 max 5V, 3A (15W) anv\u00e4ndas.\" \/>\n<meta property=\"og:url\" content=\"https:\/\/anetahome.com\/se\/produkt\/fungi-laddbar-bordslampa\/\" \/>\n<meta property=\"og:site_name\" content=\"AnetaHome\" \/>\n<meta property=\"article:modified_time\" content=\"2026-04-08T02:00:16+00:00\" \/>\n<meta property=\"og:image\" content=\"https:\/\/d34q21u9zm82v9.cloudfront.net\/wp-content\/uploads\/sites\/3\/2025\/05\/17041028\/R5v1grWSby42r2c8u9QAcVhXe-scaled.png\" \/>\n\t<meta property=\"og:image:width\" content=\"1707\" \/>\n\t<meta property=\"og:image:height\" content=\"2560\" \/>\n\t<meta property=\"og:image:type\" content=\"image\/png\" \/>\n<meta name=\"twitter:card\" content=\"summary_large_image\" \/>\n<meta name=\"twitter:label1\" content=\"Ber\u00e4knad l\u00e4stid\" \/>\n\t<meta name=\"twitter:data1\" content=\"1 minut\" \/>\n<script type=\"application\/ld+json\" class=\"yoast-schema-graph\">{\"@context\":\"https:\\\/\\\/schema.org\",\"@graph\":[{\"@type\":\"WebPage\",\"@id\":\"https:\\\/\\\/anetahome.com\\\/se\\\/produkt\\\/fungi-laddbar-bordslampa\\\/\",\"url\":\"https:\\\/\\\/anetahome.com\\\/se\\\/produkt\\\/fungi-laddbar-bordslampa\\\/\",\"name\":\"FUNGI laddbar bordslampa - AnetaHome\",\"isPartOf\":{\"@id\":\"https:\\\/\\\/anetahome.com\\\/se\\\/#website\"},\"primaryImageOfPage\":{\"@id\":\"https:\\\/\\\/anetahome.com\\\/se\\\/produkt\\\/fungi-laddbar-bordslampa\\\/#primaryimage\"},\"image\":{\"@id\":\"https:\\\/\\\/anetahome.com\\\/se\\\/produkt\\\/fungi-laddbar-bordslampa\\\/#primaryimage\"},\"thumbnailUrl\":\"https:\\\/\\\/d34q21u9zm82v9.cloudfront.net\\\/wp-content\\\/uploads\\\/sites\\\/3\\\/2025\\\/05\\\/17041028\\\/R5v1grWSby42r2c8u9QAcVhXe-scaled.png\",\"datePublished\":\"2025-05-17T02:10:23+00:00\",\"dateModified\":\"2026-04-08T02:00:16+00:00\",\"breadcrumb\":{\"@id\":\"https:\\\/\\\/anetahome.com\\\/se\\\/produkt\\\/fungi-laddbar-bordslampa\\\/#breadcrumb\"},\"inLanguage\":\"sv-SE\",\"potentialAction\":[{\"@type\":\"ReadAction\",\"target\":[\"https:\\\/\\\/anetahome.com\\\/se\\\/produkt\\\/fungi-laddbar-bordslampa\\\/\"]}]},{\"@type\":\"ImageObject\",\"inLanguage\":\"sv-SE\",\"@id\":\"https:\\\/\\\/anetahome.com\\\/se\\\/produkt\\\/fungi-laddbar-bordslampa\\\/#primaryimage\",\"url\":\"https:\\\/\\\/d34q21u9zm82v9.cloudfront.net\\\/wp-content\\\/uploads\\\/sites\\\/3\\\/2025\\\/05\\\/17041028\\\/R5v1grWSby42r2c8u9QAcVhXe-scaled.png\",\"contentUrl\":\"https:\\\/\\\/d34q21u9zm82v9.cloudfront.net\\\/wp-content\\\/uploads\\\/sites\\\/3\\\/2025\\\/05\\\/17041028\\\/R5v1grWSby42r2c8u9QAcVhXe-scaled.png\",\"width\":1707,\"height\":2560},{\"@type\":\"BreadcrumbList\",\"@id\":\"https:\\\/\\\/anetahome.com\\\/se\\\/produkt\\\/fungi-laddbar-bordslampa\\\/#breadcrumb\",\"itemListElement\":[{\"@type\":\"ListItem\",\"position\":1,\"name\":\"Forsiden\",\"item\":\"https:\\\/\\\/anetahome.com\\\/se\\\/\"},{\"@type\":\"ListItem\",\"position\":2,\"name\":\"Butik\",\"item\":\"https:\\\/\\\/anetahome.com\\\/se\\\/butik\\\/\"},{\"@type\":\"ListItem\",\"position\":3,\"name\":\"FUNGI laddbar bordslampa\"}]},{\"@type\":\"WebSite\",\"@id\":\"https:\\\/\\\/anetahome.com\\\/se\\\/#website\",\"url\":\"https:\\\/\\\/anetahome.com\\\/se\\\/\",\"name\":\"AnetaHome\",\"description\":\"Skandinavias ledende lampegrossist\",\"publisher\":{\"@id\":\"https:\\\/\\\/anetahome.com\\\/se\\\/#organization\"},\"potentialAction\":[{\"@type\":\"SearchAction\",\"target\":{\"@type\":\"EntryPoint\",\"urlTemplate\":\"https:\\\/\\\/anetahome.com\\\/se\\\/?s={search_term_string}\"},\"query-input\":{\"@type\":\"PropertyValueSpecification\",\"valueRequired\":true,\"valueName\":\"search_term_string\"}}],\"inLanguage\":\"sv-SE\"},{\"@type\":\"Organization\",\"@id\":\"https:\\\/\\\/anetahome.com\\\/se\\\/#organization\",\"name\":\"AnetaHome\",\"url\":\"https:\\\/\\\/anetahome.com\\\/se\\\/\",\"logo\":{\"@type\":\"ImageObject\",\"inLanguage\":\"sv-SE\",\"@id\":\"https:\\\/\\\/anetahome.com\\\/se\\\/#\\\/schema\\\/logo\\\/image\\\/\",\"url\":\"https:\\\/\\\/d34q21u9zm82v9.cloudfront.net\\\/wp-content\\\/uploads\\\/sites\\\/3\\\/2021\\\/08\\\/30123704\\\/ANETA-HOME-logo-1.svg\",\"contentUrl\":\"https:\\\/\\\/d34q21u9zm82v9.cloudfront.net\\\/wp-content\\\/uploads\\\/sites\\\/3\\\/2021\\\/08\\\/30123704\\\/ANETA-HOME-logo-1.svg\",\"width\":174,\"height\":71,\"caption\":\"AnetaHome\"},\"image\":{\"@id\":\"https:\\\/\\\/anetahome.com\\\/se\\\/#\\\/schema\\\/logo\\\/image\\\/\"}}]}<\/script>\n<!-- \/ Yoast SEO plugin. -->","yoast_head_json":{"title":"FUNGI laddbar bordslampa - AnetaHome","robots":{"index":"index","follow":"follow","max-snippet":"max-snippet:-1","max-image-preview":"max-image-preview:large","max-video-preview":"max-video-preview:-1"},"canonical":"https:\/\/anetahome.com\/se\/produkt\/fungi-laddbar-bordslampa\/","og_locale":"sv_SE","og_type":"article","og_title":"FUNGI laddbar bordslampa - AnetaHome","og_description":"Med den uppladdningsbara Fungi f\u00e5r du en portabel och m\u00e5ngsidig bordslampa i sp\u00e4nnande design. En svampformad lampa av klar plast, med integrerade LED-dioder, RGB-funktion och dimmer. Du \u00e4ndrar enkelt f\u00e4rg, ljustyrka eller till v\u00e4xlande f\u00e4rg med olika \u00f6verg\u00e5ngar, med den medf\u00f6ljande fj\u00e4rrkontrollen. V\u00e4lj mellan 15 olika f\u00e4rger eller ett svalt, vitt ljus f\u00f6r en mer diskret belysning. S\u00e5 oavsett om du \u00f6nskar en d\u00e4mpad mysbelysning eller en pulserande f\u00e4rgupplevelse, har Fungi n\u00e5got att erbjuda. Obs! USB-A till USB-C-kabel (exkl. laddare) ing\u00e5r. F\u00f6r att uppladdningen av lampan ska fungera f\u00e5r laddare (ing\u00e5r ej) p\u00e5 max 5V, 3A (15W) anv\u00e4ndas.","og_url":"https:\/\/anetahome.com\/se\/produkt\/fungi-laddbar-bordslampa\/","og_site_name":"AnetaHome","article_modified_time":"2026-04-08T02:00:16+00:00","og_image":[{"width":1707,"height":2560,"url":"https:\/\/d34q21u9zm82v9.cloudfront.net\/wp-content\/uploads\/sites\/3\/2025\/05\/17041028\/R5v1grWSby42r2c8u9QAcVhXe-scaled.png","type":"image\/png"}],"twitter_card":"summary_large_image","twitter_misc":{"Ber\u00e4knad l\u00e4stid":"1 minut"},"schema":{"@context":"https:\/\/schema.org","@graph":[{"@type":"WebPage","@id":"https:\/\/anetahome.com\/se\/produkt\/fungi-laddbar-bordslampa\/","url":"https:\/\/anetahome.com\/se\/produkt\/fungi-laddbar-bordslampa\/","name":"FUNGI laddbar bordslampa - AnetaHome","isPartOf":{"@id":"https:\/\/anetahome.com\/se\/#website"},"primaryImageOfPage":{"@id":"https:\/\/anetahome.com\/se\/produkt\/fungi-laddbar-bordslampa\/#primaryimage"},"image":{"@id":"https:\/\/anetahome.com\/se\/produkt\/fungi-laddbar-bordslampa\/#primaryimage"},"thumbnailUrl":"https:\/\/d34q21u9zm82v9.cloudfront.net\/wp-content\/uploads\/sites\/3\/2025\/05\/17041028\/R5v1grWSby42r2c8u9QAcVhXe-scaled.png","datePublished":"2025-05-17T02:10:23+00:00","dateModified":"2026-04-08T02:00:16+00:00","breadcrumb":{"@id":"https:\/\/anetahome.com\/se\/produkt\/fungi-laddbar-bordslampa\/#breadcrumb"},"inLanguage":"sv-SE","potentialAction":[{"@type":"ReadAction","target":["https:\/\/anetahome.com\/se\/produkt\/fungi-laddbar-bordslampa\/"]}]},{"@type":"ImageObject","inLanguage":"sv-SE","@id":"https:\/\/anetahome.com\/se\/produkt\/fungi-laddbar-bordslampa\/#primaryimage","url":"https:\/\/d34q21u9zm82v9.cloudfront.net\/wp-content\/uploads\/sites\/3\/2025\/05\/17041028\/R5v1grWSby42r2c8u9QAcVhXe-scaled.png","contentUrl":"https:\/\/d34q21u9zm82v9.cloudfront.net\/wp-content\/uploads\/sites\/3\/2025\/05\/17041028\/R5v1grWSby42r2c8u9QAcVhXe-scaled.png","width":1707,"height":2560},{"@type":"BreadcrumbList","@id":"https:\/\/anetahome.com\/se\/produkt\/fungi-laddbar-bordslampa\/#breadcrumb","itemListElement":[{"@type":"ListItem","position":1,"name":"Forsiden","item":"https:\/\/anetahome.com\/se\/"},{"@type":"ListItem","position":2,"name":"Butik","item":"https:\/\/anetahome.com\/se\/butik\/"},{"@type":"ListItem","position":3,"name":"FUNGI laddbar bordslampa"}]},{"@type":"WebSite","@id":"https:\/\/anetahome.com\/se\/#website","url":"https:\/\/anetahome.com\/se\/","name":"AnetaHome","description":"Skandinavias ledende lampegrossist","publisher":{"@id":"https:\/\/anetahome.com\/se\/#organization"},"potentialAction":[{"@type":"SearchAction","target":{"@type":"EntryPoint","urlTemplate":"https:\/\/anetahome.com\/se\/?s={search_term_string}"},"query-input":{"@type":"PropertyValueSpecification","valueRequired":true,"valueName":"search_term_string"}}],"inLanguage":"sv-SE"},{"@type":"Organization","@id":"https:\/\/anetahome.com\/se\/#organization","name":"AnetaHome","url":"https:\/\/anetahome.com\/se\/","logo":{"@type":"ImageObject","inLanguage":"sv-SE","@id":"https:\/\/anetahome.com\/se\/#\/schema\/logo\/image\/","url":"https:\/\/d34q21u9zm82v9.cloudfront.net\/wp-content\/uploads\/sites\/3\/2021\/08\/30123704\/ANETA-HOME-logo-1.svg","contentUrl":"https:\/\/d34q21u9zm82v9.cloudfront.net\/wp-content\/uploads\/sites\/3\/2021\/08\/30123704\/ANETA-HOME-logo-1.svg","width":174,"height":71,"caption":"AnetaHome"},"image":{"@id":"https:\/\/anetahome.com\/se\/#\/schema\/logo\/image\/"}}]}},"_links":{"self":[{"href":"https:\/\/anetahome.com\/se\/wp-json\/wp\/v2\/product\/24798","targetHints":{"allow":["GET"]}}],"collection":[{"href":"https:\/\/anetahome.com\/se\/wp-json\/wp\/v2\/product"}],"about":[{"href":"https:\/\/anetahome.com\/se\/wp-json\/wp\/v2\/types\/product"}],"wp:featuredmedia":[{"embeddable":true,"href":"https:\/\/anetahome.com\/se\/wp-json\/wp\/v2\/media\/24799"}],"wp:attachment":[{"href":"https:\/\/anetahome.com\/se\/wp-json\/wp\/v2\/media?parent=24798"}],"wp:term":[{"taxonomy":"product_tag","embeddable":true,"href":"https:\/\/anetahome.com\/se\/wp-json\/wp\/v2\/product_tag?post=24798"},{"taxonomy":"product_brand","embeddable":true,"href":"https:\/\/anetahome.com\/se\/wp-json\/wp\/v2\/product_brand?post=24798"},{"taxonomy":"product_cat","embeddable":true,"href":"https:\/\/anetahome.com\/se\/wp-json\/wp\/v2\/product_cat?post=24798"}],"curies":[{"name":"wp","href":"https:\/\/api.w.org\/{rel}","templated":true}]}}