{"id":24906,"date":"2025-05-28T04:08:14","date_gmt":"2025-05-28T02:08:14","guid":{"rendered":"https:\/\/anetahome.com\/se\/produkt\/bremen-golvlampa\/"},"modified":"2026-02-21T02:58:49","modified_gmt":"2026-02-21T01:58:49","slug":"bremen-golvlampa","status":"publish","type":"product","link":"https:\/\/anetahome.com\/se\/produkt\/bremen-golvlampa\/","title":{"rendered":"BREMEN golvlampa"},"content":{"rendered":"<p>Moderna golvlampan Bremen i metall har ett originellt och nyskapande uttryck. Ger en god ned\u00e5triktad belysning samtidigt som en frostad skiva p\u00e5 ovansidan sl\u00e4pper igenom ett milt och filtrerat ljus. Ett snyggt och funktionellt val f\u00f6r b\u00e5de vardagsrum och sovrum.<\/p>\n","protected":false},"excerpt":{"rendered":"<p>Moderna golvlampan Bremen i metall har ett originellt och nyskapande uttryck. Ger en god ned\u00e5triktad belysning samtidigt som en frostad skiva p\u00e5 ovansidan sl\u00e4pper igenom ett milt och filtrerat ljus. Ett snyggt och funktionellt val f\u00f6r b\u00e5de vardagsrum och sovrum.<\/p>\n","protected":false},"featured_media":24907,"template":"","meta":{"_acf_changed":false,"inline_featured_image":false},"product_tag":[9054],"product_brand":[],"product_cat":[8960],"class_list":{"0":"post-24906","1":"product","2":"type-product","3":"status-publish","4":"has-post-thumbnail","6":"product_tag-ny","7":"product_cat-golvlampor","9":"first","10":"instock","11":"taxable","12":"shipping-taxable","13":"product-type-simple"},"acf":[],"yoast_head":"<!-- This site is optimized with the Yoast SEO plugin v27.5 - https:\/\/yoast.com\/product\/yoast-seo-wordpress\/ -->\n<title>BREMEN golvlampa - AnetaHome<\/title>\n<meta name=\"robots\" content=\"index, follow, max-snippet:-1, max-image-preview:large, max-video-preview:-1\" \/>\n<link rel=\"canonical\" href=\"https:\/\/anetahome.com\/se\/produkt\/bremen-golvlampa\/\" \/>\n<meta property=\"og:locale\" content=\"sv_SE\" \/>\n<meta property=\"og:type\" content=\"article\" \/>\n<meta property=\"og:title\" content=\"BREMEN golvlampa - AnetaHome\" \/>\n<meta property=\"og:description\" content=\"Moderna golvlampan Bremen i metall har ett originellt och nyskapande uttryck. Ger en god ned\u00e5triktad belysning samtidigt som en frostad skiva p\u00e5 ovansidan sl\u00e4pper igenom ett milt och filtrerat ljus. Ett snyggt och funktionellt val f\u00f6r b\u00e5de vardagsrum och sovrum.\" \/>\n<meta property=\"og:url\" content=\"https:\/\/anetahome.com\/se\/produkt\/bremen-golvlampa\/\" \/>\n<meta property=\"og:site_name\" content=\"AnetaHome\" \/>\n<meta property=\"article:modified_time\" content=\"2026-02-21T01:58:49+00:00\" \/>\n<meta property=\"og:image\" content=\"https:\/\/d34q21u9zm82v9.cloudfront.net\/wp-content\/uploads\/sites\/3\/2025\/05\/28040817\/48Ofv641XBikPIKHl1ZE2PhlJ-scaled.png\" \/>\n\t<meta property=\"og:image:width\" content=\"1707\" \/>\n\t<meta property=\"og:image:height\" content=\"2560\" \/>\n\t<meta property=\"og:image:type\" content=\"image\/png\" \/>\n<meta name=\"twitter:card\" content=\"summary_large_image\" \/>\n<script type=\"application\/ld+json\" class=\"yoast-schema-graph\">{\"@context\":\"https:\\\/\\\/schema.org\",\"@graph\":[{\"@type\":\"WebPage\",\"@id\":\"https:\\\/\\\/anetahome.com\\\/se\\\/produkt\\\/bremen-golvlampa\\\/\",\"url\":\"https:\\\/\\\/anetahome.com\\\/se\\\/produkt\\\/bremen-golvlampa\\\/\",\"name\":\"BREMEN golvlampa - AnetaHome\",\"isPartOf\":{\"@id\":\"https:\\\/\\\/anetahome.com\\\/se\\\/#website\"},\"primaryImageOfPage\":{\"@id\":\"https:\\\/\\\/anetahome.com\\\/se\\\/produkt\\\/bremen-golvlampa\\\/#primaryimage\"},\"image\":{\"@id\":\"https:\\\/\\\/anetahome.com\\\/se\\\/produkt\\\/bremen-golvlampa\\\/#primaryimage\"},\"thumbnailUrl\":\"https:\\\/\\\/d34q21u9zm82v9.cloudfront.net\\\/wp-content\\\/uploads\\\/sites\\\/3\\\/2025\\\/05\\\/28040817\\\/48Ofv641XBikPIKHl1ZE2PhlJ-scaled.png\",\"datePublished\":\"2025-05-28T02:08:14+00:00\",\"dateModified\":\"2026-02-21T01:58:49+00:00\",\"breadcrumb\":{\"@id\":\"https:\\\/\\\/anetahome.com\\\/se\\\/produkt\\\/bremen-golvlampa\\\/#breadcrumb\"},\"inLanguage\":\"sv-SE\",\"potentialAction\":[{\"@type\":\"ReadAction\",\"target\":[\"https:\\\/\\\/anetahome.com\\\/se\\\/produkt\\\/bremen-golvlampa\\\/\"]}]},{\"@type\":\"ImageObject\",\"inLanguage\":\"sv-SE\",\"@id\":\"https:\\\/\\\/anetahome.com\\\/se\\\/produkt\\\/bremen-golvlampa\\\/#primaryimage\",\"url\":\"https:\\\/\\\/d34q21u9zm82v9.cloudfront.net\\\/wp-content\\\/uploads\\\/sites\\\/3\\\/2025\\\/05\\\/28040817\\\/48Ofv641XBikPIKHl1ZE2PhlJ-scaled.png\",\"contentUrl\":\"https:\\\/\\\/d34q21u9zm82v9.cloudfront.net\\\/wp-content\\\/uploads\\\/sites\\\/3\\\/2025\\\/05\\\/28040817\\\/48Ofv641XBikPIKHl1ZE2PhlJ-scaled.png\",\"width\":1707,\"height\":2560},{\"@type\":\"BreadcrumbList\",\"@id\":\"https:\\\/\\\/anetahome.com\\\/se\\\/produkt\\\/bremen-golvlampa\\\/#breadcrumb\",\"itemListElement\":[{\"@type\":\"ListItem\",\"position\":1,\"name\":\"Forsiden\",\"item\":\"https:\\\/\\\/anetahome.com\\\/se\\\/\"},{\"@type\":\"ListItem\",\"position\":2,\"name\":\"Butik\",\"item\":\"https:\\\/\\\/anetahome.com\\\/se\\\/butik\\\/\"},{\"@type\":\"ListItem\",\"position\":3,\"name\":\"BREMEN golvlampa\"}]},{\"@type\":\"WebSite\",\"@id\":\"https:\\\/\\\/anetahome.com\\\/se\\\/#website\",\"url\":\"https:\\\/\\\/anetahome.com\\\/se\\\/\",\"name\":\"AnetaHome\",\"description\":\"Skandinavias ledende lampegrossist\",\"publisher\":{\"@id\":\"https:\\\/\\\/anetahome.com\\\/se\\\/#organization\"},\"potentialAction\":[{\"@type\":\"SearchAction\",\"target\":{\"@type\":\"EntryPoint\",\"urlTemplate\":\"https:\\\/\\\/anetahome.com\\\/se\\\/?s={search_term_string}\"},\"query-input\":{\"@type\":\"PropertyValueSpecification\",\"valueRequired\":true,\"valueName\":\"search_term_string\"}}],\"inLanguage\":\"sv-SE\"},{\"@type\":\"Organization\",\"@id\":\"https:\\\/\\\/anetahome.com\\\/se\\\/#organization\",\"name\":\"AnetaHome\",\"url\":\"https:\\\/\\\/anetahome.com\\\/se\\\/\",\"logo\":{\"@type\":\"ImageObject\",\"inLanguage\":\"sv-SE\",\"@id\":\"https:\\\/\\\/anetahome.com\\\/se\\\/#\\\/schema\\\/logo\\\/image\\\/\",\"url\":\"https:\\\/\\\/d34q21u9zm82v9.cloudfront.net\\\/wp-content\\\/uploads\\\/sites\\\/3\\\/2021\\\/08\\\/30123704\\\/ANETA-HOME-logo-1.svg\",\"contentUrl\":\"https:\\\/\\\/d34q21u9zm82v9.cloudfront.net\\\/wp-content\\\/uploads\\\/sites\\\/3\\\/2021\\\/08\\\/30123704\\\/ANETA-HOME-logo-1.svg\",\"width\":174,\"height\":71,\"caption\":\"AnetaHome\"},\"image\":{\"@id\":\"https:\\\/\\\/anetahome.com\\\/se\\\/#\\\/schema\\\/logo\\\/image\\\/\"}}]}<\/script>\n<!-- \/ Yoast SEO plugin. -->","yoast_head_json":{"title":"BREMEN golvlampa - AnetaHome","robots":{"index":"index","follow":"follow","max-snippet":"max-snippet:-1","max-image-preview":"max-image-preview:large","max-video-preview":"max-video-preview:-1"},"canonical":"https:\/\/anetahome.com\/se\/produkt\/bremen-golvlampa\/","og_locale":"sv_SE","og_type":"article","og_title":"BREMEN golvlampa - AnetaHome","og_description":"Moderna golvlampan Bremen i metall har ett originellt och nyskapande uttryck. Ger en god ned\u00e5triktad belysning samtidigt som en frostad skiva p\u00e5 ovansidan sl\u00e4pper igenom ett milt och filtrerat ljus. Ett snyggt och funktionellt val f\u00f6r b\u00e5de vardagsrum och sovrum.","og_url":"https:\/\/anetahome.com\/se\/produkt\/bremen-golvlampa\/","og_site_name":"AnetaHome","article_modified_time":"2026-02-21T01:58:49+00:00","og_image":[{"width":1707,"height":2560,"url":"https:\/\/d34q21u9zm82v9.cloudfront.net\/wp-content\/uploads\/sites\/3\/2025\/05\/28040817\/48Ofv641XBikPIKHl1ZE2PhlJ-scaled.png","type":"image\/png"}],"twitter_card":"summary_large_image","schema":{"@context":"https:\/\/schema.org","@graph":[{"@type":"WebPage","@id":"https:\/\/anetahome.com\/se\/produkt\/bremen-golvlampa\/","url":"https:\/\/anetahome.com\/se\/produkt\/bremen-golvlampa\/","name":"BREMEN golvlampa - AnetaHome","isPartOf":{"@id":"https:\/\/anetahome.com\/se\/#website"},"primaryImageOfPage":{"@id":"https:\/\/anetahome.com\/se\/produkt\/bremen-golvlampa\/#primaryimage"},"image":{"@id":"https:\/\/anetahome.com\/se\/produkt\/bremen-golvlampa\/#primaryimage"},"thumbnailUrl":"https:\/\/d34q21u9zm82v9.cloudfront.net\/wp-content\/uploads\/sites\/3\/2025\/05\/28040817\/48Ofv641XBikPIKHl1ZE2PhlJ-scaled.png","datePublished":"2025-05-28T02:08:14+00:00","dateModified":"2026-02-21T01:58:49+00:00","breadcrumb":{"@id":"https:\/\/anetahome.com\/se\/produkt\/bremen-golvlampa\/#breadcrumb"},"inLanguage":"sv-SE","potentialAction":[{"@type":"ReadAction","target":["https:\/\/anetahome.com\/se\/produkt\/bremen-golvlampa\/"]}]},{"@type":"ImageObject","inLanguage":"sv-SE","@id":"https:\/\/anetahome.com\/se\/produkt\/bremen-golvlampa\/#primaryimage","url":"https:\/\/d34q21u9zm82v9.cloudfront.net\/wp-content\/uploads\/sites\/3\/2025\/05\/28040817\/48Ofv641XBikPIKHl1ZE2PhlJ-scaled.png","contentUrl":"https:\/\/d34q21u9zm82v9.cloudfront.net\/wp-content\/uploads\/sites\/3\/2025\/05\/28040817\/48Ofv641XBikPIKHl1ZE2PhlJ-scaled.png","width":1707,"height":2560},{"@type":"BreadcrumbList","@id":"https:\/\/anetahome.com\/se\/produkt\/bremen-golvlampa\/#breadcrumb","itemListElement":[{"@type":"ListItem","position":1,"name":"Forsiden","item":"https:\/\/anetahome.com\/se\/"},{"@type":"ListItem","position":2,"name":"Butik","item":"https:\/\/anetahome.com\/se\/butik\/"},{"@type":"ListItem","position":3,"name":"BREMEN golvlampa"}]},{"@type":"WebSite","@id":"https:\/\/anetahome.com\/se\/#website","url":"https:\/\/anetahome.com\/se\/","name":"AnetaHome","description":"Skandinavias ledende lampegrossist","publisher":{"@id":"https:\/\/anetahome.com\/se\/#organization"},"potentialAction":[{"@type":"SearchAction","target":{"@type":"EntryPoint","urlTemplate":"https:\/\/anetahome.com\/se\/?s={search_term_string}"},"query-input":{"@type":"PropertyValueSpecification","valueRequired":true,"valueName":"search_term_string"}}],"inLanguage":"sv-SE"},{"@type":"Organization","@id":"https:\/\/anetahome.com\/se\/#organization","name":"AnetaHome","url":"https:\/\/anetahome.com\/se\/","logo":{"@type":"ImageObject","inLanguage":"sv-SE","@id":"https:\/\/anetahome.com\/se\/#\/schema\/logo\/image\/","url":"https:\/\/d34q21u9zm82v9.cloudfront.net\/wp-content\/uploads\/sites\/3\/2021\/08\/30123704\/ANETA-HOME-logo-1.svg","contentUrl":"https:\/\/d34q21u9zm82v9.cloudfront.net\/wp-content\/uploads\/sites\/3\/2021\/08\/30123704\/ANETA-HOME-logo-1.svg","width":174,"height":71,"caption":"AnetaHome"},"image":{"@id":"https:\/\/anetahome.com\/se\/#\/schema\/logo\/image\/"}}]}},"_links":{"self":[{"href":"https:\/\/anetahome.com\/se\/wp-json\/wp\/v2\/product\/24906","targetHints":{"allow":["GET"]}}],"collection":[{"href":"https:\/\/anetahome.com\/se\/wp-json\/wp\/v2\/product"}],"about":[{"href":"https:\/\/anetahome.com\/se\/wp-json\/wp\/v2\/types\/product"}],"wp:featuredmedia":[{"embeddable":true,"href":"https:\/\/anetahome.com\/se\/wp-json\/wp\/v2\/media\/24907"}],"wp:attachment":[{"href":"https:\/\/anetahome.com\/se\/wp-json\/wp\/v2\/media?parent=24906"}],"wp:term":[{"taxonomy":"product_tag","embeddable":true,"href":"https:\/\/anetahome.com\/se\/wp-json\/wp\/v2\/product_tag?post=24906"},{"taxonomy":"product_brand","embeddable":true,"href":"https:\/\/anetahome.com\/se\/wp-json\/wp\/v2\/product_brand?post=24906"},{"taxonomy":"product_cat","embeddable":true,"href":"https:\/\/anetahome.com\/se\/wp-json\/wp\/v2\/product_cat?post=24906"}],"curies":[{"name":"wp","href":"https:\/\/api.w.org\/{rel}","templated":true}]}}