{"id":24908,"date":"2025-05-28T04:08:18","date_gmt":"2025-05-28T02:08:18","guid":{"rendered":"https:\/\/anetahome.com\/se\/produkt\/air-plafond-med-flakt\/"},"modified":"2026-04-15T13:38:45","modified_gmt":"2026-04-15T11:38:45","slug":"air-plafond-med-flakt","status":"publish","type":"product","link":"https:\/\/anetahome.com\/se\/produkt\/air-plafond-med-flakt\/","title":{"rendered":"AIR plafond med fl\u00e4kt"},"content":{"rendered":"<p>Med den m\u00e5ngsidiga Air f\u00e5r du b\u00e5de en LED-plafond och en fl\u00e4kt, allt i en modern och avskalad design. Ett utm\u00e4rkt val f\u00f6r en funktionell belysning och en fr\u00e4schare inomhusmilj\u00f6 med god luftcirkulation. B\u00e5de belysningen och fl\u00e4kten \u00e4r enkel att reglera med den medf\u00f6ljande fj\u00e4rrkontrollen. Du kan dimma och justera f\u00e4rgtemperatur p\u00e5 ljuset, v\u00e4lj mellan ett varmvitt ljus upp till ett kallare bl\u00e5vitt. Fl\u00e4kten har sex olika hastigheter samt en praktisk sommar\/vinter (omv\u00e4nd) funktion.<\/p>\n","protected":false},"excerpt":{"rendered":"<p>Med den m\u00e5ngsidiga Air f\u00e5r du b\u00e5de en LED-plafond och en fl\u00e4kt, allt i en modern och avskalad design. Ett utm\u00e4rkt val f\u00f6r en funktionell belysning och en fr\u00e4schare inomhusmilj\u00f6 med god luftcirkulation. B\u00e5de belysningen och fl\u00e4kten \u00e4r enkel att reglera med den medf\u00f6ljande fj\u00e4rrkontrollen. Du kan dimma och justera f\u00e4rgtemperatur p\u00e5 ljuset, v\u00e4lj mellan ett varmvitt ljus upp till ett kallare bl\u00e5vitt. Fl\u00e4kten har sex olika hastigheter samt en praktisk sommar\/vinter (omv\u00e4nd) funktion.<\/p>\n","protected":false},"featured_media":24909,"template":"","meta":{"_acf_changed":false,"inline_featured_image":false},"product_tag":[9054],"product_brand":[],"product_cat":[8976],"class_list":{"0":"post-24908","1":"product","2":"type-product","3":"status-publish","4":"has-post-thumbnail","6":"product_tag-ny","7":"product_cat-plafond","9":"first","10":"instock","11":"taxable","12":"shipping-taxable","13":"product-type-simple"},"acf":[],"yoast_head":"<!-- This site is optimized with the Yoast SEO plugin v27.3 - https:\/\/yoast.com\/product\/yoast-seo-wordpress\/ -->\n<title>AIR plafond med fl\u00e4kt - AnetaHome<\/title>\n<meta name=\"robots\" content=\"index, follow, max-snippet:-1, max-image-preview:large, max-video-preview:-1\" \/>\n<link rel=\"canonical\" href=\"https:\/\/anetahome.com\/se\/produkt\/air-plafond-med-flakt\/\" \/>\n<meta property=\"og:locale\" content=\"sv_SE\" \/>\n<meta property=\"og:type\" content=\"article\" \/>\n<meta property=\"og:title\" content=\"AIR plafond med fl\u00e4kt - AnetaHome\" \/>\n<meta property=\"og:description\" content=\"Med den m\u00e5ngsidiga Air f\u00e5r du b\u00e5de en LED-plafond och en fl\u00e4kt, allt i en modern och avskalad design. Ett utm\u00e4rkt val f\u00f6r en funktionell belysning och en fr\u00e4schare inomhusmilj\u00f6 med god luftcirkulation. B\u00e5de belysningen och fl\u00e4kten \u00e4r enkel att reglera med den medf\u00f6ljande fj\u00e4rrkontrollen. Du kan dimma och justera f\u00e4rgtemperatur p\u00e5 ljuset, v\u00e4lj mellan ett varmvitt ljus upp till ett kallare bl\u00e5vitt. Fl\u00e4kten har sex olika hastigheter samt en praktisk sommar\/vinter (omv\u00e4nd) funktion.\" \/>\n<meta property=\"og:url\" content=\"https:\/\/anetahome.com\/se\/produkt\/air-plafond-med-flakt\/\" \/>\n<meta property=\"og:site_name\" content=\"AnetaHome\" \/>\n<meta property=\"article:modified_time\" content=\"2026-04-15T11:38:45+00:00\" \/>\n<meta property=\"og:image\" content=\"https:\/\/d34q21u9zm82v9.cloudfront.net\/wp-content\/uploads\/sites\/3\/2025\/05\/28040821\/iOAk4Vu6W35qOxA48lU9rIl7w-scaled.png\" \/>\n\t<meta property=\"og:image:width\" content=\"2560\" \/>\n\t<meta property=\"og:image:height\" content=\"1707\" \/>\n\t<meta property=\"og:image:type\" content=\"image\/png\" \/>\n<meta name=\"twitter:card\" content=\"summary_large_image\" \/>\n<script type=\"application\/ld+json\" class=\"yoast-schema-graph\">{\"@context\":\"https:\\\/\\\/schema.org\",\"@graph\":[{\"@type\":\"WebPage\",\"@id\":\"https:\\\/\\\/anetahome.com\\\/se\\\/produkt\\\/air-plafond-med-flakt\\\/\",\"url\":\"https:\\\/\\\/anetahome.com\\\/se\\\/produkt\\\/air-plafond-med-flakt\\\/\",\"name\":\"AIR plafond med fl\u00e4kt - AnetaHome\",\"isPartOf\":{\"@id\":\"https:\\\/\\\/anetahome.com\\\/se\\\/#website\"},\"primaryImageOfPage\":{\"@id\":\"https:\\\/\\\/anetahome.com\\\/se\\\/produkt\\\/air-plafond-med-flakt\\\/#primaryimage\"},\"image\":{\"@id\":\"https:\\\/\\\/anetahome.com\\\/se\\\/produkt\\\/air-plafond-med-flakt\\\/#primaryimage\"},\"thumbnailUrl\":\"https:\\\/\\\/d34q21u9zm82v9.cloudfront.net\\\/wp-content\\\/uploads\\\/sites\\\/3\\\/2025\\\/05\\\/28040821\\\/iOAk4Vu6W35qOxA48lU9rIl7w-scaled.png\",\"datePublished\":\"2025-05-28T02:08:18+00:00\",\"dateModified\":\"2026-04-15T11:38:45+00:00\",\"breadcrumb\":{\"@id\":\"https:\\\/\\\/anetahome.com\\\/se\\\/produkt\\\/air-plafond-med-flakt\\\/#breadcrumb\"},\"inLanguage\":\"sv-SE\",\"potentialAction\":[{\"@type\":\"ReadAction\",\"target\":[\"https:\\\/\\\/anetahome.com\\\/se\\\/produkt\\\/air-plafond-med-flakt\\\/\"]}]},{\"@type\":\"ImageObject\",\"inLanguage\":\"sv-SE\",\"@id\":\"https:\\\/\\\/anetahome.com\\\/se\\\/produkt\\\/air-plafond-med-flakt\\\/#primaryimage\",\"url\":\"https:\\\/\\\/d34q21u9zm82v9.cloudfront.net\\\/wp-content\\\/uploads\\\/sites\\\/3\\\/2025\\\/05\\\/28040821\\\/iOAk4Vu6W35qOxA48lU9rIl7w-scaled.png\",\"contentUrl\":\"https:\\\/\\\/d34q21u9zm82v9.cloudfront.net\\\/wp-content\\\/uploads\\\/sites\\\/3\\\/2025\\\/05\\\/28040821\\\/iOAk4Vu6W35qOxA48lU9rIl7w-scaled.png\",\"width\":2560,\"height\":1707},{\"@type\":\"BreadcrumbList\",\"@id\":\"https:\\\/\\\/anetahome.com\\\/se\\\/produkt\\\/air-plafond-med-flakt\\\/#breadcrumb\",\"itemListElement\":[{\"@type\":\"ListItem\",\"position\":1,\"name\":\"Forsiden\",\"item\":\"https:\\\/\\\/anetahome.com\\\/se\\\/\"},{\"@type\":\"ListItem\",\"position\":2,\"name\":\"Butik\",\"item\":\"https:\\\/\\\/anetahome.com\\\/se\\\/butik\\\/\"},{\"@type\":\"ListItem\",\"position\":3,\"name\":\"AIR plafond med fl\u00e4kt\"}]},{\"@type\":\"WebSite\",\"@id\":\"https:\\\/\\\/anetahome.com\\\/se\\\/#website\",\"url\":\"https:\\\/\\\/anetahome.com\\\/se\\\/\",\"name\":\"AnetaHome\",\"description\":\"Skandinavias ledende lampegrossist\",\"publisher\":{\"@id\":\"https:\\\/\\\/anetahome.com\\\/se\\\/#organization\"},\"potentialAction\":[{\"@type\":\"SearchAction\",\"target\":{\"@type\":\"EntryPoint\",\"urlTemplate\":\"https:\\\/\\\/anetahome.com\\\/se\\\/?s={search_term_string}\"},\"query-input\":{\"@type\":\"PropertyValueSpecification\",\"valueRequired\":true,\"valueName\":\"search_term_string\"}}],\"inLanguage\":\"sv-SE\"},{\"@type\":\"Organization\",\"@id\":\"https:\\\/\\\/anetahome.com\\\/se\\\/#organization\",\"name\":\"AnetaHome\",\"url\":\"https:\\\/\\\/anetahome.com\\\/se\\\/\",\"logo\":{\"@type\":\"ImageObject\",\"inLanguage\":\"sv-SE\",\"@id\":\"https:\\\/\\\/anetahome.com\\\/se\\\/#\\\/schema\\\/logo\\\/image\\\/\",\"url\":\"https:\\\/\\\/d34q21u9zm82v9.cloudfront.net\\\/wp-content\\\/uploads\\\/sites\\\/3\\\/2021\\\/08\\\/30123704\\\/ANETA-HOME-logo-1.svg\",\"contentUrl\":\"https:\\\/\\\/d34q21u9zm82v9.cloudfront.net\\\/wp-content\\\/uploads\\\/sites\\\/3\\\/2021\\\/08\\\/30123704\\\/ANETA-HOME-logo-1.svg\",\"width\":174,\"height\":71,\"caption\":\"AnetaHome\"},\"image\":{\"@id\":\"https:\\\/\\\/anetahome.com\\\/se\\\/#\\\/schema\\\/logo\\\/image\\\/\"}}]}<\/script>\n<!-- \/ Yoast SEO plugin. -->","yoast_head_json":{"title":"AIR plafond med fl\u00e4kt - AnetaHome","robots":{"index":"index","follow":"follow","max-snippet":"max-snippet:-1","max-image-preview":"max-image-preview:large","max-video-preview":"max-video-preview:-1"},"canonical":"https:\/\/anetahome.com\/se\/produkt\/air-plafond-med-flakt\/","og_locale":"sv_SE","og_type":"article","og_title":"AIR plafond med fl\u00e4kt - AnetaHome","og_description":"Med den m\u00e5ngsidiga Air f\u00e5r du b\u00e5de en LED-plafond och en fl\u00e4kt, allt i en modern och avskalad design. Ett utm\u00e4rkt val f\u00f6r en funktionell belysning och en fr\u00e4schare inomhusmilj\u00f6 med god luftcirkulation. B\u00e5de belysningen och fl\u00e4kten \u00e4r enkel att reglera med den medf\u00f6ljande fj\u00e4rrkontrollen. Du kan dimma och justera f\u00e4rgtemperatur p\u00e5 ljuset, v\u00e4lj mellan ett varmvitt ljus upp till ett kallare bl\u00e5vitt. Fl\u00e4kten har sex olika hastigheter samt en praktisk sommar\/vinter (omv\u00e4nd) funktion.","og_url":"https:\/\/anetahome.com\/se\/produkt\/air-plafond-med-flakt\/","og_site_name":"AnetaHome","article_modified_time":"2026-04-15T11:38:45+00:00","og_image":[{"width":2560,"height":1707,"url":"https:\/\/d34q21u9zm82v9.cloudfront.net\/wp-content\/uploads\/sites\/3\/2025\/05\/28040821\/iOAk4Vu6W35qOxA48lU9rIl7w-scaled.png","type":"image\/png"}],"twitter_card":"summary_large_image","schema":{"@context":"https:\/\/schema.org","@graph":[{"@type":"WebPage","@id":"https:\/\/anetahome.com\/se\/produkt\/air-plafond-med-flakt\/","url":"https:\/\/anetahome.com\/se\/produkt\/air-plafond-med-flakt\/","name":"AIR plafond med fl\u00e4kt - AnetaHome","isPartOf":{"@id":"https:\/\/anetahome.com\/se\/#website"},"primaryImageOfPage":{"@id":"https:\/\/anetahome.com\/se\/produkt\/air-plafond-med-flakt\/#primaryimage"},"image":{"@id":"https:\/\/anetahome.com\/se\/produkt\/air-plafond-med-flakt\/#primaryimage"},"thumbnailUrl":"https:\/\/d34q21u9zm82v9.cloudfront.net\/wp-content\/uploads\/sites\/3\/2025\/05\/28040821\/iOAk4Vu6W35qOxA48lU9rIl7w-scaled.png","datePublished":"2025-05-28T02:08:18+00:00","dateModified":"2026-04-15T11:38:45+00:00","breadcrumb":{"@id":"https:\/\/anetahome.com\/se\/produkt\/air-plafond-med-flakt\/#breadcrumb"},"inLanguage":"sv-SE","potentialAction":[{"@type":"ReadAction","target":["https:\/\/anetahome.com\/se\/produkt\/air-plafond-med-flakt\/"]}]},{"@type":"ImageObject","inLanguage":"sv-SE","@id":"https:\/\/anetahome.com\/se\/produkt\/air-plafond-med-flakt\/#primaryimage","url":"https:\/\/d34q21u9zm82v9.cloudfront.net\/wp-content\/uploads\/sites\/3\/2025\/05\/28040821\/iOAk4Vu6W35qOxA48lU9rIl7w-scaled.png","contentUrl":"https:\/\/d34q21u9zm82v9.cloudfront.net\/wp-content\/uploads\/sites\/3\/2025\/05\/28040821\/iOAk4Vu6W35qOxA48lU9rIl7w-scaled.png","width":2560,"height":1707},{"@type":"BreadcrumbList","@id":"https:\/\/anetahome.com\/se\/produkt\/air-plafond-med-flakt\/#breadcrumb","itemListElement":[{"@type":"ListItem","position":1,"name":"Forsiden","item":"https:\/\/anetahome.com\/se\/"},{"@type":"ListItem","position":2,"name":"Butik","item":"https:\/\/anetahome.com\/se\/butik\/"},{"@type":"ListItem","position":3,"name":"AIR plafond med fl\u00e4kt"}]},{"@type":"WebSite","@id":"https:\/\/anetahome.com\/se\/#website","url":"https:\/\/anetahome.com\/se\/","name":"AnetaHome","description":"Skandinavias ledende lampegrossist","publisher":{"@id":"https:\/\/anetahome.com\/se\/#organization"},"potentialAction":[{"@type":"SearchAction","target":{"@type":"EntryPoint","urlTemplate":"https:\/\/anetahome.com\/se\/?s={search_term_string}"},"query-input":{"@type":"PropertyValueSpecification","valueRequired":true,"valueName":"search_term_string"}}],"inLanguage":"sv-SE"},{"@type":"Organization","@id":"https:\/\/anetahome.com\/se\/#organization","name":"AnetaHome","url":"https:\/\/anetahome.com\/se\/","logo":{"@type":"ImageObject","inLanguage":"sv-SE","@id":"https:\/\/anetahome.com\/se\/#\/schema\/logo\/image\/","url":"https:\/\/d34q21u9zm82v9.cloudfront.net\/wp-content\/uploads\/sites\/3\/2021\/08\/30123704\/ANETA-HOME-logo-1.svg","contentUrl":"https:\/\/d34q21u9zm82v9.cloudfront.net\/wp-content\/uploads\/sites\/3\/2021\/08\/30123704\/ANETA-HOME-logo-1.svg","width":174,"height":71,"caption":"AnetaHome"},"image":{"@id":"https:\/\/anetahome.com\/se\/#\/schema\/logo\/image\/"}}]}},"_links":{"self":[{"href":"https:\/\/anetahome.com\/se\/wp-json\/wp\/v2\/product\/24908","targetHints":{"allow":["GET"]}}],"collection":[{"href":"https:\/\/anetahome.com\/se\/wp-json\/wp\/v2\/product"}],"about":[{"href":"https:\/\/anetahome.com\/se\/wp-json\/wp\/v2\/types\/product"}],"wp:featuredmedia":[{"embeddable":true,"href":"https:\/\/anetahome.com\/se\/wp-json\/wp\/v2\/media\/24909"}],"wp:attachment":[{"href":"https:\/\/anetahome.com\/se\/wp-json\/wp\/v2\/media?parent=24908"}],"wp:term":[{"taxonomy":"product_tag","embeddable":true,"href":"https:\/\/anetahome.com\/se\/wp-json\/wp\/v2\/product_tag?post=24908"},{"taxonomy":"product_brand","embeddable":true,"href":"https:\/\/anetahome.com\/se\/wp-json\/wp\/v2\/product_brand?post=24908"},{"taxonomy":"product_cat","embeddable":true,"href":"https:\/\/anetahome.com\/se\/wp-json\/wp\/v2\/product_cat?post=24908"}],"curies":[{"name":"wp","href":"https:\/\/api.w.org\/{rel}","templated":true}]}}