{"id":25468,"date":"2025-06-30T14:41:15","date_gmt":"2025-06-30T12:41:15","guid":{"rendered":"https:\/\/anetahome.com\/se\/produkt\/ljusdal-golvlampa-3-arm\/"},"modified":"2026-05-06T03:47:32","modified_gmt":"2026-05-06T01:47:32","slug":"ljusdal-golvlampa-3-arm-2","status":"publish","type":"product","link":"https:\/\/anetahome.com\/se\/produkt\/ljusdal-golvlampa-3-arm-2\/","title":{"rendered":"LJUSDAL golvlampa 3-arm"},"content":{"rendered":"<p>Ljusdal golvlampa i svart metall med matta m\u00e4ssingsdetaljer fungerar med sina tre justerbara armar utm\u00e4rkt som l\u00e4slampa. Med str\u00f6mbrytare l\u00e4tt\u00e5tkomligt placerade p\u00e5 varje lamphuvud. Komplettera med n\u00e5gra snygga sk\u00e4rmar f\u00f6r att skapa den perfekta belysningen f\u00f6r just ditt hem; sk\u00e4rmar i serien Ljusdal och Futura kan rekommenderas.<\/p>\n<p>Obs! Sk\u00e4rmar s\u00e4ljs separat.<\/p>\n","protected":false},"excerpt":{"rendered":"<p>Ljusdal golvlampa i svart metall med matta m\u00e4ssingsdetaljer fungerar med sina tre justerbara armar utm\u00e4rkt som l\u00e4slampa. Med str\u00f6mbrytare l\u00e4tt\u00e5tkomligt placerade p\u00e5 varje lamphuvud. Komplettera med n\u00e5gra snygga sk\u00e4rmar f\u00f6r att skapa den perfekta belysningen f\u00f6r just ditt hem; sk\u00e4rmar i serien Ljusdal och Futura kan rekommenderas.<\/p>\n<p>Obs! Sk\u00e4rmar s\u00e4ljs separat.<\/p>\n","protected":false},"featured_media":22693,"template":"","meta":{"_acf_changed":false,"inline_featured_image":false},"product_tag":[],"product_brand":[],"product_cat":[8960],"class_list":{"0":"post-25468","1":"product","2":"type-product","3":"status-publish","4":"has-post-thumbnail","6":"product_cat-golvlampor","8":"first","9":"instock","10":"taxable","11":"shipping-taxable","12":"product-type-simple"},"acf":[],"yoast_head":"<!-- This site is optimized with the Yoast SEO plugin v27.5 - https:\/\/yoast.com\/product\/yoast-seo-wordpress\/ -->\n<title>LJUSDAL golvlampa 3-arm - AnetaHome<\/title>\n<meta name=\"robots\" content=\"index, follow, max-snippet:-1, max-image-preview:large, max-video-preview:-1\" \/>\n<link rel=\"canonical\" href=\"https:\/\/anetahome.com\/se\/produkt\/ljusdal-golvlampa-3-arm-2\/\" \/>\n<meta property=\"og:locale\" content=\"sv_SE\" \/>\n<meta property=\"og:type\" content=\"article\" \/>\n<meta property=\"og:title\" content=\"LJUSDAL golvlampa 3-arm - AnetaHome\" \/>\n<meta property=\"og:description\" content=\"Ljusdal golvlampa i svart metall med matta m\u00e4ssingsdetaljer fungerar med sina tre justerbara armar utm\u00e4rkt som l\u00e4slampa. Med str\u00f6mbrytare l\u00e4tt\u00e5tkomligt placerade p\u00e5 varje lamphuvud. Komplettera med n\u00e5gra snygga sk\u00e4rmar f\u00f6r att skapa den perfekta belysningen f\u00f6r just ditt hem; sk\u00e4rmar i serien Ljusdal och Futura kan rekommenderas. Obs! Sk\u00e4rmar s\u00e4ljs separat.\" \/>\n<meta property=\"og:url\" content=\"https:\/\/anetahome.com\/se\/produkt\/ljusdal-golvlampa-3-arm-2\/\" \/>\n<meta property=\"og:site_name\" content=\"AnetaHome\" \/>\n<meta property=\"article:modified_time\" content=\"2026-05-06T01:47:32+00:00\" \/>\n<meta property=\"og:image\" content=\"https:\/\/d34q21u9zm82v9.cloudfront.net\/wp-content\/uploads\/sites\/3\/2022\/01\/22035508\/ZKCIzkQLKOvWP0tPEGX9GMdY8-scaled.png\" \/>\n\t<meta property=\"og:image:width\" content=\"1707\" \/>\n\t<meta property=\"og:image:height\" content=\"2560\" \/>\n\t<meta property=\"og:image:type\" content=\"image\/png\" \/>\n<meta name=\"twitter:card\" content=\"summary_large_image\" \/>\n<script type=\"application\/ld+json\" class=\"yoast-schema-graph\">{\"@context\":\"https:\\\/\\\/schema.org\",\"@graph\":[{\"@type\":\"WebPage\",\"@id\":\"https:\\\/\\\/anetahome.com\\\/se\\\/produkt\\\/ljusdal-golvlampa-3-arm-2\\\/\",\"url\":\"https:\\\/\\\/anetahome.com\\\/se\\\/produkt\\\/ljusdal-golvlampa-3-arm-2\\\/\",\"name\":\"LJUSDAL golvlampa 3-arm - AnetaHome\",\"isPartOf\":{\"@id\":\"https:\\\/\\\/anetahome.com\\\/se\\\/#website\"},\"primaryImageOfPage\":{\"@id\":\"https:\\\/\\\/anetahome.com\\\/se\\\/produkt\\\/ljusdal-golvlampa-3-arm-2\\\/#primaryimage\"},\"image\":{\"@id\":\"https:\\\/\\\/anetahome.com\\\/se\\\/produkt\\\/ljusdal-golvlampa-3-arm-2\\\/#primaryimage\"},\"thumbnailUrl\":\"https:\\\/\\\/d34q21u9zm82v9.cloudfront.net\\\/wp-content\\\/uploads\\\/sites\\\/3\\\/2022\\\/01\\\/22035508\\\/ZKCIzkQLKOvWP0tPEGX9GMdY8-scaled.png\",\"datePublished\":\"2025-06-30T12:41:15+00:00\",\"dateModified\":\"2026-05-06T01:47:32+00:00\",\"breadcrumb\":{\"@id\":\"https:\\\/\\\/anetahome.com\\\/se\\\/produkt\\\/ljusdal-golvlampa-3-arm-2\\\/#breadcrumb\"},\"inLanguage\":\"sv-SE\",\"potentialAction\":[{\"@type\":\"ReadAction\",\"target\":[\"https:\\\/\\\/anetahome.com\\\/se\\\/produkt\\\/ljusdal-golvlampa-3-arm-2\\\/\"]}]},{\"@type\":\"ImageObject\",\"inLanguage\":\"sv-SE\",\"@id\":\"https:\\\/\\\/anetahome.com\\\/se\\\/produkt\\\/ljusdal-golvlampa-3-arm-2\\\/#primaryimage\",\"url\":\"https:\\\/\\\/d34q21u9zm82v9.cloudfront.net\\\/wp-content\\\/uploads\\\/sites\\\/3\\\/2022\\\/01\\\/22035508\\\/ZKCIzkQLKOvWP0tPEGX9GMdY8-scaled.png\",\"contentUrl\":\"https:\\\/\\\/d34q21u9zm82v9.cloudfront.net\\\/wp-content\\\/uploads\\\/sites\\\/3\\\/2022\\\/01\\\/22035508\\\/ZKCIzkQLKOvWP0tPEGX9GMdY8-scaled.png\",\"width\":1707,\"height\":2560},{\"@type\":\"BreadcrumbList\",\"@id\":\"https:\\\/\\\/anetahome.com\\\/se\\\/produkt\\\/ljusdal-golvlampa-3-arm-2\\\/#breadcrumb\",\"itemListElement\":[{\"@type\":\"ListItem\",\"position\":1,\"name\":\"Forsiden\",\"item\":\"https:\\\/\\\/anetahome.com\\\/se\\\/\"},{\"@type\":\"ListItem\",\"position\":2,\"name\":\"Butik\",\"item\":\"https:\\\/\\\/anetahome.com\\\/se\\\/butik\\\/\"},{\"@type\":\"ListItem\",\"position\":3,\"name\":\"LJUSDAL golvlampa 3-arm\"}]},{\"@type\":\"WebSite\",\"@id\":\"https:\\\/\\\/anetahome.com\\\/se\\\/#website\",\"url\":\"https:\\\/\\\/anetahome.com\\\/se\\\/\",\"name\":\"AnetaHome\",\"description\":\"Skandinavias ledende lampegrossist\",\"publisher\":{\"@id\":\"https:\\\/\\\/anetahome.com\\\/se\\\/#organization\"},\"potentialAction\":[{\"@type\":\"SearchAction\",\"target\":{\"@type\":\"EntryPoint\",\"urlTemplate\":\"https:\\\/\\\/anetahome.com\\\/se\\\/?s={search_term_string}\"},\"query-input\":{\"@type\":\"PropertyValueSpecification\",\"valueRequired\":true,\"valueName\":\"search_term_string\"}}],\"inLanguage\":\"sv-SE\"},{\"@type\":\"Organization\",\"@id\":\"https:\\\/\\\/anetahome.com\\\/se\\\/#organization\",\"name\":\"AnetaHome\",\"url\":\"https:\\\/\\\/anetahome.com\\\/se\\\/\",\"logo\":{\"@type\":\"ImageObject\",\"inLanguage\":\"sv-SE\",\"@id\":\"https:\\\/\\\/anetahome.com\\\/se\\\/#\\\/schema\\\/logo\\\/image\\\/\",\"url\":\"https:\\\/\\\/d34q21u9zm82v9.cloudfront.net\\\/wp-content\\\/uploads\\\/sites\\\/3\\\/2021\\\/08\\\/30123704\\\/ANETA-HOME-logo-1.svg\",\"contentUrl\":\"https:\\\/\\\/d34q21u9zm82v9.cloudfront.net\\\/wp-content\\\/uploads\\\/sites\\\/3\\\/2021\\\/08\\\/30123704\\\/ANETA-HOME-logo-1.svg\",\"width\":174,\"height\":71,\"caption\":\"AnetaHome\"},\"image\":{\"@id\":\"https:\\\/\\\/anetahome.com\\\/se\\\/#\\\/schema\\\/logo\\\/image\\\/\"}}]}<\/script>\n<!-- \/ Yoast SEO plugin. -->","yoast_head_json":{"title":"LJUSDAL golvlampa 3-arm - AnetaHome","robots":{"index":"index","follow":"follow","max-snippet":"max-snippet:-1","max-image-preview":"max-image-preview:large","max-video-preview":"max-video-preview:-1"},"canonical":"https:\/\/anetahome.com\/se\/produkt\/ljusdal-golvlampa-3-arm-2\/","og_locale":"sv_SE","og_type":"article","og_title":"LJUSDAL golvlampa 3-arm - AnetaHome","og_description":"Ljusdal golvlampa i svart metall med matta m\u00e4ssingsdetaljer fungerar med sina tre justerbara armar utm\u00e4rkt som l\u00e4slampa. Med str\u00f6mbrytare l\u00e4tt\u00e5tkomligt placerade p\u00e5 varje lamphuvud. Komplettera med n\u00e5gra snygga sk\u00e4rmar f\u00f6r att skapa den perfekta belysningen f\u00f6r just ditt hem; sk\u00e4rmar i serien Ljusdal och Futura kan rekommenderas. Obs! Sk\u00e4rmar s\u00e4ljs separat.","og_url":"https:\/\/anetahome.com\/se\/produkt\/ljusdal-golvlampa-3-arm-2\/","og_site_name":"AnetaHome","article_modified_time":"2026-05-06T01:47:32+00:00","og_image":[{"width":1707,"height":2560,"url":"https:\/\/d34q21u9zm82v9.cloudfront.net\/wp-content\/uploads\/sites\/3\/2022\/01\/22035508\/ZKCIzkQLKOvWP0tPEGX9GMdY8-scaled.png","type":"image\/png"}],"twitter_card":"summary_large_image","schema":{"@context":"https:\/\/schema.org","@graph":[{"@type":"WebPage","@id":"https:\/\/anetahome.com\/se\/produkt\/ljusdal-golvlampa-3-arm-2\/","url":"https:\/\/anetahome.com\/se\/produkt\/ljusdal-golvlampa-3-arm-2\/","name":"LJUSDAL golvlampa 3-arm - AnetaHome","isPartOf":{"@id":"https:\/\/anetahome.com\/se\/#website"},"primaryImageOfPage":{"@id":"https:\/\/anetahome.com\/se\/produkt\/ljusdal-golvlampa-3-arm-2\/#primaryimage"},"image":{"@id":"https:\/\/anetahome.com\/se\/produkt\/ljusdal-golvlampa-3-arm-2\/#primaryimage"},"thumbnailUrl":"https:\/\/d34q21u9zm82v9.cloudfront.net\/wp-content\/uploads\/sites\/3\/2022\/01\/22035508\/ZKCIzkQLKOvWP0tPEGX9GMdY8-scaled.png","datePublished":"2025-06-30T12:41:15+00:00","dateModified":"2026-05-06T01:47:32+00:00","breadcrumb":{"@id":"https:\/\/anetahome.com\/se\/produkt\/ljusdal-golvlampa-3-arm-2\/#breadcrumb"},"inLanguage":"sv-SE","potentialAction":[{"@type":"ReadAction","target":["https:\/\/anetahome.com\/se\/produkt\/ljusdal-golvlampa-3-arm-2\/"]}]},{"@type":"ImageObject","inLanguage":"sv-SE","@id":"https:\/\/anetahome.com\/se\/produkt\/ljusdal-golvlampa-3-arm-2\/#primaryimage","url":"https:\/\/d34q21u9zm82v9.cloudfront.net\/wp-content\/uploads\/sites\/3\/2022\/01\/22035508\/ZKCIzkQLKOvWP0tPEGX9GMdY8-scaled.png","contentUrl":"https:\/\/d34q21u9zm82v9.cloudfront.net\/wp-content\/uploads\/sites\/3\/2022\/01\/22035508\/ZKCIzkQLKOvWP0tPEGX9GMdY8-scaled.png","width":1707,"height":2560},{"@type":"BreadcrumbList","@id":"https:\/\/anetahome.com\/se\/produkt\/ljusdal-golvlampa-3-arm-2\/#breadcrumb","itemListElement":[{"@type":"ListItem","position":1,"name":"Forsiden","item":"https:\/\/anetahome.com\/se\/"},{"@type":"ListItem","position":2,"name":"Butik","item":"https:\/\/anetahome.com\/se\/butik\/"},{"@type":"ListItem","position":3,"name":"LJUSDAL golvlampa 3-arm"}]},{"@type":"WebSite","@id":"https:\/\/anetahome.com\/se\/#website","url":"https:\/\/anetahome.com\/se\/","name":"AnetaHome","description":"Skandinavias ledende lampegrossist","publisher":{"@id":"https:\/\/anetahome.com\/se\/#organization"},"potentialAction":[{"@type":"SearchAction","target":{"@type":"EntryPoint","urlTemplate":"https:\/\/anetahome.com\/se\/?s={search_term_string}"},"query-input":{"@type":"PropertyValueSpecification","valueRequired":true,"valueName":"search_term_string"}}],"inLanguage":"sv-SE"},{"@type":"Organization","@id":"https:\/\/anetahome.com\/se\/#organization","name":"AnetaHome","url":"https:\/\/anetahome.com\/se\/","logo":{"@type":"ImageObject","inLanguage":"sv-SE","@id":"https:\/\/anetahome.com\/se\/#\/schema\/logo\/image\/","url":"https:\/\/d34q21u9zm82v9.cloudfront.net\/wp-content\/uploads\/sites\/3\/2021\/08\/30123704\/ANETA-HOME-logo-1.svg","contentUrl":"https:\/\/d34q21u9zm82v9.cloudfront.net\/wp-content\/uploads\/sites\/3\/2021\/08\/30123704\/ANETA-HOME-logo-1.svg","width":174,"height":71,"caption":"AnetaHome"},"image":{"@id":"https:\/\/anetahome.com\/se\/#\/schema\/logo\/image\/"}}]}},"_links":{"self":[{"href":"https:\/\/anetahome.com\/se\/wp-json\/wp\/v2\/product\/25468","targetHints":{"allow":["GET"]}}],"collection":[{"href":"https:\/\/anetahome.com\/se\/wp-json\/wp\/v2\/product"}],"about":[{"href":"https:\/\/anetahome.com\/se\/wp-json\/wp\/v2\/types\/product"}],"wp:featuredmedia":[{"embeddable":true,"href":"https:\/\/anetahome.com\/se\/wp-json\/wp\/v2\/media\/22693"}],"wp:attachment":[{"href":"https:\/\/anetahome.com\/se\/wp-json\/wp\/v2\/media?parent=25468"}],"wp:term":[{"taxonomy":"product_tag","embeddable":true,"href":"https:\/\/anetahome.com\/se\/wp-json\/wp\/v2\/product_tag?post=25468"},{"taxonomy":"product_brand","embeddable":true,"href":"https:\/\/anetahome.com\/se\/wp-json\/wp\/v2\/product_brand?post=25468"},{"taxonomy":"product_cat","embeddable":true,"href":"https:\/\/anetahome.com\/se\/wp-json\/wp\/v2\/product_cat?post=25468"}],"curies":[{"name":"wp","href":"https:\/\/api.w.org\/{rel}","templated":true}]}}