{"id":27110,"date":"2025-12-13T02:47:41","date_gmt":"2025-12-13T01:47:41","guid":{"rendered":"https:\/\/anetahome.com\/se\/produkt\/trackline-tube-3-set\/"},"modified":"2026-02-21T02:47:35","modified_gmt":"2026-02-21T01:47:35","slug":"trackline-tube-3-set","status":"publish","type":"product","link":"https:\/\/anetahome.com\/se\/produkt\/trackline-tube-3-set\/","title":{"rendered":"TRACKLINE Tube 3-set"},"content":{"rendered":"<p>Aneta Lighting TRACKLINE Tube, 3-set skena vit. Trackline skensystem fr\u00e5n Aneta Lighting anpassas och monteras efter \u00f6nskem\u00e5l och behov. Skenorna kan sammanfogas i rad eller kapas till \u00f6nskad l\u00e4ngd. Skenorna kopplas samman med en rak, vinklad h\u00f6ger, vinklad v\u00e4nster, T-skarv eller flexibel skarv. Anslut str\u00f6mmen antingen i slutet av skenan eller mellan skenorna med en central anslutning. Avsluta skenraden med ett \u00e4ndstycke. S\u00e4tt in spotlights p\u00e5 skenan efter behov och justera ljusets riktning. Trackline skensystem fr\u00e5n Aneta Lighting har spotlights som passar de flesta. Oavsett om det ska vara ett traditionellt spothuvud med GU10 sockel f\u00f6r valfri ljusk\u00e4lla eller spothuvuden med integrerade dimbara LED -ljusk\u00e4llor. Wireupph\u00e4ngningen anv\u00e4nds f\u00f6r att h\u00e4nga skenor i taket.<\/p>\n","protected":false},"excerpt":{"rendered":"<p>Aneta Lighting TRACKLINE Tube, 3-set skena vit. Trackline skensystem fr\u00e5n Aneta Lighting anpassas och monteras efter \u00f6nskem\u00e5l och behov. Skenorna kan sammanfogas i rad eller kapas till \u00f6nskad l\u00e4ngd. Skenorna kopplas samman med en rak, vinklad h\u00f6ger, vinklad v\u00e4nster, T-skarv eller flexibel skarv. Anslut str\u00f6mmen antingen i slutet av skenan eller mellan skenorna med en central anslutning. Avsluta skenraden med ett \u00e4ndstycke. S\u00e4tt in spotlights p\u00e5 skenan efter behov och justera ljusets riktning. Trackline skensystem fr\u00e5n Aneta Lighting har spotlights som passar de flesta. Oavsett om det ska vara ett traditionellt spothuvud med GU10 sockel f\u00f6r valfri ljusk\u00e4lla eller spothuvuden med integrerade dimbara LED -ljusk\u00e4llor. Wireupph\u00e4ngningen anv\u00e4nds f\u00f6r att h\u00e4nga skenor i taket.<\/p>\n","protected":false},"featured_media":22835,"template":"","meta":{"_acf_changed":false,"inline_featured_image":false},"product_tag":[9052],"product_brand":[],"product_cat":[8984],"class_list":{"0":"post-27110","1":"product","2":"type-product","3":"status-publish","4":"has-post-thumbnail","6":"product_tag-outlet","7":"product_cat-skensystem","9":"first","10":"onbackorder","11":"taxable","12":"shipping-taxable","13":"product-type-simple"},"acf":[],"yoast_head":"<!-- This site is optimized with the Yoast SEO plugin v27.3 - https:\/\/yoast.com\/product\/yoast-seo-wordpress\/ -->\n<title>TRACKLINE Tube 3-set - AnetaHome<\/title>\n<meta name=\"robots\" content=\"index, follow, max-snippet:-1, max-image-preview:large, max-video-preview:-1\" \/>\n<link rel=\"canonical\" href=\"https:\/\/anetahome.com\/se\/produkt\/trackline-tube-3-set\/\" \/>\n<meta property=\"og:locale\" content=\"sv_SE\" \/>\n<meta property=\"og:type\" content=\"article\" \/>\n<meta property=\"og:title\" content=\"TRACKLINE Tube 3-set - AnetaHome\" \/>\n<meta property=\"og:description\" content=\"Aneta Lighting TRACKLINE Tube, 3-set skena vit. Trackline skensystem fr\u00e5n Aneta Lighting anpassas och monteras efter \u00f6nskem\u00e5l och behov. Skenorna kan sammanfogas i rad eller kapas till \u00f6nskad l\u00e4ngd. Skenorna kopplas samman med en rak, vinklad h\u00f6ger, vinklad v\u00e4nster, T-skarv eller flexibel skarv. Anslut str\u00f6mmen antingen i slutet av skenan eller mellan skenorna med en central anslutning. Avsluta skenraden med ett \u00e4ndstycke. S\u00e4tt in spotlights p\u00e5 skenan efter behov och justera ljusets riktning. Trackline skensystem fr\u00e5n Aneta Lighting har spotlights som passar de flesta. Oavsett om det ska vara ett traditionellt spothuvud med GU10 sockel f\u00f6r valfri ljusk\u00e4lla eller spothuvuden med integrerade dimbara LED -ljusk\u00e4llor. Wireupph\u00e4ngningen anv\u00e4nds f\u00f6r att h\u00e4nga skenor i taket.\" \/>\n<meta property=\"og:url\" content=\"https:\/\/anetahome.com\/se\/produkt\/trackline-tube-3-set\/\" \/>\n<meta property=\"og:site_name\" content=\"AnetaHome\" \/>\n<meta property=\"article:modified_time\" content=\"2026-02-21T01:47:35+00:00\" \/>\n<meta name=\"twitter:card\" content=\"summary_large_image\" \/>\n<meta name=\"twitter:label1\" content=\"Ber\u00e4knad l\u00e4stid\" \/>\n\t<meta name=\"twitter:data1\" content=\"1 minut\" \/>\n<script type=\"application\/ld+json\" class=\"yoast-schema-graph\">{\"@context\":\"https:\\\/\\\/schema.org\",\"@graph\":[{\"@type\":\"WebPage\",\"@id\":\"https:\\\/\\\/anetahome.com\\\/se\\\/produkt\\\/trackline-tube-3-set\\\/\",\"url\":\"https:\\\/\\\/anetahome.com\\\/se\\\/produkt\\\/trackline-tube-3-set\\\/\",\"name\":\"TRACKLINE Tube 3-set - AnetaHome\",\"isPartOf\":{\"@id\":\"https:\\\/\\\/anetahome.com\\\/se\\\/#website\"},\"primaryImageOfPage\":{\"@id\":\"https:\\\/\\\/anetahome.com\\\/se\\\/produkt\\\/trackline-tube-3-set\\\/#primaryimage\"},\"image\":{\"@id\":\"https:\\\/\\\/anetahome.com\\\/se\\\/produkt\\\/trackline-tube-3-set\\\/#primaryimage\"},\"thumbnailUrl\":\"https:\\\/\\\/d34q21u9zm82v9.cloudfront.net\\\/wp-content\\\/uploads\\\/sites\\\/3\\\/2022\\\/01\\\/30025115\\\/LqpXRCDTdYsf0C6o2Zyxu2Dho-scaled.png\",\"datePublished\":\"2025-12-13T01:47:41+00:00\",\"dateModified\":\"2026-02-21T01:47:35+00:00\",\"breadcrumb\":{\"@id\":\"https:\\\/\\\/anetahome.com\\\/se\\\/produkt\\\/trackline-tube-3-set\\\/#breadcrumb\"},\"inLanguage\":\"sv-SE\",\"potentialAction\":[{\"@type\":\"ReadAction\",\"target\":[\"https:\\\/\\\/anetahome.com\\\/se\\\/produkt\\\/trackline-tube-3-set\\\/\"]}]},{\"@type\":\"ImageObject\",\"inLanguage\":\"sv-SE\",\"@id\":\"https:\\\/\\\/anetahome.com\\\/se\\\/produkt\\\/trackline-tube-3-set\\\/#primaryimage\",\"url\":\"https:\\\/\\\/d34q21u9zm82v9.cloudfront.net\\\/wp-content\\\/uploads\\\/sites\\\/3\\\/2022\\\/01\\\/30025115\\\/LqpXRCDTdYsf0C6o2Zyxu2Dho-scaled.png\",\"contentUrl\":\"https:\\\/\\\/d34q21u9zm82v9.cloudfront.net\\\/wp-content\\\/uploads\\\/sites\\\/3\\\/2022\\\/01\\\/30025115\\\/LqpXRCDTdYsf0C6o2Zyxu2Dho-scaled.png\",\"width\":2560,\"height\":1707},{\"@type\":\"BreadcrumbList\",\"@id\":\"https:\\\/\\\/anetahome.com\\\/se\\\/produkt\\\/trackline-tube-3-set\\\/#breadcrumb\",\"itemListElement\":[{\"@type\":\"ListItem\",\"position\":1,\"name\":\"Forsiden\",\"item\":\"https:\\\/\\\/anetahome.com\\\/se\\\/\"},{\"@type\":\"ListItem\",\"position\":2,\"name\":\"Butik\",\"item\":\"https:\\\/\\\/anetahome.com\\\/se\\\/butik\\\/\"},{\"@type\":\"ListItem\",\"position\":3,\"name\":\"TRACKLINE Tube 3-set\"}]},{\"@type\":\"WebSite\",\"@id\":\"https:\\\/\\\/anetahome.com\\\/se\\\/#website\",\"url\":\"https:\\\/\\\/anetahome.com\\\/se\\\/\",\"name\":\"AnetaHome\",\"description\":\"Skandinavias ledende lampegrossist\",\"publisher\":{\"@id\":\"https:\\\/\\\/anetahome.com\\\/se\\\/#organization\"},\"potentialAction\":[{\"@type\":\"SearchAction\",\"target\":{\"@type\":\"EntryPoint\",\"urlTemplate\":\"https:\\\/\\\/anetahome.com\\\/se\\\/?s={search_term_string}\"},\"query-input\":{\"@type\":\"PropertyValueSpecification\",\"valueRequired\":true,\"valueName\":\"search_term_string\"}}],\"inLanguage\":\"sv-SE\"},{\"@type\":\"Organization\",\"@id\":\"https:\\\/\\\/anetahome.com\\\/se\\\/#organization\",\"name\":\"AnetaHome\",\"url\":\"https:\\\/\\\/anetahome.com\\\/se\\\/\",\"logo\":{\"@type\":\"ImageObject\",\"inLanguage\":\"sv-SE\",\"@id\":\"https:\\\/\\\/anetahome.com\\\/se\\\/#\\\/schema\\\/logo\\\/image\\\/\",\"url\":\"https:\\\/\\\/d34q21u9zm82v9.cloudfront.net\\\/wp-content\\\/uploads\\\/sites\\\/3\\\/2021\\\/08\\\/30123704\\\/ANETA-HOME-logo-1.svg\",\"contentUrl\":\"https:\\\/\\\/d34q21u9zm82v9.cloudfront.net\\\/wp-content\\\/uploads\\\/sites\\\/3\\\/2021\\\/08\\\/30123704\\\/ANETA-HOME-logo-1.svg\",\"width\":174,\"height\":71,\"caption\":\"AnetaHome\"},\"image\":{\"@id\":\"https:\\\/\\\/anetahome.com\\\/se\\\/#\\\/schema\\\/logo\\\/image\\\/\"}}]}<\/script>\n<!-- \/ Yoast SEO plugin. -->","yoast_head_json":{"title":"TRACKLINE Tube 3-set - AnetaHome","robots":{"index":"index","follow":"follow","max-snippet":"max-snippet:-1","max-image-preview":"max-image-preview:large","max-video-preview":"max-video-preview:-1"},"canonical":"https:\/\/anetahome.com\/se\/produkt\/trackline-tube-3-set\/","og_locale":"sv_SE","og_type":"article","og_title":"TRACKLINE Tube 3-set - AnetaHome","og_description":"Aneta Lighting TRACKLINE Tube, 3-set skena vit. Trackline skensystem fr\u00e5n Aneta Lighting anpassas och monteras efter \u00f6nskem\u00e5l och behov. Skenorna kan sammanfogas i rad eller kapas till \u00f6nskad l\u00e4ngd. Skenorna kopplas samman med en rak, vinklad h\u00f6ger, vinklad v\u00e4nster, T-skarv eller flexibel skarv. Anslut str\u00f6mmen antingen i slutet av skenan eller mellan skenorna med en central anslutning. Avsluta skenraden med ett \u00e4ndstycke. S\u00e4tt in spotlights p\u00e5 skenan efter behov och justera ljusets riktning. Trackline skensystem fr\u00e5n Aneta Lighting har spotlights som passar de flesta. Oavsett om det ska vara ett traditionellt spothuvud med GU10 sockel f\u00f6r valfri ljusk\u00e4lla eller spothuvuden med integrerade dimbara LED -ljusk\u00e4llor. Wireupph\u00e4ngningen anv\u00e4nds f\u00f6r att h\u00e4nga skenor i taket.","og_url":"https:\/\/anetahome.com\/se\/produkt\/trackline-tube-3-set\/","og_site_name":"AnetaHome","article_modified_time":"2026-02-21T01:47:35+00:00","twitter_card":"summary_large_image","twitter_misc":{"Ber\u00e4knad l\u00e4stid":"1 minut"},"schema":{"@context":"https:\/\/schema.org","@graph":[{"@type":"WebPage","@id":"https:\/\/anetahome.com\/se\/produkt\/trackline-tube-3-set\/","url":"https:\/\/anetahome.com\/se\/produkt\/trackline-tube-3-set\/","name":"TRACKLINE Tube 3-set - AnetaHome","isPartOf":{"@id":"https:\/\/anetahome.com\/se\/#website"},"primaryImageOfPage":{"@id":"https:\/\/anetahome.com\/se\/produkt\/trackline-tube-3-set\/#primaryimage"},"image":{"@id":"https:\/\/anetahome.com\/se\/produkt\/trackline-tube-3-set\/#primaryimage"},"thumbnailUrl":"https:\/\/d34q21u9zm82v9.cloudfront.net\/wp-content\/uploads\/sites\/3\/2022\/01\/30025115\/LqpXRCDTdYsf0C6o2Zyxu2Dho-scaled.png","datePublished":"2025-12-13T01:47:41+00:00","dateModified":"2026-02-21T01:47:35+00:00","breadcrumb":{"@id":"https:\/\/anetahome.com\/se\/produkt\/trackline-tube-3-set\/#breadcrumb"},"inLanguage":"sv-SE","potentialAction":[{"@type":"ReadAction","target":["https:\/\/anetahome.com\/se\/produkt\/trackline-tube-3-set\/"]}]},{"@type":"ImageObject","inLanguage":"sv-SE","@id":"https:\/\/anetahome.com\/se\/produkt\/trackline-tube-3-set\/#primaryimage","url":"https:\/\/d34q21u9zm82v9.cloudfront.net\/wp-content\/uploads\/sites\/3\/2022\/01\/30025115\/LqpXRCDTdYsf0C6o2Zyxu2Dho-scaled.png","contentUrl":"https:\/\/d34q21u9zm82v9.cloudfront.net\/wp-content\/uploads\/sites\/3\/2022\/01\/30025115\/LqpXRCDTdYsf0C6o2Zyxu2Dho-scaled.png","width":2560,"height":1707},{"@type":"BreadcrumbList","@id":"https:\/\/anetahome.com\/se\/produkt\/trackline-tube-3-set\/#breadcrumb","itemListElement":[{"@type":"ListItem","position":1,"name":"Forsiden","item":"https:\/\/anetahome.com\/se\/"},{"@type":"ListItem","position":2,"name":"Butik","item":"https:\/\/anetahome.com\/se\/butik\/"},{"@type":"ListItem","position":3,"name":"TRACKLINE Tube 3-set"}]},{"@type":"WebSite","@id":"https:\/\/anetahome.com\/se\/#website","url":"https:\/\/anetahome.com\/se\/","name":"AnetaHome","description":"Skandinavias ledende lampegrossist","publisher":{"@id":"https:\/\/anetahome.com\/se\/#organization"},"potentialAction":[{"@type":"SearchAction","target":{"@type":"EntryPoint","urlTemplate":"https:\/\/anetahome.com\/se\/?s={search_term_string}"},"query-input":{"@type":"PropertyValueSpecification","valueRequired":true,"valueName":"search_term_string"}}],"inLanguage":"sv-SE"},{"@type":"Organization","@id":"https:\/\/anetahome.com\/se\/#organization","name":"AnetaHome","url":"https:\/\/anetahome.com\/se\/","logo":{"@type":"ImageObject","inLanguage":"sv-SE","@id":"https:\/\/anetahome.com\/se\/#\/schema\/logo\/image\/","url":"https:\/\/d34q21u9zm82v9.cloudfront.net\/wp-content\/uploads\/sites\/3\/2021\/08\/30123704\/ANETA-HOME-logo-1.svg","contentUrl":"https:\/\/d34q21u9zm82v9.cloudfront.net\/wp-content\/uploads\/sites\/3\/2021\/08\/30123704\/ANETA-HOME-logo-1.svg","width":174,"height":71,"caption":"AnetaHome"},"image":{"@id":"https:\/\/anetahome.com\/se\/#\/schema\/logo\/image\/"}}]}},"_links":{"self":[{"href":"https:\/\/anetahome.com\/se\/wp-json\/wp\/v2\/product\/27110","targetHints":{"allow":["GET"]}}],"collection":[{"href":"https:\/\/anetahome.com\/se\/wp-json\/wp\/v2\/product"}],"about":[{"href":"https:\/\/anetahome.com\/se\/wp-json\/wp\/v2\/types\/product"}],"wp:featuredmedia":[{"embeddable":true,"href":"https:\/\/anetahome.com\/se\/wp-json\/wp\/v2\/media\/22835"}],"wp:attachment":[{"href":"https:\/\/anetahome.com\/se\/wp-json\/wp\/v2\/media?parent=27110"}],"wp:term":[{"taxonomy":"product_tag","embeddable":true,"href":"https:\/\/anetahome.com\/se\/wp-json\/wp\/v2\/product_tag?post=27110"},{"taxonomy":"product_brand","embeddable":true,"href":"https:\/\/anetahome.com\/se\/wp-json\/wp\/v2\/product_brand?post=27110"},{"taxonomy":"product_cat","embeddable":true,"href":"https:\/\/anetahome.com\/se\/wp-json\/wp\/v2\/product_cat?post=27110"}],"curies":[{"name":"wp","href":"https:\/\/api.w.org\/{rel}","templated":true}]}}