{"id":27223,"date":"2026-01-06T02:45:27","date_gmt":"2026-01-06T01:45:27","guid":{"rendered":"https:\/\/anetahome.com\/se\/produkt\/torino-spegelbelysning\/"},"modified":"2026-02-25T02:44:36","modified_gmt":"2026-02-25T01:44:36","slug":"torino-spegelbelysning","status":"publish","type":"product","link":"https:\/\/anetahome.com\/se\/produkt\/torino-spegelbelysning\/","title":{"rendered":"TORINO spegelbelysning"},"content":{"rendered":"<p>Torino krom, spegelbelysning f\u00f6r badrum. Lampans huvudmaterial \u00e4r metall. 6W LED \u00e4r integrerat och ger varmt vitt ljus med 500 lumen. Detta motsvarar ljuset fr\u00e5n en 50W traditionell gl\u00f6dlampa. Lampan kan enkelt placeras ovanp\u00e5 en spegel eller monteras ovanp\u00e5 ett sk\u00e5p p\u00e5 det medf\u00f6ljande monteringsf\u00e4stet. Fast str\u00f6manslutning. IP44<\/p>\n","protected":false},"excerpt":{"rendered":"<p>Torino krom, spegelbelysning f\u00f6r badrum. Lampans huvudmaterial \u00e4r metall. 6W LED \u00e4r integrerat och ger varmt vitt ljus med 500 lumen. Detta motsvarar ljuset fr\u00e5n en 50W traditionell gl\u00f6dlampa. Lampan kan enkelt placeras ovanp\u00e5 en spegel eller monteras ovanp\u00e5 ett sk\u00e5p p\u00e5 det medf\u00f6ljande monteringsf\u00e4stet. Fast str\u00f6manslutning. IP44<\/p>\n","protected":false},"featured_media":12943,"template":"","meta":{"_acf_changed":false,"inline_featured_image":false},"product_tag":[],"product_brand":[],"product_cat":[8945],"class_list":{"0":"post-27223","1":"product","2":"type-product","3":"status-publish","4":"has-post-thumbnail","6":"product_cat-badrumslampor","8":"first","9":"onbackorder","10":"taxable","11":"shipping-taxable","12":"product-type-simple"},"acf":[],"yoast_head":"<!-- This site is optimized with the Yoast SEO plugin v27.5 - https:\/\/yoast.com\/product\/yoast-seo-wordpress\/ -->\n<title>TORINO spegelbelysning - AnetaHome<\/title>\n<meta name=\"robots\" content=\"index, follow, max-snippet:-1, max-image-preview:large, max-video-preview:-1\" \/>\n<link rel=\"canonical\" href=\"https:\/\/anetahome.com\/se\/produkt\/torino-spegelbelysning\/\" \/>\n<meta property=\"og:locale\" content=\"sv_SE\" \/>\n<meta property=\"og:type\" content=\"article\" \/>\n<meta property=\"og:title\" content=\"TORINO spegelbelysning - AnetaHome\" \/>\n<meta property=\"og:description\" content=\"Torino krom, spegelbelysning f\u00f6r badrum. Lampans huvudmaterial \u00e4r metall. 6W LED \u00e4r integrerat och ger varmt vitt ljus med 500 lumen. Detta motsvarar ljuset fr\u00e5n en 50W traditionell gl\u00f6dlampa. Lampan kan enkelt placeras ovanp\u00e5 en spegel eller monteras ovanp\u00e5 ett sk\u00e5p p\u00e5 det medf\u00f6ljande monteringsf\u00e4stet. Fast str\u00f6manslutning. IP44\" \/>\n<meta property=\"og:url\" content=\"https:\/\/anetahome.com\/se\/produkt\/torino-spegelbelysning\/\" \/>\n<meta property=\"og:site_name\" content=\"AnetaHome\" \/>\n<meta property=\"article:modified_time\" content=\"2026-02-25T01:44:36+00:00\" \/>\n<meta name=\"twitter:card\" content=\"summary_large_image\" \/>\n<script type=\"application\/ld+json\" class=\"yoast-schema-graph\">{\"@context\":\"https:\\\/\\\/schema.org\",\"@graph\":[{\"@type\":\"WebPage\",\"@id\":\"https:\\\/\\\/anetahome.com\\\/se\\\/produkt\\\/torino-spegelbelysning\\\/\",\"url\":\"https:\\\/\\\/anetahome.com\\\/se\\\/produkt\\\/torino-spegelbelysning\\\/\",\"name\":\"TORINO spegelbelysning - AnetaHome\",\"isPartOf\":{\"@id\":\"https:\\\/\\\/anetahome.com\\\/se\\\/#website\"},\"primaryImageOfPage\":{\"@id\":\"https:\\\/\\\/anetahome.com\\\/se\\\/produkt\\\/torino-spegelbelysning\\\/#primaryimage\"},\"image\":{\"@id\":\"https:\\\/\\\/anetahome.com\\\/se\\\/produkt\\\/torino-spegelbelysning\\\/#primaryimage\"},\"thumbnailUrl\":\"https:\\\/\\\/d34q21u9zm82v9.cloudfront.net\\\/wp-content\\\/uploads\\\/sites\\\/3\\\/2022\\\/01\\\/14131319\\\/hSqEYYQqCN0vrQ2HpFSPcVWZL-scaled.png\",\"datePublished\":\"2026-01-06T01:45:27+00:00\",\"dateModified\":\"2026-02-25T01:44:36+00:00\",\"breadcrumb\":{\"@id\":\"https:\\\/\\\/anetahome.com\\\/se\\\/produkt\\\/torino-spegelbelysning\\\/#breadcrumb\"},\"inLanguage\":\"sv-SE\",\"potentialAction\":[{\"@type\":\"ReadAction\",\"target\":[\"https:\\\/\\\/anetahome.com\\\/se\\\/produkt\\\/torino-spegelbelysning\\\/\"]}]},{\"@type\":\"ImageObject\",\"inLanguage\":\"sv-SE\",\"@id\":\"https:\\\/\\\/anetahome.com\\\/se\\\/produkt\\\/torino-spegelbelysning\\\/#primaryimage\",\"url\":\"https:\\\/\\\/d34q21u9zm82v9.cloudfront.net\\\/wp-content\\\/uploads\\\/sites\\\/3\\\/2022\\\/01\\\/14131319\\\/hSqEYYQqCN0vrQ2HpFSPcVWZL-scaled.png\",\"contentUrl\":\"https:\\\/\\\/d34q21u9zm82v9.cloudfront.net\\\/wp-content\\\/uploads\\\/sites\\\/3\\\/2022\\\/01\\\/14131319\\\/hSqEYYQqCN0vrQ2HpFSPcVWZL-scaled.png\",\"width\":2560,\"height\":1707},{\"@type\":\"BreadcrumbList\",\"@id\":\"https:\\\/\\\/anetahome.com\\\/se\\\/produkt\\\/torino-spegelbelysning\\\/#breadcrumb\",\"itemListElement\":[{\"@type\":\"ListItem\",\"position\":1,\"name\":\"Forsiden\",\"item\":\"https:\\\/\\\/anetahome.com\\\/se\\\/\"},{\"@type\":\"ListItem\",\"position\":2,\"name\":\"Butik\",\"item\":\"https:\\\/\\\/anetahome.com\\\/se\\\/butik\\\/\"},{\"@type\":\"ListItem\",\"position\":3,\"name\":\"TORINO spegelbelysning\"}]},{\"@type\":\"WebSite\",\"@id\":\"https:\\\/\\\/anetahome.com\\\/se\\\/#website\",\"url\":\"https:\\\/\\\/anetahome.com\\\/se\\\/\",\"name\":\"AnetaHome\",\"description\":\"Skandinavias ledende lampegrossist\",\"publisher\":{\"@id\":\"https:\\\/\\\/anetahome.com\\\/se\\\/#organization\"},\"potentialAction\":[{\"@type\":\"SearchAction\",\"target\":{\"@type\":\"EntryPoint\",\"urlTemplate\":\"https:\\\/\\\/anetahome.com\\\/se\\\/?s={search_term_string}\"},\"query-input\":{\"@type\":\"PropertyValueSpecification\",\"valueRequired\":true,\"valueName\":\"search_term_string\"}}],\"inLanguage\":\"sv-SE\"},{\"@type\":\"Organization\",\"@id\":\"https:\\\/\\\/anetahome.com\\\/se\\\/#organization\",\"name\":\"AnetaHome\",\"url\":\"https:\\\/\\\/anetahome.com\\\/se\\\/\",\"logo\":{\"@type\":\"ImageObject\",\"inLanguage\":\"sv-SE\",\"@id\":\"https:\\\/\\\/anetahome.com\\\/se\\\/#\\\/schema\\\/logo\\\/image\\\/\",\"url\":\"https:\\\/\\\/d34q21u9zm82v9.cloudfront.net\\\/wp-content\\\/uploads\\\/sites\\\/3\\\/2021\\\/08\\\/30123704\\\/ANETA-HOME-logo-1.svg\",\"contentUrl\":\"https:\\\/\\\/d34q21u9zm82v9.cloudfront.net\\\/wp-content\\\/uploads\\\/sites\\\/3\\\/2021\\\/08\\\/30123704\\\/ANETA-HOME-logo-1.svg\",\"width\":174,\"height\":71,\"caption\":\"AnetaHome\"},\"image\":{\"@id\":\"https:\\\/\\\/anetahome.com\\\/se\\\/#\\\/schema\\\/logo\\\/image\\\/\"}}]}<\/script>\n<!-- \/ Yoast SEO plugin. -->","yoast_head_json":{"title":"TORINO spegelbelysning - AnetaHome","robots":{"index":"index","follow":"follow","max-snippet":"max-snippet:-1","max-image-preview":"max-image-preview:large","max-video-preview":"max-video-preview:-1"},"canonical":"https:\/\/anetahome.com\/se\/produkt\/torino-spegelbelysning\/","og_locale":"sv_SE","og_type":"article","og_title":"TORINO spegelbelysning - AnetaHome","og_description":"Torino krom, spegelbelysning f\u00f6r badrum. Lampans huvudmaterial \u00e4r metall. 6W LED \u00e4r integrerat och ger varmt vitt ljus med 500 lumen. Detta motsvarar ljuset fr\u00e5n en 50W traditionell gl\u00f6dlampa. Lampan kan enkelt placeras ovanp\u00e5 en spegel eller monteras ovanp\u00e5 ett sk\u00e5p p\u00e5 det medf\u00f6ljande monteringsf\u00e4stet. Fast str\u00f6manslutning. IP44","og_url":"https:\/\/anetahome.com\/se\/produkt\/torino-spegelbelysning\/","og_site_name":"AnetaHome","article_modified_time":"2026-02-25T01:44:36+00:00","twitter_card":"summary_large_image","schema":{"@context":"https:\/\/schema.org","@graph":[{"@type":"WebPage","@id":"https:\/\/anetahome.com\/se\/produkt\/torino-spegelbelysning\/","url":"https:\/\/anetahome.com\/se\/produkt\/torino-spegelbelysning\/","name":"TORINO spegelbelysning - AnetaHome","isPartOf":{"@id":"https:\/\/anetahome.com\/se\/#website"},"primaryImageOfPage":{"@id":"https:\/\/anetahome.com\/se\/produkt\/torino-spegelbelysning\/#primaryimage"},"image":{"@id":"https:\/\/anetahome.com\/se\/produkt\/torino-spegelbelysning\/#primaryimage"},"thumbnailUrl":"https:\/\/d34q21u9zm82v9.cloudfront.net\/wp-content\/uploads\/sites\/3\/2022\/01\/14131319\/hSqEYYQqCN0vrQ2HpFSPcVWZL-scaled.png","datePublished":"2026-01-06T01:45:27+00:00","dateModified":"2026-02-25T01:44:36+00:00","breadcrumb":{"@id":"https:\/\/anetahome.com\/se\/produkt\/torino-spegelbelysning\/#breadcrumb"},"inLanguage":"sv-SE","potentialAction":[{"@type":"ReadAction","target":["https:\/\/anetahome.com\/se\/produkt\/torino-spegelbelysning\/"]}]},{"@type":"ImageObject","inLanguage":"sv-SE","@id":"https:\/\/anetahome.com\/se\/produkt\/torino-spegelbelysning\/#primaryimage","url":"https:\/\/d34q21u9zm82v9.cloudfront.net\/wp-content\/uploads\/sites\/3\/2022\/01\/14131319\/hSqEYYQqCN0vrQ2HpFSPcVWZL-scaled.png","contentUrl":"https:\/\/d34q21u9zm82v9.cloudfront.net\/wp-content\/uploads\/sites\/3\/2022\/01\/14131319\/hSqEYYQqCN0vrQ2HpFSPcVWZL-scaled.png","width":2560,"height":1707},{"@type":"BreadcrumbList","@id":"https:\/\/anetahome.com\/se\/produkt\/torino-spegelbelysning\/#breadcrumb","itemListElement":[{"@type":"ListItem","position":1,"name":"Forsiden","item":"https:\/\/anetahome.com\/se\/"},{"@type":"ListItem","position":2,"name":"Butik","item":"https:\/\/anetahome.com\/se\/butik\/"},{"@type":"ListItem","position":3,"name":"TORINO spegelbelysning"}]},{"@type":"WebSite","@id":"https:\/\/anetahome.com\/se\/#website","url":"https:\/\/anetahome.com\/se\/","name":"AnetaHome","description":"Skandinavias ledende lampegrossist","publisher":{"@id":"https:\/\/anetahome.com\/se\/#organization"},"potentialAction":[{"@type":"SearchAction","target":{"@type":"EntryPoint","urlTemplate":"https:\/\/anetahome.com\/se\/?s={search_term_string}"},"query-input":{"@type":"PropertyValueSpecification","valueRequired":true,"valueName":"search_term_string"}}],"inLanguage":"sv-SE"},{"@type":"Organization","@id":"https:\/\/anetahome.com\/se\/#organization","name":"AnetaHome","url":"https:\/\/anetahome.com\/se\/","logo":{"@type":"ImageObject","inLanguage":"sv-SE","@id":"https:\/\/anetahome.com\/se\/#\/schema\/logo\/image\/","url":"https:\/\/d34q21u9zm82v9.cloudfront.net\/wp-content\/uploads\/sites\/3\/2021\/08\/30123704\/ANETA-HOME-logo-1.svg","contentUrl":"https:\/\/d34q21u9zm82v9.cloudfront.net\/wp-content\/uploads\/sites\/3\/2021\/08\/30123704\/ANETA-HOME-logo-1.svg","width":174,"height":71,"caption":"AnetaHome"},"image":{"@id":"https:\/\/anetahome.com\/se\/#\/schema\/logo\/image\/"}}]}},"_links":{"self":[{"href":"https:\/\/anetahome.com\/se\/wp-json\/wp\/v2\/product\/27223","targetHints":{"allow":["GET"]}}],"collection":[{"href":"https:\/\/anetahome.com\/se\/wp-json\/wp\/v2\/product"}],"about":[{"href":"https:\/\/anetahome.com\/se\/wp-json\/wp\/v2\/types\/product"}],"wp:featuredmedia":[{"embeddable":true,"href":"https:\/\/anetahome.com\/se\/wp-json\/wp\/v2\/media\/12943"}],"wp:attachment":[{"href":"https:\/\/anetahome.com\/se\/wp-json\/wp\/v2\/media?parent=27223"}],"wp:term":[{"taxonomy":"product_tag","embeddable":true,"href":"https:\/\/anetahome.com\/se\/wp-json\/wp\/v2\/product_tag?post=27223"},{"taxonomy":"product_brand","embeddable":true,"href":"https:\/\/anetahome.com\/se\/wp-json\/wp\/v2\/product_brand?post=27223"},{"taxonomy":"product_cat","embeddable":true,"href":"https:\/\/anetahome.com\/se\/wp-json\/wp\/v2\/product_cat?post=27223"}],"curies":[{"name":"wp","href":"https:\/\/api.w.org\/{rel}","templated":true}]}}