{"id":27496,"date":"2026-02-07T02:54:50","date_gmt":"2026-02-07T01:54:50","guid":{"rendered":"https:\/\/anetahome.com\/se\/produkt\/scanstrip-quick-tw-link-corner-10mm\/"},"modified":"2026-02-21T03:00:22","modified_gmt":"2026-02-21T02:00:22","slug":"scanstrip-quick-tw-link-corner-10mm","status":"publish","type":"product","link":"https:\/\/anetahome.com\/se\/produkt\/scanstrip-quick-tw-link-corner-10mm\/","title":{"rendered":"Scanstrip Quick TW Link Corner 10mm"},"content":{"rendered":"<p>Scanstrip Quick TW Link Corner 10mm \u00e4r en h\u00f6rnkoppling mellan COB Tunable White\u2011lister.<br \/>\nV\u00e5ra snabbkopplingar f\u00f6r LED\u2011lister \u00e4r utvecklade f\u00f6r professionella installationer och ger elektriker en snabb, s\u00e4ker och effektiv montering \u2013 helt utan l\u00f6dning. Kopplingarna finns f\u00f6r anslutning av inkommande ledare, sammanl\u00e4nkning av LED\u2011lister och praktiska h\u00f6rnl\u00f6sningar, och s\u00e4kerst\u00e4ller ett snyggt och p\u00e5litligt resultat. De \u00e4r sm\u00e5 och diskreta, enkla att arbeta med och kan hantera relativt h\u00f6g effekt. Snabbkopplingarna finns f\u00f6r enf\u00e4rgade SMD\/COB\u2011lister, Tunable White COB\u2011lister och RGBW COB\u2011lister, och \u00e4r ett idealiskt val f\u00f6r elektriker som vill ha tidsbesparande och professionella LED\u2011installationer.<\/p>\n","protected":false},"excerpt":{"rendered":"<p>Scanstrip Quick TW Link Corner 10mm \u00e4r en h\u00f6rnkoppling mellan COB Tunable White\u2011lister.<br \/>\nV\u00e5ra snabbkopplingar f\u00f6r LED\u2011lister \u00e4r utvecklade f\u00f6r professionella installationer och ger elektriker en snabb, s\u00e4ker och effektiv montering \u2013 helt utan l\u00f6dning. Kopplingarna finns f\u00f6r anslutning av inkommande ledare, sammanl\u00e4nkning av LED\u2011lister och praktiska h\u00f6rnl\u00f6sningar, och s\u00e4kerst\u00e4ller ett snyggt och p\u00e5litligt resultat. De \u00e4r sm\u00e5 och diskreta, enkla att arbeta med och kan hantera relativt h\u00f6g effekt. Snabbkopplingarna finns f\u00f6r enf\u00e4rgade SMD\/COB\u2011lister, Tunable White COB\u2011lister och RGBW COB\u2011lister, och \u00e4r ett idealiskt val f\u00f6r elektriker som vill ha tidsbesparande och professionella LED\u2011installationer.<\/p>\n","protected":false},"featured_media":27497,"template":"","meta":{"_acf_changed":false,"inline_featured_image":false},"product_tag":[9054],"product_brand":[],"product_cat":[8965],"class_list":{"0":"post-27496","1":"product","2":"type-product","3":"status-publish","4":"has-post-thumbnail","6":"product_tag-ny","7":"product_cat-led-lister","9":"first","10":"instock","11":"taxable","12":"shipping-taxable","13":"product-type-simple"},"acf":[],"yoast_head":"<!-- This site is optimized with the Yoast SEO plugin v27.3 - https:\/\/yoast.com\/product\/yoast-seo-wordpress\/ -->\n<title>Scanstrip Quick TW Link Corner 10mm - AnetaHome<\/title>\n<meta name=\"robots\" content=\"index, follow, max-snippet:-1, max-image-preview:large, max-video-preview:-1\" \/>\n<link rel=\"canonical\" href=\"https:\/\/anetahome.com\/se\/produkt\/scanstrip-quick-tw-link-corner-10mm\/\" \/>\n<meta property=\"og:locale\" content=\"sv_SE\" \/>\n<meta property=\"og:type\" content=\"article\" \/>\n<meta property=\"og:title\" content=\"Scanstrip Quick TW Link Corner 10mm - AnetaHome\" \/>\n<meta property=\"og:description\" content=\"Scanstrip Quick TW Link Corner 10mm \u00e4r en h\u00f6rnkoppling mellan COB Tunable White\u2011lister. V\u00e5ra snabbkopplingar f\u00f6r LED\u2011lister \u00e4r utvecklade f\u00f6r professionella installationer och ger elektriker en snabb, s\u00e4ker och effektiv montering \u2013 helt utan l\u00f6dning. Kopplingarna finns f\u00f6r anslutning av inkommande ledare, sammanl\u00e4nkning av LED\u2011lister och praktiska h\u00f6rnl\u00f6sningar, och s\u00e4kerst\u00e4ller ett snyggt och p\u00e5litligt resultat. De \u00e4r sm\u00e5 och diskreta, enkla att arbeta med och kan hantera relativt h\u00f6g effekt. Snabbkopplingarna finns f\u00f6r enf\u00e4rgade SMD\/COB\u2011lister, Tunable White COB\u2011lister och RGBW COB\u2011lister, och \u00e4r ett idealiskt val f\u00f6r elektriker som vill ha tidsbesparande och professionella LED\u2011installationer.\" \/>\n<meta property=\"og:url\" content=\"https:\/\/anetahome.com\/se\/produkt\/scanstrip-quick-tw-link-corner-10mm\/\" \/>\n<meta property=\"og:site_name\" content=\"AnetaHome\" \/>\n<meta property=\"article:modified_time\" content=\"2026-02-21T02:00:22+00:00\" \/>\n<meta name=\"twitter:card\" content=\"summary_large_image\" \/>\n<meta name=\"twitter:label1\" content=\"Ber\u00e4knad l\u00e4stid\" \/>\n\t<meta name=\"twitter:data1\" content=\"1 minut\" \/>\n<script type=\"application\/ld+json\" class=\"yoast-schema-graph\">{\"@context\":\"https:\\\/\\\/schema.org\",\"@graph\":[{\"@type\":\"WebPage\",\"@id\":\"https:\\\/\\\/anetahome.com\\\/se\\\/produkt\\\/scanstrip-quick-tw-link-corner-10mm\\\/\",\"url\":\"https:\\\/\\\/anetahome.com\\\/se\\\/produkt\\\/scanstrip-quick-tw-link-corner-10mm\\\/\",\"name\":\"Scanstrip Quick TW Link Corner 10mm - AnetaHome\",\"isPartOf\":{\"@id\":\"https:\\\/\\\/anetahome.com\\\/se\\\/#website\"},\"primaryImageOfPage\":{\"@id\":\"https:\\\/\\\/anetahome.com\\\/se\\\/produkt\\\/scanstrip-quick-tw-link-corner-10mm\\\/#primaryimage\"},\"image\":{\"@id\":\"https:\\\/\\\/anetahome.com\\\/se\\\/produkt\\\/scanstrip-quick-tw-link-corner-10mm\\\/#primaryimage\"},\"thumbnailUrl\":\"https:\\\/\\\/d34q21u9zm82v9.cloudfront.net\\\/wp-content\\\/uploads\\\/sites\\\/3\\\/2026\\\/02\\\/07025452\\\/RRi3C3sk7njreoBpNiqCQlEi3-scaled.png\",\"datePublished\":\"2026-02-07T01:54:50+00:00\",\"dateModified\":\"2026-02-21T02:00:22+00:00\",\"breadcrumb\":{\"@id\":\"https:\\\/\\\/anetahome.com\\\/se\\\/produkt\\\/scanstrip-quick-tw-link-corner-10mm\\\/#breadcrumb\"},\"inLanguage\":\"sv-SE\",\"potentialAction\":[{\"@type\":\"ReadAction\",\"target\":[\"https:\\\/\\\/anetahome.com\\\/se\\\/produkt\\\/scanstrip-quick-tw-link-corner-10mm\\\/\"]}]},{\"@type\":\"ImageObject\",\"inLanguage\":\"sv-SE\",\"@id\":\"https:\\\/\\\/anetahome.com\\\/se\\\/produkt\\\/scanstrip-quick-tw-link-corner-10mm\\\/#primaryimage\",\"url\":\"https:\\\/\\\/d34q21u9zm82v9.cloudfront.net\\\/wp-content\\\/uploads\\\/sites\\\/3\\\/2026\\\/02\\\/07025452\\\/RRi3C3sk7njreoBpNiqCQlEi3-scaled.png\",\"contentUrl\":\"https:\\\/\\\/d34q21u9zm82v9.cloudfront.net\\\/wp-content\\\/uploads\\\/sites\\\/3\\\/2026\\\/02\\\/07025452\\\/RRi3C3sk7njreoBpNiqCQlEi3-scaled.png\",\"width\":2560,\"height\":1641},{\"@type\":\"BreadcrumbList\",\"@id\":\"https:\\\/\\\/anetahome.com\\\/se\\\/produkt\\\/scanstrip-quick-tw-link-corner-10mm\\\/#breadcrumb\",\"itemListElement\":[{\"@type\":\"ListItem\",\"position\":1,\"name\":\"Forsiden\",\"item\":\"https:\\\/\\\/anetahome.com\\\/se\\\/\"},{\"@type\":\"ListItem\",\"position\":2,\"name\":\"Butik\",\"item\":\"https:\\\/\\\/anetahome.com\\\/se\\\/butik\\\/\"},{\"@type\":\"ListItem\",\"position\":3,\"name\":\"Scanstrip Quick TW Link Corner 10mm\"}]},{\"@type\":\"WebSite\",\"@id\":\"https:\\\/\\\/anetahome.com\\\/se\\\/#website\",\"url\":\"https:\\\/\\\/anetahome.com\\\/se\\\/\",\"name\":\"AnetaHome\",\"description\":\"Skandinavias ledende lampegrossist\",\"publisher\":{\"@id\":\"https:\\\/\\\/anetahome.com\\\/se\\\/#organization\"},\"potentialAction\":[{\"@type\":\"SearchAction\",\"target\":{\"@type\":\"EntryPoint\",\"urlTemplate\":\"https:\\\/\\\/anetahome.com\\\/se\\\/?s={search_term_string}\"},\"query-input\":{\"@type\":\"PropertyValueSpecification\",\"valueRequired\":true,\"valueName\":\"search_term_string\"}}],\"inLanguage\":\"sv-SE\"},{\"@type\":\"Organization\",\"@id\":\"https:\\\/\\\/anetahome.com\\\/se\\\/#organization\",\"name\":\"AnetaHome\",\"url\":\"https:\\\/\\\/anetahome.com\\\/se\\\/\",\"logo\":{\"@type\":\"ImageObject\",\"inLanguage\":\"sv-SE\",\"@id\":\"https:\\\/\\\/anetahome.com\\\/se\\\/#\\\/schema\\\/logo\\\/image\\\/\",\"url\":\"https:\\\/\\\/d34q21u9zm82v9.cloudfront.net\\\/wp-content\\\/uploads\\\/sites\\\/3\\\/2021\\\/08\\\/30123704\\\/ANETA-HOME-logo-1.svg\",\"contentUrl\":\"https:\\\/\\\/d34q21u9zm82v9.cloudfront.net\\\/wp-content\\\/uploads\\\/sites\\\/3\\\/2021\\\/08\\\/30123704\\\/ANETA-HOME-logo-1.svg\",\"width\":174,\"height\":71,\"caption\":\"AnetaHome\"},\"image\":{\"@id\":\"https:\\\/\\\/anetahome.com\\\/se\\\/#\\\/schema\\\/logo\\\/image\\\/\"}}]}<\/script>\n<!-- \/ Yoast SEO plugin. -->","yoast_head_json":{"title":"Scanstrip Quick TW Link Corner 10mm - AnetaHome","robots":{"index":"index","follow":"follow","max-snippet":"max-snippet:-1","max-image-preview":"max-image-preview:large","max-video-preview":"max-video-preview:-1"},"canonical":"https:\/\/anetahome.com\/se\/produkt\/scanstrip-quick-tw-link-corner-10mm\/","og_locale":"sv_SE","og_type":"article","og_title":"Scanstrip Quick TW Link Corner 10mm - AnetaHome","og_description":"Scanstrip Quick TW Link Corner 10mm \u00e4r en h\u00f6rnkoppling mellan COB Tunable White\u2011lister. V\u00e5ra snabbkopplingar f\u00f6r LED\u2011lister \u00e4r utvecklade f\u00f6r professionella installationer och ger elektriker en snabb, s\u00e4ker och effektiv montering \u2013 helt utan l\u00f6dning. Kopplingarna finns f\u00f6r anslutning av inkommande ledare, sammanl\u00e4nkning av LED\u2011lister och praktiska h\u00f6rnl\u00f6sningar, och s\u00e4kerst\u00e4ller ett snyggt och p\u00e5litligt resultat. De \u00e4r sm\u00e5 och diskreta, enkla att arbeta med och kan hantera relativt h\u00f6g effekt. Snabbkopplingarna finns f\u00f6r enf\u00e4rgade SMD\/COB\u2011lister, Tunable White COB\u2011lister och RGBW COB\u2011lister, och \u00e4r ett idealiskt val f\u00f6r elektriker som vill ha tidsbesparande och professionella LED\u2011installationer.","og_url":"https:\/\/anetahome.com\/se\/produkt\/scanstrip-quick-tw-link-corner-10mm\/","og_site_name":"AnetaHome","article_modified_time":"2026-02-21T02:00:22+00:00","twitter_card":"summary_large_image","twitter_misc":{"Ber\u00e4knad l\u00e4stid":"1 minut"},"schema":{"@context":"https:\/\/schema.org","@graph":[{"@type":"WebPage","@id":"https:\/\/anetahome.com\/se\/produkt\/scanstrip-quick-tw-link-corner-10mm\/","url":"https:\/\/anetahome.com\/se\/produkt\/scanstrip-quick-tw-link-corner-10mm\/","name":"Scanstrip Quick TW Link Corner 10mm - AnetaHome","isPartOf":{"@id":"https:\/\/anetahome.com\/se\/#website"},"primaryImageOfPage":{"@id":"https:\/\/anetahome.com\/se\/produkt\/scanstrip-quick-tw-link-corner-10mm\/#primaryimage"},"image":{"@id":"https:\/\/anetahome.com\/se\/produkt\/scanstrip-quick-tw-link-corner-10mm\/#primaryimage"},"thumbnailUrl":"https:\/\/d34q21u9zm82v9.cloudfront.net\/wp-content\/uploads\/sites\/3\/2026\/02\/07025452\/RRi3C3sk7njreoBpNiqCQlEi3-scaled.png","datePublished":"2026-02-07T01:54:50+00:00","dateModified":"2026-02-21T02:00:22+00:00","breadcrumb":{"@id":"https:\/\/anetahome.com\/se\/produkt\/scanstrip-quick-tw-link-corner-10mm\/#breadcrumb"},"inLanguage":"sv-SE","potentialAction":[{"@type":"ReadAction","target":["https:\/\/anetahome.com\/se\/produkt\/scanstrip-quick-tw-link-corner-10mm\/"]}]},{"@type":"ImageObject","inLanguage":"sv-SE","@id":"https:\/\/anetahome.com\/se\/produkt\/scanstrip-quick-tw-link-corner-10mm\/#primaryimage","url":"https:\/\/d34q21u9zm82v9.cloudfront.net\/wp-content\/uploads\/sites\/3\/2026\/02\/07025452\/RRi3C3sk7njreoBpNiqCQlEi3-scaled.png","contentUrl":"https:\/\/d34q21u9zm82v9.cloudfront.net\/wp-content\/uploads\/sites\/3\/2026\/02\/07025452\/RRi3C3sk7njreoBpNiqCQlEi3-scaled.png","width":2560,"height":1641},{"@type":"BreadcrumbList","@id":"https:\/\/anetahome.com\/se\/produkt\/scanstrip-quick-tw-link-corner-10mm\/#breadcrumb","itemListElement":[{"@type":"ListItem","position":1,"name":"Forsiden","item":"https:\/\/anetahome.com\/se\/"},{"@type":"ListItem","position":2,"name":"Butik","item":"https:\/\/anetahome.com\/se\/butik\/"},{"@type":"ListItem","position":3,"name":"Scanstrip Quick TW Link Corner 10mm"}]},{"@type":"WebSite","@id":"https:\/\/anetahome.com\/se\/#website","url":"https:\/\/anetahome.com\/se\/","name":"AnetaHome","description":"Skandinavias ledende lampegrossist","publisher":{"@id":"https:\/\/anetahome.com\/se\/#organization"},"potentialAction":[{"@type":"SearchAction","target":{"@type":"EntryPoint","urlTemplate":"https:\/\/anetahome.com\/se\/?s={search_term_string}"},"query-input":{"@type":"PropertyValueSpecification","valueRequired":true,"valueName":"search_term_string"}}],"inLanguage":"sv-SE"},{"@type":"Organization","@id":"https:\/\/anetahome.com\/se\/#organization","name":"AnetaHome","url":"https:\/\/anetahome.com\/se\/","logo":{"@type":"ImageObject","inLanguage":"sv-SE","@id":"https:\/\/anetahome.com\/se\/#\/schema\/logo\/image\/","url":"https:\/\/d34q21u9zm82v9.cloudfront.net\/wp-content\/uploads\/sites\/3\/2021\/08\/30123704\/ANETA-HOME-logo-1.svg","contentUrl":"https:\/\/d34q21u9zm82v9.cloudfront.net\/wp-content\/uploads\/sites\/3\/2021\/08\/30123704\/ANETA-HOME-logo-1.svg","width":174,"height":71,"caption":"AnetaHome"},"image":{"@id":"https:\/\/anetahome.com\/se\/#\/schema\/logo\/image\/"}}]}},"_links":{"self":[{"href":"https:\/\/anetahome.com\/se\/wp-json\/wp\/v2\/product\/27496","targetHints":{"allow":["GET"]}}],"collection":[{"href":"https:\/\/anetahome.com\/se\/wp-json\/wp\/v2\/product"}],"about":[{"href":"https:\/\/anetahome.com\/se\/wp-json\/wp\/v2\/types\/product"}],"wp:featuredmedia":[{"embeddable":true,"href":"https:\/\/anetahome.com\/se\/wp-json\/wp\/v2\/media\/27497"}],"wp:attachment":[{"href":"https:\/\/anetahome.com\/se\/wp-json\/wp\/v2\/media?parent=27496"}],"wp:term":[{"taxonomy":"product_tag","embeddable":true,"href":"https:\/\/anetahome.com\/se\/wp-json\/wp\/v2\/product_tag?post=27496"},{"taxonomy":"product_brand","embeddable":true,"href":"https:\/\/anetahome.com\/se\/wp-json\/wp\/v2\/product_brand?post=27496"},{"taxonomy":"product_cat","embeddable":true,"href":"https:\/\/anetahome.com\/se\/wp-json\/wp\/v2\/product_cat?post=27496"}],"curies":[{"name":"wp","href":"https:\/\/api.w.org\/{rel}","templated":true}]}}