{"id":27527,"date":"2026-02-11T02:55:09","date_gmt":"2026-02-11T01:55:09","guid":{"rendered":"https:\/\/anetahome.com\/se\/produkt\/arc-garage-bracket\/"},"modified":"2026-04-01T03:54:23","modified_gmt":"2026-04-01T01:54:23","slug":"arc-garage-bracket","status":"publish","type":"product","link":"https:\/\/anetahome.com\/se\/produkt\/arc-garage-bracket\/","title":{"rendered":"Arc\/Garage Bracket"},"content":{"rendered":"<p>Arc\/Garage tilt bracket f\u00f6r v\u00e4gg- och takmontering ger maximal flexibilitet med en justerbar vinkel fr\u00e5n 0\u201390\u00b0. Tillverkad av rostfritt st\u00e5l (304) f\u00f6r h\u00f6g styrka och l\u00e5ng livsl\u00e4ngd. En stabil och praktisk l\u00f6sning som g\u00f6r det m\u00f6jligt att rikta ljuset exakt d\u00e4r det beh\u00f6vs \u2013 idealisk f\u00f6r b\u00e5de Garage\u2011 och Arc\u2011industriarmaturer.<\/p>\n","protected":false},"excerpt":{"rendered":"<p>Arc\/Garage tilt bracket f\u00f6r v\u00e4gg- och takmontering ger maximal flexibilitet med en justerbar vinkel fr\u00e5n 0\u201390\u00b0. Tillverkad av rostfritt st\u00e5l (304) f\u00f6r h\u00f6g styrka och l\u00e5ng livsl\u00e4ngd. En stabil och praktisk l\u00f6sning som g\u00f6r det m\u00f6jligt att rikta ljuset exakt d\u00e4r det beh\u00f6vs \u2013 idealisk f\u00f6r b\u00e5de Garage\u2011 och Arc\u2011industriarmaturer.<\/p>\n","protected":false},"featured_media":27528,"template":"","meta":{"_acf_changed":false,"inline_featured_image":false},"product_tag":[9054],"product_brand":[],"product_cat":[33984],"class_list":{"0":"post-27527","1":"product","2":"type-product","3":"status-publish","4":"has-post-thumbnail","6":"product_tag-ny","7":"product_cat-industri","9":"first","10":"instock","11":"taxable","12":"shipping-taxable","13":"product-type-simple"},"acf":[],"yoast_head":"<!-- This site is optimized with the Yoast SEO plugin v27.3 - https:\/\/yoast.com\/product\/yoast-seo-wordpress\/ -->\n<title>Arc\/Garage Bracket - AnetaHome<\/title>\n<meta name=\"robots\" content=\"index, follow, max-snippet:-1, max-image-preview:large, max-video-preview:-1\" \/>\n<link rel=\"canonical\" href=\"https:\/\/anetahome.com\/se\/produkt\/arc-garage-bracket\/\" \/>\n<meta property=\"og:locale\" content=\"sv_SE\" \/>\n<meta property=\"og:type\" content=\"article\" \/>\n<meta property=\"og:title\" content=\"Arc\/Garage Bracket - AnetaHome\" \/>\n<meta property=\"og:description\" content=\"Arc\/Garage tilt bracket f\u00f6r v\u00e4gg- och takmontering ger maximal flexibilitet med en justerbar vinkel fr\u00e5n 0\u201390\u00b0. Tillverkad av rostfritt st\u00e5l (304) f\u00f6r h\u00f6g styrka och l\u00e5ng livsl\u00e4ngd. En stabil och praktisk l\u00f6sning som g\u00f6r det m\u00f6jligt att rikta ljuset exakt d\u00e4r det beh\u00f6vs \u2013 idealisk f\u00f6r b\u00e5de Garage\u2011 och Arc\u2011industriarmaturer.\" \/>\n<meta property=\"og:url\" content=\"https:\/\/anetahome.com\/se\/produkt\/arc-garage-bracket\/\" \/>\n<meta property=\"og:site_name\" content=\"AnetaHome\" \/>\n<meta property=\"article:modified_time\" content=\"2026-04-01T01:54:23+00:00\" \/>\n<meta name=\"twitter:card\" content=\"summary_large_image\" \/>\n<script type=\"application\/ld+json\" class=\"yoast-schema-graph\">{\"@context\":\"https:\\\/\\\/schema.org\",\"@graph\":[{\"@type\":\"WebPage\",\"@id\":\"https:\\\/\\\/anetahome.com\\\/se\\\/produkt\\\/arc-garage-bracket\\\/\",\"url\":\"https:\\\/\\\/anetahome.com\\\/se\\\/produkt\\\/arc-garage-bracket\\\/\",\"name\":\"Arc\\\/Garage Bracket - AnetaHome\",\"isPartOf\":{\"@id\":\"https:\\\/\\\/anetahome.com\\\/se\\\/#website\"},\"primaryImageOfPage\":{\"@id\":\"https:\\\/\\\/anetahome.com\\\/se\\\/produkt\\\/arc-garage-bracket\\\/#primaryimage\"},\"image\":{\"@id\":\"https:\\\/\\\/anetahome.com\\\/se\\\/produkt\\\/arc-garage-bracket\\\/#primaryimage\"},\"thumbnailUrl\":\"https:\\\/\\\/d34q21u9zm82v9.cloudfront.net\\\/wp-content\\\/uploads\\\/sites\\\/3\\\/2026\\\/02\\\/11025513\\\/PGY5BmlZYPVtsIsxJPKasgEJs-scaled.png\",\"datePublished\":\"2026-02-11T01:55:09+00:00\",\"dateModified\":\"2026-04-01T01:54:23+00:00\",\"breadcrumb\":{\"@id\":\"https:\\\/\\\/anetahome.com\\\/se\\\/produkt\\\/arc-garage-bracket\\\/#breadcrumb\"},\"inLanguage\":\"sv-SE\",\"potentialAction\":[{\"@type\":\"ReadAction\",\"target\":[\"https:\\\/\\\/anetahome.com\\\/se\\\/produkt\\\/arc-garage-bracket\\\/\"]}]},{\"@type\":\"ImageObject\",\"inLanguage\":\"sv-SE\",\"@id\":\"https:\\\/\\\/anetahome.com\\\/se\\\/produkt\\\/arc-garage-bracket\\\/#primaryimage\",\"url\":\"https:\\\/\\\/d34q21u9zm82v9.cloudfront.net\\\/wp-content\\\/uploads\\\/sites\\\/3\\\/2026\\\/02\\\/11025513\\\/PGY5BmlZYPVtsIsxJPKasgEJs-scaled.png\",\"contentUrl\":\"https:\\\/\\\/d34q21u9zm82v9.cloudfront.net\\\/wp-content\\\/uploads\\\/sites\\\/3\\\/2026\\\/02\\\/11025513\\\/PGY5BmlZYPVtsIsxJPKasgEJs-scaled.png\",\"width\":2560,\"height\":1600},{\"@type\":\"BreadcrumbList\",\"@id\":\"https:\\\/\\\/anetahome.com\\\/se\\\/produkt\\\/arc-garage-bracket\\\/#breadcrumb\",\"itemListElement\":[{\"@type\":\"ListItem\",\"position\":1,\"name\":\"Forsiden\",\"item\":\"https:\\\/\\\/anetahome.com\\\/se\\\/\"},{\"@type\":\"ListItem\",\"position\":2,\"name\":\"Butik\",\"item\":\"https:\\\/\\\/anetahome.com\\\/se\\\/butik\\\/\"},{\"@type\":\"ListItem\",\"position\":3,\"name\":\"Arc\\\/Garage Bracket\"}]},{\"@type\":\"WebSite\",\"@id\":\"https:\\\/\\\/anetahome.com\\\/se\\\/#website\",\"url\":\"https:\\\/\\\/anetahome.com\\\/se\\\/\",\"name\":\"AnetaHome\",\"description\":\"Skandinavias ledende lampegrossist\",\"publisher\":{\"@id\":\"https:\\\/\\\/anetahome.com\\\/se\\\/#organization\"},\"potentialAction\":[{\"@type\":\"SearchAction\",\"target\":{\"@type\":\"EntryPoint\",\"urlTemplate\":\"https:\\\/\\\/anetahome.com\\\/se\\\/?s={search_term_string}\"},\"query-input\":{\"@type\":\"PropertyValueSpecification\",\"valueRequired\":true,\"valueName\":\"search_term_string\"}}],\"inLanguage\":\"sv-SE\"},{\"@type\":\"Organization\",\"@id\":\"https:\\\/\\\/anetahome.com\\\/se\\\/#organization\",\"name\":\"AnetaHome\",\"url\":\"https:\\\/\\\/anetahome.com\\\/se\\\/\",\"logo\":{\"@type\":\"ImageObject\",\"inLanguage\":\"sv-SE\",\"@id\":\"https:\\\/\\\/anetahome.com\\\/se\\\/#\\\/schema\\\/logo\\\/image\\\/\",\"url\":\"https:\\\/\\\/d34q21u9zm82v9.cloudfront.net\\\/wp-content\\\/uploads\\\/sites\\\/3\\\/2021\\\/08\\\/30123704\\\/ANETA-HOME-logo-1.svg\",\"contentUrl\":\"https:\\\/\\\/d34q21u9zm82v9.cloudfront.net\\\/wp-content\\\/uploads\\\/sites\\\/3\\\/2021\\\/08\\\/30123704\\\/ANETA-HOME-logo-1.svg\",\"width\":174,\"height\":71,\"caption\":\"AnetaHome\"},\"image\":{\"@id\":\"https:\\\/\\\/anetahome.com\\\/se\\\/#\\\/schema\\\/logo\\\/image\\\/\"}}]}<\/script>\n<!-- \/ Yoast SEO plugin. -->","yoast_head_json":{"title":"Arc\/Garage Bracket - AnetaHome","robots":{"index":"index","follow":"follow","max-snippet":"max-snippet:-1","max-image-preview":"max-image-preview:large","max-video-preview":"max-video-preview:-1"},"canonical":"https:\/\/anetahome.com\/se\/produkt\/arc-garage-bracket\/","og_locale":"sv_SE","og_type":"article","og_title":"Arc\/Garage Bracket - AnetaHome","og_description":"Arc\/Garage tilt bracket f\u00f6r v\u00e4gg- och takmontering ger maximal flexibilitet med en justerbar vinkel fr\u00e5n 0\u201390\u00b0. Tillverkad av rostfritt st\u00e5l (304) f\u00f6r h\u00f6g styrka och l\u00e5ng livsl\u00e4ngd. En stabil och praktisk l\u00f6sning som g\u00f6r det m\u00f6jligt att rikta ljuset exakt d\u00e4r det beh\u00f6vs \u2013 idealisk f\u00f6r b\u00e5de Garage\u2011 och Arc\u2011industriarmaturer.","og_url":"https:\/\/anetahome.com\/se\/produkt\/arc-garage-bracket\/","og_site_name":"AnetaHome","article_modified_time":"2026-04-01T01:54:23+00:00","twitter_card":"summary_large_image","schema":{"@context":"https:\/\/schema.org","@graph":[{"@type":"WebPage","@id":"https:\/\/anetahome.com\/se\/produkt\/arc-garage-bracket\/","url":"https:\/\/anetahome.com\/se\/produkt\/arc-garage-bracket\/","name":"Arc\/Garage Bracket - AnetaHome","isPartOf":{"@id":"https:\/\/anetahome.com\/se\/#website"},"primaryImageOfPage":{"@id":"https:\/\/anetahome.com\/se\/produkt\/arc-garage-bracket\/#primaryimage"},"image":{"@id":"https:\/\/anetahome.com\/se\/produkt\/arc-garage-bracket\/#primaryimage"},"thumbnailUrl":"https:\/\/d34q21u9zm82v9.cloudfront.net\/wp-content\/uploads\/sites\/3\/2026\/02\/11025513\/PGY5BmlZYPVtsIsxJPKasgEJs-scaled.png","datePublished":"2026-02-11T01:55:09+00:00","dateModified":"2026-04-01T01:54:23+00:00","breadcrumb":{"@id":"https:\/\/anetahome.com\/se\/produkt\/arc-garage-bracket\/#breadcrumb"},"inLanguage":"sv-SE","potentialAction":[{"@type":"ReadAction","target":["https:\/\/anetahome.com\/se\/produkt\/arc-garage-bracket\/"]}]},{"@type":"ImageObject","inLanguage":"sv-SE","@id":"https:\/\/anetahome.com\/se\/produkt\/arc-garage-bracket\/#primaryimage","url":"https:\/\/d34q21u9zm82v9.cloudfront.net\/wp-content\/uploads\/sites\/3\/2026\/02\/11025513\/PGY5BmlZYPVtsIsxJPKasgEJs-scaled.png","contentUrl":"https:\/\/d34q21u9zm82v9.cloudfront.net\/wp-content\/uploads\/sites\/3\/2026\/02\/11025513\/PGY5BmlZYPVtsIsxJPKasgEJs-scaled.png","width":2560,"height":1600},{"@type":"BreadcrumbList","@id":"https:\/\/anetahome.com\/se\/produkt\/arc-garage-bracket\/#breadcrumb","itemListElement":[{"@type":"ListItem","position":1,"name":"Forsiden","item":"https:\/\/anetahome.com\/se\/"},{"@type":"ListItem","position":2,"name":"Butik","item":"https:\/\/anetahome.com\/se\/butik\/"},{"@type":"ListItem","position":3,"name":"Arc\/Garage Bracket"}]},{"@type":"WebSite","@id":"https:\/\/anetahome.com\/se\/#website","url":"https:\/\/anetahome.com\/se\/","name":"AnetaHome","description":"Skandinavias ledende lampegrossist","publisher":{"@id":"https:\/\/anetahome.com\/se\/#organization"},"potentialAction":[{"@type":"SearchAction","target":{"@type":"EntryPoint","urlTemplate":"https:\/\/anetahome.com\/se\/?s={search_term_string}"},"query-input":{"@type":"PropertyValueSpecification","valueRequired":true,"valueName":"search_term_string"}}],"inLanguage":"sv-SE"},{"@type":"Organization","@id":"https:\/\/anetahome.com\/se\/#organization","name":"AnetaHome","url":"https:\/\/anetahome.com\/se\/","logo":{"@type":"ImageObject","inLanguage":"sv-SE","@id":"https:\/\/anetahome.com\/se\/#\/schema\/logo\/image\/","url":"https:\/\/d34q21u9zm82v9.cloudfront.net\/wp-content\/uploads\/sites\/3\/2021\/08\/30123704\/ANETA-HOME-logo-1.svg","contentUrl":"https:\/\/d34q21u9zm82v9.cloudfront.net\/wp-content\/uploads\/sites\/3\/2021\/08\/30123704\/ANETA-HOME-logo-1.svg","width":174,"height":71,"caption":"AnetaHome"},"image":{"@id":"https:\/\/anetahome.com\/se\/#\/schema\/logo\/image\/"}}]}},"_links":{"self":[{"href":"https:\/\/anetahome.com\/se\/wp-json\/wp\/v2\/product\/27527","targetHints":{"allow":["GET"]}}],"collection":[{"href":"https:\/\/anetahome.com\/se\/wp-json\/wp\/v2\/product"}],"about":[{"href":"https:\/\/anetahome.com\/se\/wp-json\/wp\/v2\/types\/product"}],"wp:featuredmedia":[{"embeddable":true,"href":"https:\/\/anetahome.com\/se\/wp-json\/wp\/v2\/media\/27528"}],"wp:attachment":[{"href":"https:\/\/anetahome.com\/se\/wp-json\/wp\/v2\/media?parent=27527"}],"wp:term":[{"taxonomy":"product_tag","embeddable":true,"href":"https:\/\/anetahome.com\/se\/wp-json\/wp\/v2\/product_tag?post=27527"},{"taxonomy":"product_brand","embeddable":true,"href":"https:\/\/anetahome.com\/se\/wp-json\/wp\/v2\/product_brand?post=27527"},{"taxonomy":"product_cat","embeddable":true,"href":"https:\/\/anetahome.com\/se\/wp-json\/wp\/v2\/product_cat?post=27527"}],"curies":[{"name":"wp","href":"https:\/\/api.w.org\/{rel}","templated":true}]}}