{"id":7664,"date":"2022-01-22T19:38:52","date_gmt":"2022-01-22T18:38:52","guid":{"rendered":"https:\/\/anetahome.com\/se\/produkt\/modica-vagglampa-bad9w-led-krom\/"},"modified":"2026-05-05T13:45:21","modified_gmt":"2026-05-05T11:45:21","slug":"modica-vagglampa-bad9w-led-krom","status":"publish","type":"product","link":"https:\/\/anetahome.com\/se\/produkt\/modica-vagglampa-bad9w-led-krom\/","title":{"rendered":"MODICA v\u00e4gglampa 9W LED"},"content":{"rendered":"<p>Modica v\u00e4gglampa med eluttag i kromad metall och vit akryl sk\u00e4rm. Lampan passar \u00f6ver spegeln d\u00e4r du beh\u00f6ver ett bra arbetsljus och samtidigt beh\u00f6ver str\u00f6m till en h\u00e5rtork, rakapparat och liknande. Monteras p\u00e5 v\u00e4ggen med skruvar och fast str\u00f6manslutning. 9W LED \u00e4r integrerad och ger ett ljus med 3000 kelvin varmvitt ljus och 630 lumen, IP44<\/p>\n","protected":false},"excerpt":{"rendered":"<p>Modica v\u00e4gglampa med eluttag i kromad metall och vit akryl sk\u00e4rm. Lampan passar \u00f6ver spegeln d\u00e4r du beh\u00f6ver ett bra arbetsljus och samtidigt beh\u00f6ver str\u00f6m till en h\u00e5rtork, rakapparat och liknande. Monteras p\u00e5 v\u00e4ggen med skruvar och fast str\u00f6manslutning. 9W LED \u00e4r integrerad och ger ett ljus med 3000 kelvin varmvitt ljus och 630 lumen, IP44<\/p>\n","protected":false},"featured_media":22960,"template":"","meta":{"_acf_changed":false,"inline_featured_image":false},"product_tag":[],"product_brand":[],"product_cat":[8945],"class_list":{"0":"post-7664","1":"product","2":"type-product","3":"status-publish","4":"has-post-thumbnail","6":"product_cat-badrumslampor","8":"first","9":"instock","10":"taxable","11":"shipping-taxable","12":"product-type-simple"},"acf":[],"yoast_head":"<!-- This site is optimized with the Yoast SEO plugin v27.5 - https:\/\/yoast.com\/product\/yoast-seo-wordpress\/ -->\n<title>MODICA v\u00e4gglampa 9W LED - AnetaHome<\/title>\n<meta name=\"robots\" content=\"index, follow, max-snippet:-1, max-image-preview:large, max-video-preview:-1\" \/>\n<link rel=\"canonical\" href=\"https:\/\/anetahome.com\/se\/produkt\/modica-vagglampa-bad9w-led-krom\/\" \/>\n<meta property=\"og:locale\" content=\"sv_SE\" \/>\n<meta property=\"og:type\" content=\"article\" \/>\n<meta property=\"og:title\" content=\"MODICA v\u00e4gglampa 9W LED - AnetaHome\" \/>\n<meta property=\"og:description\" content=\"Modica v\u00e4gglampa med eluttag i kromad metall och vit akryl sk\u00e4rm. Lampan passar \u00f6ver spegeln d\u00e4r du beh\u00f6ver ett bra arbetsljus och samtidigt beh\u00f6ver str\u00f6m till en h\u00e5rtork, rakapparat och liknande. Monteras p\u00e5 v\u00e4ggen med skruvar och fast str\u00f6manslutning. 9W LED \u00e4r integrerad och ger ett ljus med 3000 kelvin varmvitt ljus och 630 lumen, IP44\" \/>\n<meta property=\"og:url\" content=\"https:\/\/anetahome.com\/se\/produkt\/modica-vagglampa-bad9w-led-krom\/\" \/>\n<meta property=\"og:site_name\" content=\"AnetaHome\" \/>\n<meta property=\"article:modified_time\" content=\"2026-05-05T11:45:21+00:00\" \/>\n<meta property=\"og:image\" content=\"https:\/\/d34q21u9zm82v9.cloudfront.net\/wp-content\/uploads\/sites\/3\/2022\/01\/06123837\/yfNB0jCDK0qdO8a2YWkDtHYbO.png\" \/>\n\t<meta property=\"og:image:width\" content=\"6378\" \/>\n\t<meta property=\"og:image:height\" content=\"4252\" \/>\n\t<meta property=\"og:image:type\" content=\"image\/png\" \/>\n<meta name=\"twitter:card\" content=\"summary_large_image\" \/>\n<script type=\"application\/ld+json\" class=\"yoast-schema-graph\">{\"@context\":\"https:\\\/\\\/schema.org\",\"@graph\":[{\"@type\":\"WebPage\",\"@id\":\"https:\\\/\\\/anetahome.com\\\/se\\\/produkt\\\/modica-vagglampa-bad9w-led-krom\\\/\",\"url\":\"https:\\\/\\\/anetahome.com\\\/se\\\/produkt\\\/modica-vagglampa-bad9w-led-krom\\\/\",\"name\":\"MODICA v\u00e4gglampa 9W LED - AnetaHome\",\"isPartOf\":{\"@id\":\"https:\\\/\\\/anetahome.com\\\/se\\\/#website\"},\"primaryImageOfPage\":{\"@id\":\"https:\\\/\\\/anetahome.com\\\/se\\\/produkt\\\/modica-vagglampa-bad9w-led-krom\\\/#primaryimage\"},\"image\":{\"@id\":\"https:\\\/\\\/anetahome.com\\\/se\\\/produkt\\\/modica-vagglampa-bad9w-led-krom\\\/#primaryimage\"},\"thumbnailUrl\":\"https:\\\/\\\/d34q21u9zm82v9.cloudfront.net\\\/wp-content\\\/uploads\\\/sites\\\/3\\\/2022\\\/01\\\/06123837\\\/yfNB0jCDK0qdO8a2YWkDtHYbO-scaled.png\",\"datePublished\":\"2022-01-22T18:38:52+00:00\",\"dateModified\":\"2026-05-05T11:45:21+00:00\",\"breadcrumb\":{\"@id\":\"https:\\\/\\\/anetahome.com\\\/se\\\/produkt\\\/modica-vagglampa-bad9w-led-krom\\\/#breadcrumb\"},\"inLanguage\":\"sv-SE\",\"potentialAction\":[{\"@type\":\"ReadAction\",\"target\":[\"https:\\\/\\\/anetahome.com\\\/se\\\/produkt\\\/modica-vagglampa-bad9w-led-krom\\\/\"]}]},{\"@type\":\"ImageObject\",\"inLanguage\":\"sv-SE\",\"@id\":\"https:\\\/\\\/anetahome.com\\\/se\\\/produkt\\\/modica-vagglampa-bad9w-led-krom\\\/#primaryimage\",\"url\":\"https:\\\/\\\/d34q21u9zm82v9.cloudfront.net\\\/wp-content\\\/uploads\\\/sites\\\/3\\\/2022\\\/01\\\/06123837\\\/yfNB0jCDK0qdO8a2YWkDtHYbO-scaled.png\",\"contentUrl\":\"https:\\\/\\\/d34q21u9zm82v9.cloudfront.net\\\/wp-content\\\/uploads\\\/sites\\\/3\\\/2022\\\/01\\\/06123837\\\/yfNB0jCDK0qdO8a2YWkDtHYbO-scaled.png\",\"width\":2560,\"height\":1707},{\"@type\":\"BreadcrumbList\",\"@id\":\"https:\\\/\\\/anetahome.com\\\/se\\\/produkt\\\/modica-vagglampa-bad9w-led-krom\\\/#breadcrumb\",\"itemListElement\":[{\"@type\":\"ListItem\",\"position\":1,\"name\":\"Forsiden\",\"item\":\"https:\\\/\\\/anetahome.com\\\/se\\\/\"},{\"@type\":\"ListItem\",\"position\":2,\"name\":\"Butik\",\"item\":\"https:\\\/\\\/anetahome.com\\\/se\\\/butik\\\/\"},{\"@type\":\"ListItem\",\"position\":3,\"name\":\"MODICA v\u00e4gglampa 9W LED\"}]},{\"@type\":\"WebSite\",\"@id\":\"https:\\\/\\\/anetahome.com\\\/se\\\/#website\",\"url\":\"https:\\\/\\\/anetahome.com\\\/se\\\/\",\"name\":\"AnetaHome\",\"description\":\"Skandinavias ledende lampegrossist\",\"publisher\":{\"@id\":\"https:\\\/\\\/anetahome.com\\\/se\\\/#organization\"},\"potentialAction\":[{\"@type\":\"SearchAction\",\"target\":{\"@type\":\"EntryPoint\",\"urlTemplate\":\"https:\\\/\\\/anetahome.com\\\/se\\\/?s={search_term_string}\"},\"query-input\":{\"@type\":\"PropertyValueSpecification\",\"valueRequired\":true,\"valueName\":\"search_term_string\"}}],\"inLanguage\":\"sv-SE\"},{\"@type\":\"Organization\",\"@id\":\"https:\\\/\\\/anetahome.com\\\/se\\\/#organization\",\"name\":\"AnetaHome\",\"url\":\"https:\\\/\\\/anetahome.com\\\/se\\\/\",\"logo\":{\"@type\":\"ImageObject\",\"inLanguage\":\"sv-SE\",\"@id\":\"https:\\\/\\\/anetahome.com\\\/se\\\/#\\\/schema\\\/logo\\\/image\\\/\",\"url\":\"https:\\\/\\\/d34q21u9zm82v9.cloudfront.net\\\/wp-content\\\/uploads\\\/sites\\\/3\\\/2021\\\/08\\\/30123704\\\/ANETA-HOME-logo-1.svg\",\"contentUrl\":\"https:\\\/\\\/d34q21u9zm82v9.cloudfront.net\\\/wp-content\\\/uploads\\\/sites\\\/3\\\/2021\\\/08\\\/30123704\\\/ANETA-HOME-logo-1.svg\",\"width\":174,\"height\":71,\"caption\":\"AnetaHome\"},\"image\":{\"@id\":\"https:\\\/\\\/anetahome.com\\\/se\\\/#\\\/schema\\\/logo\\\/image\\\/\"}}]}<\/script>\n<!-- \/ Yoast SEO plugin. -->","yoast_head_json":{"title":"MODICA v\u00e4gglampa 9W LED - AnetaHome","robots":{"index":"index","follow":"follow","max-snippet":"max-snippet:-1","max-image-preview":"max-image-preview:large","max-video-preview":"max-video-preview:-1"},"canonical":"https:\/\/anetahome.com\/se\/produkt\/modica-vagglampa-bad9w-led-krom\/","og_locale":"sv_SE","og_type":"article","og_title":"MODICA v\u00e4gglampa 9W LED - AnetaHome","og_description":"Modica v\u00e4gglampa med eluttag i kromad metall och vit akryl sk\u00e4rm. Lampan passar \u00f6ver spegeln d\u00e4r du beh\u00f6ver ett bra arbetsljus och samtidigt beh\u00f6ver str\u00f6m till en h\u00e5rtork, rakapparat och liknande. Monteras p\u00e5 v\u00e4ggen med skruvar och fast str\u00f6manslutning. 9W LED \u00e4r integrerad och ger ett ljus med 3000 kelvin varmvitt ljus och 630 lumen, IP44","og_url":"https:\/\/anetahome.com\/se\/produkt\/modica-vagglampa-bad9w-led-krom\/","og_site_name":"AnetaHome","article_modified_time":"2026-05-05T11:45:21+00:00","og_image":[{"width":6378,"height":4252,"url":"https:\/\/d34q21u9zm82v9.cloudfront.net\/wp-content\/uploads\/sites\/3\/2022\/01\/06123837\/yfNB0jCDK0qdO8a2YWkDtHYbO.png","type":"image\/png"}],"twitter_card":"summary_large_image","schema":{"@context":"https:\/\/schema.org","@graph":[{"@type":"WebPage","@id":"https:\/\/anetahome.com\/se\/produkt\/modica-vagglampa-bad9w-led-krom\/","url":"https:\/\/anetahome.com\/se\/produkt\/modica-vagglampa-bad9w-led-krom\/","name":"MODICA v\u00e4gglampa 9W LED - AnetaHome","isPartOf":{"@id":"https:\/\/anetahome.com\/se\/#website"},"primaryImageOfPage":{"@id":"https:\/\/anetahome.com\/se\/produkt\/modica-vagglampa-bad9w-led-krom\/#primaryimage"},"image":{"@id":"https:\/\/anetahome.com\/se\/produkt\/modica-vagglampa-bad9w-led-krom\/#primaryimage"},"thumbnailUrl":"https:\/\/d34q21u9zm82v9.cloudfront.net\/wp-content\/uploads\/sites\/3\/2022\/01\/06123837\/yfNB0jCDK0qdO8a2YWkDtHYbO-scaled.png","datePublished":"2022-01-22T18:38:52+00:00","dateModified":"2026-05-05T11:45:21+00:00","breadcrumb":{"@id":"https:\/\/anetahome.com\/se\/produkt\/modica-vagglampa-bad9w-led-krom\/#breadcrumb"},"inLanguage":"sv-SE","potentialAction":[{"@type":"ReadAction","target":["https:\/\/anetahome.com\/se\/produkt\/modica-vagglampa-bad9w-led-krom\/"]}]},{"@type":"ImageObject","inLanguage":"sv-SE","@id":"https:\/\/anetahome.com\/se\/produkt\/modica-vagglampa-bad9w-led-krom\/#primaryimage","url":"https:\/\/d34q21u9zm82v9.cloudfront.net\/wp-content\/uploads\/sites\/3\/2022\/01\/06123837\/yfNB0jCDK0qdO8a2YWkDtHYbO-scaled.png","contentUrl":"https:\/\/d34q21u9zm82v9.cloudfront.net\/wp-content\/uploads\/sites\/3\/2022\/01\/06123837\/yfNB0jCDK0qdO8a2YWkDtHYbO-scaled.png","width":2560,"height":1707},{"@type":"BreadcrumbList","@id":"https:\/\/anetahome.com\/se\/produkt\/modica-vagglampa-bad9w-led-krom\/#breadcrumb","itemListElement":[{"@type":"ListItem","position":1,"name":"Forsiden","item":"https:\/\/anetahome.com\/se\/"},{"@type":"ListItem","position":2,"name":"Butik","item":"https:\/\/anetahome.com\/se\/butik\/"},{"@type":"ListItem","position":3,"name":"MODICA v\u00e4gglampa 9W LED"}]},{"@type":"WebSite","@id":"https:\/\/anetahome.com\/se\/#website","url":"https:\/\/anetahome.com\/se\/","name":"AnetaHome","description":"Skandinavias ledende lampegrossist","publisher":{"@id":"https:\/\/anetahome.com\/se\/#organization"},"potentialAction":[{"@type":"SearchAction","target":{"@type":"EntryPoint","urlTemplate":"https:\/\/anetahome.com\/se\/?s={search_term_string}"},"query-input":{"@type":"PropertyValueSpecification","valueRequired":true,"valueName":"search_term_string"}}],"inLanguage":"sv-SE"},{"@type":"Organization","@id":"https:\/\/anetahome.com\/se\/#organization","name":"AnetaHome","url":"https:\/\/anetahome.com\/se\/","logo":{"@type":"ImageObject","inLanguage":"sv-SE","@id":"https:\/\/anetahome.com\/se\/#\/schema\/logo\/image\/","url":"https:\/\/d34q21u9zm82v9.cloudfront.net\/wp-content\/uploads\/sites\/3\/2021\/08\/30123704\/ANETA-HOME-logo-1.svg","contentUrl":"https:\/\/d34q21u9zm82v9.cloudfront.net\/wp-content\/uploads\/sites\/3\/2021\/08\/30123704\/ANETA-HOME-logo-1.svg","width":174,"height":71,"caption":"AnetaHome"},"image":{"@id":"https:\/\/anetahome.com\/se\/#\/schema\/logo\/image\/"}}]}},"_links":{"self":[{"href":"https:\/\/anetahome.com\/se\/wp-json\/wp\/v2\/product\/7664","targetHints":{"allow":["GET"]}}],"collection":[{"href":"https:\/\/anetahome.com\/se\/wp-json\/wp\/v2\/product"}],"about":[{"href":"https:\/\/anetahome.com\/se\/wp-json\/wp\/v2\/types\/product"}],"wp:featuredmedia":[{"embeddable":true,"href":"https:\/\/anetahome.com\/se\/wp-json\/wp\/v2\/media\/22960"}],"wp:attachment":[{"href":"https:\/\/anetahome.com\/se\/wp-json\/wp\/v2\/media?parent=7664"}],"wp:term":[{"taxonomy":"product_tag","embeddable":true,"href":"https:\/\/anetahome.com\/se\/wp-json\/wp\/v2\/product_tag?post=7664"},{"taxonomy":"product_brand","embeddable":true,"href":"https:\/\/anetahome.com\/se\/wp-json\/wp\/v2\/product_brand?post=7664"},{"taxonomy":"product_cat","embeddable":true,"href":"https:\/\/anetahome.com\/se\/wp-json\/wp\/v2\/product_cat?post=7664"}],"curies":[{"name":"wp","href":"https:\/\/api.w.org\/{rel}","templated":true}]}}