{"id":7682,"date":"2022-01-22T19:38:57","date_gmt":"2022-01-22T18:38:57","guid":{"rendered":"https:\/\/anetahome.com\/se\/produkt\/siracusa-plafond-bad-krom-2\/"},"modified":"2026-04-17T03:46:45","modified_gmt":"2026-04-17T01:46:45","slug":"siracusa-plafond-bad-krom-2","status":"publish","type":"product","link":"https:\/\/anetahome.com\/se\/produkt\/siracusa-plafond-bad-krom-2\/","title":{"rendered":"SIRACUSA plafond, med LED"},"content":{"rendered":"<p>Siracusa LED-plafond med opalvit glaskupol och kromad metallkant. Med integrerad 12W LED som ger ett bekv\u00e4mt varmvitt ljus p\u00e5 900 lumen, vilket motsvarar cirka 60W traditionell gl\u00f6dlampa. Siracusa \u00e4r ett snyggt och tidl\u00f6st alternativ f\u00f6r en j\u00e4mn och behaglig allm\u00e4nbelysning i badrummet. Lampan monteras med skruvar i taket och str\u00f6manslutning med fast montering.<\/p>\n","protected":false},"excerpt":{"rendered":"<p>Siracusa LED-plafond med opalvit glaskupol och kromad metallkant. Med integrerad 12W LED som ger ett bekv\u00e4mt varmvitt ljus p\u00e5 900 lumen, vilket motsvarar cirka 60W traditionell gl\u00f6dlampa. Siracusa \u00e4r ett snyggt och tidl\u00f6st alternativ f\u00f6r en j\u00e4mn och behaglig allm\u00e4nbelysning i badrummet. Lampan monteras med skruvar i taket och str\u00f6manslutning med fast montering.<\/p>\n","protected":false},"featured_media":18549,"template":"","meta":{"_acf_changed":false,"inline_featured_image":false},"product_tag":[],"product_brand":[],"product_cat":[8945],"class_list":{"0":"post-7682","1":"product","2":"type-product","3":"status-publish","4":"has-post-thumbnail","6":"product_cat-badrumslampor","8":"first","9":"instock","10":"taxable","11":"shipping-taxable","12":"product-type-simple"},"acf":[],"yoast_head":"<!-- This site is optimized with the Yoast SEO plugin v27.5 - https:\/\/yoast.com\/product\/yoast-seo-wordpress\/ -->\n<title>SIRACUSA plafond, med LED - AnetaHome<\/title>\n<meta name=\"robots\" content=\"index, follow, max-snippet:-1, max-image-preview:large, max-video-preview:-1\" \/>\n<link rel=\"canonical\" href=\"https:\/\/anetahome.com\/se\/produkt\/siracusa-plafond-bad-krom-2\/\" \/>\n<meta property=\"og:locale\" content=\"sv_SE\" \/>\n<meta property=\"og:type\" content=\"article\" \/>\n<meta property=\"og:title\" content=\"SIRACUSA plafond, med LED - AnetaHome\" \/>\n<meta property=\"og:description\" content=\"Siracusa LED-plafond med opalvit glaskupol och kromad metallkant. Med integrerad 12W LED som ger ett bekv\u00e4mt varmvitt ljus p\u00e5 900 lumen, vilket motsvarar cirka 60W traditionell gl\u00f6dlampa. Siracusa \u00e4r ett snyggt och tidl\u00f6st alternativ f\u00f6r en j\u00e4mn och behaglig allm\u00e4nbelysning i badrummet. Lampan monteras med skruvar i taket och str\u00f6manslutning med fast montering.\" \/>\n<meta property=\"og:url\" content=\"https:\/\/anetahome.com\/se\/produkt\/siracusa-plafond-bad-krom-2\/\" \/>\n<meta property=\"og:site_name\" content=\"AnetaHome\" \/>\n<meta property=\"article:modified_time\" content=\"2026-04-17T01:46:45+00:00\" \/>\n<meta property=\"og:image\" content=\"https:\/\/d34q21u9zm82v9.cloudfront.net\/wp-content\/uploads\/sites\/3\/2022\/01\/08150645\/0kIVYtXZt7r5w9cKHue4Z5kDg-scaled.png\" \/>\n\t<meta property=\"og:image:width\" content=\"2560\" \/>\n\t<meta property=\"og:image:height\" content=\"1707\" \/>\n\t<meta property=\"og:image:type\" content=\"image\/png\" \/>\n<meta name=\"twitter:card\" content=\"summary_large_image\" \/>\n<script type=\"application\/ld+json\" class=\"yoast-schema-graph\">{\"@context\":\"https:\\\/\\\/schema.org\",\"@graph\":[{\"@type\":\"WebPage\",\"@id\":\"https:\\\/\\\/anetahome.com\\\/se\\\/produkt\\\/siracusa-plafond-bad-krom-2\\\/\",\"url\":\"https:\\\/\\\/anetahome.com\\\/se\\\/produkt\\\/siracusa-plafond-bad-krom-2\\\/\",\"name\":\"SIRACUSA plafond, med LED - AnetaHome\",\"isPartOf\":{\"@id\":\"https:\\\/\\\/anetahome.com\\\/se\\\/#website\"},\"primaryImageOfPage\":{\"@id\":\"https:\\\/\\\/anetahome.com\\\/se\\\/produkt\\\/siracusa-plafond-bad-krom-2\\\/#primaryimage\"},\"image\":{\"@id\":\"https:\\\/\\\/anetahome.com\\\/se\\\/produkt\\\/siracusa-plafond-bad-krom-2\\\/#primaryimage\"},\"thumbnailUrl\":\"https:\\\/\\\/d34q21u9zm82v9.cloudfront.net\\\/wp-content\\\/uploads\\\/sites\\\/3\\\/2022\\\/01\\\/08150645\\\/0kIVYtXZt7r5w9cKHue4Z5kDg-scaled.png\",\"datePublished\":\"2022-01-22T18:38:57+00:00\",\"dateModified\":\"2026-04-17T01:46:45+00:00\",\"breadcrumb\":{\"@id\":\"https:\\\/\\\/anetahome.com\\\/se\\\/produkt\\\/siracusa-plafond-bad-krom-2\\\/#breadcrumb\"},\"inLanguage\":\"sv-SE\",\"potentialAction\":[{\"@type\":\"ReadAction\",\"target\":[\"https:\\\/\\\/anetahome.com\\\/se\\\/produkt\\\/siracusa-plafond-bad-krom-2\\\/\"]}]},{\"@type\":\"ImageObject\",\"inLanguage\":\"sv-SE\",\"@id\":\"https:\\\/\\\/anetahome.com\\\/se\\\/produkt\\\/siracusa-plafond-bad-krom-2\\\/#primaryimage\",\"url\":\"https:\\\/\\\/d34q21u9zm82v9.cloudfront.net\\\/wp-content\\\/uploads\\\/sites\\\/3\\\/2022\\\/01\\\/08150645\\\/0kIVYtXZt7r5w9cKHue4Z5kDg-scaled.png\",\"contentUrl\":\"https:\\\/\\\/d34q21u9zm82v9.cloudfront.net\\\/wp-content\\\/uploads\\\/sites\\\/3\\\/2022\\\/01\\\/08150645\\\/0kIVYtXZt7r5w9cKHue4Z5kDg-scaled.png\",\"width\":2560,\"height\":1707},{\"@type\":\"BreadcrumbList\",\"@id\":\"https:\\\/\\\/anetahome.com\\\/se\\\/produkt\\\/siracusa-plafond-bad-krom-2\\\/#breadcrumb\",\"itemListElement\":[{\"@type\":\"ListItem\",\"position\":1,\"name\":\"Forsiden\",\"item\":\"https:\\\/\\\/anetahome.com\\\/se\\\/\"},{\"@type\":\"ListItem\",\"position\":2,\"name\":\"Butik\",\"item\":\"https:\\\/\\\/anetahome.com\\\/se\\\/butik\\\/\"},{\"@type\":\"ListItem\",\"position\":3,\"name\":\"SIRACUSA plafond, med LED\"}]},{\"@type\":\"WebSite\",\"@id\":\"https:\\\/\\\/anetahome.com\\\/se\\\/#website\",\"url\":\"https:\\\/\\\/anetahome.com\\\/se\\\/\",\"name\":\"AnetaHome\",\"description\":\"Skandinavias ledende lampegrossist\",\"publisher\":{\"@id\":\"https:\\\/\\\/anetahome.com\\\/se\\\/#organization\"},\"potentialAction\":[{\"@type\":\"SearchAction\",\"target\":{\"@type\":\"EntryPoint\",\"urlTemplate\":\"https:\\\/\\\/anetahome.com\\\/se\\\/?s={search_term_string}\"},\"query-input\":{\"@type\":\"PropertyValueSpecification\",\"valueRequired\":true,\"valueName\":\"search_term_string\"}}],\"inLanguage\":\"sv-SE\"},{\"@type\":\"Organization\",\"@id\":\"https:\\\/\\\/anetahome.com\\\/se\\\/#organization\",\"name\":\"AnetaHome\",\"url\":\"https:\\\/\\\/anetahome.com\\\/se\\\/\",\"logo\":{\"@type\":\"ImageObject\",\"inLanguage\":\"sv-SE\",\"@id\":\"https:\\\/\\\/anetahome.com\\\/se\\\/#\\\/schema\\\/logo\\\/image\\\/\",\"url\":\"https:\\\/\\\/d34q21u9zm82v9.cloudfront.net\\\/wp-content\\\/uploads\\\/sites\\\/3\\\/2021\\\/08\\\/30123704\\\/ANETA-HOME-logo-1.svg\",\"contentUrl\":\"https:\\\/\\\/d34q21u9zm82v9.cloudfront.net\\\/wp-content\\\/uploads\\\/sites\\\/3\\\/2021\\\/08\\\/30123704\\\/ANETA-HOME-logo-1.svg\",\"width\":174,\"height\":71,\"caption\":\"AnetaHome\"},\"image\":{\"@id\":\"https:\\\/\\\/anetahome.com\\\/se\\\/#\\\/schema\\\/logo\\\/image\\\/\"}}]}<\/script>\n<!-- \/ Yoast SEO plugin. -->","yoast_head_json":{"title":"SIRACUSA plafond, med LED - AnetaHome","robots":{"index":"index","follow":"follow","max-snippet":"max-snippet:-1","max-image-preview":"max-image-preview:large","max-video-preview":"max-video-preview:-1"},"canonical":"https:\/\/anetahome.com\/se\/produkt\/siracusa-plafond-bad-krom-2\/","og_locale":"sv_SE","og_type":"article","og_title":"SIRACUSA plafond, med LED - AnetaHome","og_description":"Siracusa LED-plafond med opalvit glaskupol och kromad metallkant. Med integrerad 12W LED som ger ett bekv\u00e4mt varmvitt ljus p\u00e5 900 lumen, vilket motsvarar cirka 60W traditionell gl\u00f6dlampa. Siracusa \u00e4r ett snyggt och tidl\u00f6st alternativ f\u00f6r en j\u00e4mn och behaglig allm\u00e4nbelysning i badrummet. Lampan monteras med skruvar i taket och str\u00f6manslutning med fast montering.","og_url":"https:\/\/anetahome.com\/se\/produkt\/siracusa-plafond-bad-krom-2\/","og_site_name":"AnetaHome","article_modified_time":"2026-04-17T01:46:45+00:00","og_image":[{"width":2560,"height":1707,"url":"https:\/\/d34q21u9zm82v9.cloudfront.net\/wp-content\/uploads\/sites\/3\/2022\/01\/08150645\/0kIVYtXZt7r5w9cKHue4Z5kDg-scaled.png","type":"image\/png"}],"twitter_card":"summary_large_image","schema":{"@context":"https:\/\/schema.org","@graph":[{"@type":"WebPage","@id":"https:\/\/anetahome.com\/se\/produkt\/siracusa-plafond-bad-krom-2\/","url":"https:\/\/anetahome.com\/se\/produkt\/siracusa-plafond-bad-krom-2\/","name":"SIRACUSA plafond, med LED - AnetaHome","isPartOf":{"@id":"https:\/\/anetahome.com\/se\/#website"},"primaryImageOfPage":{"@id":"https:\/\/anetahome.com\/se\/produkt\/siracusa-plafond-bad-krom-2\/#primaryimage"},"image":{"@id":"https:\/\/anetahome.com\/se\/produkt\/siracusa-plafond-bad-krom-2\/#primaryimage"},"thumbnailUrl":"https:\/\/d34q21u9zm82v9.cloudfront.net\/wp-content\/uploads\/sites\/3\/2022\/01\/08150645\/0kIVYtXZt7r5w9cKHue4Z5kDg-scaled.png","datePublished":"2022-01-22T18:38:57+00:00","dateModified":"2026-04-17T01:46:45+00:00","breadcrumb":{"@id":"https:\/\/anetahome.com\/se\/produkt\/siracusa-plafond-bad-krom-2\/#breadcrumb"},"inLanguage":"sv-SE","potentialAction":[{"@type":"ReadAction","target":["https:\/\/anetahome.com\/se\/produkt\/siracusa-plafond-bad-krom-2\/"]}]},{"@type":"ImageObject","inLanguage":"sv-SE","@id":"https:\/\/anetahome.com\/se\/produkt\/siracusa-plafond-bad-krom-2\/#primaryimage","url":"https:\/\/d34q21u9zm82v9.cloudfront.net\/wp-content\/uploads\/sites\/3\/2022\/01\/08150645\/0kIVYtXZt7r5w9cKHue4Z5kDg-scaled.png","contentUrl":"https:\/\/d34q21u9zm82v9.cloudfront.net\/wp-content\/uploads\/sites\/3\/2022\/01\/08150645\/0kIVYtXZt7r5w9cKHue4Z5kDg-scaled.png","width":2560,"height":1707},{"@type":"BreadcrumbList","@id":"https:\/\/anetahome.com\/se\/produkt\/siracusa-plafond-bad-krom-2\/#breadcrumb","itemListElement":[{"@type":"ListItem","position":1,"name":"Forsiden","item":"https:\/\/anetahome.com\/se\/"},{"@type":"ListItem","position":2,"name":"Butik","item":"https:\/\/anetahome.com\/se\/butik\/"},{"@type":"ListItem","position":3,"name":"SIRACUSA plafond, med LED"}]},{"@type":"WebSite","@id":"https:\/\/anetahome.com\/se\/#website","url":"https:\/\/anetahome.com\/se\/","name":"AnetaHome","description":"Skandinavias ledende lampegrossist","publisher":{"@id":"https:\/\/anetahome.com\/se\/#organization"},"potentialAction":[{"@type":"SearchAction","target":{"@type":"EntryPoint","urlTemplate":"https:\/\/anetahome.com\/se\/?s={search_term_string}"},"query-input":{"@type":"PropertyValueSpecification","valueRequired":true,"valueName":"search_term_string"}}],"inLanguage":"sv-SE"},{"@type":"Organization","@id":"https:\/\/anetahome.com\/se\/#organization","name":"AnetaHome","url":"https:\/\/anetahome.com\/se\/","logo":{"@type":"ImageObject","inLanguage":"sv-SE","@id":"https:\/\/anetahome.com\/se\/#\/schema\/logo\/image\/","url":"https:\/\/d34q21u9zm82v9.cloudfront.net\/wp-content\/uploads\/sites\/3\/2021\/08\/30123704\/ANETA-HOME-logo-1.svg","contentUrl":"https:\/\/d34q21u9zm82v9.cloudfront.net\/wp-content\/uploads\/sites\/3\/2021\/08\/30123704\/ANETA-HOME-logo-1.svg","width":174,"height":71,"caption":"AnetaHome"},"image":{"@id":"https:\/\/anetahome.com\/se\/#\/schema\/logo\/image\/"}}]}},"_links":{"self":[{"href":"https:\/\/anetahome.com\/se\/wp-json\/wp\/v2\/product\/7682","targetHints":{"allow":["GET"]}}],"collection":[{"href":"https:\/\/anetahome.com\/se\/wp-json\/wp\/v2\/product"}],"about":[{"href":"https:\/\/anetahome.com\/se\/wp-json\/wp\/v2\/types\/product"}],"wp:featuredmedia":[{"embeddable":true,"href":"https:\/\/anetahome.com\/se\/wp-json\/wp\/v2\/media\/18549"}],"wp:attachment":[{"href":"https:\/\/anetahome.com\/se\/wp-json\/wp\/v2\/media?parent=7682"}],"wp:term":[{"taxonomy":"product_tag","embeddable":true,"href":"https:\/\/anetahome.com\/se\/wp-json\/wp\/v2\/product_tag?post=7682"},{"taxonomy":"product_brand","embeddable":true,"href":"https:\/\/anetahome.com\/se\/wp-json\/wp\/v2\/product_brand?post=7682"},{"taxonomy":"product_cat","embeddable":true,"href":"https:\/\/anetahome.com\/se\/wp-json\/wp\/v2\/product_cat?post=7682"}],"curies":[{"name":"wp","href":"https:\/\/api.w.org\/{rel}","templated":true}]}}