{"id":9027,"date":"2022-01-22T19:44:57","date_gmt":"2022-01-22T18:44:57","guid":{"rendered":"https:\/\/anetahome.com\/se\/produkt\/deka-vagglampa-vit\/"},"modified":"2026-02-25T02:44:39","modified_gmt":"2026-02-25T01:44:39","slug":"deka-vagglampa-vit","status":"publish","type":"product","link":"https:\/\/anetahome.com\/se\/produkt\/deka-vagglampa-vit\/","title":{"rendered":"DEKA v\u00e4gglampa"},"content":{"rendered":"<p>Deka v\u00e4gglampa i vitlackerad metall med detaljer i st\u00e5l och sk\u00e4rm av frostat glas. Lampan justeras l\u00e4tt med flexleden. Integrerad 4W LED som ger 360 lumen. F\u00e4rgtemperaturen p\u00e5 ljuset \u00e4r s\u00e5 kallad varmvit 3000 kelvin. Sladd med mellan str\u00f6mbrytare. LED -driver \u00e4r utbytbar. Denna lampa \u00e4r v\u00e4l l\u00e4mpad som l\u00e4slampa och allm\u00e4n belysning i rummet. &#8220;<\/p>\n","protected":false},"excerpt":{"rendered":"<p>Deka v\u00e4gglampa i vitlackerad metall med detaljer i st\u00e5l och sk\u00e4rm av frostat glas. Lampan justeras l\u00e4tt med flexleden. Integrerad 4W LED som ger 360 lumen. F\u00e4rgtemperaturen p\u00e5 ljuset \u00e4r s\u00e5 kallad varmvit 3000 kelvin. Sladd med mellan str\u00f6mbrytare. LED -driver \u00e4r utbytbar. Denna lampa \u00e4r v\u00e4l l\u00e4mpad som l\u00e4slampa och allm\u00e4n belysning i rummet. &#8220;<\/p>\n","protected":false},"featured_media":18981,"template":"","meta":{"_acf_changed":false,"inline_featured_image":false},"product_tag":[9052],"product_brand":[],"product_cat":[8941],"class_list":{"0":"post-9027","1":"product","2":"type-product","3":"status-publish","4":"has-post-thumbnail","6":"product_tag-outlet","7":"product_cat-vagglampor","9":"first","10":"instock","11":"taxable","12":"shipping-taxable","13":"product-type-simple"},"acf":[],"yoast_head":"<!-- This site is optimized with the Yoast SEO plugin v27.3 - https:\/\/yoast.com\/product\/yoast-seo-wordpress\/ -->\n<title>DEKA v\u00e4gglampa - AnetaHome<\/title>\n<meta name=\"robots\" content=\"index, follow, max-snippet:-1, max-image-preview:large, max-video-preview:-1\" \/>\n<link rel=\"canonical\" href=\"https:\/\/anetahome.com\/se\/produkt\/deka-vagglampa-vit\/\" \/>\n<meta property=\"og:locale\" content=\"sv_SE\" \/>\n<meta property=\"og:type\" content=\"article\" \/>\n<meta property=\"og:title\" content=\"DEKA v\u00e4gglampa - AnetaHome\" \/>\n<meta property=\"og:description\" content=\"Deka v\u00e4gglampa i vitlackerad metall med detaljer i st\u00e5l och sk\u00e4rm av frostat glas. Lampan justeras l\u00e4tt med flexleden. Integrerad 4W LED som ger 360 lumen. F\u00e4rgtemperaturen p\u00e5 ljuset \u00e4r s\u00e5 kallad varmvit 3000 kelvin. Sladd med mellan str\u00f6mbrytare. LED -driver \u00e4r utbytbar. Denna lampa \u00e4r v\u00e4l l\u00e4mpad som l\u00e4slampa och allm\u00e4n belysning i rummet. &quot;\" \/>\n<meta property=\"og:url\" content=\"https:\/\/anetahome.com\/se\/produkt\/deka-vagglampa-vit\/\" \/>\n<meta property=\"og:site_name\" content=\"AnetaHome\" \/>\n<meta property=\"article:modified_time\" content=\"2026-02-25T01:44:39+00:00\" \/>\n<meta property=\"og:image\" content=\"https:\/\/d34q21u9zm82v9.cloudfront.net\/wp-content\/uploads\/sites\/3\/2022\/01\/08155907\/UZOfiPNGe0aRLNluxXCzFrP0s.png\" \/>\n\t<meta property=\"og:image:width\" content=\"683\" \/>\n\t<meta property=\"og:image:height\" content=\"1024\" \/>\n\t<meta property=\"og:image:type\" content=\"image\/png\" \/>\n<meta name=\"twitter:card\" content=\"summary_large_image\" \/>\n<script type=\"application\/ld+json\" class=\"yoast-schema-graph\">{\"@context\":\"https:\\\/\\\/schema.org\",\"@graph\":[{\"@type\":\"WebPage\",\"@id\":\"https:\\\/\\\/anetahome.com\\\/se\\\/produkt\\\/deka-vagglampa-vit\\\/\",\"url\":\"https:\\\/\\\/anetahome.com\\\/se\\\/produkt\\\/deka-vagglampa-vit\\\/\",\"name\":\"DEKA v\u00e4gglampa - AnetaHome\",\"isPartOf\":{\"@id\":\"https:\\\/\\\/anetahome.com\\\/se\\\/#website\"},\"primaryImageOfPage\":{\"@id\":\"https:\\\/\\\/anetahome.com\\\/se\\\/produkt\\\/deka-vagglampa-vit\\\/#primaryimage\"},\"image\":{\"@id\":\"https:\\\/\\\/anetahome.com\\\/se\\\/produkt\\\/deka-vagglampa-vit\\\/#primaryimage\"},\"thumbnailUrl\":\"https:\\\/\\\/d34q21u9zm82v9.cloudfront.net\\\/wp-content\\\/uploads\\\/sites\\\/3\\\/2022\\\/01\\\/08155907\\\/UZOfiPNGe0aRLNluxXCzFrP0s-scaled.png\",\"datePublished\":\"2022-01-22T18:44:57+00:00\",\"dateModified\":\"2026-02-25T01:44:39+00:00\",\"breadcrumb\":{\"@id\":\"https:\\\/\\\/anetahome.com\\\/se\\\/produkt\\\/deka-vagglampa-vit\\\/#breadcrumb\"},\"inLanguage\":\"sv-SE\",\"potentialAction\":[{\"@type\":\"ReadAction\",\"target\":[\"https:\\\/\\\/anetahome.com\\\/se\\\/produkt\\\/deka-vagglampa-vit\\\/\"]}]},{\"@type\":\"ImageObject\",\"inLanguage\":\"sv-SE\",\"@id\":\"https:\\\/\\\/anetahome.com\\\/se\\\/produkt\\\/deka-vagglampa-vit\\\/#primaryimage\",\"url\":\"https:\\\/\\\/d34q21u9zm82v9.cloudfront.net\\\/wp-content\\\/uploads\\\/sites\\\/3\\\/2022\\\/01\\\/08155907\\\/UZOfiPNGe0aRLNluxXCzFrP0s-scaled.png\",\"contentUrl\":\"https:\\\/\\\/d34q21u9zm82v9.cloudfront.net\\\/wp-content\\\/uploads\\\/sites\\\/3\\\/2022\\\/01\\\/08155907\\\/UZOfiPNGe0aRLNluxXCzFrP0s-scaled.png\",\"width\":1707,\"height\":2560},{\"@type\":\"BreadcrumbList\",\"@id\":\"https:\\\/\\\/anetahome.com\\\/se\\\/produkt\\\/deka-vagglampa-vit\\\/#breadcrumb\",\"itemListElement\":[{\"@type\":\"ListItem\",\"position\":1,\"name\":\"Forsiden\",\"item\":\"https:\\\/\\\/anetahome.com\\\/se\\\/\"},{\"@type\":\"ListItem\",\"position\":2,\"name\":\"Butik\",\"item\":\"https:\\\/\\\/anetahome.com\\\/se\\\/butik\\\/\"},{\"@type\":\"ListItem\",\"position\":3,\"name\":\"DEKA v\u00e4gglampa\"}]},{\"@type\":\"WebSite\",\"@id\":\"https:\\\/\\\/anetahome.com\\\/se\\\/#website\",\"url\":\"https:\\\/\\\/anetahome.com\\\/se\\\/\",\"name\":\"AnetaHome\",\"description\":\"Skandinavias ledende lampegrossist\",\"publisher\":{\"@id\":\"https:\\\/\\\/anetahome.com\\\/se\\\/#organization\"},\"potentialAction\":[{\"@type\":\"SearchAction\",\"target\":{\"@type\":\"EntryPoint\",\"urlTemplate\":\"https:\\\/\\\/anetahome.com\\\/se\\\/?s={search_term_string}\"},\"query-input\":{\"@type\":\"PropertyValueSpecification\",\"valueRequired\":true,\"valueName\":\"search_term_string\"}}],\"inLanguage\":\"sv-SE\"},{\"@type\":\"Organization\",\"@id\":\"https:\\\/\\\/anetahome.com\\\/se\\\/#organization\",\"name\":\"AnetaHome\",\"url\":\"https:\\\/\\\/anetahome.com\\\/se\\\/\",\"logo\":{\"@type\":\"ImageObject\",\"inLanguage\":\"sv-SE\",\"@id\":\"https:\\\/\\\/anetahome.com\\\/se\\\/#\\\/schema\\\/logo\\\/image\\\/\",\"url\":\"https:\\\/\\\/d34q21u9zm82v9.cloudfront.net\\\/wp-content\\\/uploads\\\/sites\\\/3\\\/2021\\\/08\\\/30123704\\\/ANETA-HOME-logo-1.svg\",\"contentUrl\":\"https:\\\/\\\/d34q21u9zm82v9.cloudfront.net\\\/wp-content\\\/uploads\\\/sites\\\/3\\\/2021\\\/08\\\/30123704\\\/ANETA-HOME-logo-1.svg\",\"width\":174,\"height\":71,\"caption\":\"AnetaHome\"},\"image\":{\"@id\":\"https:\\\/\\\/anetahome.com\\\/se\\\/#\\\/schema\\\/logo\\\/image\\\/\"}}]}<\/script>\n<!-- \/ Yoast SEO plugin. -->","yoast_head_json":{"title":"DEKA v\u00e4gglampa - AnetaHome","robots":{"index":"index","follow":"follow","max-snippet":"max-snippet:-1","max-image-preview":"max-image-preview:large","max-video-preview":"max-video-preview:-1"},"canonical":"https:\/\/anetahome.com\/se\/produkt\/deka-vagglampa-vit\/","og_locale":"sv_SE","og_type":"article","og_title":"DEKA v\u00e4gglampa - AnetaHome","og_description":"Deka v\u00e4gglampa i vitlackerad metall med detaljer i st\u00e5l och sk\u00e4rm av frostat glas. Lampan justeras l\u00e4tt med flexleden. Integrerad 4W LED som ger 360 lumen. F\u00e4rgtemperaturen p\u00e5 ljuset \u00e4r s\u00e5 kallad varmvit 3000 kelvin. Sladd med mellan str\u00f6mbrytare. LED -driver \u00e4r utbytbar. Denna lampa \u00e4r v\u00e4l l\u00e4mpad som l\u00e4slampa och allm\u00e4n belysning i rummet. \"","og_url":"https:\/\/anetahome.com\/se\/produkt\/deka-vagglampa-vit\/","og_site_name":"AnetaHome","article_modified_time":"2026-02-25T01:44:39+00:00","og_image":[{"url":"https:\/\/d34q21u9zm82v9.cloudfront.net\/wp-content\/uploads\/sites\/3\/2022\/01\/08155907\/UZOfiPNGe0aRLNluxXCzFrP0s.png","width":683,"height":1024,"type":"image\/png"}],"twitter_card":"summary_large_image","schema":{"@context":"https:\/\/schema.org","@graph":[{"@type":"WebPage","@id":"https:\/\/anetahome.com\/se\/produkt\/deka-vagglampa-vit\/","url":"https:\/\/anetahome.com\/se\/produkt\/deka-vagglampa-vit\/","name":"DEKA v\u00e4gglampa - AnetaHome","isPartOf":{"@id":"https:\/\/anetahome.com\/se\/#website"},"primaryImageOfPage":{"@id":"https:\/\/anetahome.com\/se\/produkt\/deka-vagglampa-vit\/#primaryimage"},"image":{"@id":"https:\/\/anetahome.com\/se\/produkt\/deka-vagglampa-vit\/#primaryimage"},"thumbnailUrl":"https:\/\/d34q21u9zm82v9.cloudfront.net\/wp-content\/uploads\/sites\/3\/2022\/01\/08155907\/UZOfiPNGe0aRLNluxXCzFrP0s-scaled.png","datePublished":"2022-01-22T18:44:57+00:00","dateModified":"2026-02-25T01:44:39+00:00","breadcrumb":{"@id":"https:\/\/anetahome.com\/se\/produkt\/deka-vagglampa-vit\/#breadcrumb"},"inLanguage":"sv-SE","potentialAction":[{"@type":"ReadAction","target":["https:\/\/anetahome.com\/se\/produkt\/deka-vagglampa-vit\/"]}]},{"@type":"ImageObject","inLanguage":"sv-SE","@id":"https:\/\/anetahome.com\/se\/produkt\/deka-vagglampa-vit\/#primaryimage","url":"https:\/\/d34q21u9zm82v9.cloudfront.net\/wp-content\/uploads\/sites\/3\/2022\/01\/08155907\/UZOfiPNGe0aRLNluxXCzFrP0s-scaled.png","contentUrl":"https:\/\/d34q21u9zm82v9.cloudfront.net\/wp-content\/uploads\/sites\/3\/2022\/01\/08155907\/UZOfiPNGe0aRLNluxXCzFrP0s-scaled.png","width":1707,"height":2560},{"@type":"BreadcrumbList","@id":"https:\/\/anetahome.com\/se\/produkt\/deka-vagglampa-vit\/#breadcrumb","itemListElement":[{"@type":"ListItem","position":1,"name":"Forsiden","item":"https:\/\/anetahome.com\/se\/"},{"@type":"ListItem","position":2,"name":"Butik","item":"https:\/\/anetahome.com\/se\/butik\/"},{"@type":"ListItem","position":3,"name":"DEKA v\u00e4gglampa"}]},{"@type":"WebSite","@id":"https:\/\/anetahome.com\/se\/#website","url":"https:\/\/anetahome.com\/se\/","name":"AnetaHome","description":"Skandinavias ledende lampegrossist","publisher":{"@id":"https:\/\/anetahome.com\/se\/#organization"},"potentialAction":[{"@type":"SearchAction","target":{"@type":"EntryPoint","urlTemplate":"https:\/\/anetahome.com\/se\/?s={search_term_string}"},"query-input":{"@type":"PropertyValueSpecification","valueRequired":true,"valueName":"search_term_string"}}],"inLanguage":"sv-SE"},{"@type":"Organization","@id":"https:\/\/anetahome.com\/se\/#organization","name":"AnetaHome","url":"https:\/\/anetahome.com\/se\/","logo":{"@type":"ImageObject","inLanguage":"sv-SE","@id":"https:\/\/anetahome.com\/se\/#\/schema\/logo\/image\/","url":"https:\/\/d34q21u9zm82v9.cloudfront.net\/wp-content\/uploads\/sites\/3\/2021\/08\/30123704\/ANETA-HOME-logo-1.svg","contentUrl":"https:\/\/d34q21u9zm82v9.cloudfront.net\/wp-content\/uploads\/sites\/3\/2021\/08\/30123704\/ANETA-HOME-logo-1.svg","width":174,"height":71,"caption":"AnetaHome"},"image":{"@id":"https:\/\/anetahome.com\/se\/#\/schema\/logo\/image\/"}}]}},"_links":{"self":[{"href":"https:\/\/anetahome.com\/se\/wp-json\/wp\/v2\/product\/9027","targetHints":{"allow":["GET"]}}],"collection":[{"href":"https:\/\/anetahome.com\/se\/wp-json\/wp\/v2\/product"}],"about":[{"href":"https:\/\/anetahome.com\/se\/wp-json\/wp\/v2\/types\/product"}],"wp:featuredmedia":[{"embeddable":true,"href":"https:\/\/anetahome.com\/se\/wp-json\/wp\/v2\/media\/18981"}],"wp:attachment":[{"href":"https:\/\/anetahome.com\/se\/wp-json\/wp\/v2\/media?parent=9027"}],"wp:term":[{"taxonomy":"product_tag","embeddable":true,"href":"https:\/\/anetahome.com\/se\/wp-json\/wp\/v2\/product_tag?post=9027"},{"taxonomy":"product_brand","embeddable":true,"href":"https:\/\/anetahome.com\/se\/wp-json\/wp\/v2\/product_brand?post=9027"},{"taxonomy":"product_cat","embeddable":true,"href":"https:\/\/anetahome.com\/se\/wp-json\/wp\/v2\/product_cat?post=9027"}],"curies":[{"name":"wp","href":"https:\/\/api.w.org\/{rel}","templated":true}]}}